{"id":30728,"date":"2025-11-19T21:21:43","date_gmt":"2025-11-19T14:21:43","guid":{"rendered":"https:\/\/trading.hhg.vn\/product\/bo-hoan-thien-xa-tran-flexaplus\/"},"modified":"2026-05-08T16:51:02","modified_gmt":"2026-05-08T09:51:02","slug":"bo-hoan-thien-xa-tran-flexaplus","status":"publish","type":"product","link":"https:\/\/trading.hhg.vn\/en\/s\u1ea3n-ph\u1ea9m\/bo-hoan-thien-xa-tran-flexaplus\/","title":{"rendered":"B\u1ed9 ho\u00e0n thi\u1ec7n x\u1ea3 tr\u00e0n Flexaplus"},"content":{"rendered":"","protected":false},"excerpt":{"rendered":"<p>Flexaplus kh\u00f4ng ch\u1ec9 l\u00e0 m\u1ed9t b\u1ed9 x\u1ea3 tr\u00e0n, m\u00e0 l\u00e0 tuy\u00ean ng\u00f4n c\u1ee7a s\u1ef1 tinh t\u1ebf trong ph\u00f2ng t\u1eafm. V\u1edbi thi\u1ebft k\u1ebf t\u1ed1i gi\u1ea3n, \u00f4m tr\u1ecdn m\u1ecdi \u0111\u01b0\u1eddng n\u00e9t hi\u1ec7n \u0111\u1ea1i, Flexaplus mang \u0111\u1ebfn tr\u1ea3i nghi\u1ec7m s\u1eed d\u1ee5ng v\u01b0\u1ee3t tr\u1ed9i, t\u1eeb n\u00fat nh\u1ea5n \u00eam \u00e1i \u0111\u1ebfn d\u00f2ng ch\u1ea3y x\u1ea3 tr\u00e0n m\u01b0\u1ee3t m\u00e0, y\u00ean t\u0129nh. M\u1ecdi chi ti\u1ebft \u0111\u1ec1u \u0111\u01b0\u1ee3c ch\u0103m ch\u00fat t\u1ec9 m\u1ec9, kh\u00f4ng ch\u1ec9 \u0111\u1ea3m b\u1ea3o c\u00f4ng n\u0103ng ho\u00e0n h\u1ea3o m\u00e0 c\u00f2n n\u00e2ng t\u1ea7m th\u1ea9m m\u1ef9, bi\u1ebfn m\u1ed7i kho\u1ea3nh kh\u1eafc th\u01b0 gi\u00e3n th\u00e0nh m\u1ed9t tr\u1ea3i nghi\u1ec7m th\u1ef1c s\u1ef1 \u0111\u1eb3ng c\u1ea5p.<\/p>\n","protected":false},"featured_media":30726,"comment_status":"open","ping_status":"closed","template":"","meta":{"_acf_changed":false},"product_cat":[855],"product_tag":[],"class_list":{"0":"post-30728","1":"product","2":"type-product","3":"status-publish","4":"has-post-thumbnail","6":"product_cat-bo-xa-bon-tam","8":"first","9":"instock","10":"shipping-taxable","11":"product-type-simple"},"acf":[],"_links":{"self":[{"href":"https:\/\/trading.hhg.vn\/en\/wp-json\/wp\/v2\/product\/30728","targetHints":{"allow":["GET"]}}],"collection":[{"href":"https:\/\/trading.hhg.vn\/en\/wp-json\/wp\/v2\/product"}],"about":[{"href":"https:\/\/trading.hhg.vn\/en\/wp-json\/wp\/v2\/types\/product"}],"replies":[{"embeddable":true,"href":"https:\/\/trading.hhg.vn\/en\/wp-json\/wp\/v2\/comments?post=30728"}],"version-history":[{"count":1,"href":"https:\/\/trading.hhg.vn\/en\/wp-json\/wp\/v2\/product\/30728\/revisions"}],"predecessor-version":[{"id":35577,"href":"https:\/\/trading.hhg.vn\/en\/wp-json\/wp\/v2\/product\/30728\/revisions\/35577"}],"wp:featuredmedia":[{"embeddable":true,"href":"https:\/\/trading.hhg.vn\/en\/wp-json\/wp\/v2\/media\/30726"}],"wp:attachment":[{"href":"https:\/\/trading.hhg.vn\/en\/wp-json\/wp\/v2\/media?parent=30728"}],"wp:term":[{"taxonomy":"product_cat","embeddable":true,"href":"https:\/\/trading.hhg.vn\/en\/wp-json\/wp\/v2\/product_cat?post=30728"},{"taxonomy":"product_tag","embeddable":true,"href":"https:\/\/trading.hhg.vn\/en\/wp-json\/wp\/v2\/product_tag?post=30728"}],"curies":[{"name":"wp","href":"https:\/\/api.w.org\/{rel}","templated":true}]}}