{"id":31133,"date":"2025-11-19T21:27:20","date_gmt":"2025-11-19T14:27:20","guid":{"rendered":"https:\/\/trading.hhg.vn\/product\/bo-am-cho-voi-tron-dat-san\/"},"modified":"2026-01-28T07:50:06","modified_gmt":"2026-01-28T00:50:06","slug":"bo-am-cho-voi-tron-dat-san","status":"publish","type":"product","link":"https:\/\/trading.hhg.vn\/en\/s\u1ea3n-ph\u1ea9m\/bo-am-cho-voi-tron-dat-san\/","title":{"rendered":"B\u1ed9 \u00e2m cho v\u00f2i tr\u1ed9n \u0111\u1eb7t s\u00e0n"},"content":{"rendered":"","protected":false},"excerpt":{"rendered":"<p>Ki\u1ebfn t\u1ea1o v\u1ebb \u0111\u1eb9p t\u1ed1i gi\u1ea3n c\u00f9ng c\u00f4ng n\u0103ng v\u01b0\u1ee3t tr\u1ed9i, b\u1ed9 \u00e2m cho v\u00f2i tr\u1ed9n \u0111\u1eb7t s\u00e0n mang \u0111\u1ebfn tr\u1ea3i nghi\u1ec7m sang tr\u1ecdng v\u00e0 tinh t\u1ebf. Thi\u1ebft k\u1ebf \u1ea9n m\u00ecnh ho\u00e0n h\u1ea3o, gi\u1ea3i ph\u00f3ng kh\u00f4ng gian, t\u1ea1o \u0111i\u1ec3m nh\u1ea5n ki\u1ebfn tr\u00fac \u0111\u1ea7y phong c\u00e1ch. T\u1eadn h\u01b0\u1edfng d\u00f2ng ch\u1ea3y m\u01b0\u1ee3t m\u00e0, \u0111i\u1ec1u khi\u1ec3n d\u1ec5 d\u00e0ng, bi\u1ebfn m\u1ed7i kho\u1ea3nh kh\u1eafc th\u00e0nh nghi th\u1ee9c th\u01b0 gi\u00e3n v\u00e0 \u0111\u1eb3ng c\u1ea5p.<\/p>\n","protected":false},"featured_media":31131,"comment_status":"open","ping_status":"closed","template":"","meta":{"_acf_changed":false},"product_cat":[714],"product_tag":[],"class_list":{"0":"post-31133","1":"product","2":"type-product","3":"status-publish","4":"has-post-thumbnail","6":"product_cat-phu-kien-lap-dat","8":"first","9":"instock","10":"shipping-taxable","11":"purchasable","12":"product-type-simple"},"acf":[],"featured_media_urls":{"thumbnail":["https:\/\/trading.hhg.vn\/wp-content\/uploads\/2025\/11\/154__apa00348_tif-150x150.png",150,150,true],"medium":["https:\/\/trading.hhg.vn\/wp-content\/uploads\/2025\/11\/154__apa00348_tif-263x300.png",263,300,true],"medium_large":["https:\/\/trading.hhg.vn\/wp-content\/uploads\/2025\/11\/154__apa00348_tif-768x877.png",768,877,true],"large":["https:\/\/trading.hhg.vn\/wp-content\/uploads\/2025\/11\/154__apa00348_tif-896x1024.png",896,1024,true],"1536x1536":["https:\/\/trading.hhg.vn\/wp-content\/uploads\/2025\/11\/154__apa00348_tif-1344x1536.png",1344,1536,true],"2048x2048":["https:\/\/trading.hhg.vn\/wp-content\/uploads\/2025\/11\/154__apa00348_tif.png",1347,1539,false],"woocommerce_thumbnail":["https:\/\/trading.hhg.vn\/wp-content\/uploads\/2025\/11\/154__apa00348_tif-600x600.png",600,600,true],"woocommerce_single":["https:\/\/trading.hhg.vn\/wp-content\/uploads\/2025\/11\/154__apa00348_tif-1200x1371.png",1200,1371,true],"woocommerce_gallery_thumbnail":["https:\/\/trading.hhg.vn\/wp-content\/uploads\/2025\/11\/154__apa00348_tif-150x171.png",150,171,true],"portfolio_item-thumbnail":["https:\/\/trading.hhg.vn\/wp-content\/uploads\/2025\/11\/154__apa00348_tif.png",350,400,false],"portfolio_item-thumbnail@2x":["https:\/\/trading.hhg.vn\/wp-content\/uploads\/2025\/11\/154__apa00348_tif.png",700,800,false],"portfolio_item-masonry":["https:\/\/trading.hhg.vn\/wp-content\/uploads\/2025\/11\/154__apa00348_tif.png",600,686,false],"portfolio_item-masonry@2x":["https:\/\/trading.hhg.vn\/wp-content\/uploads\/2025\/11\/154__apa00348_tif.png",1200,1371,false],"portfolio_item-thumbnail_cinema":["https:\/\/trading.hhg.vn\/wp-content\/uploads\/2025\/11\/154__apa00348_tif.png",293,335,false],"portfolio_item-thumbnail_portrait":["https:\/\/trading.hhg.vn\/wp-content\/uploads\/2025\/11\/154__apa00348_tif.png",600,686,false],"portfolio_item-thumbnail_portrait@2x":["https:\/\/trading.hhg.vn\/wp-content\/uploads\/2025\/11\/154__apa00348_tif.png",1200,1371,false],"portfolio_item-thumbnail_square":["https:\/\/trading.hhg.vn\/wp-content\/uploads\/2025\/11\/154__apa00348_tif.png",700,800,false]},"_links":{"self":[{"href":"https:\/\/trading.hhg.vn\/en\/wp-json\/wp\/v2\/product\/31133","targetHints":{"allow":["GET"]}}],"collection":[{"href":"https:\/\/trading.hhg.vn\/en\/wp-json\/wp\/v2\/product"}],"about":[{"href":"https:\/\/trading.hhg.vn\/en\/wp-json\/wp\/v2\/types\/product"}],"replies":[{"embeddable":true,"href":"https:\/\/trading.hhg.vn\/en\/wp-json\/wp\/v2\/comments?post=31133"}],"version-history":[{"count":0,"href":"https:\/\/trading.hhg.vn\/en\/wp-json\/wp\/v2\/product\/31133\/revisions"}],"wp:featuredmedia":[{"embeddable":true,"href":"https:\/\/trading.hhg.vn\/en\/wp-json\/wp\/v2\/media\/31131"}],"wp:attachment":[{"href":"https:\/\/trading.hhg.vn\/en\/wp-json\/wp\/v2\/media?parent=31133"}],"wp:term":[{"taxonomy":"product_cat","embeddable":true,"href":"https:\/\/trading.hhg.vn\/en\/wp-json\/wp\/v2\/product_cat?post=31133"},{"taxonomy":"product_tag","embeddable":true,"href":"https:\/\/trading.hhg.vn\/en\/wp-json\/wp\/v2\/product_tag?post=31133"}],"curies":[{"name":"wp","href":"https:\/\/api.w.org\/{rel}","templated":true}]}}