{"id":31148,"date":"2025-11-19T21:27:24","date_gmt":"2025-11-19T14:27:24","guid":{"rendered":"https:\/\/trading.hhg.vn\/product\/gia-gac-chan-comfort-unica\/"},"modified":"2026-01-28T07:50:08","modified_gmt":"2026-01-28T00:50:08","slug":"gia-gac-chan-comfort-unica","status":"publish","type":"product","link":"https:\/\/trading.hhg.vn\/en\/s\u1ea3n-ph\u1ea9m\/gia-gac-chan-comfort-unica\/","title":{"rendered":"Gi\u00e1 g\u00e1c ch\u00e2n Comfort Unica"},"content":{"rendered":"<p><img fetchpriority=\"high\" decoding=\"async\" class=\"alignnone wp-image-7559 aligncenter\" src=\"http:\/\/trading.hhg.vn\/wp-content\/uploads\/2025\/11\/unica-1.png\" alt=\"\" width=\"606\" height=\"454\" \/>D\u00f2ng s\u1ea3n ph\u1ea9m Hansgrohe Unica l\u00e0 gi\u1ea3i ph\u00e1p thanh g\u1eafn linh ho\u1ea1t v\u00e0 th\u1ea9m m\u1ef9 cao cho ph\u00f2ng t\u1eafm hi\u1ec7n \u0111\u1ea1i. Ra m\u1eaft t\u1eeb d\u00f2ng s\u1ea3n ph\u1ea9m \u0111\u1ea7u ti\u00ean c\u1ee7a h\u00e3ng v\u1edbi ki\u1ec3u d\u00e1ng thanh bar, Unica mang \u0111\u1ebfn l\u1ef1a ch\u1ecdn \u0111a d\u1ea1ng v\u1ec1 k\u00edch th\u01b0\u1edbc v\u00e0 ho\u00e0n thi\u1ec7n b\u1ec1 m\u1eb7t, gi\u00fap d\u1ec5 d\u00e0ng t\u00edch h\u1ee3p v\u00e0o m\u1ecdi thi\u1ebft k\u1ebf n\u1ed9i th\u1ea5t. <\/p>\n<p>V\u1edbi c\u1ea5u tr\u00fac thanh treo c\u00f3 th\u1ec3 \u0111i\u1ec1u ch\u1ec9nh \u0111\u1ed9 cao tay sen v\u00e0 di chuy\u1ec3n m\u01b0\u1ee3t m\u00e0, b\u1ea1n c\u00f3 th\u1ec3 \u0111\u1eb7t sen tay \u1edf v\u1ecb tr\u00ed ph\u00f9 h\u1ee3p nh\u1ea5t cho c\u1ea3 tr\u1ebb em v\u00e0 ng\u01b0\u1eddi l\u1edbn. B\u1ec1 m\u1eb7t ho\u00e0n thi\u1ec7n g\u1ed3m Chrome truy\u1ec1n th\u1ed1ng, Brushed Nickel, Rubbed Bronze, \u0111\u00e1nh b\u00f3ng Brass, Matte Black v\u00e0 nhi\u1ec1u t\u00f9y ch\u1ecdn FinishPlus kh\u00e1c gi\u00fap t\u1ea1o \u0111i\u1ec3m nh\u1ea5n c\u00e1 nh\u00e2n cho kh\u00f4ng gian. <\/p>\n<p>Kh\u00f4ng ch\u1ec9 \u0111\u1eb9p m\u1eaft, Unica c\u00f2n \u0111\u01b0\u1ee3c thi\u1ebft k\u1ebf \u0111\u1ec3 d\u1ec5 l\u1eafp \u0111\u1eb7t, c\u00f3 th\u1ec3 t\u1eadn d\u1ee5ng c\u00e1c l\u1ed7 khoan hi\u1ec7n c\u00f3 nh\u1edd gi\u00e1 \u0111\u1ee1 t\u01b0\u1eddng linh ho\u1ea1t, ph\u00f9 h\u1ee3p cho vi\u1ec7c n\u00e2ng c\u1ea5p ph\u00f2ng t\u1eafm<\/p>\n","protected":false},"excerpt":{"rendered":"<p>Gi\u00e1 g\u00e1c ch\u00e2n Comfort Unica kh\u00f4ng ch\u1ec9 l\u00e0 m\u1ed9t ph\u1ee5 ki\u1ec7n n\u1ed9i th\u1ea5t m\u00e0 c\u00f2n l\u00e0 \u0111i\u1ec3m nh\u1ea5n tinh t\u1ebf cho kh\u00f4ng gian s\u1ed1ng hi\u1ec7n \u0111\u1ea1i. Thi\u1ebft k\u1ebf t\u1ed1i gi\u1ea3n nh\u01b0ng sang tr\u1ecdng, m\u1ed7i \u0111\u01b0\u1eddng n\u00e9t \u0111\u1ec1u \u0111\u01b0\u1ee3c chau chu\u1ed1t t\u1ec9 m\u1ec9, t\u1ea1o n\u00ean v\u1ebb \u0111\u1eb9p v\u01b0\u1ee3t th\u1eddi gian. Comfort Unica n\u00e2ng \u0111\u1ee1 \u0111\u00f4i ch\u00e2n b\u1ea1n m\u1ed9t c\u00e1ch ho\u00e0n h\u1ea3o, mang l\u1ea1i c\u1ea3m gi\u00e1c th\u01b0 th\u00e1i tuy\u1ec7t \u0111\u1ed1i sau ng\u00e0y d\u00e0i m\u1ec7t m\u1ecfi, \u0111\u1ed3ng th\u1eddi t\u1ed1i \u01b0u h\u00f3a t\u01b0 th\u1ebf ng\u1ed3i, g\u00f3p ph\u1ea7n c\u1ea3i thi\u1ec7n s\u1ee9c kh\u1ecfe. Tr\u1ea3i nghi\u1ec7m s\u1eed d\u1ee5ng \u00eam \u00e1i, b\u1ec1n b\u1ec9, Comfort Unica x\u1ee9ng \u0111\u00e1ng l\u00e0 l\u1ef1a ch\u1ecdn h\u00e0ng \u0111\u1ea7u cho nh\u1eefng ai t\u00ecm ki\u1ebfm s\u1ef1 k\u1ebft h\u1ee3p ho\u00e0n h\u1ea3o gi\u1eefa phong c\u00e1ch v\u00e0 ti\u1ec7n nghi.<\/p>\n","protected":false},"featured_media":31146,"comment_status":"open","ping_status":"closed","template":"","meta":{"_acf_changed":false},"product_cat":[77],"product_tag":[],"class_list":{"0":"post-31148","1":"product","2":"type-product","3":"status-publish","4":"has-post-thumbnail","6":"product_cat-phu-kien-phong-tam","7":"pa_mau-sac-chrome","9":"first","10":"instock","11":"shipping-taxable","12":"purchasable","13":"product-type-simple"},"acf":[],"featured_media_urls":{"thumbnail":["https:\/\/trading.hhg.vn\/wp-content\/uploads\/2025\/11\/154__hpa01744_tif-150x150.png",150,150,true],"medium":["https:\/\/trading.hhg.vn\/wp-content\/uploads\/2025\/11\/154__hpa01744_tif-262x300.png",262,300,true],"medium_large":["https:\/\/trading.hhg.vn\/wp-content\/uploads\/2025\/11\/154__hpa01744_tif-768x878.png",768,878,true],"large":["https:\/\/trading.hhg.vn\/wp-content\/uploads\/2025\/11\/154__hpa01744_tif-896x1024.png",896,1024,true],"1536x1536":["https:\/\/trading.hhg.vn\/wp-content\/uploads\/2025\/11\/154__hpa01744_tif-1344x1536.png",1344,1536,true],"2048x2048":["https:\/\/trading.hhg.vn\/wp-content\/uploads\/2025\/11\/154__hpa01744_tif.png",1440,1646,false],"woocommerce_thumbnail":["https:\/\/trading.hhg.vn\/wp-content\/uploads\/2025\/11\/154__hpa01744_tif-600x600.png",600,600,true],"woocommerce_single":["https:\/\/trading.hhg.vn\/wp-content\/uploads\/2025\/11\/154__hpa01744_tif-1200x1372.png",1200,1372,true],"woocommerce_gallery_thumbnail":["https:\/\/trading.hhg.vn\/wp-content\/uploads\/2025\/11\/154__hpa01744_tif-150x171.png",150,171,true],"portfolio_item-thumbnail":["https:\/\/trading.hhg.vn\/wp-content\/uploads\/2025\/11\/154__hpa01744_tif.png",350,400,false],"portfolio_item-thumbnail@2x":["https:\/\/trading.hhg.vn\/wp-content\/uploads\/2025\/11\/154__hpa01744_tif.png",700,800,false],"portfolio_item-masonry":["https:\/\/trading.hhg.vn\/wp-content\/uploads\/2025\/11\/154__hpa01744_tif.png",600,686,false],"portfolio_item-masonry@2x":["https:\/\/trading.hhg.vn\/wp-content\/uploads\/2025\/11\/154__hpa01744_tif.png",1200,1372,false],"portfolio_item-thumbnail_cinema":["https:\/\/trading.hhg.vn\/wp-content\/uploads\/2025\/11\/154__hpa01744_tif.png",293,335,false],"portfolio_item-thumbnail_portrait":["https:\/\/trading.hhg.vn\/wp-content\/uploads\/2025\/11\/154__hpa01744_tif.png",600,686,false],"portfolio_item-thumbnail_portrait@2x":["https:\/\/trading.hhg.vn\/wp-content\/uploads\/2025\/11\/154__hpa01744_tif.png",1200,1372,false],"portfolio_item-thumbnail_square":["https:\/\/trading.hhg.vn\/wp-content\/uploads\/2025\/11\/154__hpa01744_tif.png",700,800,false]},"_links":{"self":[{"href":"https:\/\/trading.hhg.vn\/en\/wp-json\/wp\/v2\/product\/31148","targetHints":{"allow":["GET"]}}],"collection":[{"href":"https:\/\/trading.hhg.vn\/en\/wp-json\/wp\/v2\/product"}],"about":[{"href":"https:\/\/trading.hhg.vn\/en\/wp-json\/wp\/v2\/types\/product"}],"replies":[{"embeddable":true,"href":"https:\/\/trading.hhg.vn\/en\/wp-json\/wp\/v2\/comments?post=31148"}],"version-history":[{"count":0,"href":"https:\/\/trading.hhg.vn\/en\/wp-json\/wp\/v2\/product\/31148\/revisions"}],"wp:featuredmedia":[{"embeddable":true,"href":"https:\/\/trading.hhg.vn\/en\/wp-json\/wp\/v2\/media\/31146"}],"wp:attachment":[{"href":"https:\/\/trading.hhg.vn\/en\/wp-json\/wp\/v2\/media?parent=31148"}],"wp:term":[{"taxonomy":"product_cat","embeddable":true,"href":"https:\/\/trading.hhg.vn\/en\/wp-json\/wp\/v2\/product_cat?post=31148"},{"taxonomy":"product_tag","embeddable":true,"href":"https:\/\/trading.hhg.vn\/en\/wp-json\/wp\/v2\/product_tag?post=31148"}],"curies":[{"name":"wp","href":"https:\/\/api.w.org\/{rel}","templated":true}]}}