{"id":31230,"date":"2025-11-19T21:28:44","date_gmt":"2025-11-19T14:28:44","guid":{"rendered":"https:\/\/trading.hhg.vn\/product\/bo-phu-kien-co-ban-ibox-universal\/"},"modified":"2026-01-28T07:39:47","modified_gmt":"2026-01-28T00:39:47","slug":"bo-phu-kien-co-ban-ibox-universal","status":"publish","type":"product","link":"https:\/\/trading.hhg.vn\/en\/s\u1ea3n-ph\u1ea9m\/bo-phu-kien-co-ban-ibox-universal\/","title":{"rendered":"B\u1ed9 ph\u1ee5 ki\u1ec7n c\u01a1 b\u1ea3n iBox universal"},"content":{"rendered":"<p>iBox universal<\/p>\n","protected":false},"excerpt":{"rendered":"<p>iBox universal t\u00e1i \u0111\u1ecbnh ngh\u0129a kh\u00f4ng gian s\u1ed1ng v\u1edbi thi\u1ebft k\u1ebf tinh x\u1ea3o, t\u1ed1i gi\u1ea3n, v\u00e0 ch\u1ea5t li\u1ec7u cao c\u1ea5p. T\u1eebng \u0111\u01b0\u1eddng n\u00e9t \u0111\u01b0\u1ee3c ch\u0103m ch\u00fat t\u1ec9 m\u1ec9, kh\u00f4ng ch\u1ec9 n\u00e2ng t\u1ea7m th\u1ea9m m\u1ef9 m\u00e0 c\u00f2n t\u1ed1i \u01b0u h\u00f3a c\u00f4ng n\u0103ng, mang \u0111\u1ebfn tr\u1ea3i nghi\u1ec7m s\u1eed d\u1ee5ng ti\u1ec7n nghi \u0111\u1ebfn b\u1ea5t ng\u1edd. iBox universal kh\u00f4ng ch\u1ec9 l\u00e0 m\u1ed9t s\u1ea3n ph\u1ea9m n\u1ed9i th\u1ea5t, m\u00e0 l\u00e0 tuy\u00ean ng\u00f4n c\u1ee7a phong c\u00e1ch s\u1ed1ng hi\u1ec7n \u0111\u1ea1i, n\u01a1i s\u1ef1 tinh t\u1ebf v\u00e0 ti\u1ec7n \u00edch h\u00f2a quy\u1ec7n ho\u00e0n h\u1ea3o.<\/p>\n","protected":false},"featured_media":31228,"comment_status":"open","ping_status":"closed","template":"","meta":{"_acf_changed":false},"product_cat":[714],"product_tag":[],"class_list":{"0":"post-31230","1":"product","2":"type-product","3":"status-publish","4":"has-post-thumbnail","6":"product_cat-phu-kien-lap-dat","8":"first","9":"instock","10":"shipping-taxable","11":"purchasable","12":"product-type-simple"},"acf":[],"featured_media_urls":{"thumbnail":["https:\/\/trading.hhg.vn\/wp-content\/uploads\/2025\/11\/154__hpp59009_tif-150x150.png",150,150,true],"medium":["https:\/\/trading.hhg.vn\/wp-content\/uploads\/2025\/11\/154__hpp59009_tif-262x300.png",262,300,true],"medium_large":["https:\/\/trading.hhg.vn\/wp-content\/uploads\/2025\/11\/154__hpp59009_tif-768x878.png",768,878,true],"large":["https:\/\/trading.hhg.vn\/wp-content\/uploads\/2025\/11\/154__hpp59009_tif-896x1024.png",896,1024,true],"1536x1536":["https:\/\/trading.hhg.vn\/wp-content\/uploads\/2025\/11\/154__hpp59009_tif-1344x1536.png",1344,1536,true],"2048x2048":["https:\/\/trading.hhg.vn\/wp-content\/uploads\/2025\/11\/154__hpp59009_tif.png",1440,1646,false],"woocommerce_thumbnail":["https:\/\/trading.hhg.vn\/wp-content\/uploads\/2025\/11\/154__hpp59009_tif-600x600.png",600,600,true],"woocommerce_single":["https:\/\/trading.hhg.vn\/wp-content\/uploads\/2025\/11\/154__hpp59009_tif-1200x1372.png",1200,1372,true],"woocommerce_gallery_thumbnail":["https:\/\/trading.hhg.vn\/wp-content\/uploads\/2025\/11\/154__hpp59009_tif-150x171.png",150,171,true],"portfolio_item-thumbnail":["https:\/\/trading.hhg.vn\/wp-content\/uploads\/2025\/11\/154__hpp59009_tif.png",350,400,false],"portfolio_item-thumbnail@2x":["https:\/\/trading.hhg.vn\/wp-content\/uploads\/2025\/11\/154__hpp59009_tif.png",700,800,false],"portfolio_item-masonry":["https:\/\/trading.hhg.vn\/wp-content\/uploads\/2025\/11\/154__hpp59009_tif.png",600,686,false],"portfolio_item-masonry@2x":["https:\/\/trading.hhg.vn\/wp-content\/uploads\/2025\/11\/154__hpp59009_tif.png",1200,1372,false],"portfolio_item-thumbnail_cinema":["https:\/\/trading.hhg.vn\/wp-content\/uploads\/2025\/11\/154__hpp59009_tif.png",293,335,false],"portfolio_item-thumbnail_portrait":["https:\/\/trading.hhg.vn\/wp-content\/uploads\/2025\/11\/154__hpp59009_tif.png",600,686,false],"portfolio_item-thumbnail_portrait@2x":["https:\/\/trading.hhg.vn\/wp-content\/uploads\/2025\/11\/154__hpp59009_tif.png",1200,1372,false],"portfolio_item-thumbnail_square":["https:\/\/trading.hhg.vn\/wp-content\/uploads\/2025\/11\/154__hpp59009_tif.png",700,800,false]},"_links":{"self":[{"href":"https:\/\/trading.hhg.vn\/en\/wp-json\/wp\/v2\/product\/31230","targetHints":{"allow":["GET"]}}],"collection":[{"href":"https:\/\/trading.hhg.vn\/en\/wp-json\/wp\/v2\/product"}],"about":[{"href":"https:\/\/trading.hhg.vn\/en\/wp-json\/wp\/v2\/types\/product"}],"replies":[{"embeddable":true,"href":"https:\/\/trading.hhg.vn\/en\/wp-json\/wp\/v2\/comments?post=31230"}],"version-history":[{"count":0,"href":"https:\/\/trading.hhg.vn\/en\/wp-json\/wp\/v2\/product\/31230\/revisions"}],"wp:featuredmedia":[{"embeddable":true,"href":"https:\/\/trading.hhg.vn\/en\/wp-json\/wp\/v2\/media\/31228"}],"wp:attachment":[{"href":"https:\/\/trading.hhg.vn\/en\/wp-json\/wp\/v2\/media?parent=31230"}],"wp:term":[{"taxonomy":"product_cat","embeddable":true,"href":"https:\/\/trading.hhg.vn\/en\/wp-json\/wp\/v2\/product_cat?post=31230"},{"taxonomy":"product_tag","embeddable":true,"href":"https:\/\/trading.hhg.vn\/en\/wp-json\/wp\/v2\/product_tag?post=31230"}],"curies":[{"name":"wp","href":"https:\/\/api.w.org\/{rel}","templated":true}]}}