{"id":31622,"date":"2025-11-20T07:28:08","date_gmt":"2025-11-20T00:28:08","guid":{"rendered":"https:\/\/trading.hhg.vn\/product\/bon-cau-ket-lien-dat-san-sat-tuong-xa-ngang-dung-aquafall-flush-hygieneeffect-elupura-q\/"},"modified":"2025-12-18T08:50:04","modified_gmt":"2025-12-18T01:50:04","slug":"bon-cau-ket-lien-dat-san-sat-tuong-xa-ngang-dung-aquafall-flush-hygieneeffect-elupura-q","status":"publish","type":"product","link":"https:\/\/trading.hhg.vn\/en\/s\u1ea3n-ph\u1ea9m\/bon-cau-ket-lien-dat-san-sat-tuong-xa-ngang-dung-aquafall-flush-hygieneeffect-elupura-q\/","title":{"rendered":"B\u1ed3n c\u1ea7u k\u00e9t li\u1ec1n \u0111\u1eb7t s\u00e0n s\u00e1t t\u01b0\u1eddng x\u1ea3 ngang\/\u0111\u1ee9ng AquaFall Flush, HygieneEffect EluPura Q"},"content":{"rendered":"","protected":false},"excerpt":{"rendered":"<p>Tr\u1ea3i nghi\u1ec7m s\u1ef1 h\u00f2a quy\u1ec7n tinh t\u1ebf gi\u1eefa thi\u1ebft k\u1ebf v\u00e0 c\u00f4ng n\u0103ng \u0111\u1ec9nh cao c\u00f9ng AquaFall Flush, HygieneEffect EluPura Q. D\u00e1ng k\u00e9t li\u1ec1n \u0111\u1eb7t s\u00e0n s\u00e1t t\u01b0\u1eddng t\u1ea1o n\u00ean m\u1ed9t t\u1ed5ng th\u1ec3 li\u1ec1n m\u1ea1ch, hi\u1ec7n \u0111\u1ea1i, t\u1ed1i \u01b0u kh\u00f4ng gian v\u00e0 d\u1ec5 d\u00e0ng v\u1ec7 sinh. H\u1ec7 th\u1ed1ng x\u1ea3 ngang\/\u0111\u1ee9ng AquaFall Flush m\u1ea1nh m\u1ebd, cu\u1ed1n tr\u00f4i m\u1ecdi v\u1ebft b\u1ea9n, k\u1ebft h\u1ee3p c\u00f4ng ngh\u1ec7 HygieneEffect EluPura Q kh\u00e1ng khu\u1ea9n v\u01b0\u1ee3t tr\u1ed9i, mang \u0111\u1ebfn s\u1ef1 s\u1ea1ch s\u1ebd tuy\u1ec7t \u0111\u1ed1i v\u00e0 c\u1ea3m gi\u00e1c an t\u00e2m, th\u01b0 th\u00e1i cho m\u1ed7i l\u1ea7n s\u1eed d\u1ee5ng. \u0110\u00e2y kh\u00f4ng ch\u1ec9 l\u00e0 m\u1ed9t thi\u1ebft b\u1ecb n\u1ed9i th\u1ea5t, m\u00e0 l\u00e0 tuy\u00ean ng\u00f4n v\u1ec1 phong c\u00e1ch s\u1ed1ng.<\/p>\n","protected":false},"featured_media":22382,"comment_status":"open","ping_status":"closed","template":"","meta":{"_acf_changed":false},"product_cat":[888],"product_tag":[],"class_list":{"0":"post-31622","1":"product","2":"type-product","3":"status-publish","4":"has-post-thumbnail","6":"product_cat-bon-cau-khoi","7":"pa_mau-sac-trang","9":"first","10":"instock","11":"shipping-taxable","12":"product-type-simple"},"acf":[],"featured_media_urls":{"thumbnail":["https:\/\/trading.hhg.vn\/wp-content\/uploads\/2025\/11\/154__hpr07499_tif-150x150.png",150,150,true],"medium":["https:\/\/trading.hhg.vn\/wp-content\/uploads\/2025\/11\/154__hpr07499_tif-262x300.png",262,300,true],"medium_large":["https:\/\/trading.hhg.vn\/wp-content\/uploads\/2025\/11\/154__hpr07499_tif-768x878.png",768,878,true],"large":["https:\/\/trading.hhg.vn\/wp-content\/uploads\/2025\/11\/154__hpr07499_tif-896x1024.png",896,1024,true],"1536x1536":["https:\/\/trading.hhg.vn\/wp-content\/uploads\/2025\/11\/154__hpr07499_tif-1344x1536.png",1344,1536,true],"2048x2048":["https:\/\/trading.hhg.vn\/wp-content\/uploads\/2025\/11\/154__hpr07499_tif.png",1440,1646,false],"woocommerce_thumbnail":["https:\/\/trading.hhg.vn\/wp-content\/uploads\/2025\/11\/154__hpr07499_tif-600x600.png",600,600,true],"woocommerce_single":["https:\/\/trading.hhg.vn\/wp-content\/uploads\/2025\/11\/154__hpr07499_tif-1200x1372.png",1200,1372,true],"woocommerce_gallery_thumbnail":["https:\/\/trading.hhg.vn\/wp-content\/uploads\/2025\/11\/154__hpr07499_tif-150x171.png",150,171,true],"portfolio_item-thumbnail":["https:\/\/trading.hhg.vn\/wp-content\/uploads\/2025\/11\/154__hpr07499_tif.png",350,400,false],"portfolio_item-thumbnail@2x":["https:\/\/trading.hhg.vn\/wp-content\/uploads\/2025\/11\/154__hpr07499_tif.png",700,800,false],"portfolio_item-masonry":["https:\/\/trading.hhg.vn\/wp-content\/uploads\/2025\/11\/154__hpr07499_tif.png",600,686,false],"portfolio_item-masonry@2x":["https:\/\/trading.hhg.vn\/wp-content\/uploads\/2025\/11\/154__hpr07499_tif.png",1200,1372,false],"portfolio_item-thumbnail_cinema":["https:\/\/trading.hhg.vn\/wp-content\/uploads\/2025\/11\/154__hpr07499_tif.png",293,335,false],"portfolio_item-thumbnail_portrait":["https:\/\/trading.hhg.vn\/wp-content\/uploads\/2025\/11\/154__hpr07499_tif.png",600,686,false],"portfolio_item-thumbnail_portrait@2x":["https:\/\/trading.hhg.vn\/wp-content\/uploads\/2025\/11\/154__hpr07499_tif.png",1200,1372,false],"portfolio_item-thumbnail_square":["https:\/\/trading.hhg.vn\/wp-content\/uploads\/2025\/11\/154__hpr07499_tif.png",700,800,false]},"_links":{"self":[{"href":"https:\/\/trading.hhg.vn\/en\/wp-json\/wp\/v2\/product\/31622","targetHints":{"allow":["GET"]}}],"collection":[{"href":"https:\/\/trading.hhg.vn\/en\/wp-json\/wp\/v2\/product"}],"about":[{"href":"https:\/\/trading.hhg.vn\/en\/wp-json\/wp\/v2\/types\/product"}],"replies":[{"embeddable":true,"href":"https:\/\/trading.hhg.vn\/en\/wp-json\/wp\/v2\/comments?post=31622"}],"version-history":[{"count":0,"href":"https:\/\/trading.hhg.vn\/en\/wp-json\/wp\/v2\/product\/31622\/revisions"}],"wp:featuredmedia":[{"embeddable":true,"href":"https:\/\/trading.hhg.vn\/en\/wp-json\/wp\/v2\/media\/22382"}],"wp:attachment":[{"href":"https:\/\/trading.hhg.vn\/en\/wp-json\/wp\/v2\/media?parent=31622"}],"wp:term":[{"taxonomy":"product_cat","embeddable":true,"href":"https:\/\/trading.hhg.vn\/en\/wp-json\/wp\/v2\/product_cat?post=31622"},{"taxonomy":"product_tag","embeddable":true,"href":"https:\/\/trading.hhg.vn\/en\/wp-json\/wp\/v2\/product_tag?post=31622"}],"curies":[{"name":"wp","href":"https:\/\/api.w.org\/{rel}","templated":true}]}}