{"id":31801,"date":"2025-11-20T07:30:55","date_gmt":"2025-11-20T00:30:55","guid":{"rendered":"https:\/\/trading.hhg.vn\/product\/sen-tay-tre-em-2-duong-nuoc-hinh-su-tu-jocolino\/"},"modified":"2026-01-28T07:47:14","modified_gmt":"2026-01-28T00:47:14","slug":"sen-tay-tre-em-2-duong-nuoc-hinh-su-tu-jocolino","status":"publish","type":"product","link":"https:\/\/trading.hhg.vn\/en\/s\u1ea3n-ph\u1ea9m\/sen-tay-tre-em-2-duong-nuoc-hinh-su-tu-jocolino\/","title":{"rendered":"Sen tay tr\u1ebb em 2 \u0111\u01b0\u1eddng n\u01b0\u1edbc h\u00ecnh s\u01b0 t\u1eed Jocolino"},"content":{"rendered":"<p><img fetchpriority=\"high\" decoding=\"async\" class=\"alignnone wp-image-7559 aligncenter\" src=\"http:\/\/trading.hhg.vn\/wp-content\/uploads\/2025\/11\/Jocolino.png\" alt=\"\" width=\"606\" height=\"454\" \/>Hansgrohe Jocolino l\u00e0 d\u00f2ng sen tay d\u00e0nh ri\u00eang cho tr\u1ebb em, \u0111\u01b0\u1ee3c thi\u1ebft k\u1ebf v\u1edbi tinh th\u1ea7n vui t\u01b0\u01a1i v\u00e0 s\u00e1ng t\u1ea1o, mang \u0111\u1ebfn cho b\u00e9 tr\u1ea3i nghi\u1ec7m t\u1eafm an to\u00e0n v\u00e0 \u0111\u1ea7y ni\u1ec1m vui m\u1ed7i ng\u00e0y. V\u1edbi thi\u1ebft k\u1ebf ng\u1ed9 ngh\u0129nh l\u1ea5y c\u1ea3m h\u1ee9ng t\u1eeb \u0111\u1ed9ng v\u1eadt \u2013 nh\u01b0 s\u01b0 t\u1eed, c\u00e1 s\u1ea5u hay ng\u1ef1a v\u1eb1n \u2013 Jocolino bi\u1ebfn gi\u1edd t\u1eafm tr\u1edf th\u00e0nh kho\u1ea3nh kh\u1eafc vui ch\u01a1i \u0111\u1ea7y ti\u1ebfng c\u01b0\u1eddi.<br \/>\nB\u00ean c\u1ea1nh v\u1ebb ngo\u00e0i \u0111\u00e1ng y\u00eau, Jocolino \u0111\u01b0\u1ee3c thi\u1ebft k\u1ebf ch\u00fa tr\u1ecdng \u0111\u1ebfn an to\u00e0n tuy\u1ec7t \u0111\u1ed1i. Tay c\u1ea7m nh\u1ecf g\u1ecdn, d\u1ec5 c\u1ea7m n\u1eafm cho tr\u1ebb; n\u01b0\u1edbc phun nh\u1eb9 nh\u00e0ng, \u00eam \u00e1i; v\u00e0 l\u1edbp v\u1ecf silicone m\u1ec1m m\u1ea1i gi\u00fap b\u1ea3o v\u1ec7 l\u00e0n da nh\u1ea1y c\u1ea3m. D\u00f2ng n\u01b0\u1edbc \u1ed5n \u0111\u1ecbnh v\u00e0 ti\u1ebft ki\u1ec7m nh\u1edd c\u00f4ng ngh\u1ec7 ti\u00ean ti\u1ebfn c\u1ee7a Hansgrohe, \u0111\u1ea3m b\u1ea3o v\u1eeba th\u00e2n thi\u1ec7n v\u1edbi m\u00f4i tr\u01b0\u1eddng v\u1eeba ti\u1ebft ki\u1ec7m n\u01b0\u1edbc cho gia \u0111\u00ecnh.<br \/>\nD\u1ec5 d\u00e0ng l\u1eafp \u0111\u1eb7t tr\u00ean m\u1ecdi h\u1ec7 th\u1ed1ng sen ti\u00eau chu\u1ea9n, Jocolino l\u00e0 l\u1ef1a ch\u1ecdn ho\u00e0n h\u1ea3o cho c\u00e1c gia \u0111\u00ecnh c\u00f3 tr\u1ebb nh\u1ecf \u2013 n\u01a1i s\u1ef1 an to\u00e0n, ni\u1ec1m vui v\u00e0 ti\u1ec7n \u00edch \u0111\u01b0\u1ee3c k\u1ebft h\u1ee3p kh\u00e9o l\u00e9o trong m\u1ed9t thi\u1ebft k\u1ebf nh\u1ecf g\u1ecdn, tinh t\u1ebf.<\/p>\n","protected":false},"excerpt":{"rendered":"<p>Sen tay Jocolino h\u00ecnh s\u01b0 t\u1eed l\u00e0 l\u1ef1a ch\u1ecdn ho\u00e0n h\u1ea3o cho ph\u00f2ng t\u1eafm b\u00e9 y\u00eau, k\u1ebft h\u1ee3p tinh t\u1ebf gi\u1eefa thi\u1ebft k\u1ebf ng\u1ed9 ngh\u0129nh v\u00e0 c\u00f4ng n\u0103ng v\u01b0\u1ee3t tr\u1ed9i. V\u1edbi hai ch\u1ebf \u0111\u1ed9 n\u01b0\u1edbc linh ho\u1ea1t, b\u00e9 d\u1ec5 d\u00e0ng \u0111i\u1ec1u ch\u1ec9nh, t\u1eadn h\u01b0\u1edfng tr\u1ea3i nghi\u1ec7m t\u1eafm vui v\u1ebb v\u00e0 an to\u00e0n. Ch\u1ea5t li\u1ec7u cao c\u1ea5p \u0111\u1ea3m b\u1ea3o \u0111\u1ed9 b\u1ec1n v\u01b0\u1ee3t th\u1eddi gian, \u0111\u1ed3ng th\u1eddi t\u1ea1o n\u00ean \u0111i\u1ec3m nh\u1ea5n \u0111\u00e1ng y\u00eau, bi\u1ebfn m\u1ed7i gi\u1edd t\u1eafm th\u00e0nh cu\u1ed9c phi\u00eau l\u01b0u di\u1ec7u k\u1ef3 cho b\u00e9.<\/p>\n","protected":false},"featured_media":31799,"comment_status":"open","ping_status":"closed","template":"","meta":{"_acf_changed":false},"product_cat":[890,842],"product_tag":[],"class_list":{"0":"post-31801","1":"product","2":"type-product","3":"status-publish","4":"has-post-thumbnail","6":"product_cat-tay-sen","7":"product_cat-tay-sen-tam","9":"first","10":"instock","11":"shipping-taxable","12":"purchasable","13":"product-type-simple"},"acf":[],"featured_media_urls":{"thumbnail":["https:\/\/trading.hhg.vn\/wp-content\/uploads\/2025\/11\/154__hpr03691_tif-150x150.png",150,150,true],"medium":["https:\/\/trading.hhg.vn\/wp-content\/uploads\/2025\/11\/154__hpr03691_tif-263x300.png",263,300,true],"medium_large":["https:\/\/trading.hhg.vn\/wp-content\/uploads\/2025\/11\/154__hpr03691_tif-768x878.png",768,878,true],"large":["https:\/\/trading.hhg.vn\/wp-content\/uploads\/2025\/11\/154__hpr03691_tif-896x1024.png",896,1024,true],"1536x1536":["https:\/\/trading.hhg.vn\/wp-content\/uploads\/2025\/11\/154__hpr03691_tif.png",1260,1440,false],"2048x2048":["https:\/\/trading.hhg.vn\/wp-content\/uploads\/2025\/11\/154__hpr03691_tif.png",1260,1440,false],"woocommerce_thumbnail":["https:\/\/trading.hhg.vn\/wp-content\/uploads\/2025\/11\/154__hpr03691_tif-600x600.png",600,600,true],"woocommerce_single":["https:\/\/trading.hhg.vn\/wp-content\/uploads\/2025\/11\/154__hpr03691_tif-1200x1371.png",1200,1371,true],"woocommerce_gallery_thumbnail":["https:\/\/trading.hhg.vn\/wp-content\/uploads\/2025\/11\/154__hpr03691_tif-150x171.png",150,171,true],"portfolio_item-thumbnail":["https:\/\/trading.hhg.vn\/wp-content\/uploads\/2025\/11\/154__hpr03691_tif.png",350,400,false],"portfolio_item-thumbnail@2x":["https:\/\/trading.hhg.vn\/wp-content\/uploads\/2025\/11\/154__hpr03691_tif.png",700,800,false],"portfolio_item-masonry":["https:\/\/trading.hhg.vn\/wp-content\/uploads\/2025\/11\/154__hpr03691_tif.png",600,686,false],"portfolio_item-masonry@2x":["https:\/\/trading.hhg.vn\/wp-content\/uploads\/2025\/11\/154__hpr03691_tif.png",1200,1371,false],"portfolio_item-thumbnail_cinema":["https:\/\/trading.hhg.vn\/wp-content\/uploads\/2025\/11\/154__hpr03691_tif.png",293,335,false],"portfolio_item-thumbnail_portrait":["https:\/\/trading.hhg.vn\/wp-content\/uploads\/2025\/11\/154__hpr03691_tif.png",600,686,false],"portfolio_item-thumbnail_portrait@2x":["https:\/\/trading.hhg.vn\/wp-content\/uploads\/2025\/11\/154__hpr03691_tif.png",1200,1371,false],"portfolio_item-thumbnail_square":["https:\/\/trading.hhg.vn\/wp-content\/uploads\/2025\/11\/154__hpr03691_tif.png",700,800,false]},"_links":{"self":[{"href":"https:\/\/trading.hhg.vn\/en\/wp-json\/wp\/v2\/product\/31801","targetHints":{"allow":["GET"]}}],"collection":[{"href":"https:\/\/trading.hhg.vn\/en\/wp-json\/wp\/v2\/product"}],"about":[{"href":"https:\/\/trading.hhg.vn\/en\/wp-json\/wp\/v2\/types\/product"}],"replies":[{"embeddable":true,"href":"https:\/\/trading.hhg.vn\/en\/wp-json\/wp\/v2\/comments?post=31801"}],"version-history":[{"count":1,"href":"https:\/\/trading.hhg.vn\/en\/wp-json\/wp\/v2\/product\/31801\/revisions"}],"predecessor-version":[{"id":119007,"href":"https:\/\/trading.hhg.vn\/en\/wp-json\/wp\/v2\/product\/31801\/revisions\/119007"}],"wp:featuredmedia":[{"embeddable":true,"href":"https:\/\/trading.hhg.vn\/en\/wp-json\/wp\/v2\/media\/31799"}],"wp:attachment":[{"href":"https:\/\/trading.hhg.vn\/en\/wp-json\/wp\/v2\/media?parent=31801"}],"wp:term":[{"taxonomy":"product_cat","embeddable":true,"href":"https:\/\/trading.hhg.vn\/en\/wp-json\/wp\/v2\/product_cat?post=31801"},{"taxonomy":"product_tag","embeddable":true,"href":"https:\/\/trading.hhg.vn\/en\/wp-json\/wp\/v2\/product_tag?post=31801"}],"curies":[{"name":"wp","href":"https:\/\/api.w.org\/{rel}","templated":true}]}}