{"id":31979,"date":"2025-11-20T07:32:52","date_gmt":"2025-11-20T00:32:52","guid":{"rendered":"https:\/\/trading.hhg.vn\/?post_type=product&#038;p=31979"},"modified":"2026-01-28T07:41:35","modified_gmt":"2026-01-28T00:41:35","slug":"voi-lavabo-tay-gat-don-kem-bo-xa-axor-urquiola","status":"publish","type":"product","link":"https:\/\/trading.hhg.vn\/en\/s\u1ea3n-ph\u1ea9m\/voi-lavabo-tay-gat-don-kem-bo-xa-axor-urquiola\/","title":{"rendered":"V\u00f2i lavabo tay g\u1ea1t \u0111\u01a1n k\u00e8m b\u1ed9 x\u1ea3 AXOR Urquiola"},"content":{"rendered":"<p><img fetchpriority=\"high\" decoding=\"async\" class=\"alignnone wp-image-7559 aligncenter\" src=\"http:\/\/trading.hhg.vn\/wp-content\/uploads\/2025\/11\/AXOR-Urquiola.jpg\" alt=\"\" width=\"606\" height=\"454\" \/>AXOR Urquiola mang \u0111\u1eadm d\u1ea5u \u1ea5n c\u1ee7a nh\u00e0 thi\u1ebft k\u1ebf Patricia Urquiola, k\u1ebft h\u1ee3p \u0111\u01b0\u1eddng cong m\u1ec1m m\u1ea1i, t\u1ef7 l\u1ec7 b\u1ea5t \u0111\u1ed1i x\u1ee9ng tinh t\u1ebf v\u00e0 ng\u00f4n ng\u1eef thi\u1ebft k\u1ebf t\u1ef1 nhi\u00ean \u0111\u1ec3 t\u1ea1o n\u00ean v\u1ebb \u0111\u1eb9p v\u1eeba c\u1ed5 \u0111i\u1ec3n, v\u1eeba hi\u1ec7n \u0111\u1ea1i. M\u1ed7i chi ti\u1ebft \u2013 t\u1eeb tay g\u1ea1t u\u1ed1n cong, th\u00e2n v\u00f2i thanh tho\u00e1t \u0111\u1ebfn b\u1ec1 m\u1eb7t ph\u1ea3n s\u00e1ng nh\u1eb9 nh\u00e0ng \u2013 \u0111\u1ec1u g\u1ee3i c\u1ea3m gi\u00e1c \u1ea5m \u00e1p, g\u1ea7n g\u0169i v\u00e0 tinh t\u1ebf.<\/p>\n<p>AXOR Urquiola kh\u00f4ng ch\u1ec9 l\u00e0 b\u1ed9 s\u01b0u t\u1eadp thi\u1ebft b\u1ecb ph\u00f2ng t\u1eafm, m\u00e0 l\u00e0 s\u1ef1 h\u00f2a quy\u1ec7n gi\u1eefa ngh\u1ec7 thu\u1eadt, k\u00fd \u1ee9c v\u00e0 c\u00f4ng ngh\u1ec7, t\u00e1i \u0111\u1ecbnh ngh\u0129a v\u1ebb \u0111\u1eb9p n\u1eef t\u00ednh v\u00e0 s\u1ef1 thanh l\u1ecbch hi\u1ec7n \u0111\u1ea1i trong kh\u00f4ng gian s\u1ed1ng.<\/p>\n","protected":false},"excerpt":{"rendered":"<p>\u0110\u00f3n nh\u1eadn ngh\u1ec7 thu\u1eadt v\u00e0o kh\u00f4ng gian s\u1ed1ng v\u1edbi v\u00f2i lavabo AXOR Urquiola. Thi\u1ebft k\u1ebf tay g\u1ea1t \u0111\u01a1n tinh t\u1ebf, u\u1ed1n l\u01b0\u1ee3n \u0111\u1ea7y c\u1ea3m h\u1ee9ng, t\u1ea1o \u0111i\u1ec3m nh\u1ea5n \u0111\u1ed9c \u0111\u00e1o cho ph\u00f2ng t\u1eafm c\u1ee7a b\u1ea1n. C\u00f4ng n\u0103ng v\u01b0\u1ee3t tr\u1ed9i, mang \u0111\u1ebfn d\u00f2ng ch\u1ea3y m\u1ec1m m\u1ea1i, \u00eam \u00e1i, c\u00f9ng b\u1ed9 x\u1ea3 t\u00edch h\u1ee3p ti\u1ec7n l\u1ee3i, ki\u1ebfn t\u1ea1o tr\u1ea3i nghi\u1ec7m s\u1eed d\u1ee5ng ho\u00e0n h\u1ea3o. T\u1eeb \u0111\u01b0\u1eddng n\u00e9t \u0111\u1ebfn ch\u1ea5t li\u1ec7u, m\u1ecdi chi ti\u1ebft \u0111\u1ec1u \u0111\u01b0\u1ee3c ch\u0103m ch\u00fat t\u1ec9 m\u1ec9, kh\u1eb3ng \u0111\u1ecbnh \u0111\u1eb3ng c\u1ea5p v\u00e0 phong c\u00e1ch s\u1ed1ng th\u01b0\u1ee3ng l\u01b0u.<\/p>\n","protected":false},"featured_media":32046,"comment_status":"open","ping_status":"closed","template":"","meta":{"_acf_changed":false},"product_cat":[883],"product_tag":[],"class_list":{"0":"post-31979","1":"product","2":"type-product","3":"status-publish","4":"has-post-thumbnail","6":"product_cat-voi-chau-2","7":"pa_mau-sac-chrome","8":"pa_mau-sac-dong-thau-xuoc","9":"pa_mau-sac-dong-xuoc","10":"pa_mau-sac-niken-xuoc","11":"pa_mau-sac-thep-khong-gi","12":"pa_mau-sac-vang-bong","13":"pa_mau-sac-vang-hong-bong","14":"pa_mau-sac-vang-hong-xuoc","15":"pa_mau-sac-vang-xuoc","17":"first","18":"instock","19":"shipping-taxable","20":"purchasable","21":"product-type-variable"},"acf":[],"featured_media_urls":{"thumbnail":["https:\/\/trading.hhg.vn\/wp-content\/uploads\/2025\/11\/154__apa00352_tif-150x150.png",150,150,true],"medium":["https:\/\/trading.hhg.vn\/wp-content\/uploads\/2025\/11\/154__apa00352_tif-263x300.png",263,300,true],"medium_large":["https:\/\/trading.hhg.vn\/wp-content\/uploads\/2025\/11\/154__apa00352_tif-768x878.png",768,878,true],"large":["https:\/\/trading.hhg.vn\/wp-content\/uploads\/2025\/11\/154__apa00352_tif-896x1024.png",896,1024,true],"1536x1536":["https:\/\/trading.hhg.vn\/wp-content\/uploads\/2025\/11\/154__apa00352_tif.png",1260,1440,false],"2048x2048":["https:\/\/trading.hhg.vn\/wp-content\/uploads\/2025\/11\/154__apa00352_tif.png",1260,1440,false],"woocommerce_thumbnail":["https:\/\/trading.hhg.vn\/wp-content\/uploads\/2025\/11\/154__apa00352_tif-600x600.png",600,600,true],"woocommerce_single":["https:\/\/trading.hhg.vn\/wp-content\/uploads\/2025\/11\/154__apa00352_tif-1200x1371.png",1200,1371,true],"woocommerce_gallery_thumbnail":["https:\/\/trading.hhg.vn\/wp-content\/uploads\/2025\/11\/154__apa00352_tif-150x171.png",150,171,true],"portfolio_item-thumbnail":["https:\/\/trading.hhg.vn\/wp-content\/uploads\/2025\/11\/154__apa00352_tif.png",350,400,false],"portfolio_item-thumbnail@2x":["https:\/\/trading.hhg.vn\/wp-content\/uploads\/2025\/11\/154__apa00352_tif.png",700,800,false],"portfolio_item-masonry":["https:\/\/trading.hhg.vn\/wp-content\/uploads\/2025\/11\/154__apa00352_tif.png",600,686,false],"portfolio_item-masonry@2x":["https:\/\/trading.hhg.vn\/wp-content\/uploads\/2025\/11\/154__apa00352_tif.png",1200,1371,false],"portfolio_item-thumbnail_cinema":["https:\/\/trading.hhg.vn\/wp-content\/uploads\/2025\/11\/154__apa00352_tif.png",293,335,false],"portfolio_item-thumbnail_portrait":["https:\/\/trading.hhg.vn\/wp-content\/uploads\/2025\/11\/154__apa00352_tif.png",600,686,false],"portfolio_item-thumbnail_portrait@2x":["https:\/\/trading.hhg.vn\/wp-content\/uploads\/2025\/11\/154__apa00352_tif.png",1200,1371,false],"portfolio_item-thumbnail_square":["https:\/\/trading.hhg.vn\/wp-content\/uploads\/2025\/11\/154__apa00352_tif.png",700,800,false]},"_links":{"self":[{"href":"https:\/\/trading.hhg.vn\/en\/wp-json\/wp\/v2\/product\/31979","targetHints":{"allow":["GET"]}}],"collection":[{"href":"https:\/\/trading.hhg.vn\/en\/wp-json\/wp\/v2\/product"}],"about":[{"href":"https:\/\/trading.hhg.vn\/en\/wp-json\/wp\/v2\/types\/product"}],"replies":[{"embeddable":true,"href":"https:\/\/trading.hhg.vn\/en\/wp-json\/wp\/v2\/comments?post=31979"}],"version-history":[{"count":2,"href":"https:\/\/trading.hhg.vn\/en\/wp-json\/wp\/v2\/product\/31979\/revisions"}],"predecessor-version":[{"id":118422,"href":"https:\/\/trading.hhg.vn\/en\/wp-json\/wp\/v2\/product\/31979\/revisions\/118422"}],"wp:featuredmedia":[{"embeddable":true,"href":"https:\/\/trading.hhg.vn\/en\/wp-json\/wp\/v2\/media\/32046"}],"wp:attachment":[{"href":"https:\/\/trading.hhg.vn\/en\/wp-json\/wp\/v2\/media?parent=31979"}],"wp:term":[{"taxonomy":"product_cat","embeddable":true,"href":"https:\/\/trading.hhg.vn\/en\/wp-json\/wp\/v2\/product_cat?post=31979"},{"taxonomy":"product_tag","embeddable":true,"href":"https:\/\/trading.hhg.vn\/en\/wp-json\/wp\/v2\/product_tag?post=31979"}],"curies":[{"name":"wp","href":"https:\/\/api.w.org\/{rel}","templated":true}]}}