{"id":32421,"date":"2025-11-20T07:40:39","date_gmt":"2025-11-20T00:40:39","guid":{"rendered":"https:\/\/trading.hhg.vn\/?post_type=product&#038;p=32421"},"modified":"2026-01-28T07:43:17","modified_gmt":"2026-01-28T00:43:17","slug":"voi-xit-ve-sinh-1-duong-nuoc-s-ecosmart-kem-gia-do-porter-s-va-day-sen-chiu-ap-125-cm-bidette","status":"publish","type":"product","link":"https:\/\/trading.hhg.vn\/en\/s\u1ea3n-ph\u1ea9m\/voi-xit-ve-sinh-1-duong-nuoc-s-ecosmart-kem-gia-do-porter-s-va-day-sen-chiu-ap-125-cm-bidette\/","title":{"rendered":"V\u00f2i x\u1ecbt v\u1ec7 sinh 1 \u0111\u01b0\u1eddng n\u01b0\u1edbc S EcoSmart k\u00e8m gi\u00e1 \u0111\u1ee1 Porter S v\u00e0 d\u00e2y sen ch\u1ecbu \u00e1p 125 cm Bidette"},"content":{"rendered":"","protected":false},"excerpt":{"rendered":"<p>V\u00f2i x\u1ecbt v\u1ec7 sinh S EcoSmart mang \u0111\u1ebfn s\u1ef1 tinh t\u1ebf trong t\u1eebng \u0111\u01b0\u1eddng n\u00e9t thi\u1ebft k\u1ebf, h\u00f2a quy\u1ec7n ho\u00e0n h\u1ea3o v\u00e0o kh\u00f4ng gian hi\u1ec7n \u0111\u1ea1i. V\u1edbi c\u00f4ng ngh\u1ec7 m\u1ed9t \u0111\u01b0\u1eddng n\u01b0\u1edbc ti\u00ean ti\u1ebfn, s\u1ea3n ph\u1ea9m \u0111\u1ea3m b\u1ea3o \u00e1p l\u1ef1c m\u1ea1nh m\u1ebd, s\u1ea1ch s\u1ebd t\u1ed1i \u01b0u, c\u00f9ng kh\u1ea3 n\u0103ng \u0111i\u1ec1u khi\u1ec3n d\u1ec5 d\u00e0ng ch\u1ec9 b\u1eb1ng m\u1ed9t thao t\u00e1c. \u0110i k\u00e8m gi\u00e1 \u0111\u1ee1 Porter S v\u1eefng ch\u1eafc v\u00e0 d\u00e2y sen Bidette 125 cm ch\u1ecbu \u00e1p cao, m\u1ed7i kho\u1ea3nh kh\u1eafc s\u1eed d\u1ee5ng \u0111\u1ec1u l\u00e0 tr\u1ea3i nghi\u1ec7m ti\u1ec7n nghi, tho\u1ea3i m\u00e1i v\u00e0 b\u1ec1n b\u1ec9, n\u00e2ng t\u1ea7m ch\u1ea5t l\u01b0\u1ee3ng cu\u1ed9c s\u1ed1ng th\u01b0\u1eddng ng\u00e0y.<\/p>\n","protected":false},"featured_media":32483,"comment_status":"open","ping_status":"closed","template":"","meta":{"_acf_changed":false},"product_cat":[870],"product_tag":[],"class_list":{"0":"post-32421","1":"product","2":"type-product","3":"status-publish","4":"has-post-thumbnail","6":"product_cat-tieu-nu","7":"pa_mau-sac-chrome","8":"pa_mau-sac-chrome-den-xuoc","9":"pa_mau-sac-den-mo","10":"pa_mau-sac-dong-xuoc","11":"pa_mau-sac-trang-mo","12":"pa_mau-sac-vang-bong","14":"first","15":"instock","16":"shipping-taxable","17":"purchasable","18":"product-type-variable"},"acf":[],"featured_media_urls":{"thumbnail":["https:\/\/trading.hhg.vn\/wp-content\/uploads\/2025\/11\/154__hpr06906_tif-150x150.png",150,150,true],"medium":["https:\/\/trading.hhg.vn\/wp-content\/uploads\/2025\/11\/154__hpr06906_tif-263x300.png",263,300,true],"medium_large":["https:\/\/trading.hhg.vn\/wp-content\/uploads\/2025\/11\/154__hpr06906_tif-768x878.png",768,878,true],"large":["https:\/\/trading.hhg.vn\/wp-content\/uploads\/2025\/11\/154__hpr06906_tif-896x1024.png",896,1024,true],"1536x1536":["https:\/\/trading.hhg.vn\/wp-content\/uploads\/2025\/11\/154__hpr06906_tif.png",1260,1440,false],"2048x2048":["https:\/\/trading.hhg.vn\/wp-content\/uploads\/2025\/11\/154__hpr06906_tif.png",1260,1440,false],"woocommerce_thumbnail":["https:\/\/trading.hhg.vn\/wp-content\/uploads\/2025\/11\/154__hpr06906_tif-600x600.png",600,600,true],"woocommerce_single":["https:\/\/trading.hhg.vn\/wp-content\/uploads\/2025\/11\/154__hpr06906_tif-1200x1371.png",1200,1371,true],"woocommerce_gallery_thumbnail":["https:\/\/trading.hhg.vn\/wp-content\/uploads\/2025\/11\/154__hpr06906_tif-150x171.png",150,171,true],"portfolio_item-thumbnail":["https:\/\/trading.hhg.vn\/wp-content\/uploads\/2025\/11\/154__hpr06906_tif.png",350,400,false],"portfolio_item-thumbnail@2x":["https:\/\/trading.hhg.vn\/wp-content\/uploads\/2025\/11\/154__hpr06906_tif.png",700,800,false],"portfolio_item-masonry":["https:\/\/trading.hhg.vn\/wp-content\/uploads\/2025\/11\/154__hpr06906_tif.png",600,686,false],"portfolio_item-masonry@2x":["https:\/\/trading.hhg.vn\/wp-content\/uploads\/2025\/11\/154__hpr06906_tif.png",1200,1371,false],"portfolio_item-thumbnail_cinema":["https:\/\/trading.hhg.vn\/wp-content\/uploads\/2025\/11\/154__hpr06906_tif.png",293,335,false],"portfolio_item-thumbnail_portrait":["https:\/\/trading.hhg.vn\/wp-content\/uploads\/2025\/11\/154__hpr06906_tif.png",600,686,false],"portfolio_item-thumbnail_portrait@2x":["https:\/\/trading.hhg.vn\/wp-content\/uploads\/2025\/11\/154__hpr06906_tif.png",1200,1371,false],"portfolio_item-thumbnail_square":["https:\/\/trading.hhg.vn\/wp-content\/uploads\/2025\/11\/154__hpr06906_tif.png",700,800,false]},"_links":{"self":[{"href":"https:\/\/trading.hhg.vn\/en\/wp-json\/wp\/v2\/product\/32421","targetHints":{"allow":["GET"]}}],"collection":[{"href":"https:\/\/trading.hhg.vn\/en\/wp-json\/wp\/v2\/product"}],"about":[{"href":"https:\/\/trading.hhg.vn\/en\/wp-json\/wp\/v2\/types\/product"}],"replies":[{"embeddable":true,"href":"https:\/\/trading.hhg.vn\/en\/wp-json\/wp\/v2\/comments?post=32421"}],"version-history":[{"count":2,"href":"https:\/\/trading.hhg.vn\/en\/wp-json\/wp\/v2\/product\/32421\/revisions"}],"predecessor-version":[{"id":101492,"href":"https:\/\/trading.hhg.vn\/en\/wp-json\/wp\/v2\/product\/32421\/revisions\/101492"}],"wp:featuredmedia":[{"embeddable":true,"href":"https:\/\/trading.hhg.vn\/en\/wp-json\/wp\/v2\/media\/32483"}],"wp:attachment":[{"href":"https:\/\/trading.hhg.vn\/en\/wp-json\/wp\/v2\/media?parent=32421"}],"wp:term":[{"taxonomy":"product_cat","embeddable":true,"href":"https:\/\/trading.hhg.vn\/en\/wp-json\/wp\/v2\/product_cat?post=32421"},{"taxonomy":"product_tag","embeddable":true,"href":"https:\/\/trading.hhg.vn\/en\/wp-json\/wp\/v2\/product_tag?post=32421"}],"curies":[{"name":"wp","href":"https:\/\/api.w.org\/{rel}","templated":true}]}}