{"id":32448,"date":"2025-11-20T07:41:00","date_gmt":"2025-11-20T00:41:00","guid":{"rendered":"https:\/\/trading.hhg.vn\/product\/bo-dieu-nhiet-gan-tuong-ecostat\/"},"modified":"2026-01-28T07:48:09","modified_gmt":"2026-01-28T00:48:09","slug":"bo-dieu-nhiet-gan-tuong-ecostat","status":"publish","type":"product","link":"https:\/\/trading.hhg.vn\/en\/s\u1ea3n-ph\u1ea9m\/bo-dieu-nhiet-gan-tuong-ecostat\/","title":{"rendered":"B\u1ed9 \u0111i\u1ec1u nhi\u1ec7t g\u1eafn t\u01b0\u1eddng Ecostat"},"content":{"rendered":"<p><img fetchpriority=\"high\" decoding=\"async\" class=\"alignnone wp-image-7559 aligncenter\" src=\"http:\/\/trading.hhg.vn\/wp-content\/uploads\/2025\/11\/Ecostat-.jpg\" alt=\"\" width=\"606\" height=\"454\" \/>hansgrohe Ecostat l\u00e0 d\u00f2ng b\u1ed9 tr\u1ed9n nhi\u1ec7t th\u00f4ng minh gi\u00fap duy tr\u00ec nhi\u1ec7t \u0111\u1ed9 n\u01b0\u1edbc \u1ed5n \u0111\u1ecbnh, mang l\u1ea1i tr\u1ea3i nghi\u1ec7m t\u1eafm an to\u00e0n, tho\u1ea3i m\u00e1i v\u00e0 ti\u1ebft ki\u1ec7m n\u0103ng l\u01b0\u1ee3ng. V\u1edbi c\u00f4ng ngh\u1ec7 nhi\u1ec7t c\u00e2n b\u1eb1ng t\u1ef1 \u0111\u1ed9ng, Ecostat \u0111\u1ea3m b\u1ea3o nhi\u1ec7t \u0111\u1ed9 n\u01b0\u1edbc lu\u00f4n ch\u00ednh x\u00e1c, ngay c\u1ea3 khi \u00e1p l\u1ef1c n\u01b0\u1edbc thay \u0111\u1ed5i, \u0111\u1ed3ng th\u1eddi b\u1ea3o v\u1ec7 ng\u01b0\u1eddi d\u00f9ng kh\u1ecfi nguy c\u01a1 b\u1ecfng do n\u01b0\u1edbc n\u00f3ng.<\/p>\n","protected":false},"excerpt":{"rendered":"<p>Ecostat mang \u0111\u1ebfn tr\u1ea3i nghi\u1ec7m \u0111i\u1ec1u khi\u1ec3n nhi\u1ec7t \u0111\u1ed9 tinh t\u1ebf, h\u00f2a quy\u1ec7n ho\u00e0n h\u1ea3o v\u00e0o kh\u00f4ng gian s\u1ed1ng c\u1ee7a b\u1ea1n. Thi\u1ebft k\u1ebf t\u1ed1i gi\u1ea3n, sang tr\u1ecdng c\u00f9ng m\u00e0n h\u00ecnh c\u1ea3m \u1ee9ng tr\u1ef1c quan kh\u00f4ng ch\u1ec9 l\u00e0 \u0111i\u1ec3m nh\u1ea5n ki\u1ebfn tr\u00fac m\u00e0 c\u00f2n l\u00e0 c\u00e1nh c\u1ed5ng \u0111\u1ebfn s\u1ef1 ti\u1ec7n nghi v\u01b0\u1ee3t tr\u1ed9i. T\u1eadn h\u01b0\u1edfng b\u1ea7u kh\u00f4ng kh\u00ed l\u00fd t\u01b0\u1edfng m\u1ecdi kho\u1ea3nh kh\u1eafc, v\u1edbi kh\u1ea3 n\u0103ng \u0111i\u1ec1u ch\u1ec9nh ch\u00ednh x\u00e1c \u0111\u1ebfn t\u1eebng \u0111\u1ed9 C, ki\u1ebfn t\u1ea1o n\u00ean chu\u1ea9n m\u1ef1c m\u1edbi cho s\u1ef1 tho\u1ea3i m\u00e1i v\u00e0 phong c\u00e1ch s\u1ed1ng \u0111\u1eb3ng c\u1ea5p.<\/p>\n","protected":false},"featured_media":32446,"comment_status":"open","ping_status":"closed","template":"","meta":{"_acf_changed":false},"product_cat":[847],"product_tag":[],"class_list":{"0":"post-32448","1":"product","2":"type-product","3":"status-publish","4":"has-post-thumbnail","6":"product_cat-bo-dieu-nhiet-2","7":"pa_mau-sac-chrome","9":"first","10":"instock","11":"shipping-taxable","12":"purchasable","13":"product-type-simple"},"acf":[],"featured_media_urls":{"thumbnail":["https:\/\/trading.hhg.vn\/wp-content\/uploads\/2025\/11\/154__hpr07356_tif-150x150.png",150,150,true],"medium":["https:\/\/trading.hhg.vn\/wp-content\/uploads\/2025\/11\/154__hpr07356_tif-262x300.png",262,300,true],"medium_large":["https:\/\/trading.hhg.vn\/wp-content\/uploads\/2025\/11\/154__hpr07356_tif-768x878.png",768,878,true],"large":["https:\/\/trading.hhg.vn\/wp-content\/uploads\/2025\/11\/154__hpr07356_tif-896x1024.png",896,1024,true],"1536x1536":["https:\/\/trading.hhg.vn\/wp-content\/uploads\/2025\/11\/154__hpr07356_tif-1344x1536.png",1344,1536,true],"2048x2048":["https:\/\/trading.hhg.vn\/wp-content\/uploads\/2025\/11\/154__hpr07356_tif.png",1440,1646,false],"woocommerce_thumbnail":["https:\/\/trading.hhg.vn\/wp-content\/uploads\/2025\/11\/154__hpr07356_tif-600x600.png",600,600,true],"woocommerce_single":["https:\/\/trading.hhg.vn\/wp-content\/uploads\/2025\/11\/154__hpr07356_tif-1200x1372.png",1200,1372,true],"woocommerce_gallery_thumbnail":["https:\/\/trading.hhg.vn\/wp-content\/uploads\/2025\/11\/154__hpr07356_tif-150x171.png",150,171,true],"portfolio_item-thumbnail":["https:\/\/trading.hhg.vn\/wp-content\/uploads\/2025\/11\/154__hpr07356_tif.png",350,400,false],"portfolio_item-thumbnail@2x":["https:\/\/trading.hhg.vn\/wp-content\/uploads\/2025\/11\/154__hpr07356_tif.png",700,800,false],"portfolio_item-masonry":["https:\/\/trading.hhg.vn\/wp-content\/uploads\/2025\/11\/154__hpr07356_tif.png",600,686,false],"portfolio_item-masonry@2x":["https:\/\/trading.hhg.vn\/wp-content\/uploads\/2025\/11\/154__hpr07356_tif.png",1200,1372,false],"portfolio_item-thumbnail_cinema":["https:\/\/trading.hhg.vn\/wp-content\/uploads\/2025\/11\/154__hpr07356_tif.png",293,335,false],"portfolio_item-thumbnail_portrait":["https:\/\/trading.hhg.vn\/wp-content\/uploads\/2025\/11\/154__hpr07356_tif.png",600,686,false],"portfolio_item-thumbnail_portrait@2x":["https:\/\/trading.hhg.vn\/wp-content\/uploads\/2025\/11\/154__hpr07356_tif.png",1200,1372,false],"portfolio_item-thumbnail_square":["https:\/\/trading.hhg.vn\/wp-content\/uploads\/2025\/11\/154__hpr07356_tif.png",700,800,false]},"_links":{"self":[{"href":"https:\/\/trading.hhg.vn\/en\/wp-json\/wp\/v2\/product\/32448","targetHints":{"allow":["GET"]}}],"collection":[{"href":"https:\/\/trading.hhg.vn\/en\/wp-json\/wp\/v2\/product"}],"about":[{"href":"https:\/\/trading.hhg.vn\/en\/wp-json\/wp\/v2\/types\/product"}],"replies":[{"embeddable":true,"href":"https:\/\/trading.hhg.vn\/en\/wp-json\/wp\/v2\/comments?post=32448"}],"version-history":[{"count":1,"href":"https:\/\/trading.hhg.vn\/en\/wp-json\/wp\/v2\/product\/32448\/revisions"}],"predecessor-version":[{"id":118605,"href":"https:\/\/trading.hhg.vn\/en\/wp-json\/wp\/v2\/product\/32448\/revisions\/118605"}],"wp:featuredmedia":[{"embeddable":true,"href":"https:\/\/trading.hhg.vn\/en\/wp-json\/wp\/v2\/media\/32446"}],"wp:attachment":[{"href":"https:\/\/trading.hhg.vn\/en\/wp-json\/wp\/v2\/media?parent=32448"}],"wp:term":[{"taxonomy":"product_cat","embeddable":true,"href":"https:\/\/trading.hhg.vn\/en\/wp-json\/wp\/v2\/product_cat?post=32448"},{"taxonomy":"product_tag","embeddable":true,"href":"https:\/\/trading.hhg.vn\/en\/wp-json\/wp\/v2\/product_tag?post=32448"}],"curies":[{"name":"wp","href":"https:\/\/api.w.org\/{rel}","templated":true}]}}