{"id":33312,"date":"2025-11-20T08:56:33","date_gmt":"2025-11-20T01:56:33","guid":{"rendered":"https:\/\/trading.hhg.vn\/?post_type=product&#038;p=33312"},"modified":"2025-11-28T15:02:18","modified_gmt":"2025-11-28T08:02:18","slug":"tu-chau-rua-780-475-mau-trang-bong-cao-cap-2-ngan-keo-xelu-q","status":"publish","type":"product","link":"https:\/\/trading.hhg.vn\/en\/s\u1ea3n-ph\u1ea9m\/tu-chau-rua-780-475-mau-trang-bong-cao-cap-2-ngan-keo-xelu-q\/","title":{"rendered":"T\u1ee7 ch\u1eadu r\u1eeda 780\/475 m\u00e0u tr\u1eafng b\u00f3ng cao c\u1ea5p 2 ng\u0103n k\u00e9o Xelu Q"},"content":{"rendered":"<p><img fetchpriority=\"high\" decoding=\"async\" class=\"alignnone wp-image-7559 aligncenter\" src=\"http:\/\/trading.hhg.vn\/wp-content\/uploads\/2025\/11\/xelu.png\" alt=\"\" width=\"606\" height=\"454\" \/>D\u00f2ng ch\u1eadu r\u1eeda hansgrohe Xelu Q l\u00e0 gi\u1ea3i ph\u00e1p ph\u00f2ng t\u1eafm d\u00e0nh cho gia \u0111\u00ecnh hi\u1ec7n \u0111\u1ea1i \u2014 n\u01a1i thi\u1ebft k\u1ebf \u201cSoftSquare\u201d t\u1ed1i gi\u1ea3n h\u00f2a quy\u1ec7n c\u00f9ng kh\u1ea3 n\u0103ng c\u00e1 nh\u00e2n h\u00f3a t\u1ed1i \u0111a. V\u1edbi chi\u1ec1u r\u1ed9ng \u0111a d\u1ea1ng t\u1eeb 36 \u0111\u1ebfn 120 cm, Xelu Q cho ph\u00e9p l\u1ef1a ch\u1ecdn m\u1ed9t ho\u1eb7c hai l\u1ed7 g\u1eafn v\u00f2i v\u00e0 t\u00edch h\u1ee3p ho\u1eb7c kh\u00f4ng t\u00edch h\u1ee3p l\u1ed7 tho\u00e1t tr\u00e0n, r\u1ea5t linh ho\u1ea1t.<\/p>\n<p>Ph\u1ea7n l\u00f2ng ch\u1eadu \u0111\u01b0\u1ee3c bo nh\u1eb9,kh\u00f4ng c\u00f3 l\u1ed7 tho\u00e1t tr\u00e0n, vi\u1ec1n m\u1ecfng, t\u1ea1o c\u1ea3m gi\u00e1c thanh tho\u00e1t; v\u1eadt li\u1ec7u s\u1ee9 v\u1ec7 sinh cao c\u1ea5p ph\u1ee7 l\u1edbp men SmartClean ch\u1ed1ng b\u00e1m b\u1ea9n v\u00e0 d\u1ec5 l\u00e0m s\u1ea1ch, gi\u00fap gi\u1ea3m thi\u1ec3u th\u1eddi gian v\u1ec7 sinh m\u1ed7i ng\u00e0y.<\/p>\n<p>Xelu Q c\u00f2n d\u1ec5 d\u00e0ng ph\u1ed1i h\u1ee3p v\u1edbi d\u00f2ng n\u1ed9i th\u1ea5t v\u00e0 ph\u1ee5 ki\u1ec7n \u2014 b\u1ea1n c\u00f3 th\u1ec3 l\u1ef1a ch\u1ecdn m\u1eabu ch\u1eadu ri\u00eang ho\u1eb7c k\u1ebft h\u1ee3p c\u00f9ng t\u1ee7 lavabo \u0111\u1ed3ng b\u1ed9, t\u1ea1o kh\u00f4ng gian \u201cwash-place\u201d v\u1eeba th\u1ea9m m\u1ef9 v\u1eeba ti\u1ec7n nghi. \u0110\u00e2y l\u00e0 l\u1ef1a ch\u1ecdn l\u00fd t\u01b0\u1edfng n\u1ebfu b\u1ea1n t\u00ecm ki\u1ebfm ch\u1eadu r\u1eeda v\u1eeba \u0111\u1eb9p v\u1eeba b\u1ec1n cho ph\u00f2ng t\u1eafm gia \u0111\u00ecnh.<\/p>\n","protected":false},"excerpt":{"rendered":"<p>Xelu Q th\u1ed5i l\u00e0n gi\u00f3 m\u1edbi v\u00e0o kh\u00f4ng gian ph\u00f2ng t\u1eafm v\u1edbi t\u1ee7 ch\u1eadu r\u1eeda 780\/475 tr\u1eafng b\u00f3ng cao c\u1ea5p, m\u1ed9t ki\u1ec7t t\u00e1c c\u1ee7a s\u1ef1 tinh gi\u1ea3n v\u00e0 ti\u1ec7n nghi. Thi\u1ebft k\u1ebf kh\u00f4ng tay n\u1eafm \u1ea9n m\u00ecnh trong l\u1edbp s\u01a1n b\u00f3ng lo\u00e1ng, n\u00e2ng t\u1ea7m v\u1ebb \u0111\u1eb9p hi\u1ec7n \u0111\u1ea1i v\u00e0 sang tr\u1ecdng. Hai ng\u0103n k\u00e9o r\u1ed9ng r\u00e3i, ho\u1ea1t \u0111\u1ed9ng \u00eam \u00e1i, kh\u00e9o l\u00e9o s\u1eafp x\u1ebfp m\u1ecdi v\u1eadt d\u1ee5ng, mang \u0111\u1ebfn tr\u1ea3i nghi\u1ec7m s\u1eed d\u1ee5ng thu\u1eadn ti\u1ec7n v\u00e0 th\u01b0 th\u00e1i nh\u1ea5t. Xelu Q kh\u00f4ng ch\u1ec9 l\u00e0 n\u1ed9i th\u1ea5t, m\u00e0 l\u00e0 tuy\u00ean ng\u00f4n phong c\u00e1ch, m\u1edf ra kh\u00f4ng gian s\u1ed1ng \u0111\u1eb3ng c\u1ea5p, n\u01a1i m\u1ed7i kho\u1ea3nh kh\u1eafc \u0111\u1ec1u l\u00e0 t\u1eadn h\u01b0\u1edfng.<\/p>\n","protected":false},"featured_media":33440,"comment_status":"open","ping_status":"closed","template":"","meta":{"_acf_changed":false},"product_cat":[876],"product_tag":[],"class_list":{"0":"post-33312","1":"product","2":"type-product","3":"status-publish","4":"has-post-thumbnail","6":"product_cat-tu-lavabo-2","7":"pa_mau-sac-chrome","8":"pa_mau-sac-den-mo","9":"pa_mau-sac-trang-mo","11":"first","12":"instock","13":"shipping-taxable","14":"product-type-variable"},"acf":[],"featured_media_urls":{"thumbnail":["https:\/\/trading.hhg.vn\/wp-content\/uploads\/2025\/11\/154__hpr04731_tif-150x150.png",150,150,true],"medium":["https:\/\/trading.hhg.vn\/wp-content\/uploads\/2025\/11\/154__hpr04731_tif-262x300.png",262,300,true],"medium_large":["https:\/\/trading.hhg.vn\/wp-content\/uploads\/2025\/11\/154__hpr04731_tif-768x878.png",768,878,true],"large":["https:\/\/trading.hhg.vn\/wp-content\/uploads\/2025\/11\/154__hpr04731_tif-896x1024.png",896,1024,true],"1536x1536":["https:\/\/trading.hhg.vn\/wp-content\/uploads\/2025\/11\/154__hpr04731_tif-1344x1536.png",1344,1536,true],"2048x2048":["https:\/\/trading.hhg.vn\/wp-content\/uploads\/2025\/11\/154__hpr04731_tif.png",1440,1646,false],"woocommerce_thumbnail":["https:\/\/trading.hhg.vn\/wp-content\/uploads\/2025\/11\/154__hpr04731_tif-600x600.png",600,600,true],"woocommerce_single":["https:\/\/trading.hhg.vn\/wp-content\/uploads\/2025\/11\/154__hpr04731_tif-1200x1372.png",1200,1372,true],"woocommerce_gallery_thumbnail":["https:\/\/trading.hhg.vn\/wp-content\/uploads\/2025\/11\/154__hpr04731_tif-150x171.png",150,171,true],"portfolio_item-thumbnail":["https:\/\/trading.hhg.vn\/wp-content\/uploads\/2025\/11\/154__hpr04731_tif.png",350,400,false],"portfolio_item-thumbnail@2x":["https:\/\/trading.hhg.vn\/wp-content\/uploads\/2025\/11\/154__hpr04731_tif.png",700,800,false],"portfolio_item-masonry":["https:\/\/trading.hhg.vn\/wp-content\/uploads\/2025\/11\/154__hpr04731_tif.png",600,686,false],"portfolio_item-masonry@2x":["https:\/\/trading.hhg.vn\/wp-content\/uploads\/2025\/11\/154__hpr04731_tif.png",1200,1372,false],"portfolio_item-thumbnail_cinema":["https:\/\/trading.hhg.vn\/wp-content\/uploads\/2025\/11\/154__hpr04731_tif.png",293,335,false],"portfolio_item-thumbnail_portrait":["https:\/\/trading.hhg.vn\/wp-content\/uploads\/2025\/11\/154__hpr04731_tif.png",600,686,false],"portfolio_item-thumbnail_portrait@2x":["https:\/\/trading.hhg.vn\/wp-content\/uploads\/2025\/11\/154__hpr04731_tif.png",1200,1372,false],"portfolio_item-thumbnail_square":["https:\/\/trading.hhg.vn\/wp-content\/uploads\/2025\/11\/154__hpr04731_tif.png",700,800,false]},"_links":{"self":[{"href":"https:\/\/trading.hhg.vn\/en\/wp-json\/wp\/v2\/product\/33312","targetHints":{"allow":["GET"]}}],"collection":[{"href":"https:\/\/trading.hhg.vn\/en\/wp-json\/wp\/v2\/product"}],"about":[{"href":"https:\/\/trading.hhg.vn\/en\/wp-json\/wp\/v2\/types\/product"}],"replies":[{"embeddable":true,"href":"https:\/\/trading.hhg.vn\/en\/wp-json\/wp\/v2\/comments?post=33312"}],"version-history":[{"count":2,"href":"https:\/\/trading.hhg.vn\/en\/wp-json\/wp\/v2\/product\/33312\/revisions"}],"predecessor-version":[{"id":101543,"href":"https:\/\/trading.hhg.vn\/en\/wp-json\/wp\/v2\/product\/33312\/revisions\/101543"}],"wp:featuredmedia":[{"embeddable":true,"href":"https:\/\/trading.hhg.vn\/en\/wp-json\/wp\/v2\/media\/33440"}],"wp:attachment":[{"href":"https:\/\/trading.hhg.vn\/en\/wp-json\/wp\/v2\/media?parent=33312"}],"wp:term":[{"taxonomy":"product_cat","embeddable":true,"href":"https:\/\/trading.hhg.vn\/en\/wp-json\/wp\/v2\/product_cat?post=33312"},{"taxonomy":"product_tag","embeddable":true,"href":"https:\/\/trading.hhg.vn\/en\/wp-json\/wp\/v2\/product_tag?post=33312"}],"curies":[{"name":"wp","href":"https:\/\/api.w.org\/{rel}","templated":true}]}}