{"id":33327,"date":"2025-11-20T08:56:42","date_gmt":"2025-11-20T01:56:42","guid":{"rendered":"https:\/\/trading.hhg.vn\/product\/bo-dieu-nhiet-sen-tam-gan-tuong-ecostat-1001-cl\/"},"modified":"2025-12-17T08:09:29","modified_gmt":"2025-12-17T01:09:29","slug":"bo-dieu-nhiet-sen-tam-gan-tuong-ecostat-1001-cl","status":"publish","type":"product","link":"https:\/\/trading.hhg.vn\/en\/s\u1ea3n-ph\u1ea9m\/bo-dieu-nhiet-sen-tam-gan-tuong-ecostat-1001-cl\/","title":{"rendered":"B\u1ed9 \u0111i\u1ec1u nhi\u1ec7t sen t\u1eafm g\u1eafn t\u01b0\u1eddng Ecostat 1001 CL"},"content":{"rendered":"","protected":false},"excerpt":{"rendered":"<p>Ecostat 1001 CL \u0111\u1ecbnh ngh\u0129a l\u1ea1i tr\u1ea3i nghi\u1ec7m t\u1eafm v\u1edbi thi\u1ebft k\u1ebf g\u1eafn t\u01b0\u1eddng t\u1ed1i gi\u1ea3n, h\u00f2a quy\u1ec7n tinh t\u1ebf v\u00e0o m\u1ecdi kh\u00f4ng gian. C\u00f4ng ngh\u1ec7 \u0111i\u1ec1u nhi\u1ec7t ti\u00ean ti\u1ebfn \u0111\u1ea3m b\u1ea3o nhi\u1ec7t \u0111\u1ed9 n\u01b0\u1edbc \u1ed5n \u0111\u1ecbnh tuy\u1ec7t \u0111\u1ed1i, mang \u0111\u1ebfn d\u00f2ng ch\u1ea3y \u00eam \u00e1i, n\u00e2ng niu t\u1eebng gi\u00e1c quan. T\u1eadn h\u01b0\u1edfng s\u1ef1 ti\u1ec7n nghi \u0111\u1ec9nh cao v\u00e0 kho\u1ea3nh kh\u1eafc th\u01b0 th\u00e1i \u0111\u00edch th\u1ef1c, n\u01a1i m\u1ed7i gi\u1ecdt n\u01b0\u1edbc \u0111\u1ec1u l\u00e0 b\u1ea3n giao h\u01b0\u1edfng c\u1ee7a s\u1ef1 ho\u00e0n h\u1ea3o.<\/p>\n","protected":false},"featured_media":33325,"comment_status":"open","ping_status":"closed","template":"","meta":{"_acf_changed":false},"product_cat":[852],"product_tag":[],"class_list":{"0":"post-33327","1":"product","2":"type-product","3":"status-publish","4":"has-post-thumbnail","6":"product_cat-bo-dieu-nhiet-bon-tam","7":"pa_mau-sac-chrome","9":"first","10":"instock","11":"shipping-taxable","12":"purchasable","13":"product-type-simple"},"acf":[],"featured_media_urls":{"thumbnail":["https:\/\/trading.hhg.vn\/wp-content\/uploads\/2025\/11\/154__hpa01814_tif-150x150.png",150,150,true],"medium":["https:\/\/trading.hhg.vn\/wp-content\/uploads\/2025\/11\/154__hpa01814_tif-262x300.png",262,300,true],"medium_large":["https:\/\/trading.hhg.vn\/wp-content\/uploads\/2025\/11\/154__hpa01814_tif-768x878.png",768,878,true],"large":["https:\/\/trading.hhg.vn\/wp-content\/uploads\/2025\/11\/154__hpa01814_tif-896x1024.png",896,1024,true],"1536x1536":["https:\/\/trading.hhg.vn\/wp-content\/uploads\/2025\/11\/154__hpa01814_tif-1344x1536.png",1344,1536,true],"2048x2048":["https:\/\/trading.hhg.vn\/wp-content\/uploads\/2025\/11\/154__hpa01814_tif.png",1440,1646,false],"woocommerce_thumbnail":["https:\/\/trading.hhg.vn\/wp-content\/uploads\/2025\/11\/154__hpa01814_tif-600x600.png",600,600,true],"woocommerce_single":["https:\/\/trading.hhg.vn\/wp-content\/uploads\/2025\/11\/154__hpa01814_tif-1200x1372.png",1200,1372,true],"woocommerce_gallery_thumbnail":["https:\/\/trading.hhg.vn\/wp-content\/uploads\/2025\/11\/154__hpa01814_tif-150x171.png",150,171,true],"portfolio_item-thumbnail":["https:\/\/trading.hhg.vn\/wp-content\/uploads\/2025\/11\/154__hpa01814_tif.png",350,400,false],"portfolio_item-thumbnail@2x":["https:\/\/trading.hhg.vn\/wp-content\/uploads\/2025\/11\/154__hpa01814_tif.png",700,800,false],"portfolio_item-masonry":["https:\/\/trading.hhg.vn\/wp-content\/uploads\/2025\/11\/154__hpa01814_tif.png",600,686,false],"portfolio_item-masonry@2x":["https:\/\/trading.hhg.vn\/wp-content\/uploads\/2025\/11\/154__hpa01814_tif.png",1200,1372,false],"portfolio_item-thumbnail_cinema":["https:\/\/trading.hhg.vn\/wp-content\/uploads\/2025\/11\/154__hpa01814_tif.png",293,335,false],"portfolio_item-thumbnail_portrait":["https:\/\/trading.hhg.vn\/wp-content\/uploads\/2025\/11\/154__hpa01814_tif.png",600,686,false],"portfolio_item-thumbnail_portrait@2x":["https:\/\/trading.hhg.vn\/wp-content\/uploads\/2025\/11\/154__hpa01814_tif.png",1200,1372,false],"portfolio_item-thumbnail_square":["https:\/\/trading.hhg.vn\/wp-content\/uploads\/2025\/11\/154__hpa01814_tif.png",700,800,false]},"_links":{"self":[{"href":"https:\/\/trading.hhg.vn\/en\/wp-json\/wp\/v2\/product\/33327","targetHints":{"allow":["GET"]}}],"collection":[{"href":"https:\/\/trading.hhg.vn\/en\/wp-json\/wp\/v2\/product"}],"about":[{"href":"https:\/\/trading.hhg.vn\/en\/wp-json\/wp\/v2\/types\/product"}],"replies":[{"embeddable":true,"href":"https:\/\/trading.hhg.vn\/en\/wp-json\/wp\/v2\/comments?post=33327"}],"version-history":[{"count":1,"href":"https:\/\/trading.hhg.vn\/en\/wp-json\/wp\/v2\/product\/33327\/revisions"}],"predecessor-version":[{"id":35471,"href":"https:\/\/trading.hhg.vn\/en\/wp-json\/wp\/v2\/product\/33327\/revisions\/35471"}],"wp:featuredmedia":[{"embeddable":true,"href":"https:\/\/trading.hhg.vn\/en\/wp-json\/wp\/v2\/media\/33325"}],"wp:attachment":[{"href":"https:\/\/trading.hhg.vn\/en\/wp-json\/wp\/v2\/media?parent=33327"}],"wp:term":[{"taxonomy":"product_cat","embeddable":true,"href":"https:\/\/trading.hhg.vn\/en\/wp-json\/wp\/v2\/product_cat?post=33327"},{"taxonomy":"product_tag","embeddable":true,"href":"https:\/\/trading.hhg.vn\/en\/wp-json\/wp\/v2\/product_tag?post=33327"}],"curies":[{"name":"wp","href":"https:\/\/api.w.org\/{rel}","templated":true}]}}