{"id":33927,"date":"2025-11-20T09:20:31","date_gmt":"2025-11-20T02:20:31","guid":{"rendered":"https:\/\/trading.hhg.vn\/product\/sen-tay-ve-sinh-1-duong-nuoc-s-ecosmart-kem-gia-do-va-day-sen-chiu-ap-125-cm-bidette\/"},"modified":"2026-01-28T07:42:03","modified_gmt":"2026-01-28T00:42:03","slug":"sen-tay-ve-sinh-1-duong-nuoc-s-ecosmart-kem-gia-do-va-day-sen-chiu-ap-125-cm-bidette","status":"publish","type":"product","link":"https:\/\/trading.hhg.vn\/en\/s\u1ea3n-ph\u1ea9m\/sen-tay-ve-sinh-1-duong-nuoc-s-ecosmart-kem-gia-do-va-day-sen-chiu-ap-125-cm-bidette\/","title":{"rendered":"Sen tay v\u1ec7 sinh 1 \u0111\u01b0\u1eddng n\u01b0\u1edbc S EcoSmart k\u00e8m gi\u00e1 \u0111\u1ee1 v\u00e0 d\u00e2y sen ch\u1ecbu \u00e1p 125 cm Bidette"},"content":{"rendered":"","protected":false},"excerpt":{"rendered":"<p>Sen tay v\u1ec7 sinh S EcoSmart mang \u0111\u1ebfn tr\u1ea3i nghi\u1ec7m th\u01b0 th\u00e1i v\u00e0 tinh t\u1ebf cho kh\u00f4ng gian ph\u00f2ng t\u1eafm c\u1ee7a b\u1ea1n. Thi\u1ebft k\u1ebf t\u1ed1i gi\u1ea3n, sang tr\u1ecdng k\u1ebft h\u1ee3p c\u00f4ng ngh\u1ec7 EcoSmart gi\u00fap ti\u1ebft ki\u1ec7m n\u01b0\u1edbc hi\u1ec7u qu\u1ea3 m\u00e0 v\u1eabn \u0111\u1ea3m b\u1ea3o d\u00f2ng ch\u1ea3y m\u1ea1nh m\u1ebd, \u00eam \u00e1i. D\u00e2y sen ch\u1ecbu \u00e1p 125cm linh ho\u1ea1t c\u00f9ng gi\u00e1 \u0111\u1ee1 ti\u1ec7n l\u1ee3i, m\u1ecdi thao t\u00e1c tr\u1edf n\u00ean d\u1ec5 d\u00e0ng v\u00e0 tho\u1ea3i m\u00e1i, ki\u1ebfn t\u1ea1o kho\u1ea3nh kh\u1eafc ri\u00eang t\u01b0 \u0111\u1ea7y \u0111\u1eb3ng c\u1ea5p.<\/p>\n","protected":false},"featured_media":33925,"comment_status":"open","ping_status":"closed","template":"","meta":{"_acf_changed":false},"product_cat":[870],"product_tag":[],"class_list":{"0":"post-33927","1":"product","2":"type-product","3":"status-publish","4":"has-post-thumbnail","6":"product_cat-tieu-nu","7":"pa_mau-sac-chrome","9":"first","10":"instock","11":"shipping-taxable","12":"purchasable","13":"product-type-simple"},"acf":[],"featured_media_urls":{"thumbnail":["https:\/\/trading.hhg.vn\/wp-content\/uploads\/2025\/11\/154__hpr04553_tif-150x150.png",150,150,true],"medium":["https:\/\/trading.hhg.vn\/wp-content\/uploads\/2025\/11\/154__hpr04553_tif-263x300.png",263,300,true],"medium_large":["https:\/\/trading.hhg.vn\/wp-content\/uploads\/2025\/11\/154__hpr04553_tif-768x878.png",768,878,true],"large":["https:\/\/trading.hhg.vn\/wp-content\/uploads\/2025\/11\/154__hpr04553_tif-896x1024.png",896,1024,true],"1536x1536":["https:\/\/trading.hhg.vn\/wp-content\/uploads\/2025\/11\/154__hpr04553_tif.png",1260,1440,false],"2048x2048":["https:\/\/trading.hhg.vn\/wp-content\/uploads\/2025\/11\/154__hpr04553_tif.png",1260,1440,false],"woocommerce_thumbnail":["https:\/\/trading.hhg.vn\/wp-content\/uploads\/2025\/11\/154__hpr04553_tif-600x600.png",600,600,true],"woocommerce_single":["https:\/\/trading.hhg.vn\/wp-content\/uploads\/2025\/11\/154__hpr04553_tif-1200x1371.png",1200,1371,true],"woocommerce_gallery_thumbnail":["https:\/\/trading.hhg.vn\/wp-content\/uploads\/2025\/11\/154__hpr04553_tif-150x171.png",150,171,true],"portfolio_item-thumbnail":["https:\/\/trading.hhg.vn\/wp-content\/uploads\/2025\/11\/154__hpr04553_tif.png",350,400,false],"portfolio_item-thumbnail@2x":["https:\/\/trading.hhg.vn\/wp-content\/uploads\/2025\/11\/154__hpr04553_tif.png",700,800,false],"portfolio_item-masonry":["https:\/\/trading.hhg.vn\/wp-content\/uploads\/2025\/11\/154__hpr04553_tif.png",600,686,false],"portfolio_item-masonry@2x":["https:\/\/trading.hhg.vn\/wp-content\/uploads\/2025\/11\/154__hpr04553_tif.png",1200,1371,false],"portfolio_item-thumbnail_cinema":["https:\/\/trading.hhg.vn\/wp-content\/uploads\/2025\/11\/154__hpr04553_tif.png",293,335,false],"portfolio_item-thumbnail_portrait":["https:\/\/trading.hhg.vn\/wp-content\/uploads\/2025\/11\/154__hpr04553_tif.png",600,686,false],"portfolio_item-thumbnail_portrait@2x":["https:\/\/trading.hhg.vn\/wp-content\/uploads\/2025\/11\/154__hpr04553_tif.png",1200,1371,false],"portfolio_item-thumbnail_square":["https:\/\/trading.hhg.vn\/wp-content\/uploads\/2025\/11\/154__hpr04553_tif.png",700,800,false]},"_links":{"self":[{"href":"https:\/\/trading.hhg.vn\/en\/wp-json\/wp\/v2\/product\/33927","targetHints":{"allow":["GET"]}}],"collection":[{"href":"https:\/\/trading.hhg.vn\/en\/wp-json\/wp\/v2\/product"}],"about":[{"href":"https:\/\/trading.hhg.vn\/en\/wp-json\/wp\/v2\/types\/product"}],"replies":[{"embeddable":true,"href":"https:\/\/trading.hhg.vn\/en\/wp-json\/wp\/v2\/comments?post=33927"}],"version-history":[{"count":1,"href":"https:\/\/trading.hhg.vn\/en\/wp-json\/wp\/v2\/product\/33927\/revisions"}],"predecessor-version":[{"id":101555,"href":"https:\/\/trading.hhg.vn\/en\/wp-json\/wp\/v2\/product\/33927\/revisions\/101555"}],"wp:featuredmedia":[{"embeddable":true,"href":"https:\/\/trading.hhg.vn\/en\/wp-json\/wp\/v2\/media\/33925"}],"wp:attachment":[{"href":"https:\/\/trading.hhg.vn\/en\/wp-json\/wp\/v2\/media?parent=33927"}],"wp:term":[{"taxonomy":"product_cat","embeddable":true,"href":"https:\/\/trading.hhg.vn\/en\/wp-json\/wp\/v2\/product_cat?post=33927"},{"taxonomy":"product_tag","embeddable":true,"href":"https:\/\/trading.hhg.vn\/en\/wp-json\/wp\/v2\/product_tag?post=33927"}],"curies":[{"name":"wp","href":"https:\/\/api.w.org\/{rel}","templated":true}]}}