{"id":34775,"date":"2025-11-20T09:40:36","date_gmt":"2025-11-20T02:40:36","guid":{"rendered":"https:\/\/trading.hhg.vn\/product\/mo-dun-ngan-keo-ben-trong-115-320-intrastoris\/"},"modified":"2025-11-20T09:40:37","modified_gmt":"2025-11-20T02:40:37","slug":"mo-dun-ngan-keo-ben-trong-115-320-intrastoris","status":"publish","type":"product","link":"https:\/\/trading.hhg.vn\/en\/s\u1ea3n-ph\u1ea9m\/mo-dun-ngan-keo-ben-trong-115-320-intrastoris\/","title":{"rendered":"M\u00f4-\u0111un ng\u0103n k\u00e9o b\u00ean trong 115\/320 IntraStoris"},"content":{"rendered":"","protected":false},"excerpt":{"rendered":"<p>IntraStoris 115\/320 kh\u00f4ng ch\u1ec9 l\u00e0 ng\u0103n k\u00e9o, m\u00e0 l\u00e0 gi\u1ea3i ph\u00e1p ho\u00e0n h\u1ea3o cho n\u1ed9i th\u1ea5t hi\u1ec7n \u0111\u1ea1i. V\u1edbi thi\u1ebft k\u1ebf tinh t\u1ebf, t\u1ed1i gi\u1ea3n, t\u1eebng \u0111\u01b0\u1eddng n\u00e9t \u0111\u01b0\u1ee3c ch\u0103m ch\u00fat t\u1ec9 m\u1ec9, IntraStoris mang \u0111\u1ebfn v\u1ebb \u0111\u1eb9p sang tr\u1ecdng v\u00e0 \u0111\u1eb3ng c\u1ea5p cho kh\u00f4ng gian s\u1ed1ng c\u1ee7a b\u1ea1n. C\u00f4ng n\u0103ng v\u01b0\u1ee3t tr\u1ed9i \u0111\u01b0\u1ee3c t\u00edch h\u1ee3p kh\u00e9o l\u00e9o, t\u1ed1i \u01b0u h\u00f3a kh\u00f4ng gian l\u01b0u tr\u1eef v\u00e0 d\u1ec5 d\u00e0ng t\u00f9y ch\u1ec9nh theo nhu c\u1ea7u. Tr\u1ea3i nghi\u1ec7m s\u1eed d\u1ee5ng m\u01b0\u1ee3t m\u00e0, \u00eam \u00e1i, n\u00e2ng t\u1ea7m ti\u1ec7n nghi v\u00e0 c\u1ea3m h\u1ee9ng s\u00e1ng t\u1ea1o m\u1ed7i ng\u00e0y. IntraStoris \u2013 ki\u1ebfn t\u1ea1o s\u1ef1 ho\u00e0n h\u1ea3o trong t\u1eebng chi ti\u1ebft.<\/p>\n","protected":false},"featured_media":34773,"comment_status":"open","ping_status":"closed","template":"","meta":{"_acf_changed":false},"product_cat":[869],"product_tag":[],"class_list":{"0":"post-34775","1":"product","2":"type-product","3":"status-publish","4":"has-post-thumbnail","6":"product_cat-khay-chia-ngan","7":"pa_mau-sac-go-oc-cho","9":"first","10":"instock","11":"shipping-taxable","12":"product-type-simple"},"acf":[],"featured_media_urls":{"thumbnail":["https:\/\/trading.hhg.vn\/wp-content\/uploads\/2025\/11\/154__hpr05822_tif-150x150.png",150,150,true],"medium":["https:\/\/trading.hhg.vn\/wp-content\/uploads\/2025\/11\/154__hpr05822_tif-263x300.png",263,300,true],"medium_large":["https:\/\/trading.hhg.vn\/wp-content\/uploads\/2025\/11\/154__hpr05822_tif-768x878.png",768,878,true],"large":["https:\/\/trading.hhg.vn\/wp-content\/uploads\/2025\/11\/154__hpr05822_tif-896x1024.png",896,1024,true],"1536x1536":["https:\/\/trading.hhg.vn\/wp-content\/uploads\/2025\/11\/154__hpr05822_tif-1344x1536.png",1344,1536,true],"2048x2048":["https:\/\/trading.hhg.vn\/wp-content\/uploads\/2025\/11\/154__hpr05822_tif.png",1386,1584,false],"woocommerce_thumbnail":["https:\/\/trading.hhg.vn\/wp-content\/uploads\/2025\/11\/154__hpr05822_tif-600x600.png",600,600,true],"woocommerce_single":["https:\/\/trading.hhg.vn\/wp-content\/uploads\/2025\/11\/154__hpr05822_tif-1200x1371.png",1200,1371,true],"woocommerce_gallery_thumbnail":["https:\/\/trading.hhg.vn\/wp-content\/uploads\/2025\/11\/154__hpr05822_tif-150x171.png",150,171,true],"portfolio_item-thumbnail":["https:\/\/trading.hhg.vn\/wp-content\/uploads\/2025\/11\/154__hpr05822_tif.png",350,400,false],"portfolio_item-thumbnail@2x":["https:\/\/trading.hhg.vn\/wp-content\/uploads\/2025\/11\/154__hpr05822_tif.png",700,800,false],"portfolio_item-masonry":["https:\/\/trading.hhg.vn\/wp-content\/uploads\/2025\/11\/154__hpr05822_tif.png",600,686,false],"portfolio_item-masonry@2x":["https:\/\/trading.hhg.vn\/wp-content\/uploads\/2025\/11\/154__hpr05822_tif.png",1200,1371,false],"portfolio_item-thumbnail_cinema":["https:\/\/trading.hhg.vn\/wp-content\/uploads\/2025\/11\/154__hpr05822_tif.png",293,335,false],"portfolio_item-thumbnail_portrait":["https:\/\/trading.hhg.vn\/wp-content\/uploads\/2025\/11\/154__hpr05822_tif.png",600,686,false],"portfolio_item-thumbnail_portrait@2x":["https:\/\/trading.hhg.vn\/wp-content\/uploads\/2025\/11\/154__hpr05822_tif.png",1200,1371,false],"portfolio_item-thumbnail_square":["https:\/\/trading.hhg.vn\/wp-content\/uploads\/2025\/11\/154__hpr05822_tif.png",700,800,false]},"_links":{"self":[{"href":"https:\/\/trading.hhg.vn\/en\/wp-json\/wp\/v2\/product\/34775","targetHints":{"allow":["GET"]}}],"collection":[{"href":"https:\/\/trading.hhg.vn\/en\/wp-json\/wp\/v2\/product"}],"about":[{"href":"https:\/\/trading.hhg.vn\/en\/wp-json\/wp\/v2\/types\/product"}],"replies":[{"embeddable":true,"href":"https:\/\/trading.hhg.vn\/en\/wp-json\/wp\/v2\/comments?post=34775"}],"version-history":[{"count":0,"href":"https:\/\/trading.hhg.vn\/en\/wp-json\/wp\/v2\/product\/34775\/revisions"}],"wp:featuredmedia":[{"embeddable":true,"href":"https:\/\/trading.hhg.vn\/en\/wp-json\/wp\/v2\/media\/34773"}],"wp:attachment":[{"href":"https:\/\/trading.hhg.vn\/en\/wp-json\/wp\/v2\/media?parent=34775"}],"wp:term":[{"taxonomy":"product_cat","embeddable":true,"href":"https:\/\/trading.hhg.vn\/en\/wp-json\/wp\/v2\/product_cat?post=34775"},{"taxonomy":"product_tag","embeddable":true,"href":"https:\/\/trading.hhg.vn\/en\/wp-json\/wp\/v2\/product_tag?post=34775"}],"curies":[{"name":"wp","href":"https:\/\/api.w.org\/{rel}","templated":true}]}}