{"id":37345,"date":"2025-11-21T03:58:40","date_gmt":"2025-11-20T20:58:40","guid":{"rendered":"https:\/\/trading.hhg.vn\/product\/bo-am-cho-sen-tam-tay-gat-don-am-tuong\/"},"modified":"2026-01-28T07:49:14","modified_gmt":"2026-01-28T00:49:14","slug":"bo-am-cho-sen-tam-tay-gat-don-am-tuong","status":"publish","type":"product","link":"https:\/\/trading.hhg.vn\/en\/s\u1ea3n-ph\u1ea9m\/bo-am-cho-sen-tam-tay-gat-don-am-tuong\/","title":{"rendered":"B\u1ed9 \u00e2m cho sen t\u1eafm tay g\u1ea1t \u0111\u01a1n \u00e2m t\u01b0\u1eddng"},"content":{"rendered":"","protected":false},"excerpt":{"rendered":"<p>Ho\u00e0n thi\u1ec7n kh\u00f4ng gian t\u1eafm \u0111\u1eb3ng c\u1ea5p, b\u1ed9 \u00e2m tay g\u1ea1t \u0111\u01a1n \u00e2m t\u01b0\u1eddng l\u00e0 bi\u1ec3u t\u01b0\u1ee3ng c\u1ee7a tinh hoa thi\u1ebft k\u1ebf \u0111\u01b0\u01a1ng \u0111\u1ea1i. M\u1ed7i \u0111\u01b0\u1eddng n\u00e9t \u0111\u1ec1u \u0111\u01b0\u1ee3c chau chu\u1ed1t t\u1ec9 m\u1ec9, \u1ea9n m\u00ecnh duy\u00ean d\u00e1ng trong kh\u00f4ng gian, ki\u1ebfn t\u1ea1o v\u1ebb \u0111\u1eb9p t\u1ed1i gi\u1ea3n m\u00e0 sang tr\u1ecdng. C\u00f4ng n\u0103ng v\u01b0\u1ee3t tr\u1ed9i mang \u0111\u1ebfn tr\u1ea3i nghi\u1ec7m \u0111i\u1ec1u ch\u1ec9nh l\u01b0u l\u01b0\u1ee3ng v\u00e0 nhi\u1ec7t \u0111\u1ed9 n\u01b0\u1edbc m\u01b0\u1ee3t m\u00e0, ch\u00ednh x\u00e1c \u0111\u1ebfn kh\u00f4ng ng\u1edd, \u0111\u01b0a b\u1ea1n \u0111\u1eafm ch\u00ecm v\u00e0o d\u00f2ng ch\u1ea3y th\u01b0 th\u00e1i, \u0111\u00e1nh th\u1ee9c m\u1ecdi gi\u00e1c quan. \u0110\u00e2y kh\u00f4ng ch\u1ec9 l\u00e0 m\u1ed9t thi\u1ebft b\u1ecb, m\u00e0 l\u00e0 m\u1ed9t m\u1ea3nh gh\u00e9p ngh\u1ec7 thu\u1eadt n\u00e2ng t\u1ea7m cu\u1ed9c s\u1ed1ng.<\/p>\n","protected":false},"featured_media":37343,"comment_status":"open","ping_status":"closed","template":"","meta":{"_acf_changed":false},"product_cat":[714],"product_tag":[],"class_list":{"0":"post-37345","1":"product","2":"type-product","3":"status-publish","4":"has-post-thumbnail","6":"product_cat-phu-kien-lap-dat","8":"first","9":"instock","10":"shipping-taxable","11":"purchasable","12":"product-type-simple"},"acf":[],"featured_media_urls":{"thumbnail":["https:\/\/trading.hhg.vn\/wp-content\/uploads\/2025\/11\/154__hpb00450_tif-150x150.png",150,150,true],"medium":["https:\/\/trading.hhg.vn\/wp-content\/uploads\/2025\/11\/154__hpb00450_tif-262x300.png",262,300,true],"medium_large":["https:\/\/trading.hhg.vn\/wp-content\/uploads\/2025\/11\/154__hpb00450_tif-768x878.png",768,878,true],"large":["https:\/\/trading.hhg.vn\/wp-content\/uploads\/2025\/11\/154__hpb00450_tif-896x1024.png",896,1024,true],"1536x1536":["https:\/\/trading.hhg.vn\/wp-content\/uploads\/2025\/11\/154__hpb00450_tif-1344x1536.png",1344,1536,true],"2048x2048":["https:\/\/trading.hhg.vn\/wp-content\/uploads\/2025\/11\/154__hpb00450_tif.png",1440,1646,false],"woocommerce_thumbnail":["https:\/\/trading.hhg.vn\/wp-content\/uploads\/2025\/11\/154__hpb00450_tif-600x600.png",600,600,true],"woocommerce_single":["https:\/\/trading.hhg.vn\/wp-content\/uploads\/2025\/11\/154__hpb00450_tif-1200x1372.png",1200,1372,true],"woocommerce_gallery_thumbnail":["https:\/\/trading.hhg.vn\/wp-content\/uploads\/2025\/11\/154__hpb00450_tif-150x171.png",150,171,true],"portfolio_item-thumbnail":["https:\/\/trading.hhg.vn\/wp-content\/uploads\/2025\/11\/154__hpb00450_tif.png",350,400,false],"portfolio_item-thumbnail@2x":["https:\/\/trading.hhg.vn\/wp-content\/uploads\/2025\/11\/154__hpb00450_tif.png",700,800,false],"portfolio_item-masonry":["https:\/\/trading.hhg.vn\/wp-content\/uploads\/2025\/11\/154__hpb00450_tif.png",600,686,false],"portfolio_item-masonry@2x":["https:\/\/trading.hhg.vn\/wp-content\/uploads\/2025\/11\/154__hpb00450_tif.png",1200,1372,false],"portfolio_item-thumbnail_cinema":["https:\/\/trading.hhg.vn\/wp-content\/uploads\/2025\/11\/154__hpb00450_tif.png",293,335,false],"portfolio_item-thumbnail_portrait":["https:\/\/trading.hhg.vn\/wp-content\/uploads\/2025\/11\/154__hpb00450_tif.png",600,686,false],"portfolio_item-thumbnail_portrait@2x":["https:\/\/trading.hhg.vn\/wp-content\/uploads\/2025\/11\/154__hpb00450_tif.png",1200,1372,false],"portfolio_item-thumbnail_square":["https:\/\/trading.hhg.vn\/wp-content\/uploads\/2025\/11\/154__hpb00450_tif.png",700,800,false]},"_links":{"self":[{"href":"https:\/\/trading.hhg.vn\/en\/wp-json\/wp\/v2\/product\/37345","targetHints":{"allow":["GET"]}}],"collection":[{"href":"https:\/\/trading.hhg.vn\/en\/wp-json\/wp\/v2\/product"}],"about":[{"href":"https:\/\/trading.hhg.vn\/en\/wp-json\/wp\/v2\/types\/product"}],"replies":[{"embeddable":true,"href":"https:\/\/trading.hhg.vn\/en\/wp-json\/wp\/v2\/comments?post=37345"}],"version-history":[{"count":0,"href":"https:\/\/trading.hhg.vn\/en\/wp-json\/wp\/v2\/product\/37345\/revisions"}],"wp:featuredmedia":[{"embeddable":true,"href":"https:\/\/trading.hhg.vn\/en\/wp-json\/wp\/v2\/media\/37343"}],"wp:attachment":[{"href":"https:\/\/trading.hhg.vn\/en\/wp-json\/wp\/v2\/media?parent=37345"}],"wp:term":[{"taxonomy":"product_cat","embeddable":true,"href":"https:\/\/trading.hhg.vn\/en\/wp-json\/wp\/v2\/product_cat?post=37345"},{"taxonomy":"product_tag","embeddable":true,"href":"https:\/\/trading.hhg.vn\/en\/wp-json\/wp\/v2\/product_tag?post=37345"}],"curies":[{"name":"wp","href":"https:\/\/api.w.org\/{rel}","templated":true}]}}