{"id":38813,"date":"2025-11-21T04:34:38","date_gmt":"2025-11-20T21:34:38","guid":{"rendered":"https:\/\/trading.hhg.vn\/product\/chau-rua-dat-ban-550-450-co-lo-voi-co-chong-tran-dong-xuniva-u\/"},"modified":"2025-11-21T04:34:38","modified_gmt":"2025-11-20T21:34:38","slug":"chau-rua-dat-ban-550-450-co-lo-voi-co-chong-tran-dong-xuniva-u","status":"publish","type":"product","link":"https:\/\/trading.hhg.vn\/en\/s\u1ea3n-ph\u1ea9m\/chau-rua-dat-ban-550-450-co-lo-voi-co-chong-tran-dong-xuniva-u\/","title":{"rendered":"Ch\u1eadu r\u1eeda \u0111\u1eb7t b\u00e0n 550\/450 c\u00f3 l\u1ed7 v\u00f2i, c\u00f3 ch\u1ed1ng tr\u00e0n d\u00f2ng Xuniva U"},"content":{"rendered":"<p><img fetchpriority=\"high\" decoding=\"async\" class=\"alignnone wp-image-7559 aligncenter\" src=\"http:\/\/trading.hhg.vn\/wp-content\/uploads\/2025\/11\/xuniva-1.png\" alt=\"\" width=\"606\" height=\"454\" \/>D\u00f2ng s\u1ea3n ph\u1ea9m Hansgrohe Xuniva l\u00e0 l\u1ef1a ch\u1ecdn b\u1ed3n r\u1eeda m\u1eb7t mang thi\u1ebft k\u1ebf h\u00ecnh h\u1ecdc tinh t\u1ebf v\u00e0 hi\u1ec7u su\u1ea5t cao cho kh\u00f4ng gian ph\u00f2ng t\u1eafm hi\u1ec7n \u0111\u1ea1i. C\u00e1c m\u1eabu Xuniva \u0111\u01b0\u1ee3c ch\u1ebf t\u00e1c t\u1eeb s\u1ee9 v\u1ec7 sinh cao c\u1ea5p v\u1edbi l\u1edbp men t\u00f9y ch\u1ecdn SmartClean ch\u1ed1ng b\u00e1m b\u1ea9n, gi\u00fap vi\u1ec7c v\u1ec7 sinh \u0111\u01a1n gi\u1ea3n h\u01a1n. <\/p>\n<p>V\u1edbi b\u1ed9 s\u01b0u t\u1eadp bao g\u1ed3m b\u1ed1n h\u00ecnh d\u1ea1ng c\u01a1 b\u1ea3n (tr\u00f2n, oval, \u201cRaceTrack\u201d v\u00e0 SoftSquare) v\u00e0 ba ki\u1ec3u l\u1eafp \u0111\u1eb7t (b\u00e0n, \u00e2m b\u00e0n v\u00e0 d\u01b0\u1edbi b\u00e0n), Xuniva mang \u0111\u1ebfn phong ph\u00fa l\u1ef1a ch\u1ecdn v\u1ec1 k\u00edch th\u01b0\u1edbc v\u00e0 b\u1ed1 tr\u00ed. S\u1ea3n ph\u1ea9m c\u0169ng \u0111\u1ed3ng b\u1ed9 t\u1ed1t v\u1edbi c\u00e1c d\u00f2ng n\u1ed9i th\u1ea5t v\u00e0 v\u00f2i ch\u1eadu Hansgrohe nh\u01b0 Xelu Q, gi\u00fap t\u1ea1o n\u00ean t\u1ed5ng th\u1ec3 ph\u00f2ng t\u1eafm h\u00e0i h\u00f2a v\u00e0 cao c\u1ea5p. <\/p>\n<p>Xuniva n\u1ed5i b\u1eadt b\u1edfi vi\u1ec1n m\u1ea3nh, l\u00f2ng b\u1ed3n r\u1ed9ng v\u00e0 t\u1ec9 l\u1ec7 c\u00e2n \u0111\u1ed1i, k\u1ebft h\u1ee3p gi\u1eefa th\u1ea9m m\u1ef9 t\u1ed1i gi\u1ea3n v\u00e0 ch\u1ee9c n\u0103ng th\u1ef1c d\u1ee5ng, \u0111em l\u1ea1i tr\u1ea3i nghi\u1ec7m s\u1eed d\u1ee5ng tho\u1ea3i m\u00e1i v\u00e0 c\u1ea3m gi\u00e1c sang tr\u1ecdng cho m\u1ed7i ng\u00e0y.<\/p>\n","protected":false},"excerpt":{"rendered":"<p>Ch\u1eadu r\u1eeda \u0111\u1eb7t b\u00e0n Xuniva U, ki\u1ec7t t\u00e1c t\u1eeb g\u1ed1m s\u1ee9 cao c\u1ea5p, kh\u00f4ng ch\u1ec9 l\u00e0 v\u1eadt d\u1ee5ng m\u00e0 c\u00f2n l\u00e0 tuy\u00ean ng\u00f4n phong c\u00e1ch. Thi\u1ebft k\u1ebf t\u1ed1i gi\u1ea3n, tinh t\u1ebf v\u1edbi k\u00edch th\u01b0\u1edbc 550\/450mm c\u00f9ng l\u1ed7 v\u00f2i t\u00edch h\u1ee3p, ch\u1eadu r\u1eeda n\u00e0y ki\u1ebfn t\u1ea1o kh\u00f4ng gian sang tr\u1ecdng v\u00e0 ti\u1ec7n nghi. C\u00f4ng ngh\u1ec7 ch\u1ed1ng tr\u00e0n th\u00f4ng minh \u0111\u1ea3m b\u1ea3o s\u1ef1 an t\u00e2m, trong khi b\u1ec1 m\u1eb7t men s\u00e1ng b\u00f3ng d\u1ec5 d\u00e0ng v\u1ec7 sinh, mang l\u1ea1i tr\u1ea3i nghi\u1ec7m s\u1eed d\u1ee5ng ho\u00e0n h\u1ea3o, n\u00e2ng t\u1ea7m gi\u00e1 tr\u1ecb cho m\u1ecdi ph\u00f2ng t\u1eafm hi\u1ec7n \u0111\u1ea1i.<\/p>\n","protected":false},"featured_media":31491,"comment_status":"open","ping_status":"closed","template":"","meta":{"_acf_changed":false},"product_cat":[71],"product_tag":[],"class_list":{"0":"post-38813","1":"product","2":"type-product","3":"status-publish","4":"has-post-thumbnail","6":"product_cat-chau","7":"pa_mau-sac-trang","9":"first","10":"instock","11":"shipping-taxable","12":"purchasable","13":"product-type-simple"},"acf":[],"featured_media_urls":{"thumbnail":["https:\/\/trading.hhg.vn\/wp-content\/uploads\/2025\/11\/154__hpr05152_tif-150x150.png",150,150,true],"medium":["https:\/\/trading.hhg.vn\/wp-content\/uploads\/2025\/11\/154__hpr05152_tif-262x300.png",262,300,true],"medium_large":["https:\/\/trading.hhg.vn\/wp-content\/uploads\/2025\/11\/154__hpr05152_tif-768x878.png",768,878,true],"large":["https:\/\/trading.hhg.vn\/wp-content\/uploads\/2025\/11\/154__hpr05152_tif-896x1024.png",896,1024,true],"1536x1536":["https:\/\/trading.hhg.vn\/wp-content\/uploads\/2025\/11\/154__hpr05152_tif-1344x1536.png",1344,1536,true],"2048x2048":["https:\/\/trading.hhg.vn\/wp-content\/uploads\/2025\/11\/154__hpr05152_tif.png",1440,1646,false],"woocommerce_thumbnail":["https:\/\/trading.hhg.vn\/wp-content\/uploads\/2025\/11\/154__hpr05152_tif-600x600.png",600,600,true],"woocommerce_single":["https:\/\/trading.hhg.vn\/wp-content\/uploads\/2025\/11\/154__hpr05152_tif-1200x1372.png",1200,1372,true],"woocommerce_gallery_thumbnail":["https:\/\/trading.hhg.vn\/wp-content\/uploads\/2025\/11\/154__hpr05152_tif-150x171.png",150,171,true],"portfolio_item-thumbnail":["https:\/\/trading.hhg.vn\/wp-content\/uploads\/2025\/11\/154__hpr05152_tif.png",350,400,false],"portfolio_item-thumbnail@2x":["https:\/\/trading.hhg.vn\/wp-content\/uploads\/2025\/11\/154__hpr05152_tif.png",700,800,false],"portfolio_item-masonry":["https:\/\/trading.hhg.vn\/wp-content\/uploads\/2025\/11\/154__hpr05152_tif.png",600,686,false],"portfolio_item-masonry@2x":["https:\/\/trading.hhg.vn\/wp-content\/uploads\/2025\/11\/154__hpr05152_tif.png",1200,1372,false],"portfolio_item-thumbnail_cinema":["https:\/\/trading.hhg.vn\/wp-content\/uploads\/2025\/11\/154__hpr05152_tif.png",293,335,false],"portfolio_item-thumbnail_portrait":["https:\/\/trading.hhg.vn\/wp-content\/uploads\/2025\/11\/154__hpr05152_tif.png",600,686,false],"portfolio_item-thumbnail_portrait@2x":["https:\/\/trading.hhg.vn\/wp-content\/uploads\/2025\/11\/154__hpr05152_tif.png",1200,1372,false],"portfolio_item-thumbnail_square":["https:\/\/trading.hhg.vn\/wp-content\/uploads\/2025\/11\/154__hpr05152_tif.png",700,800,false]},"_links":{"self":[{"href":"https:\/\/trading.hhg.vn\/en\/wp-json\/wp\/v2\/product\/38813","targetHints":{"allow":["GET"]}}],"collection":[{"href":"https:\/\/trading.hhg.vn\/en\/wp-json\/wp\/v2\/product"}],"about":[{"href":"https:\/\/trading.hhg.vn\/en\/wp-json\/wp\/v2\/types\/product"}],"replies":[{"embeddable":true,"href":"https:\/\/trading.hhg.vn\/en\/wp-json\/wp\/v2\/comments?post=38813"}],"version-history":[{"count":0,"href":"https:\/\/trading.hhg.vn\/en\/wp-json\/wp\/v2\/product\/38813\/revisions"}],"wp:featuredmedia":[{"embeddable":true,"href":"https:\/\/trading.hhg.vn\/en\/wp-json\/wp\/v2\/media\/31491"}],"wp:attachment":[{"href":"https:\/\/trading.hhg.vn\/en\/wp-json\/wp\/v2\/media?parent=38813"}],"wp:term":[{"taxonomy":"product_cat","embeddable":true,"href":"https:\/\/trading.hhg.vn\/en\/wp-json\/wp\/v2\/product_cat?post=38813"},{"taxonomy":"product_tag","embeddable":true,"href":"https:\/\/trading.hhg.vn\/en\/wp-json\/wp\/v2\/product_tag?post=38813"}],"curies":[{"name":"wp","href":"https:\/\/api.w.org\/{rel}","templated":true}]}}