{"id":39141,"date":"2025-11-21T04:49:57","date_gmt":"2025-11-20T21:49:57","guid":{"rendered":"https:\/\/trading.hhg.vn\/?post_type=product&#038;p=39141"},"modified":"2026-01-28T07:40:50","modified_gmt":"2026-01-28T00:40:50","slug":"sen-tam-dung-300-1-duong-nuoc-ecosmart-co-showertablet-350-raindance-e","status":"publish","type":"product","link":"https:\/\/trading.hhg.vn\/en\/s\u1ea3n-ph\u1ea9m\/sen-tam-dung-300-1-duong-nuoc-ecosmart-co-showertablet-350-raindance-e\/","title":{"rendered":"Sen t\u1eafm \u0111\u1ee9ng 300 1 \u0111\u01b0\u1eddng n\u01b0\u1edbc EcoSmart c\u00f3 ShowerTablet 350 Raindance E"},"content":{"rendered":"<p><img fetchpriority=\"high\" decoding=\"async\" class=\"alignnone wp-image-7559 aligncenter\" src=\"http:\/\/trading.hhg.vn\/wp-content\/uploads\/2025\/11\/raindance.png\" alt=\"\" width=\"606\" height=\"454\" \/>D\u00f2ng s\u1ea3n ph\u1ea9m Hansgrohe Raindance mang \u0111\u1ebfn tr\u1ea3i nghi\u1ec7m t\u1eafm \u0111\u1eb3ng c\u1ea5p, n\u01a1i c\u00f4ng ngh\u1ec7 ti\u00ean ti\u1ebfn h\u00f2a quy\u1ec7n c\u00f9ng thi\u1ebft k\u1ebf tinh t\u1ebf. V\u1edbi v\u00f9ng phun XXL bao ph\u1ee7 to\u00e0n th\u00e2n, Raindance mang l\u1ea1i c\u1ea3m gi\u00e1c nh\u01b0 \u0111ang \u0111\u1eafm m\u00ecnh d\u01b0\u1edbi c\u01a1n m\u01b0a t\u1ef1 nhi\u00ean. C\u00e1c ch\u1ebf \u0111\u1ed9 phun \u0111\u1eb7c tr\u01b0ng nh\u01b0 RainAir, PowderRain hay Massage gi\u00fap ng\u01b0\u1eddi d\u00f9ng t\u1eadn h\u01b0\u1edfng tr\u1ecdn v\u1eb9n kho\u1ea3nh kh\u1eafc th\u01b0 gi\u00e3n, t\u1eeb nh\u1eb9 nh\u00e0ng \u00eam \u00e1i \u0111\u1ebfn s\u1ea3ng kho\u00e1i m\u1ea1nh m\u1ebd.<\/p>\n<p>C\u00f4ng ngh\u1ec7 EcoSmart gi\u00fap ti\u1ebft ki\u1ec7m n\u01b0\u1edbc hi\u1ec7u qu\u1ea3 m\u00e0 kh\u00f4ng \u1ea3nh h\u01b0\u1edfng \u0111\u1ebfn c\u1ea3m gi\u00e1c t\u1eafm, trong khi QuickClean cho ph\u00e9p l\u00e0m s\u1ea1ch c\u1eb7n v\u00f4i d\u1ec5 d\u00e0ng ch\u1ec9 b\u1eb1ng m\u1ed9t thao t\u00e1c. D\u00f2ng Raindance c\u00f2n \u0111\u01b0\u1ee3c trang b\u1ecb n\u00fat b\u1ea5m Select, cho ph\u00e9p chuy\u1ec3n \u0111\u1ed5i ch\u1ebf \u0111\u1ed9 phun nhanh ch\u00f3ng, ti\u1ec7n l\u1ee3i.<\/p>\n<p>V\u1edbi ki\u1ec3u d\u00e1ng tr\u00f2n ho\u1eb7c vu\u00f4ng, ph\u00f9 h\u1ee3p cho c\u1ea3 sen tr\u1ea7n v\u00e0 sen tay, Hansgrohe Raindance ch\u00ednh l\u00e0 bi\u1ec3u t\u01b0\u1ee3ng c\u1ee7a s\u1ef1 sang tr\u1ecdng, tinh t\u1ebf v\u00e0 tr\u1ea3i nghi\u1ec7m n\u01b0\u1edbc ho\u00e0n h\u1ea3o trong m\u1ecdi kh\u00f4ng gian ph\u00f2ng t\u1eafm.<\/p>\n","protected":false},"excerpt":{"rendered":"<p>Th\u0103ng hoa m\u1ecdi gi\u00e1c quan c\u00f9ng sen t\u1eafm \u0111\u1ee9ng Raindance E EcoSmart v\u1edbi ShowerTablet 350, m\u1ed9t ki\u1ec7t t\u00e1c thi\u1ebft k\u1ebf mang \u0111\u1ebfn s\u1ef1 t\u1ed1i gi\u1ea3n tinh t\u1ebf v\u00e0 sang tr\u1ecdng v\u01b0\u1ee3t th\u1eddi gian. H\u1ec7 th\u1ed1ng cung c\u1ea5p m\u1ed9t \u0111\u01b0\u1eddng n\u01b0\u1edbc \u0111\u01b0\u1ee3c tinh ch\u1ec9nh ho\u00e0n h\u1ea3o, cho d\u00f2ng ch\u1ea3y m\u1ea1nh m\u1ebd nh\u01b0ng v\u1eabn \u00eam \u00e1i, nh\u1eb9 nh\u00e0ng \u00f4m l\u1ea5y c\u01a1 th\u1ec3. C\u00f4ng ngh\u1ec7 EcoSmart ti\u00ean ti\u1ebfn kh\u00f4ng ch\u1ec9 t\u1ed1i \u01b0u h\u00f3a l\u01b0\u1ee3ng n\u01b0\u1edbc ti\u00eau th\u1ee5, m\u00e0 c\u00f2n duy tr\u00ec tr\u1ea3i nghi\u1ec7m t\u1eafm \u0111\u1eb3ng c\u1ea5p. B\u1ea3ng \u0111i\u1ec1u khi\u1ec3n ShowerTablet 350 tr\u1ef1c quan, d\u1ec5 s\u1eed d\u1ee5ng, bi\u1ebfn m\u1ed7i l\u1ea7n t\u1eafm th\u00e0nh kho\u1ea3nh kh\u1eafc th\u01b0 gi\u00e3n tuy\u1ec7t \u0111\u1ed1i, t\u00e1i t\u1ea1o n\u0103ng l\u01b0\u1ee3ng cho m\u1ed9t ng\u00e0y m\u1edbi \u0111\u1ea7y h\u1ee9ng kh\u1edfi.<\/p>\n","protected":false},"featured_media":23534,"comment_status":"open","ping_status":"closed","template":"","meta":{"_acf_changed":false},"product_cat":[844],"product_tag":[],"class_list":{"0":"post-39141","1":"product","2":"type-product","3":"status-publish","4":"has-post-thumbnail","6":"product_cat-cay-sen-duong","7":"pa_mau-sac-chrome","8":"pa_mau-sac-den-mo","9":"pa_mau-sac-trang-mo","11":"first","12":"instock","13":"shipping-taxable","14":"product-type-variable"},"acf":[],"featured_media_urls":{"thumbnail":["https:\/\/trading.hhg.vn\/wp-content\/uploads\/2025\/11\/154__hpr00413_tif-150x150.png",150,150,true],"medium":["https:\/\/trading.hhg.vn\/wp-content\/uploads\/2025\/11\/154__hpr00413_tif-263x300.png",263,300,true],"medium_large":["https:\/\/trading.hhg.vn\/wp-content\/uploads\/2025\/11\/154__hpr00413_tif-768x878.png",768,878,true],"large":["https:\/\/trading.hhg.vn\/wp-content\/uploads\/2025\/11\/154__hpr00413_tif-896x1024.png",896,1024,true],"1536x1536":["https:\/\/trading.hhg.vn\/wp-content\/uploads\/2025\/11\/154__hpr00413_tif.png",1260,1440,false],"2048x2048":["https:\/\/trading.hhg.vn\/wp-content\/uploads\/2025\/11\/154__hpr00413_tif.png",1260,1440,false],"woocommerce_thumbnail":["https:\/\/trading.hhg.vn\/wp-content\/uploads\/2025\/11\/154__hpr00413_tif-600x600.png",600,600,true],"woocommerce_single":["https:\/\/trading.hhg.vn\/wp-content\/uploads\/2025\/11\/154__hpr00413_tif-1200x1371.png",1200,1371,true],"woocommerce_gallery_thumbnail":["https:\/\/trading.hhg.vn\/wp-content\/uploads\/2025\/11\/154__hpr00413_tif-150x171.png",150,171,true],"portfolio_item-thumbnail":["https:\/\/trading.hhg.vn\/wp-content\/uploads\/2025\/11\/154__hpr00413_tif.png",350,400,false],"portfolio_item-thumbnail@2x":["https:\/\/trading.hhg.vn\/wp-content\/uploads\/2025\/11\/154__hpr00413_tif.png",700,800,false],"portfolio_item-masonry":["https:\/\/trading.hhg.vn\/wp-content\/uploads\/2025\/11\/154__hpr00413_tif.png",600,686,false],"portfolio_item-masonry@2x":["https:\/\/trading.hhg.vn\/wp-content\/uploads\/2025\/11\/154__hpr00413_tif.png",1200,1371,false],"portfolio_item-thumbnail_cinema":["https:\/\/trading.hhg.vn\/wp-content\/uploads\/2025\/11\/154__hpr00413_tif.png",293,335,false],"portfolio_item-thumbnail_portrait":["https:\/\/trading.hhg.vn\/wp-content\/uploads\/2025\/11\/154__hpr00413_tif.png",600,686,false],"portfolio_item-thumbnail_portrait@2x":["https:\/\/trading.hhg.vn\/wp-content\/uploads\/2025\/11\/154__hpr00413_tif.png",1200,1371,false],"portfolio_item-thumbnail_square":["https:\/\/trading.hhg.vn\/wp-content\/uploads\/2025\/11\/154__hpr00413_tif.png",700,800,false]},"_links":{"self":[{"href":"https:\/\/trading.hhg.vn\/en\/wp-json\/wp\/v2\/product\/39141","targetHints":{"allow":["GET"]}}],"collection":[{"href":"https:\/\/trading.hhg.vn\/en\/wp-json\/wp\/v2\/product"}],"about":[{"href":"https:\/\/trading.hhg.vn\/en\/wp-json\/wp\/v2\/types\/product"}],"replies":[{"embeddable":true,"href":"https:\/\/trading.hhg.vn\/en\/wp-json\/wp\/v2\/comments?post=39141"}],"version-history":[{"count":2,"href":"https:\/\/trading.hhg.vn\/en\/wp-json\/wp\/v2\/product\/39141\/revisions"}],"predecessor-version":[{"id":118756,"href":"https:\/\/trading.hhg.vn\/en\/wp-json\/wp\/v2\/product\/39141\/revisions\/118756"}],"wp:featuredmedia":[{"embeddable":true,"href":"https:\/\/trading.hhg.vn\/en\/wp-json\/wp\/v2\/media\/23534"}],"wp:attachment":[{"href":"https:\/\/trading.hhg.vn\/en\/wp-json\/wp\/v2\/media?parent=39141"}],"wp:term":[{"taxonomy":"product_cat","embeddable":true,"href":"https:\/\/trading.hhg.vn\/en\/wp-json\/wp\/v2\/product_cat?post=39141"},{"taxonomy":"product_tag","embeddable":true,"href":"https:\/\/trading.hhg.vn\/en\/wp-json\/wp\/v2\/product_tag?post=39141"}],"curies":[{"name":"wp","href":"https:\/\/api.w.org\/{rel}","templated":true}]}}