{"id":39203,"date":"2025-11-21T04:50:34","date_gmt":"2025-11-20T21:50:34","guid":{"rendered":"https:\/\/trading.hhg.vn\/?post_type=product&#038;p=39203"},"modified":"2026-01-28T07:43:42","modified_gmt":"2026-01-28T00:43:42","slug":"voi-lavabo-3-lo-am-tuong-gan-tuong-voi-voi-xa-195-mm-axor-citterio-c","status":"publish","type":"product","link":"https:\/\/trading.hhg.vn\/en\/s\u1ea3n-ph\u1ea9m\/voi-lavabo-3-lo-am-tuong-gan-tuong-voi-voi-xa-195-mm-axor-citterio-c\/","title":{"rendered":"V\u00f2i lavabo 3 l\u1ed7 \u00e2m t\u01b0\u1eddng g\u1eafn t\u01b0\u1eddng v\u1edbi v\u00f2i x\u1ea3 195 mm AXOR Citterio C"},"content":{"rendered":"<p><img fetchpriority=\"high\" decoding=\"async\" class=\"alignnone wp-image-7559 aligncenter\" src=\"http:\/\/trading.hhg.vn\/wp-content\/uploads\/2025\/11\/AXOR-Citterio-C.jpg\" alt=\"\" width=\"606\" height=\"454\" \/>AXOR Citterio C n\u1ed5i b\u1eadt v\u1edbi thi\u1ebft k\u1ebf th\u1eb3ng \u0111\u1ee9ng thanh m\u1ea3nh, h\u00ecnh d\u00e1ng m\u1ec1m m\u1ea1i v\u00e0 g\u1ee3i c\u1ea3m, b\u1ec1 m\u1eb7t ph\u1eb3ng v\u00e0 chi ti\u1ebft \u0111\u1eb7c tr\u01b0ng, \u200b\u200b\u0111\u01b0\u1eddng v\u00e1t tinh t\u1ebf bao quanh t\u1eebng s\u1ea3n ph\u1ea9m trong b\u1ed9 s\u01b0u t\u1eadp. Th\u00e2n v\u00f2i h\u00ecnh n\u00f3n, nh\u1eb9 nh\u00e0ng nh\u00f4 ra t\u1eeb \u0111\u00e1y, \u0111\u1ea3o ng\u01b0\u1ee3c h\u00ecnh d\u1ea1ng v\u00f2i \u0111i\u1ec3n h\u00ecnh, trong khi tay n\u1eafm c\u1ea7n g\u1ea1t ti\u1ec7n d\u1ee5ng mang l\u1ea1i s\u1ef1 d\u1ec5 d\u00e0ng v\u1eadn h\u00e0nh v\u01b0\u1ee3t tr\u1ed9i.<\/p>\n<p>AXOR Citterio C t\u00e1i hi\u1ec7n v\u00f2i ch\u1eadu r\u1eeda m\u1eb7t trong m\u1ed9t k\u1ef7 nguy\u00ean m\u1edbi, m\u1ed9t k\u1ef7 nguy\u00ean \u0111\u00f2i h\u1ecfi s\u1ef1 tho\u1ea3i m\u00e1i v\u00e0 c\u00e1 t\u00ednh h\u01a1n bao gi\u1edd h\u1ebft t\u1eeb nh\u1eefng kh\u00f4ng gian ph\u00f2ng t\u1eafm ng\u00e0y c\u00e0ng nh\u1ecf h\u1eb9p. V\u00f2i ch\u1eadu r\u1eeda m\u1eb7t c\u00f3 ba chi\u1ec1u cao kh\u00e1c nhau \u2013 90mm, 125mm v\u00e0 250mm \u2013 c\u00f9ng nhi\u1ec1u lo\u1ea1i kh\u00e1c nhau, bao g\u1ed3m c\u1ea3 lo\u1ea1i 2 l\u1ed7 v\u00e0 3 l\u1ed7 g\u1eafn t\u01b0\u1eddng.<\/p>\n","protected":false},"excerpt":{"rendered":"<p>Kh\u00e1m ph\u00e1 v\u1ebb \u0111\u1eb9p tinh gi\u1ea3n v\u00e0 c\u00f4ng n\u0103ng v\u01b0\u1ee3t tr\u1ed9i c\u00f9ng v\u00f2i lavabo AXOR Citterio C. Thi\u1ebft k\u1ebf \u00e2m t\u01b0\u1eddng 3 l\u1ed7 \u0111\u1ed9c \u0111\u00e1o, k\u1ebft h\u1ee3p c\u00f9ng v\u00f2i x\u1ea3 195mm tinh t\u1ebf, kh\u00f4ng ch\u1ec9 gi\u1ea3i ph\u00f3ng kh\u00f4ng gian m\u00e0 c\u00f2n ki\u1ebfn t\u1ea1o n\u00ean \u0111i\u1ec3m nh\u1ea5n sang tr\u1ecdng cho m\u1ecdi ph\u00f2ng t\u1eafm. T\u1eebng \u0111\u01b0\u1eddng n\u00e9t \u0111\u01b0\u1ee3c t\u1ea1o t\u00e1c t\u1ec9 m\u1ec9, mang \u0111\u1ebfn tr\u1ea3i nghi\u1ec7m ch\u1ea1m v\u00e0 s\u1eed d\u1ee5ng m\u01b0\u1ee3t m\u00e0, \u0111\u1eb3ng c\u1ea5p, n\u00e2ng t\u1ea7m nghi th\u1ee9c v\u1ec7 sinh c\u00e1 nh\u00e2n th\u00e0nh m\u1ed9t kho\u1ea3nh kh\u1eafc th\u01b0 th\u00e1i, \u0111\u1ea7y phong c\u00e1ch.<\/p>\n","protected":false},"featured_media":39383,"comment_status":"open","ping_status":"closed","template":"","meta":{"_acf_changed":false},"product_cat":[883],"product_tag":[],"class_list":{"0":"post-39203","1":"product","2":"type-product","3":"status-publish","4":"has-post-thumbnail","6":"product_cat-voi-chau-2","7":"pa_mau-sac-chrome","8":"pa_mau-sac-chrome-den-xuoc","9":"pa_mau-sac-den-mo","10":"pa_mau-sac-dong-thau-xuoc","11":"pa_mau-sac-dong-xuoc","12":"pa_mau-sac-niken-xuoc","13":"pa_mau-sac-thep-khong-gi","14":"pa_mau-sac-vang-bong","15":"pa_mau-sac-vang-hong-bong","16":"pa_mau-sac-vang-hong-xuoc","17":"pa_mau-sac-vang-xuoc","18":"pa_mau-sac-chrome-den-bong-en","20":"first","21":"instock","22":"shipping-taxable","23":"purchasable","24":"product-type-variable"},"acf":[],"featured_media_urls":{"thumbnail":["https:\/\/trading.hhg.vn\/wp-content\/uploads\/2025\/11\/154__apr11349_tif-150x150.png",150,150,true],"medium":["https:\/\/trading.hhg.vn\/wp-content\/uploads\/2025\/11\/154__apr11349_tif-262x300.png",262,300,true],"medium_large":["https:\/\/trading.hhg.vn\/wp-content\/uploads\/2025\/11\/154__apr11349_tif-768x878.png",768,878,true],"large":["https:\/\/trading.hhg.vn\/wp-content\/uploads\/2025\/11\/154__apr11349_tif-896x1024.png",896,1024,true],"1536x1536":["https:\/\/trading.hhg.vn\/wp-content\/uploads\/2025\/11\/154__apr11349_tif-1344x1536.png",1344,1536,true],"2048x2048":["https:\/\/trading.hhg.vn\/wp-content\/uploads\/2025\/11\/154__apr11349_tif.png",1440,1646,false],"woocommerce_thumbnail":["https:\/\/trading.hhg.vn\/wp-content\/uploads\/2025\/11\/154__apr11349_tif-600x600.png",600,600,true],"woocommerce_single":["https:\/\/trading.hhg.vn\/wp-content\/uploads\/2025\/11\/154__apr11349_tif-1200x1372.png",1200,1372,true],"woocommerce_gallery_thumbnail":["https:\/\/trading.hhg.vn\/wp-content\/uploads\/2025\/11\/154__apr11349_tif-150x171.png",150,171,true],"portfolio_item-thumbnail":["https:\/\/trading.hhg.vn\/wp-content\/uploads\/2025\/11\/154__apr11349_tif.png",350,400,false],"portfolio_item-thumbnail@2x":["https:\/\/trading.hhg.vn\/wp-content\/uploads\/2025\/11\/154__apr11349_tif.png",700,800,false],"portfolio_item-masonry":["https:\/\/trading.hhg.vn\/wp-content\/uploads\/2025\/11\/154__apr11349_tif.png",600,686,false],"portfolio_item-masonry@2x":["https:\/\/trading.hhg.vn\/wp-content\/uploads\/2025\/11\/154__apr11349_tif.png",1200,1372,false],"portfolio_item-thumbnail_cinema":["https:\/\/trading.hhg.vn\/wp-content\/uploads\/2025\/11\/154__apr11349_tif.png",293,335,false],"portfolio_item-thumbnail_portrait":["https:\/\/trading.hhg.vn\/wp-content\/uploads\/2025\/11\/154__apr11349_tif.png",600,686,false],"portfolio_item-thumbnail_portrait@2x":["https:\/\/trading.hhg.vn\/wp-content\/uploads\/2025\/11\/154__apr11349_tif.png",1200,1372,false],"portfolio_item-thumbnail_square":["https:\/\/trading.hhg.vn\/wp-content\/uploads\/2025\/11\/154__apr11349_tif.png",700,800,false]},"_links":{"self":[{"href":"https:\/\/trading.hhg.vn\/en\/wp-json\/wp\/v2\/product\/39203","targetHints":{"allow":["GET"]}}],"collection":[{"href":"https:\/\/trading.hhg.vn\/en\/wp-json\/wp\/v2\/product"}],"about":[{"href":"https:\/\/trading.hhg.vn\/en\/wp-json\/wp\/v2\/types\/product"}],"replies":[{"embeddable":true,"href":"https:\/\/trading.hhg.vn\/en\/wp-json\/wp\/v2\/comments?post=39203"}],"version-history":[{"count":1,"href":"https:\/\/trading.hhg.vn\/en\/wp-json\/wp\/v2\/product\/39203\/revisions"}],"predecessor-version":[{"id":39385,"href":"https:\/\/trading.hhg.vn\/en\/wp-json\/wp\/v2\/product\/39203\/revisions\/39385"}],"wp:featuredmedia":[{"embeddable":true,"href":"https:\/\/trading.hhg.vn\/en\/wp-json\/wp\/v2\/media\/39383"}],"wp:attachment":[{"href":"https:\/\/trading.hhg.vn\/en\/wp-json\/wp\/v2\/media?parent=39203"}],"wp:term":[{"taxonomy":"product_cat","embeddable":true,"href":"https:\/\/trading.hhg.vn\/en\/wp-json\/wp\/v2\/product_cat?post=39203"},{"taxonomy":"product_tag","embeddable":true,"href":"https:\/\/trading.hhg.vn\/en\/wp-json\/wp\/v2\/product_tag?post=39203"}],"curies":[{"name":"wp","href":"https:\/\/api.w.org\/{rel}","templated":true}]}}