{"id":4010,"date":"2024-11-22T11:25:57","date_gmt":"2024-11-22T04:25:57","guid":{"rendered":"https:\/\/trading.hhg.vn\/?post_type=product&#038;p=4010"},"modified":"2025-04-15T13:55:48","modified_gmt":"2025-04-15T06:55:48","slug":"axia-iii-45-s","status":"publish","type":"product","link":"https:\/\/trading.hhg.vn\/en\/s\u1ea3n-ph\u1ea9m\/axia-iii-45-s\/","title":{"rendered":"ADIRA 45 S"},"content":{"rendered":"","protected":false},"excerpt":{"rendered":"<p>Thi\u1ebft k\u1ebf n\u1ed5i b\u1eadt v\u1edbi c\u00e1c \u0111\u01b0\u1eddng n\u00e9t tinh t\u1ebf v\u00e0 vi\u1ec1n si\u00eau m\u1ecfng, thanh tho\u00e1t<\/p>\n<p>G\u00f3c bo gi\u00fap t\u1ed1i \u01b0u di\u1ec7n t\u00edch v\u00e0 th\u1ec3 t\u00edch b\u1ec1 m\u1eb7t<\/p>\n<p>T\u1ea5m th\u1edbt di \u0111\u1ed9ng b\u1eb1ng v\u1eadt li\u1ec7u g\u1ed7 \u00e9p ho\u1eb7c k\u00ednh<\/p>\n<p>C\u00e1c t\u00ednh n\u0103ng cao c\u1ea5p v\u1edbi \u0111i\u1ec1u khi\u1ec3n tho\u00e1t n\u01b0\u1edbc t\u1eeb xa, l\u1ed7 tr\u00e0n C-overflow c\u00f3 n\u1eafp \u0111\u1eady v\u00e0 h\u1ec7 th\u1ed1ng x\u1ea3 InFino \u2013 t\u00edch h\u1ee3p d\u1ec5 d\u00e0ng v\u1ec7 sinh<\/p>\n","protected":false},"featured_media":4027,"comment_status":"open","ping_status":"closed","template":"","meta":{"_acf_changed":false},"product_cat":[275,83],"product_tag":[],"class_list":{"0":"post-4010","1":"product","2":"type-product","3":"status-publish","4":"has-post-thumbnail","6":"product_cat-thiet-bi-nha-bep","7":"product_cat-chau-rua","8":"pa_mau-sac-black","9":"pa_mau-sac-coffee","10":"pa_mau-sac-rock-grey","11":"pa_mau-sac-soft-white","12":"pa_mau-sac-tartufo","13":"pa_mau-sac-volcano-grey","14":"pa_mau-sac-white","16":"first","17":"instock","18":"featured","19":"shipping-taxable","20":"purchasable","21":"product-type-variable"},"acf":[],"featured_media_urls":{"thumbnail":["https:\/\/trading.hhg.vn\/wp-content\/uploads\/2024\/11\/Soft-white-1-150x150.jpg",150,150,true],"medium":["https:\/\/trading.hhg.vn\/wp-content\/uploads\/2024\/11\/Soft-white-1-263x300.jpg",263,300,true],"medium_large":["https:\/\/trading.hhg.vn\/wp-content\/uploads\/2024\/11\/Soft-white-1.jpg",400,457,false],"large":["https:\/\/trading.hhg.vn\/wp-content\/uploads\/2024\/11\/Soft-white-1.jpg",400,457,false],"1536x1536":["https:\/\/trading.hhg.vn\/wp-content\/uploads\/2024\/11\/Soft-white-1.jpg",400,457,false],"2048x2048":["https:\/\/trading.hhg.vn\/wp-content\/uploads\/2024\/11\/Soft-white-1.jpg",400,457,false],"woocommerce_thumbnail":["https:\/\/trading.hhg.vn\/wp-content\/uploads\/2024\/11\/Soft-white-1.jpg",400,457,false],"woocommerce_single":["https:\/\/trading.hhg.vn\/wp-content\/uploads\/2024\/11\/Soft-white-1.jpg",400,457,false],"woocommerce_gallery_thumbnail":["https:\/\/trading.hhg.vn\/wp-content\/uploads\/2024\/11\/Soft-white-1-150x171.jpg",150,171,true],"portfolio_item-thumbnail":["https:\/\/trading.hhg.vn\/wp-content\/uploads\/2024\/11\/Soft-white-1.jpg",350,400,false],"portfolio_item-thumbnail@2x":["https:\/\/trading.hhg.vn\/wp-content\/uploads\/2024\/11\/Soft-white-1.jpg",400,457,false],"portfolio_item-masonry":["https:\/\/trading.hhg.vn\/wp-content\/uploads\/2024\/11\/Soft-white-1.jpg",400,457,false],"portfolio_item-masonry@2x":["https:\/\/trading.hhg.vn\/wp-content\/uploads\/2024\/11\/Soft-white-1.jpg",400,457,false],"portfolio_item-thumbnail_cinema":["https:\/\/trading.hhg.vn\/wp-content\/uploads\/2024\/11\/Soft-white-1.jpg",293,335,false],"portfolio_item-thumbnail_portrait":["https:\/\/trading.hhg.vn\/wp-content\/uploads\/2024\/11\/Soft-white-1.jpg",400,457,false],"portfolio_item-thumbnail_portrait@2x":["https:\/\/trading.hhg.vn\/wp-content\/uploads\/2024\/11\/Soft-white-1.jpg",400,457,false],"portfolio_item-thumbnail_square":["https:\/\/trading.hhg.vn\/wp-content\/uploads\/2024\/11\/Soft-white-1.jpg",400,457,false]},"_links":{"self":[{"href":"https:\/\/trading.hhg.vn\/en\/wp-json\/wp\/v2\/product\/4010","targetHints":{"allow":["GET"]}}],"collection":[{"href":"https:\/\/trading.hhg.vn\/en\/wp-json\/wp\/v2\/product"}],"about":[{"href":"https:\/\/trading.hhg.vn\/en\/wp-json\/wp\/v2\/types\/product"}],"replies":[{"embeddable":true,"href":"https:\/\/trading.hhg.vn\/en\/wp-json\/wp\/v2\/comments?post=4010"}],"version-history":[{"count":6,"href":"https:\/\/trading.hhg.vn\/en\/wp-json\/wp\/v2\/product\/4010\/revisions"}],"predecessor-version":[{"id":4782,"href":"https:\/\/trading.hhg.vn\/en\/wp-json\/wp\/v2\/product\/4010\/revisions\/4782"}],"wp:featuredmedia":[{"embeddable":true,"href":"https:\/\/trading.hhg.vn\/en\/wp-json\/wp\/v2\/media\/4027"}],"wp:attachment":[{"href":"https:\/\/trading.hhg.vn\/en\/wp-json\/wp\/v2\/media?parent=4010"}],"wp:term":[{"taxonomy":"product_cat","embeddable":true,"href":"https:\/\/trading.hhg.vn\/en\/wp-json\/wp\/v2\/product_cat?post=4010"},{"taxonomy":"product_tag","embeddable":true,"href":"https:\/\/trading.hhg.vn\/en\/wp-json\/wp\/v2\/product_tag?post=4010"}],"curies":[{"name":"wp","href":"https:\/\/api.w.org\/{rel}","templated":true}]}}