{"id":4046,"date":"2024-11-22T13:23:42","date_gmt":"2024-11-22T06:23:42","guid":{"rendered":"https:\/\/trading.hhg.vn\/?post_type=product&#038;p=4046"},"modified":"2024-11-29T15:11:32","modified_gmt":"2024-11-29T08:11:32","slug":"andano-180-if","status":"publish","type":"product","link":"https:\/\/trading.hhg.vn\/en\/s\u1ea3n-ph\u1ea9m\/andano-180-if\/","title":{"rendered":"ANDANO 180-IF"},"content":{"rendered":"<div id=\"attachment_4053\" style=\"width: 775px\" class=\"wp-caption aligncenter\"><img fetchpriority=\"high\" decoding=\"async\" aria-describedby=\"caption-attachment-4053\" class=\"wp-image-4053 size-full\" src=\"http:\/\/trading.hhg.vn\/wp-content\/uploads\/2024\/11\/Artboard-4-2.jpg\" alt=\"ANDANO 180-IF\" width=\"765\" height=\"311\" srcset=\"https:\/\/trading.hhg.vn\/wp-content\/uploads\/2024\/11\/Artboard-4-2.jpg 765w, https:\/\/trading.hhg.vn\/wp-content\/uploads\/2024\/11\/Artboard-4-2-300x122.jpg 300w, https:\/\/trading.hhg.vn\/wp-content\/uploads\/2024\/11\/Artboard-4-2-150x61.jpg 150w\" sizes=\"(max-width: 765px) 100vw, 765px\" \/><p id=\"caption-attachment-4053\" class=\"wp-caption-text\">ANDANO 180-IF<\/p><\/div>\n<p>Tr\u1ea3i nghi\u1ec7m m\u1eabu ch\u1eadu inox BLANCO ANDANO n\u1ed5i b\u1eadt: V\u1edbi thi\u1ebft k\u1ebf \u0111\u01a1n gi\u1ea3n, c\u00e1c \u0111\u01b0\u1eddng n\u00e9t th\u1eb3ng v\u00e0 s\u1ef1 k\u1ebft h\u1ee3p h\u00e0i h\u00f2a gi\u1eefa y\u1ebfu t\u1ed1 c\u00f4ng n\u0103ng v\u00e0 th\u1ea9m m\u1ef9, d\u00f2ng ANDANO n\u00e2ng t\u1ea7m kh\u00f4ng gian b\u1ebfp. Ch\u1eadu r\u1eeda c\u00f3 dung t\u00edch l\u1edbn v\u00e0 \u0111\u00e1y b\u1ed3n s\u1eed d\u1ee5ng t\u1ed1i \u0111a, mang \u0111\u1ebfn kh\u00f4ng gian r\u1ed9ng r\u00e3i cho m\u1ecdi nhu c\u1ea7u. C\u00e1c ph\u1ee5 ki\u1ec7n \u0111a n\u0103ng nh\u01b0 r\u1ed5 l\u1ecdc c\u00f3 th\u1ec3 g\u1eafn v\u00e0o b\u1ed3n, h\u00f2a h\u1ee3p v\u1edbi thi\u1ebft k\u1ebf hi\u1ec7n \u0111\u1ea1i. Ch\u1eadu ANDANO c\u00f3 khu v\u1ef1c r\u00e1o n\u01b0\u1edbc v\u00e0 vi\u1ec1n g\u1eafn v\u00f2i t\u00edch h\u1ee3p b\u00ean c\u1ea1nh, l\u00fd t\u01b0\u1edfng cho vi\u1ec7c l\u1eafp \u0111\u1eb7t tr\u01b0\u1edbc c\u1eeda s\u1ed5.<\/p>\n<p>D\u00f2ng BLANCO ANDANO kh\u00f4ng ch\u1ec9 tinh t\u1ebf m\u00e0 c\u00f2n r\u1ea5t ti\u1ec7n d\u1ee5ng, \u0111\u00e1p \u1ee9ng \u0111\u1ea7y \u0111\u1ee7 y\u00eau c\u1ea7u c\u1ee7a b\u1ebfp hi\u1ec7n \u0111\u1ea1i. V\u1edbi thi\u1ebft k\u1ebf b\u1ed3n r\u1ed9ng, vi\u1ec7c r\u1eeda ch\u00e9n, n\u1ed3i hay khay n\u01b0\u1edbng tr\u1edf n\u00ean d\u1ec5 d\u00e0ng. \u0110\u1ed9 s\u00e2u b\u1ed3n gi\u00fap n\u01b0\u1edbc kh\u00f4ng v\u0103ng ra ngo\u00e0i, trong khi c\u00e1c ph\u1ee5 ki\u1ec7n t\u00f9y ch\u1ecdn nh\u01b0 t\u1ea5m th\u1edbt k\u00ednh di \u0111\u1ed9ng c\u00e0ng t\u0103ng th\u00eam t\u00ednh ti\u1ec7n \u00edch. \u0110\u1ecbnh ngh\u0129a c\u1ee7a ANDANO gi\u00fap vi\u1ec7c r\u1eeda ch\u00e9n nhanh ch\u00f3ng v\u00e0 hi\u1ec7u qu\u1ea3 h\u01a1n bao gi\u1edd h\u1ebft.<\/p>\n","protected":false},"excerpt":{"rendered":"<p>Ch\u1eadu r\u1eeda BLANCO s\u1edf h\u1eefu thi\u1ebft k\u1ebf \u0111\u1ed9c \u0111\u00e1o k\u1ebft h\u1ee3p gi\u1eefa y\u1ebfu t\u1ed1 th\u1ea9m m\u1ef9 v\u00e0 ch\u1ee9c n\u0103ng, v\u1edbi s\u1ef1 h\u00f2a h\u1ee3p gi\u1eefa c\u00e1c g\u00f3c bo v\u00e0 b\u1ec1 m\u1eb7t t\u1ea1o n\u00ean v\u1ebb hi\u1ec7n \u0111\u1ea1i. T\u00ednh n\u0103ng cao c\u1ea5p c\u1ee7a s\u1ea3n ph\u1ea9m bao g\u1ed3m l\u1ed7 tr\u00e0n C-overflow v\u00e0 h\u1ec7 th\u1ed1ng x\u1ea3 InFino, gi\u00fap d\u1ec5 d\u00e0ng v\u1ec7 sinh. B\u1ed3n c\u00f3 dung t\u00edch l\u1edbn v\u00e0 \u0111\u00e1y b\u1ed3n s\u1eed d\u1ee5ng t\u1ed1i \u0111a kh\u00f4ng gian. Vi\u1ec1n ph\u1eb3ng IF tinh t\u1ebf, ph\u00f9 h\u1ee3p cho vi\u1ec7c l\u1eafp \u00e2m b\u00e0n ho\u1eb7c t\u1eeb tr\u00ean xu\u1ed1ng. S\u1ea3n ph\u1ea9m c\u0169ng c\u00f3 s\u1eb5n ph\u1ee5 ki\u1ec7n cao c\u1ea5p t\u00f9y ch\u1ecdn \u0111\u1ec3 n\u00e2ng cao tr\u1ea3i nghi\u1ec7m s\u1eed d\u1ee5ng.<\/p>\n","protected":false},"featured_media":4055,"comment_status":"open","ping_status":"closed","template":"","meta":{"_acf_changed":false},"product_cat":[275,83],"product_tag":[],"class_list":{"0":"post-4046","1":"product","2":"type-product","3":"status-publish","4":"has-post-thumbnail","6":"product_cat-thiet-bi-nha-bep","7":"product_cat-chau-rua","9":"first","10":"instock","11":"featured","12":"shipping-taxable","13":"purchasable","14":"product-type-simple"},"acf":[],"featured_media_urls":{"thumbnail":["https:\/\/trading.hhg.vn\/wp-content\/uploads\/2024\/11\/black-2-150x150.jpg",150,150,true],"medium":["https:\/\/trading.hhg.vn\/wp-content\/uploads\/2024\/11\/black-2-263x300.jpg",263,300,true],"medium_large":["https:\/\/trading.hhg.vn\/wp-content\/uploads\/2024\/11\/black-2.jpg",400,457,false],"large":["https:\/\/trading.hhg.vn\/wp-content\/uploads\/2024\/11\/black-2.jpg",400,457,false],"1536x1536":["https:\/\/trading.hhg.vn\/wp-content\/uploads\/2024\/11\/black-2.jpg",400,457,false],"2048x2048":["https:\/\/trading.hhg.vn\/wp-content\/uploads\/2024\/11\/black-2.jpg",400,457,false],"woocommerce_thumbnail":["https:\/\/trading.hhg.vn\/wp-content\/uploads\/2024\/11\/black-2.jpg",400,457,false],"woocommerce_single":["https:\/\/trading.hhg.vn\/wp-content\/uploads\/2024\/11\/black-2.jpg",400,457,false],"woocommerce_gallery_thumbnail":["https:\/\/trading.hhg.vn\/wp-content\/uploads\/2024\/11\/black-2-150x171.jpg",150,171,true],"portfolio_item-thumbnail":["https:\/\/trading.hhg.vn\/wp-content\/uploads\/2024\/11\/black-2.jpg",350,400,false],"portfolio_item-thumbnail@2x":["https:\/\/trading.hhg.vn\/wp-content\/uploads\/2024\/11\/black-2.jpg",400,457,false],"portfolio_item-masonry":["https:\/\/trading.hhg.vn\/wp-content\/uploads\/2024\/11\/black-2.jpg",400,457,false],"portfolio_item-masonry@2x":["https:\/\/trading.hhg.vn\/wp-content\/uploads\/2024\/11\/black-2.jpg",400,457,false],"portfolio_item-thumbnail_cinema":["https:\/\/trading.hhg.vn\/wp-content\/uploads\/2024\/11\/black-2.jpg",293,335,false],"portfolio_item-thumbnail_portrait":["https:\/\/trading.hhg.vn\/wp-content\/uploads\/2024\/11\/black-2.jpg",400,457,false],"portfolio_item-thumbnail_portrait@2x":["https:\/\/trading.hhg.vn\/wp-content\/uploads\/2024\/11\/black-2.jpg",400,457,false],"portfolio_item-thumbnail_square":["https:\/\/trading.hhg.vn\/wp-content\/uploads\/2024\/11\/black-2.jpg",400,457,false]},"_links":{"self":[{"href":"https:\/\/trading.hhg.vn\/en\/wp-json\/wp\/v2\/product\/4046","targetHints":{"allow":["GET"]}}],"collection":[{"href":"https:\/\/trading.hhg.vn\/en\/wp-json\/wp\/v2\/product"}],"about":[{"href":"https:\/\/trading.hhg.vn\/en\/wp-json\/wp\/v2\/types\/product"}],"replies":[{"embeddable":true,"href":"https:\/\/trading.hhg.vn\/en\/wp-json\/wp\/v2\/comments?post=4046"}],"version-history":[{"count":2,"href":"https:\/\/trading.hhg.vn\/en\/wp-json\/wp\/v2\/product\/4046\/revisions"}],"predecessor-version":[{"id":4059,"href":"https:\/\/trading.hhg.vn\/en\/wp-json\/wp\/v2\/product\/4046\/revisions\/4059"}],"wp:featuredmedia":[{"embeddable":true,"href":"https:\/\/trading.hhg.vn\/en\/wp-json\/wp\/v2\/media\/4055"}],"wp:attachment":[{"href":"https:\/\/trading.hhg.vn\/en\/wp-json\/wp\/v2\/media?parent=4046"}],"wp:term":[{"taxonomy":"product_cat","embeddable":true,"href":"https:\/\/trading.hhg.vn\/en\/wp-json\/wp\/v2\/product_cat?post=4046"},{"taxonomy":"product_tag","embeddable":true,"href":"https:\/\/trading.hhg.vn\/en\/wp-json\/wp\/v2\/product_tag?post=4046"}],"curies":[{"name":"wp","href":"https:\/\/api.w.org\/{rel}","templated":true}]}}