{"id":4058,"date":"2024-11-22T14:35:21","date_gmt":"2024-11-22T07:35:21","guid":{"rendered":"https:\/\/trading.hhg.vn\/?post_type=product&#038;p=4058"},"modified":"2025-01-09T11:43:49","modified_gmt":"2025-01-09T04:43:49","slug":"axis-iii-45-s-if","status":"publish","type":"product","link":"https:\/\/trading.hhg.vn\/en\/s\u1ea3n-ph\u1ea9m\/axis-iii-45-s-if\/","title":{"rendered":"AXIS III 45 S-IF"},"content":{"rendered":"<p><img fetchpriority=\"high\" decoding=\"async\" class=\"aligncenter wp-image-4066 size-full\" src=\"http:\/\/trading.hhg.vn\/wp-content\/uploads\/2024\/11\/Artboard-4-3.jpg\" alt=\"AXIS III 45 S-IF\" width=\"765\" height=\"311\" srcset=\"https:\/\/trading.hhg.vn\/wp-content\/uploads\/2024\/11\/Artboard-4-3.jpg 765w, https:\/\/trading.hhg.vn\/wp-content\/uploads\/2024\/11\/Artboard-4-3-300x122.jpg 300w, https:\/\/trading.hhg.vn\/wp-content\/uploads\/2024\/11\/Artboard-4-3-150x61.jpg 150w\" sizes=\"(max-width: 765px) 100vw, 765px\" \/><\/p>\n<p>\u2018Uniquely ergonomic\u2019 l\u00e0 c\u00e1ch m\u00f4 t\u1ea3 ph\u00f9 h\u1ee3p nh\u1ea5t cho BLANCO AXIS. Kh\u00e1i ni\u1ec7m AXen th\u00f4ng minh mang \u0111\u1ebfn quy tr\u00ecnh l\u00e0m vi\u1ec7c m\u01b0\u1ee3t m\u00e0 v\u00e0 ti\u1ec7n l\u1ee3i d\u1ecdc theo m\u1ed9t tr\u1ee5c. V\u1edbi c\u00e1c g\u00f3c b\u1ed3n h\u1eb9p, b\u1ed3n r\u1eeda l\u1edbn t\u1ea1o kh\u00f4ng gian l\u01b0u tr\u1eef r\u1ed9ng r\u00e3i, l\u00fd t\u01b0\u1edfng cho \u0111\u1ed3 th\u1ee7y tinh d\u1ec5 v\u1ee1 ho\u1eb7c \u0111\u1ed3 c\u1ed3ng k\u1ec1nh. B\u1ed3n r\u1eeda inox ti\u1ebft ki\u1ec7m kh\u00f4ng gian \u0111i k\u00e8m th\u1edbt k\u00ednh di \u0111\u1ed9ng tinh t\u1ebf, t\u0103ng s\u1ef1 sang tr\u1ecdng v\u00e0 ti\u1ec7n d\u1ee5ng cho b\u1ebfp. B\u1ea1n c\u00f3 th\u1ec3 chu\u1ea9n b\u1ecb nguy\u00ean li\u1ec7u ngay t\u1ea1i b\u1ed3n r\u1eeda v\u00e0 th\u00eam v\u00e0o n\u1ed3i khi c\u1ea7n. R\u1ed5 \u0111a n\u0103ng c\u00f3 th\u1ec3 t\u1ef1 do \u0111\u1eb7t trong b\u1ed3n ch\u00ednh v\u00e0 d\u1ec5 d\u00e0ng g\u1eafn v\u00e0o b\u1eb1ng tay c\u1ea7m.<\/p>\n<p>BLANCO Axial gi\u00fap b\u1ea1n r\u1eeda, th\u00e1i, ph\u00e2n lo\u1ea1i v\u00e0 l\u00e0m r\u00e1o th\u1ef1c ph\u1ea9m d\u1ec5 d\u00e0ng m\u00e0 kh\u00f4ng chi\u1ebfm nhi\u1ec1u kh\u00f4ng gian b\u1ebfp. B\u1ed3n ch\u00ednh r\u1ed9ng r\u00e3i gi\u00fap r\u1eeda n\u1ed3i l\u1edbn v\u00e0 khay, trong khi b\u1ed3n ph\u1ee5 d\u00f9ng \u0111\u1ec3 r\u1eeda rau c\u1ee7 v\u00e0 gi\u00e1 \u0111\u1ef1ng \u0111\u1ec3 s\u1eafp x\u1ebfp th\u1ee9c \u0103n. V\u1edbi ph\u1ee5 ki\u1ec7n nh\u01b0 th\u1edbt tr\u01b0\u1ee3t hay r\u1ed5 \u0111a n\u0103ng, b\u1ea1n c\u00f3 th\u1ec3 chu\u1ea9n b\u1ecb nguy\u00ean li\u1ec7u ngay t\u1ea1i b\u1ed3n r\u1eeda. H\u1ec7 th\u1ed1ng n\u1ea5u \u0103n h\u01a1i n\u01b0\u1edbc BLANCO CARRIER c\u0169ng l\u00e0 s\u1ef1 k\u1ebft h\u1ee3p ho\u00e0n h\u1ea3o cho b\u1ed3n r\u1eeda Axial, gi\u00fap b\u1ea1n ch\u1ebf bi\u1ebfn m\u00f3n \u0103n t\u01b0\u01a1i ngon m\u1ed9t c\u00e1ch hi\u1ec7u qu\u1ea3.<\/p>\n","protected":false},"excerpt":{"rendered":"<p>Ch\u1eadu r\u1eeda v\u1edbi thi\u1ebft k\u1ebf b\u1ed3n s\u00e2u tinh t\u1ebf v\u00e0 \u0111\u01b0\u1eddng vi\u1ec1n \u0111\u00e1y n\u1ed5i b\u1eadt, t\u1ea1o n\u00ean b\u1ec1 m\u1eb7t ph\u1eb3ng r\u1ed9ng r\u00e3i \u0111\u1ec3 b\u1ea1n c\u00f3 th\u1ec3 \u0111\u1eb7t ly v\u00e0 c\u00e1c v\u1eadt d\u1ee5ng c\u1ed3ng k\u1ec1nh m\u1ed9t c\u00e1ch an to\u00e0n. Ho\u1ea1t \u0111\u1ed9ng chu\u1ea9n c\u00f4ng th\u00e1i h\u1ecdc \u0111\u01b0\u1ee3c t\u1ed1i \u01b0u theo c\u1ea3 hai tr\u1ee5c, gi\u00fap c\u00f4ng vi\u1ec7c trong b\u1ebfp tr\u1edf n\u00ean m\u01b0\u1ee3t m\u00e0 v\u00e0 hi\u1ec7u qu\u1ea3 h\u01a1n. T\u1ea5m th\u1edbt di \u0111\u1ed9ng cho ph\u00e9p b\u1ea1n s\u01a1 ch\u1ebf \u0111\u1ed3 v\u00e0 th\u1ea3 tr\u1ef1c ti\u1ebfp v\u00e0o n\u1ed3i, ch\u1ea3o m\u00e0 kh\u00f4ng g\u1eb7p tr\u1edf ng\u1ea1i. C\u00e1c t\u00ednh n\u0103ng cao c\u1ea5p nh\u01b0 l\u1ed7 tr\u00e0n C-overflow c\u00f3 n\u1eafp \u0111\u1eady v\u00e0 h\u1ec7 th\u1ed1ng x\u1ea3 InFino \u0111\u01b0\u1ee3c t\u00edch h\u1ee3p m\u1ed9t c\u00e1ch tinh t\u1ebf, v\u1eeba d\u1ec5 d\u00e0ng v\u1ec7 sinh l\u1ea1i v\u1eeba mang l\u1ea1i v\u1ebb sang tr\u1ecdng cho kh\u00f4ng gian b\u1ebfp.<\/p>\n","protected":false},"featured_media":4068,"comment_status":"open","ping_status":"closed","template":"","meta":{"_acf_changed":false},"product_cat":[275,83],"product_tag":[],"class_list":{"0":"post-4058","1":"product","2":"type-product","3":"status-publish","4":"has-post-thumbnail","6":"product_cat-thiet-bi-nha-bep","7":"product_cat-chau-rua","9":"first","10":"instock","11":"featured","12":"shipping-taxable","13":"purchasable","14":"product-type-simple"},"acf":[],"featured_media_urls":{"thumbnail":["https:\/\/trading.hhg.vn\/wp-content\/uploads\/2024\/11\/black-3-150x150.jpg",150,150,true],"medium":["https:\/\/trading.hhg.vn\/wp-content\/uploads\/2024\/11\/black-3-263x300.jpg",263,300,true],"medium_large":["https:\/\/trading.hhg.vn\/wp-content\/uploads\/2024\/11\/black-3.jpg",400,457,false],"large":["https:\/\/trading.hhg.vn\/wp-content\/uploads\/2024\/11\/black-3.jpg",400,457,false],"1536x1536":["https:\/\/trading.hhg.vn\/wp-content\/uploads\/2024\/11\/black-3.jpg",400,457,false],"2048x2048":["https:\/\/trading.hhg.vn\/wp-content\/uploads\/2024\/11\/black-3.jpg",400,457,false],"woocommerce_thumbnail":["https:\/\/trading.hhg.vn\/wp-content\/uploads\/2024\/11\/black-3.jpg",400,457,false],"woocommerce_single":["https:\/\/trading.hhg.vn\/wp-content\/uploads\/2024\/11\/black-3.jpg",400,457,false],"woocommerce_gallery_thumbnail":["https:\/\/trading.hhg.vn\/wp-content\/uploads\/2024\/11\/black-3-150x171.jpg",150,171,true],"portfolio_item-thumbnail":["https:\/\/trading.hhg.vn\/wp-content\/uploads\/2024\/11\/black-3.jpg",350,400,false],"portfolio_item-thumbnail@2x":["https:\/\/trading.hhg.vn\/wp-content\/uploads\/2024\/11\/black-3.jpg",400,457,false],"portfolio_item-masonry":["https:\/\/trading.hhg.vn\/wp-content\/uploads\/2024\/11\/black-3.jpg",400,457,false],"portfolio_item-masonry@2x":["https:\/\/trading.hhg.vn\/wp-content\/uploads\/2024\/11\/black-3.jpg",400,457,false],"portfolio_item-thumbnail_cinema":["https:\/\/trading.hhg.vn\/wp-content\/uploads\/2024\/11\/black-3.jpg",293,335,false],"portfolio_item-thumbnail_portrait":["https:\/\/trading.hhg.vn\/wp-content\/uploads\/2024\/11\/black-3.jpg",400,457,false],"portfolio_item-thumbnail_portrait@2x":["https:\/\/trading.hhg.vn\/wp-content\/uploads\/2024\/11\/black-3.jpg",400,457,false],"portfolio_item-thumbnail_square":["https:\/\/trading.hhg.vn\/wp-content\/uploads\/2024\/11\/black-3.jpg",400,457,false]},"_links":{"self":[{"href":"https:\/\/trading.hhg.vn\/en\/wp-json\/wp\/v2\/product\/4058","targetHints":{"allow":["GET"]}}],"collection":[{"href":"https:\/\/trading.hhg.vn\/en\/wp-json\/wp\/v2\/product"}],"about":[{"href":"https:\/\/trading.hhg.vn\/en\/wp-json\/wp\/v2\/types\/product"}],"replies":[{"embeddable":true,"href":"https:\/\/trading.hhg.vn\/en\/wp-json\/wp\/v2\/comments?post=4058"}],"version-history":[{"count":3,"href":"https:\/\/trading.hhg.vn\/en\/wp-json\/wp\/v2\/product\/4058\/revisions"}],"predecessor-version":[{"id":4074,"href":"https:\/\/trading.hhg.vn\/en\/wp-json\/wp\/v2\/product\/4058\/revisions\/4074"}],"wp:featuredmedia":[{"embeddable":true,"href":"https:\/\/trading.hhg.vn\/en\/wp-json\/wp\/v2\/media\/4068"}],"wp:attachment":[{"href":"https:\/\/trading.hhg.vn\/en\/wp-json\/wp\/v2\/media?parent=4058"}],"wp:term":[{"taxonomy":"product_cat","embeddable":true,"href":"https:\/\/trading.hhg.vn\/en\/wp-json\/wp\/v2\/product_cat?post=4058"},{"taxonomy":"product_tag","embeddable":true,"href":"https:\/\/trading.hhg.vn\/en\/wp-json\/wp\/v2\/product_tag?post=4058"}],"curies":[{"name":"wp","href":"https:\/\/api.w.org\/{rel}","templated":true}]}}