{"id":40614,"date":"2025-11-21T05:41:40","date_gmt":"2025-11-20T22:41:40","guid":{"rendered":"https:\/\/trading.hhg.vn\/product\/bo-hoan-chinh-900-lap-tieu-chuan-cho-bo-hoan-thien-thoat-san-ubox-universal\/"},"modified":"2026-01-28T07:45:35","modified_gmt":"2026-01-28T00:45:35","slug":"bo-hoan-chinh-900-lap-tieu-chuan-cho-bo-hoan-thien-thoat-san-ubox-universal","status":"publish","type":"product","link":"https:\/\/trading.hhg.vn\/en\/s\u1ea3n-ph\u1ea9m\/bo-hoan-chinh-900-lap-tieu-chuan-cho-bo-hoan-thien-thoat-san-ubox-universal\/","title":{"rendered":"B\u1ed9 ho\u00e0n ch\u1ec9nh 900 l\u1eafp ti\u00eau chu\u1ea9n cho b\u1ed9 ho\u00e0n thi\u1ec7n tho\u00e1t s\u00e0n uBox universal"},"content":{"rendered":"","protected":false},"excerpt":{"rendered":"<p>Thi\u1ebft k\u1ebf tinh x\u1ea3o c\u1ee7a b\u1ed9 ho\u00e0n thi\u1ec7n tho\u00e1t s\u00e0n uBox universal kh\u00f4ng ch\u1ec9 l\u00e0 \u0111i\u1ec3m nh\u1ea5n sang tr\u1ecdng cho m\u1ecdi kh\u00f4ng gian, m\u00e0 c\u00f2n n\u00e2ng t\u1ea7m tr\u1ea3i nghi\u1ec7m th\u01b0 gi\u00e3n c\u1ee7a b\u1ea1n. V\u1edbi s\u1ef1 k\u1ebft h\u1ee3p ho\u00e0n h\u1ea3o gi\u1eefa v\u1eadt li\u1ec7u cao c\u1ea5p v\u00e0 c\u00f4ng ngh\u1ec7 ti\u00ean ti\u1ebfn, s\u1ea3n ph\u1ea9m mang \u0111\u1ebfn hi\u1ec7u su\u1ea5t tho\u00e1t n\u01b0\u1edbc v\u01b0\u1ee3t tr\u1ed9i, \u00eam \u00e1i v\u00e0 b\u1ec1n b\u1ec9. T\u1eebng chi ti\u1ebft \u0111\u01b0\u1ee3c ch\u1ebf t\u00e1c t\u1ec9 m\u1ec9, \u0111\u1ea3m b\u1ea3o d\u1ec5 d\u00e0ng l\u1eafp \u0111\u1eb7t v\u00e0 v\u1ec7 sinh, gi\u1eef cho v\u1ebb \u0111\u1eb9p lu\u00f4n nh\u01b0 m\u1edbi theo th\u1eddi gian. \u0110\u00e2y kh\u00f4ng ch\u1ec9 l\u00e0 m\u1ed9t thi\u1ebft b\u1ecb, m\u00e0 l\u00e0 m\u1ed9t tuy\u00ean ng\u00f4n phong c\u00e1ch, kh\u1eb3ng \u0111\u1ecbnh \u0111\u1eb3ng c\u1ea5p s\u1ed1ng tinh t\u1ebf c\u1ee7a gia ch\u1ee7.<\/p>\n","protected":false},"featured_media":40612,"comment_status":"open","ping_status":"closed","template":"","meta":{"_acf_changed":false},"product_cat":[848],"product_tag":[],"class_list":{"0":"post-40614","1":"product","2":"type-product","3":"status-publish","4":"has-post-thumbnail","6":"product_cat-thoat-san-2","8":"first","9":"instock","10":"shipping-taxable","11":"purchasable","12":"product-type-simple"},"acf":[],"featured_media_urls":{"thumbnail":["https:\/\/trading.hhg.vn\/wp-content\/uploads\/2025\/11\/154__hpr03485_tif-150x150.png",150,150,true],"medium":["https:\/\/trading.hhg.vn\/wp-content\/uploads\/2025\/11\/154__hpr03485_tif-262x300.png",262,300,true],"medium_large":["https:\/\/trading.hhg.vn\/wp-content\/uploads\/2025\/11\/154__hpr03485_tif-768x878.png",768,878,true],"large":["https:\/\/trading.hhg.vn\/wp-content\/uploads\/2025\/11\/154__hpr03485_tif-896x1024.png",896,1024,true],"1536x1536":["https:\/\/trading.hhg.vn\/wp-content\/uploads\/2025\/11\/154__hpr03485_tif-1344x1536.png",1344,1536,true],"2048x2048":["https:\/\/trading.hhg.vn\/wp-content\/uploads\/2025\/11\/154__hpr03485_tif.png",1440,1646,false],"woocommerce_thumbnail":["https:\/\/trading.hhg.vn\/wp-content\/uploads\/2025\/11\/154__hpr03485_tif-600x600.png",600,600,true],"woocommerce_single":["https:\/\/trading.hhg.vn\/wp-content\/uploads\/2025\/11\/154__hpr03485_tif-1200x1372.png",1200,1372,true],"woocommerce_gallery_thumbnail":["https:\/\/trading.hhg.vn\/wp-content\/uploads\/2025\/11\/154__hpr03485_tif-150x171.png",150,171,true],"portfolio_item-thumbnail":["https:\/\/trading.hhg.vn\/wp-content\/uploads\/2025\/11\/154__hpr03485_tif.png",350,400,false],"portfolio_item-thumbnail@2x":["https:\/\/trading.hhg.vn\/wp-content\/uploads\/2025\/11\/154__hpr03485_tif.png",700,800,false],"portfolio_item-masonry":["https:\/\/trading.hhg.vn\/wp-content\/uploads\/2025\/11\/154__hpr03485_tif.png",600,686,false],"portfolio_item-masonry@2x":["https:\/\/trading.hhg.vn\/wp-content\/uploads\/2025\/11\/154__hpr03485_tif.png",1200,1372,false],"portfolio_item-thumbnail_cinema":["https:\/\/trading.hhg.vn\/wp-content\/uploads\/2025\/11\/154__hpr03485_tif.png",293,335,false],"portfolio_item-thumbnail_portrait":["https:\/\/trading.hhg.vn\/wp-content\/uploads\/2025\/11\/154__hpr03485_tif.png",600,686,false],"portfolio_item-thumbnail_portrait@2x":["https:\/\/trading.hhg.vn\/wp-content\/uploads\/2025\/11\/154__hpr03485_tif.png",1200,1372,false],"portfolio_item-thumbnail_square":["https:\/\/trading.hhg.vn\/wp-content\/uploads\/2025\/11\/154__hpr03485_tif.png",700,800,false]},"_links":{"self":[{"href":"https:\/\/trading.hhg.vn\/en\/wp-json\/wp\/v2\/product\/40614","targetHints":{"allow":["GET"]}}],"collection":[{"href":"https:\/\/trading.hhg.vn\/en\/wp-json\/wp\/v2\/product"}],"about":[{"href":"https:\/\/trading.hhg.vn\/en\/wp-json\/wp\/v2\/types\/product"}],"replies":[{"embeddable":true,"href":"https:\/\/trading.hhg.vn\/en\/wp-json\/wp\/v2\/comments?post=40614"}],"version-history":[{"count":0,"href":"https:\/\/trading.hhg.vn\/en\/wp-json\/wp\/v2\/product\/40614\/revisions"}],"wp:featuredmedia":[{"embeddable":true,"href":"https:\/\/trading.hhg.vn\/en\/wp-json\/wp\/v2\/media\/40612"}],"wp:attachment":[{"href":"https:\/\/trading.hhg.vn\/en\/wp-json\/wp\/v2\/media?parent=40614"}],"wp:term":[{"taxonomy":"product_cat","embeddable":true,"href":"https:\/\/trading.hhg.vn\/en\/wp-json\/wp\/v2\/product_cat?post=40614"},{"taxonomy":"product_tag","embeddable":true,"href":"https:\/\/trading.hhg.vn\/en\/wp-json\/wp\/v2\/product_tag?post=40614"}],"curies":[{"name":"wp","href":"https:\/\/api.w.org\/{rel}","templated":true}]}}