{"id":40681,"date":"2025-11-21T06:11:15","date_gmt":"2025-11-20T23:11:15","guid":{"rendered":"https:\/\/trading.hhg.vn\/?post_type=product&#038;p=40681"},"modified":"2026-01-28T07:40:25","modified_gmt":"2026-01-28T00:40:25","slug":"bo-tron-am-tuong-cho-2-chuc-nang-duoturn-s","status":"publish","type":"product","link":"https:\/\/trading.hhg.vn\/en\/s\u1ea3n-ph\u1ea9m\/bo-tron-am-tuong-cho-2-chuc-nang-duoturn-s\/","title":{"rendered":"B\u1ed9 tr\u1ed9n \u00e2m t\u01b0\u1eddng cho 2 ch\u1ee9c n\u0103ng DuoTurn S"},"content":{"rendered":"<p><img fetchpriority=\"high\" decoding=\"async\" class=\"alignnone wp-image-7559 aligncenter\" src=\"http:\/\/trading.hhg.vn\/wp-content\/uploads\/2025\/11\/DuoTurn.jpg\" alt=\"\" width=\"606\" height=\"454\" \/>DuoTurn mang \u0111\u1ebfn tr\u1ea3i nghi\u1ec7m tr\u1ef1c quan v\u1edbi thi\u1ebft k\u1ebf tinh g\u1ecdn v\u00e0 hi\u1ec7n \u0111\u1ea1i. Th\u1ebf h\u1ec7 b\u1ed9 tr\u1ed9n \u00e2m t\u01b0\u1eddng m\u1edbi n\u00e0y gi\u00fap b\u1ea1n th\u01b0 gi\u00e3n ho\u00e0n to\u00e0n v\u00e0 t\u1eadn h\u01b0\u1edfng s\u1ef1 ti\u1ec7n nghi ch\u1ec9 v\u1edbi m\u1ed9t thao t\u00e1c xoay nh\u1eb9. Nh\u1edd c\u00f4ng ngh\u1ec7 DuoTurn, ng\u01b0\u1eddi d\u00f9ng c\u00f3 th\u1ec3 d\u1ec5 d\u00e0ng chuy\u1ec3n \u0111\u1ed5i gi\u1eefa sen tr\u1ea7n v\u00e0 tay sen, \u0111\u1ed3ng th\u1eddi \u0111i\u1ec1u ch\u1ec9nh nhi\u1ec7t \u0111\u1ed9 v\u00e0 l\u01b0u l\u01b0\u1ee3ng n\u01b0\u1edbc mong mu\u1ed1n m\u1ed9t c\u00e1ch nhanh ch\u00f3ng, ch\u00ednh x\u00e1c v\u00e0 m\u01b0\u1ee3t m\u00e0.<\/p>\n<p>Hansgrohe DuoTurn c\u00f3 3 ki\u1ec3u d\u00e1ng ch\u00ednh: DuoTurn Q v\u1edbi d\u00e1ng vu\u00f4ng t\u1ed1i gi\u1ea3n; DuoTurn S tr\u00f2n m\u1ec1m m\u1ea1i; DuoTurn E bo g\u00f3c tinh t\u1ebf, c\u00e2n b\u1eb1ng gi\u1eefa c\u00f4ng n\u0103ng v\u00e0 th\u1ea9m m\u1ef9.<\/p>\n","protected":false},"excerpt":{"rendered":"<p>DuoTurn S kh\u00f4ng ch\u1ec9 l\u00e0 b\u1ed9 tr\u1ed9n \u00e2m t\u01b0\u1eddng, m\u00e0 c\u00f2n l\u00e0 m\u1ed9t tuy\u1ec7t t\u00e1c ki\u1ebfn tr\u00fac n\u1ed9i th\u1ea5t, n\u01a1i thi\u1ebft k\u1ebf t\u1ed1i gi\u1ea3n h\u00f2a quy\u1ec7n c\u00f9ng c\u00f4ng n\u0103ng v\u01b0\u1ee3t tr\u1ed9i. M\u1ed7i \u0111\u01b0\u1eddng n\u00e9t \u0111\u1ec1u \u0111\u01b0\u1ee3c chau chu\u1ed1t t\u1ec9 m\u1ec9, t\u1ea1o n\u00ean v\u1ebb \u0111\u1eb9p thanh l\u1ecbch v\u00e0 tinh t\u1ebf, d\u1ec5 d\u00e0ng n\u00e2ng t\u1ea7m m\u1ecdi kh\u00f4ng gian ph\u00f2ng t\u1eafm. Tr\u1ea3i nghi\u1ec7m s\u1eed d\u1ee5ng m\u01b0\u1ee3t m\u00e0, ch\u00ednh x\u00e1c v\u1edbi 2 ch\u1ee9c n\u0103ng \u0111\u01b0\u1ee3c \u0111i\u1ec1u khi\u1ec3n d\u1ec5 d\u00e0ng, mang \u0111\u1ebfn s\u1ef1 th\u01b0 th\u00e1i v\u00e0 ti\u1ec7n nghi \u0111\u1ec9nh cao. DuoTurn S kh\u1eb3ng \u0111\u1ecbnh \u0111\u1eb3ng c\u1ea5p s\u1ed1ng, n\u01a1i m\u1ed7i kho\u1ea3nh kh\u1eafc \u0111\u1ec1u tr\u1edf n\u00ean ho\u00e0n h\u1ea3o.<\/p>\n","protected":false},"featured_media":40837,"comment_status":"open","ping_status":"closed","template":"","meta":{"_acf_changed":false},"product_cat":[846],"product_tag":[],"class_list":{"0":"post-40681","1":"product","2":"type-product","3":"status-publish","4":"has-post-thumbnail","6":"product_cat-bo-tron","7":"pa_mau-sac-chrome","8":"pa_mau-sac-den-mo","9":"pa_mau-sac-dong-xuoc","10":"pa_mau-sac-trang-mo","12":"first","13":"instock","14":"shipping-taxable","15":"purchasable","16":"product-type-variable"},"acf":[],"featured_media_urls":{"thumbnail":["https:\/\/trading.hhg.vn\/wp-content\/uploads\/2025\/11\/154__hpr05440_tif-150x150.png",150,150,true],"medium":["https:\/\/trading.hhg.vn\/wp-content\/uploads\/2025\/11\/154__hpr05440_tif-263x300.png",263,300,true],"medium_large":["https:\/\/trading.hhg.vn\/wp-content\/uploads\/2025\/11\/154__hpr05440_tif-768x878.png",768,878,true],"large":["https:\/\/trading.hhg.vn\/wp-content\/uploads\/2025\/11\/154__hpr05440_tif-896x1024.png",896,1024,true],"1536x1536":["https:\/\/trading.hhg.vn\/wp-content\/uploads\/2025\/11\/154__hpr05440_tif.png",1309,1496,false],"2048x2048":["https:\/\/trading.hhg.vn\/wp-content\/uploads\/2025\/11\/154__hpr05440_tif.png",1309,1496,false],"woocommerce_thumbnail":["https:\/\/trading.hhg.vn\/wp-content\/uploads\/2025\/11\/154__hpr05440_tif-600x600.png",600,600,true],"woocommerce_single":["https:\/\/trading.hhg.vn\/wp-content\/uploads\/2025\/11\/154__hpr05440_tif-1200x1371.png",1200,1371,true],"woocommerce_gallery_thumbnail":["https:\/\/trading.hhg.vn\/wp-content\/uploads\/2025\/11\/154__hpr05440_tif-150x171.png",150,171,true],"portfolio_item-thumbnail":["https:\/\/trading.hhg.vn\/wp-content\/uploads\/2025\/11\/154__hpr05440_tif.png",350,400,false],"portfolio_item-thumbnail@2x":["https:\/\/trading.hhg.vn\/wp-content\/uploads\/2025\/11\/154__hpr05440_tif.png",700,800,false],"portfolio_item-masonry":["https:\/\/trading.hhg.vn\/wp-content\/uploads\/2025\/11\/154__hpr05440_tif.png",600,686,false],"portfolio_item-masonry@2x":["https:\/\/trading.hhg.vn\/wp-content\/uploads\/2025\/11\/154__hpr05440_tif.png",1200,1371,false],"portfolio_item-thumbnail_cinema":["https:\/\/trading.hhg.vn\/wp-content\/uploads\/2025\/11\/154__hpr05440_tif.png",293,335,false],"portfolio_item-thumbnail_portrait":["https:\/\/trading.hhg.vn\/wp-content\/uploads\/2025\/11\/154__hpr05440_tif.png",600,686,false],"portfolio_item-thumbnail_portrait@2x":["https:\/\/trading.hhg.vn\/wp-content\/uploads\/2025\/11\/154__hpr05440_tif.png",1200,1371,false],"portfolio_item-thumbnail_square":["https:\/\/trading.hhg.vn\/wp-content\/uploads\/2025\/11\/154__hpr05440_tif.png",700,800,false]},"_links":{"self":[{"href":"https:\/\/trading.hhg.vn\/en\/wp-json\/wp\/v2\/product\/40681","targetHints":{"allow":["GET"]}}],"collection":[{"href":"https:\/\/trading.hhg.vn\/en\/wp-json\/wp\/v2\/product"}],"about":[{"href":"https:\/\/trading.hhg.vn\/en\/wp-json\/wp\/v2\/types\/product"}],"replies":[{"embeddable":true,"href":"https:\/\/trading.hhg.vn\/en\/wp-json\/wp\/v2\/comments?post=40681"}],"version-history":[{"count":1,"href":"https:\/\/trading.hhg.vn\/en\/wp-json\/wp\/v2\/product\/40681\/revisions"}],"predecessor-version":[{"id":40839,"href":"https:\/\/trading.hhg.vn\/en\/wp-json\/wp\/v2\/product\/40681\/revisions\/40839"}],"wp:featuredmedia":[{"embeddable":true,"href":"https:\/\/trading.hhg.vn\/en\/wp-json\/wp\/v2\/media\/40837"}],"wp:attachment":[{"href":"https:\/\/trading.hhg.vn\/en\/wp-json\/wp\/v2\/media?parent=40681"}],"wp:term":[{"taxonomy":"product_cat","embeddable":true,"href":"https:\/\/trading.hhg.vn\/en\/wp-json\/wp\/v2\/product_cat?post=40681"},{"taxonomy":"product_tag","embeddable":true,"href":"https:\/\/trading.hhg.vn\/en\/wp-json\/wp\/v2\/product_tag?post=40681"}],"curies":[{"name":"wp","href":"https:\/\/api.w.org\/{rel}","templated":true}]}}