{"id":4076,"date":"2024-11-22T16:23:30","date_gmt":"2024-11-22T09:23:30","guid":{"rendered":"https:\/\/trading.hhg.vn\/?post_type=product&#038;p=4076"},"modified":"2024-11-29T15:11:32","modified_gmt":"2024-11-29T08:11:32","slug":"claron-180-if","status":"publish","type":"product","link":"https:\/\/trading.hhg.vn\/en\/s\u1ea3n-ph\u1ea9m\/claron-180-if\/","title":{"rendered":"CLARON 180-IF"},"content":{"rendered":"<p><img fetchpriority=\"high\" decoding=\"async\" class=\"aligncenter wp-image-4083 size-full\" src=\"http:\/\/trading.hhg.vn\/wp-content\/uploads\/2024\/11\/Artboard-4-4.jpg\" alt=\"CLARON 180-IF\" width=\"765\" height=\"311\" srcset=\"https:\/\/trading.hhg.vn\/wp-content\/uploads\/2024\/11\/Artboard-4-4.jpg 765w, https:\/\/trading.hhg.vn\/wp-content\/uploads\/2024\/11\/Artboard-4-4-300x122.jpg 300w, https:\/\/trading.hhg.vn\/wp-content\/uploads\/2024\/11\/Artboard-4-4-150x61.jpg 150w\" sizes=\"(max-width: 765px) 100vw, 765px\" \/><\/p>\n<p>B\u1ed3n v\u00e0 ch\u1eadu r\u1eeda BLANCO CLARON k\u1ebft h\u1ee3p thi\u1ebft k\u1ebf tinh t\u1ebf v\u1edbi c\u00f4ng n\u0103ng t\u1ed1i \u01b0u. C\u00e1c g\u00f3c bo 10 mm t\u1ea1o n\u00ean phong c\u00e1ch t\u1ed1i gi\u1ea3n. Ch\u1eadu inox n\u00e0y c\u00f3 th\u1ec3 \u0111\u01b0\u1ee3c trang b\u1ecb th\u00eam th\u1edbt ho\u1eb7c r\u1ed5 r\u00e1o n\u01b0\u1edbc, t\u00f9y theo nhu c\u1ea7u s\u1eed d\u1ee5ng. CLARON c\u00f3 s\u1eb5n v\u1edbi b\u1ec1 m\u1eb7t inox m\u1edd satin v\u00e0 m\u1ed9t s\u1ed1 m\u1eabu c\u00f2n \u0111\u01b0\u1ee3c ph\u1ee7 inox Durinox ch\u1ed1ng tr\u1ea7y, t\u1ea1o v\u1ebb ngo\u00e0i m\u1edd nhung sang tr\u1ecdng, mang \u0111\u1ebfn d\u1ea5u \u1ea5n m\u1edbi cho thi\u1ebft k\u1ebf b\u1ebfp.<\/p>\n<p>D\u00f2ng CLARON cung c\u1ea5p h\u01a1n 50 m\u1eabu m\u00e3 \u0111a d\u1ea1ng, t\u1eeb ch\u1eadu \u0111\u01a1n, ch\u1eadu \u0111\u00f4i, c\u00f3 ho\u1eb7c kh\u00f4ng c\u00f3 g\u1edd sen v\u00f2i, ph\u00f9 h\u1ee3p v\u1edbi m\u1ecdi thi\u1ebft k\u1ebf b\u1ebfp. B\u1ea1n c\u00f3 th\u1ec3 l\u1ef1a ch\u1ecdn ki\u1ec3u l\u1eafp \u0111\u1eb7t nh\u01b0 ch\u1eadu \u00e2m b\u00e0n v\u1edbi vi\u1ec1n ph\u1eb3ng IF tinh t\u1ebf, ch\u1eadu ph\u1eb3ng ngang m\u1eb7t b\u00e0n, ho\u1eb7c ch\u1eadu l\u1eafp ch\u00ecm \u0111\u01a1n gi\u1ea3n \u2013 t\u1ea5t c\u1ea3 \u0111\u1ec1u \u0111\u00e1p \u1ee9ng linh ho\u1ea1t cho nhu c\u1ea7u s\u1eed d\u1ee5ng. T\u1ea5t c\u1ea3 b\u1ed3n CLARON \u0111\u1ec1u c\u00f3 h\u1ec7 th\u1ed1ng tho\u00e1t n\u01b0\u1edbc InFino v\u00e0 l\u1ed7 tr\u00e0n C gi\u1ea5u k\u00edn.<\/p>\n<p>BLANCO CLARON g\u00e2y \u1ea5n t\u01b0\u1ee3ng v\u1edbi c\u00e1c g\u00f3c bo tr\u00f2n, b\u1ed3n s\u00e2u, b\u00e1n k\u00ednh h\u1eb9p v\u00e0 \u0111\u01b0\u1eddng n\u00e9t thanh l\u1ecbch kh\u00f4ng h\u1ecda ti\u1ebft, t\u1ea1o n\u00ean s\u1ef1 \u0111\u1ed3ng nh\u1ea5t cho kh\u00f4ng gian. Thi\u1ebft k\u1ebf sang tr\u1ecdng kh\u00f4ng ch\u1ec9 \u0111\u1eb9p m\u1eaft m\u00e0 c\u00f2n r\u1ea5t ti\u1ec7n l\u1ee3i: d\u1ec5 v\u1ec7 sinh v\u00e0 t\u1ed1i \u01b0u h\u00f3a kh\u00f4ng gian b\u1ed3n. \u0110\u1ec3 t\u0103ng th\u00eam ti\u1ec7n \u00edch, b\u1ea1n c\u00f3 th\u1ec3 trang b\u1ecb ph\u1ee5 ki\u1ec7n \u0111i k\u00e8m, bi\u1ebfn b\u1ed3n r\u1eeda th\u00e0nh khu v\u1ef1c chu\u1ea9n b\u1ecb th\u1ef1c ph\u1ea9m \u0111\u1ea7y ti\u1ec7n d\u1ee5ng.<\/p>\n","protected":false},"excerpt":{"rendered":"<p>Thi\u1ebft k\u1ebf b\u1ed3n tinh t\u1ebf v\u1edbi ki\u1ec3u d\u00e1ng thu\u1ea7n khi\u1ebft, kh\u00f4ng hoa v\u0103n \u1edf \u0111\u00e1y, t\u1ea1o n\u00ean v\u1ebb \u0111\u1eb9p hi\u1ec7n \u0111\u1ea1i v\u00e0 sang tr\u1ecdng. B\u00e1n k\u00ednh 10 mm g\u1ecdn g\u00e0ng mang \u0111\u1ebfn n\u00e9t tinh t\u1ebf trong thi\u1ebft k\u1ebf m\u00e0 v\u1eabn \u0111\u1ea3m b\u1ea3o t\u00ednh ti\u1ec7n \u00edch. Dung t\u00edch b\u1ed3n \u0111\u01b0\u1ee3c t\u1ed1i \u01b0u nh\u1edd \u0111\u1ed9 s\u00e2u l\u1edbn v\u00e0 c\u00e1c g\u00f3c bo nh\u1ecf, gi\u00fap t\u1eadn d\u1ee5ng t\u1ed1i \u0111a kh\u00f4ng gian. Ki\u1ec3u vi\u1ec1n ph\u1eb3ng Flush IF mang \u0111\u1ebfn s\u1ef1 li\u1ec1n m\u1ea1ch, trong khi h\u1ec7 th\u1ed1ng tho\u00e1t n\u01b0\u1edbc InFino \u0111\u01b0\u1ee3c t\u00edch h\u1ee3p, d\u1ec5 d\u00e0ng v\u1ec7 sinh.<\/p>\n","protected":false},"featured_media":4085,"comment_status":"open","ping_status":"closed","template":"","meta":{"_acf_changed":false},"product_cat":[275,81,83],"product_tag":[],"class_list":{"0":"post-4076","1":"product","2":"type-product","3":"status-publish","4":"has-post-thumbnail","6":"product_cat-thiet-bi-nha-bep","7":"product_cat-bep","8":"product_cat-chau-rua","10":"first","11":"instock","12":"featured","13":"shipping-taxable","14":"purchasable","15":"product-type-simple"},"acf":[],"featured_media_urls":{"thumbnail":["https:\/\/trading.hhg.vn\/wp-content\/uploads\/2024\/11\/black-5-150x150.jpg",150,150,true],"medium":["https:\/\/trading.hhg.vn\/wp-content\/uploads\/2024\/11\/black-5-263x300.jpg",263,300,true],"medium_large":["https:\/\/trading.hhg.vn\/wp-content\/uploads\/2024\/11\/black-5.jpg",400,457,false],"large":["https:\/\/trading.hhg.vn\/wp-content\/uploads\/2024\/11\/black-5.jpg",400,457,false],"1536x1536":["https:\/\/trading.hhg.vn\/wp-content\/uploads\/2024\/11\/black-5.jpg",400,457,false],"2048x2048":["https:\/\/trading.hhg.vn\/wp-content\/uploads\/2024\/11\/black-5.jpg",400,457,false],"woocommerce_thumbnail":["https:\/\/trading.hhg.vn\/wp-content\/uploads\/2024\/11\/black-5.jpg",400,457,false],"woocommerce_single":["https:\/\/trading.hhg.vn\/wp-content\/uploads\/2024\/11\/black-5.jpg",400,457,false],"woocommerce_gallery_thumbnail":["https:\/\/trading.hhg.vn\/wp-content\/uploads\/2024\/11\/black-5-150x171.jpg",150,171,true],"portfolio_item-thumbnail":["https:\/\/trading.hhg.vn\/wp-content\/uploads\/2024\/11\/black-5.jpg",350,400,false],"portfolio_item-thumbnail@2x":["https:\/\/trading.hhg.vn\/wp-content\/uploads\/2024\/11\/black-5.jpg",400,457,false],"portfolio_item-masonry":["https:\/\/trading.hhg.vn\/wp-content\/uploads\/2024\/11\/black-5.jpg",400,457,false],"portfolio_item-masonry@2x":["https:\/\/trading.hhg.vn\/wp-content\/uploads\/2024\/11\/black-5.jpg",400,457,false],"portfolio_item-thumbnail_cinema":["https:\/\/trading.hhg.vn\/wp-content\/uploads\/2024\/11\/black-5.jpg",293,335,false],"portfolio_item-thumbnail_portrait":["https:\/\/trading.hhg.vn\/wp-content\/uploads\/2024\/11\/black-5.jpg",400,457,false],"portfolio_item-thumbnail_portrait@2x":["https:\/\/trading.hhg.vn\/wp-content\/uploads\/2024\/11\/black-5.jpg",400,457,false],"portfolio_item-thumbnail_square":["https:\/\/trading.hhg.vn\/wp-content\/uploads\/2024\/11\/black-5.jpg",400,457,false]},"_links":{"self":[{"href":"https:\/\/trading.hhg.vn\/en\/wp-json\/wp\/v2\/product\/4076","targetHints":{"allow":["GET"]}}],"collection":[{"href":"https:\/\/trading.hhg.vn\/en\/wp-json\/wp\/v2\/product"}],"about":[{"href":"https:\/\/trading.hhg.vn\/en\/wp-json\/wp\/v2\/types\/product"}],"replies":[{"embeddable":true,"href":"https:\/\/trading.hhg.vn\/en\/wp-json\/wp\/v2\/comments?post=4076"}],"version-history":[{"count":2,"href":"https:\/\/trading.hhg.vn\/en\/wp-json\/wp\/v2\/product\/4076\/revisions"}],"predecessor-version":[{"id":4088,"href":"https:\/\/trading.hhg.vn\/en\/wp-json\/wp\/v2\/product\/4076\/revisions\/4088"}],"wp:featuredmedia":[{"embeddable":true,"href":"https:\/\/trading.hhg.vn\/en\/wp-json\/wp\/v2\/media\/4085"}],"wp:attachment":[{"href":"https:\/\/trading.hhg.vn\/en\/wp-json\/wp\/v2\/media?parent=4076"}],"wp:term":[{"taxonomy":"product_cat","embeddable":true,"href":"https:\/\/trading.hhg.vn\/en\/wp-json\/wp\/v2\/product_cat?post=4076"},{"taxonomy":"product_tag","embeddable":true,"href":"https:\/\/trading.hhg.vn\/en\/wp-json\/wp\/v2\/product_tag?post=4076"}],"curies":[{"name":"wp","href":"https:\/\/api.w.org\/{rel}","templated":true}]}}