{"id":41154,"date":"2025-11-21T06:21:06","date_gmt":"2025-11-20T23:21:06","guid":{"rendered":"https:\/\/trading.hhg.vn\/product\/phu-tung-keo-dai-25-mm-cho-sen-tam-tay-gat-don-gan-tuong\/"},"modified":"2026-01-28T07:49:17","modified_gmt":"2026-01-28T00:49:17","slug":"phu-tung-keo-dai-25-mm-cho-sen-tam-tay-gat-don-gan-tuong","status":"publish","type":"product","link":"https:\/\/trading.hhg.vn\/en\/s\u1ea3n-ph\u1ea9m\/phu-tung-keo-dai-25-mm-cho-sen-tam-tay-gat-don-gan-tuong\/","title":{"rendered":"Ph\u1ee5 t\u00f9ng k\u00e9o d\u00e0i 25 mm cho sen t\u1eafm tay g\u1ea1t \u0111\u01a1n g\u1eafn t\u01b0\u1eddng"},"content":{"rendered":"","protected":false},"excerpt":{"rendered":"<p>N\u00e2ng t\u1ea7m kh\u00f4ng gian t\u1eafm v\u1edbi ph\u1ee5 ki\u1ec7n k\u00e9o d\u00e0i 25mm, thi\u1ebft k\u1ebf tinh x\u1ea3o d\u00e0nh ri\u00eang cho sen t\u1eafm tay g\u1ea1t \u0111\u01a1n g\u1eafn t\u01b0\u1eddng. T\u1eebng \u0111\u01b0\u1eddng n\u00e9t \u0111\u01b0\u1ee3c ch\u0103m ch\u00fat t\u1ec9 m\u1ec9, kh\u00f4ng ch\u1ec9 b\u1ed5 sung s\u1ef1 ti\u1ec7n nghi m\u00e0 c\u00f2n ki\u1ebfn t\u1ea1o m\u1ed9t t\u1ed5ng th\u1ec3 sang tr\u1ecdng, li\u1ec1n m\u1ea1ch. Tr\u1ea3i nghi\u1ec7m l\u00e0n n\u01b0\u1edbc m\u1ec1m m\u1ea1i, th\u01b0 th\u00e1i h\u01a1n bao gi\u1edd h\u1ebft nh\u1edd s\u1ef1 c\u00e2n ch\u1ec9nh ho\u00e0n h\u1ea3o, mang \u0111\u1ebfn kho\u1ea3nh kh\u1eafc th\u01b0 gi\u00e3n tuy\u1ec7t \u0111\u1ed1i cho m\u1ed7i l\u1ea7n s\u1eed d\u1ee5ng. \u0110\u00e2y l\u00e0 \u0111i\u1ec3m nh\u1ea5n tinh t\u1ebf, kh\u1eb3ng \u0111\u1ecbnh phong c\u00e1ch s\u1ed1ng \u0111\u1eb3ng c\u1ea5p c\u1ee7a b\u1ea1n.<\/p>\n","protected":false},"featured_media":41152,"comment_status":"open","ping_status":"closed","template":"","meta":{"_acf_changed":false},"product_cat":[714],"product_tag":[],"class_list":{"0":"post-41154","1":"product","2":"type-product","3":"status-publish","4":"has-post-thumbnail","6":"product_cat-phu-kien-lap-dat","8":"first","9":"instock","10":"shipping-taxable","11":"purchasable","12":"product-type-simple"},"acf":[],"featured_media_urls":{"thumbnail":["https:\/\/trading.hhg.vn\/wp-content\/uploads\/2025\/11\/154__hpb01292_tif-150x150.png",150,150,true],"medium":["https:\/\/trading.hhg.vn\/wp-content\/uploads\/2025\/11\/154__hpb01292_tif-262x300.png",262,300,true],"medium_large":["https:\/\/trading.hhg.vn\/wp-content\/uploads\/2025\/11\/154__hpb01292_tif-768x878.png",768,878,true],"large":["https:\/\/trading.hhg.vn\/wp-content\/uploads\/2025\/11\/154__hpb01292_tif-896x1024.png",896,1024,true],"1536x1536":["https:\/\/trading.hhg.vn\/wp-content\/uploads\/2025\/11\/154__hpb01292_tif-1344x1536.png",1344,1536,true],"2048x2048":["https:\/\/trading.hhg.vn\/wp-content\/uploads\/2025\/11\/154__hpb01292_tif.png",1440,1646,false],"woocommerce_thumbnail":["https:\/\/trading.hhg.vn\/wp-content\/uploads\/2025\/11\/154__hpb01292_tif-600x600.png",600,600,true],"woocommerce_single":["https:\/\/trading.hhg.vn\/wp-content\/uploads\/2025\/11\/154__hpb01292_tif-1200x1372.png",1200,1372,true],"woocommerce_gallery_thumbnail":["https:\/\/trading.hhg.vn\/wp-content\/uploads\/2025\/11\/154__hpb01292_tif-150x171.png",150,171,true],"portfolio_item-thumbnail":["https:\/\/trading.hhg.vn\/wp-content\/uploads\/2025\/11\/154__hpb01292_tif.png",350,400,false],"portfolio_item-thumbnail@2x":["https:\/\/trading.hhg.vn\/wp-content\/uploads\/2025\/11\/154__hpb01292_tif.png",700,800,false],"portfolio_item-masonry":["https:\/\/trading.hhg.vn\/wp-content\/uploads\/2025\/11\/154__hpb01292_tif.png",600,686,false],"portfolio_item-masonry@2x":["https:\/\/trading.hhg.vn\/wp-content\/uploads\/2025\/11\/154__hpb01292_tif.png",1200,1372,false],"portfolio_item-thumbnail_cinema":["https:\/\/trading.hhg.vn\/wp-content\/uploads\/2025\/11\/154__hpb01292_tif.png",293,335,false],"portfolio_item-thumbnail_portrait":["https:\/\/trading.hhg.vn\/wp-content\/uploads\/2025\/11\/154__hpb01292_tif.png",600,686,false],"portfolio_item-thumbnail_portrait@2x":["https:\/\/trading.hhg.vn\/wp-content\/uploads\/2025\/11\/154__hpb01292_tif.png",1200,1372,false],"portfolio_item-thumbnail_square":["https:\/\/trading.hhg.vn\/wp-content\/uploads\/2025\/11\/154__hpb01292_tif.png",700,800,false]},"_links":{"self":[{"href":"https:\/\/trading.hhg.vn\/en\/wp-json\/wp\/v2\/product\/41154","targetHints":{"allow":["GET"]}}],"collection":[{"href":"https:\/\/trading.hhg.vn\/en\/wp-json\/wp\/v2\/product"}],"about":[{"href":"https:\/\/trading.hhg.vn\/en\/wp-json\/wp\/v2\/types\/product"}],"replies":[{"embeddable":true,"href":"https:\/\/trading.hhg.vn\/en\/wp-json\/wp\/v2\/comments?post=41154"}],"version-history":[{"count":0,"href":"https:\/\/trading.hhg.vn\/en\/wp-json\/wp\/v2\/product\/41154\/revisions"}],"wp:featuredmedia":[{"embeddable":true,"href":"https:\/\/trading.hhg.vn\/en\/wp-json\/wp\/v2\/media\/41152"}],"wp:attachment":[{"href":"https:\/\/trading.hhg.vn\/en\/wp-json\/wp\/v2\/media?parent=41154"}],"wp:term":[{"taxonomy":"product_cat","embeddable":true,"href":"https:\/\/trading.hhg.vn\/en\/wp-json\/wp\/v2\/product_cat?post=41154"},{"taxonomy":"product_tag","embeddable":true,"href":"https:\/\/trading.hhg.vn\/en\/wp-json\/wp\/v2\/product_tag?post=41154"}],"curies":[{"name":"wp","href":"https:\/\/api.w.org\/{rel}","templated":true}]}}