{"id":41705,"date":"2025-11-21T06:32:09","date_gmt":"2025-11-20T23:32:09","guid":{"rendered":"https:\/\/trading.hhg.vn\/?post_type=product&#038;p=41705"},"modified":"2026-01-28T07:46:13","modified_gmt":"2026-01-28T00:46:13","slug":"sen-tay-ve-sinh-1-duong-nuoc-e-ecosmart-dung-cho-nuoc-am-kem-gia-do-va-day-sen-125-cm-bidette","status":"publish","type":"product","link":"https:\/\/trading.hhg.vn\/en\/s\u1ea3n-ph\u1ea9m\/sen-tay-ve-sinh-1-duong-nuoc-e-ecosmart-dung-cho-nuoc-am-kem-gia-do-va-day-sen-125-cm-bidette\/","title":{"rendered":"Sen tay v\u1ec7 sinh 1 \u0111\u01b0\u1eddng n\u01b0\u1edbc E EcoSmart d\u00f9ng cho n\u01b0\u1edbc \u1ea5m k\u00e8m gi\u00e1 \u0111\u1ee1 v\u00e0 d\u00e2y sen 125 cm Bidette"},"content":{"rendered":"","protected":false},"excerpt":{"rendered":"<p>Sen tay Bidette E EcoSmart kh\u00f4ng ch\u1ec9 l\u00e0 m\u1ed9t thi\u1ebft b\u1ecb v\u1ec7 sinh, m\u00e0 c\u00f2n l\u00e0 \u0111i\u1ec3m nh\u1ea5n tinh t\u1ebf cho kh\u00f4ng gian ph\u00f2ng t\u1eafm hi\u1ec7n \u0111\u1ea1i. V\u1edbi thi\u1ebft k\u1ebf t\u1ed1i gi\u1ea3n, sang tr\u1ecdng c\u00f9ng ch\u1ea5t li\u1ec7u cao c\u1ea5p, s\u1ea3n ph\u1ea9m mang \u0111\u1ebfn s\u1ef1 ti\u1ec7n nghi v\u00e0 v\u1ebb \u0111\u1eb9p v\u01b0\u1ee3t th\u1eddi gian. \u0110\u01b0\u1eddng n\u01b0\u1edbc \u1ea5m duy nh\u1ea5t \u0111\u01b0\u1ee3c t\u00edch h\u1ee3p kh\u00e9o l\u00e9o, \u0111\u1ea3m b\u1ea3o tr\u1ea3i nghi\u1ec7m v\u1ec7 sinh tho\u1ea3i m\u00e1i v\u00e0 \u00eam \u00e1i, \u0111\u1eb7c bi\u1ec7t v\u00e0o nh\u1eefng ng\u00e0y se l\u1ea1nh. D\u00e2y sen d\u00e0i 125cm linh ho\u1ea1t c\u00f9ng gi\u00e1 \u0111\u1ee1 ti\u1ec7n l\u1ee3i, m\u1ecdi thao t\u00e1c tr\u1edf n\u00ean d\u1ec5 d\u00e0ng v\u00e0 thu\u1eadn ti\u1ec7n, n\u00e2ng t\u1ea7m \u0111\u1eb3ng c\u1ea5p kh\u00f4ng gian s\u1ed1ng c\u1ee7a b\u1ea1n.<\/p>\n","protected":false},"featured_media":41904,"comment_status":"open","ping_status":"closed","template":"","meta":{"_acf_changed":false},"product_cat":[870],"product_tag":[],"class_list":{"0":"post-41705","1":"product","2":"type-product","3":"status-publish","4":"has-post-thumbnail","6":"product_cat-tieu-nu","7":"pa_mau-sac-chrome","8":"pa_mau-sac-chrome-den-xuoc","9":"pa_mau-sac-den-mo","10":"pa_mau-sac-dong-xuoc","11":"pa_mau-sac-trang-mo","12":"pa_mau-sac-vang-bong","14":"first","15":"instock","16":"shipping-taxable","17":"purchasable","18":"product-type-variable"},"acf":[],"featured_media_urls":{"thumbnail":["https:\/\/trading.hhg.vn\/wp-content\/uploads\/2025\/11\/154__hpr04549_tif-150x150.png",150,150,true],"medium":["https:\/\/trading.hhg.vn\/wp-content\/uploads\/2025\/11\/154__hpr04549_tif-263x300.png",263,300,true],"medium_large":["https:\/\/trading.hhg.vn\/wp-content\/uploads\/2025\/11\/154__hpr04549_tif-768x878.png",768,878,true],"large":["https:\/\/trading.hhg.vn\/wp-content\/uploads\/2025\/11\/154__hpr04549_tif-896x1024.png",896,1024,true],"1536x1536":["https:\/\/trading.hhg.vn\/wp-content\/uploads\/2025\/11\/154__hpr04549_tif.png",1260,1440,false],"2048x2048":["https:\/\/trading.hhg.vn\/wp-content\/uploads\/2025\/11\/154__hpr04549_tif.png",1260,1440,false],"woocommerce_thumbnail":["https:\/\/trading.hhg.vn\/wp-content\/uploads\/2025\/11\/154__hpr04549_tif-600x600.png",600,600,true],"woocommerce_single":["https:\/\/trading.hhg.vn\/wp-content\/uploads\/2025\/11\/154__hpr04549_tif-1200x1371.png",1200,1371,true],"woocommerce_gallery_thumbnail":["https:\/\/trading.hhg.vn\/wp-content\/uploads\/2025\/11\/154__hpr04549_tif-150x171.png",150,171,true],"portfolio_item-thumbnail":["https:\/\/trading.hhg.vn\/wp-content\/uploads\/2025\/11\/154__hpr04549_tif.png",350,400,false],"portfolio_item-thumbnail@2x":["https:\/\/trading.hhg.vn\/wp-content\/uploads\/2025\/11\/154__hpr04549_tif.png",700,800,false],"portfolio_item-masonry":["https:\/\/trading.hhg.vn\/wp-content\/uploads\/2025\/11\/154__hpr04549_tif.png",600,686,false],"portfolio_item-masonry@2x":["https:\/\/trading.hhg.vn\/wp-content\/uploads\/2025\/11\/154__hpr04549_tif.png",1200,1371,false],"portfolio_item-thumbnail_cinema":["https:\/\/trading.hhg.vn\/wp-content\/uploads\/2025\/11\/154__hpr04549_tif.png",293,335,false],"portfolio_item-thumbnail_portrait":["https:\/\/trading.hhg.vn\/wp-content\/uploads\/2025\/11\/154__hpr04549_tif.png",600,686,false],"portfolio_item-thumbnail_portrait@2x":["https:\/\/trading.hhg.vn\/wp-content\/uploads\/2025\/11\/154__hpr04549_tif.png",1200,1371,false],"portfolio_item-thumbnail_square":["https:\/\/trading.hhg.vn\/wp-content\/uploads\/2025\/11\/154__hpr04549_tif.png",700,800,false]},"_links":{"self":[{"href":"https:\/\/trading.hhg.vn\/en\/wp-json\/wp\/v2\/product\/41705","targetHints":{"allow":["GET"]}}],"collection":[{"href":"https:\/\/trading.hhg.vn\/en\/wp-json\/wp\/v2\/product"}],"about":[{"href":"https:\/\/trading.hhg.vn\/en\/wp-json\/wp\/v2\/types\/product"}],"replies":[{"embeddable":true,"href":"https:\/\/trading.hhg.vn\/en\/wp-json\/wp\/v2\/comments?post=41705"}],"version-history":[{"count":2,"href":"https:\/\/trading.hhg.vn\/en\/wp-json\/wp\/v2\/product\/41705\/revisions"}],"predecessor-version":[{"id":117508,"href":"https:\/\/trading.hhg.vn\/en\/wp-json\/wp\/v2\/product\/41705\/revisions\/117508"}],"wp:featuredmedia":[{"embeddable":true,"href":"https:\/\/trading.hhg.vn\/en\/wp-json\/wp\/v2\/media\/41904"}],"wp:attachment":[{"href":"https:\/\/trading.hhg.vn\/en\/wp-json\/wp\/v2\/media?parent=41705"}],"wp:term":[{"taxonomy":"product_cat","embeddable":true,"href":"https:\/\/trading.hhg.vn\/en\/wp-json\/wp\/v2\/product_cat?post=41705"},{"taxonomy":"product_tag","embeddable":true,"href":"https:\/\/trading.hhg.vn\/en\/wp-json\/wp\/v2\/product_tag?post=41705"}],"curies":[{"name":"wp","href":"https:\/\/api.w.org\/{rel}","templated":true}]}}