{"id":41866,"date":"2025-11-21T06:33:50","date_gmt":"2025-11-20T23:33:50","guid":{"rendered":"https:\/\/trading.hhg.vn\/?post_type=product&#038;p=41866"},"modified":"2026-01-28T07:48:47","modified_gmt":"2026-01-28T00:48:47","slug":"voi-lavabo-tay-gat-joystick-220-kem-mieng-voi-bang-kinh-va-bo-xa-axor-starck-v","status":"publish","type":"product","link":"https:\/\/trading.hhg.vn\/en\/s\u1ea3n-ph\u1ea9m\/voi-lavabo-tay-gat-joystick-220-kem-mieng-voi-bang-kinh-va-bo-xa-axor-starck-v\/","title":{"rendered":"V\u00f2i lavabo tay g\u1ea1t joystick 220 k\u00e8m mi\u1ec7ng v\u00f2i b\u1eb1ng k\u00ednh v\u00e0 b\u1ed9 x\u1ea3 AXOR Starck V"},"content":{"rendered":"<p><img fetchpriority=\"high\" decoding=\"async\" class=\"alignnone wp-image-7559 aligncenter\" src=\"http:\/\/trading.hhg.vn\/wp-content\/uploads\/2025\/11\/AXOR-Starck-V-1.jpg\" alt=\"\" width=\"606\" height=\"454\" \/>AXOR Starck V l\u00e0 bi\u1ec3u t\u01b0\u1ee3ng c\u1ee7a thi\u1ebft k\u1ebf s\u00e1ng t\u1ea1o v\u00e0 tri\u1ebft l\u00fd t\u1ed1i gi\u1ea3n mang \u0111\u1eadm d\u1ea5u \u1ea5n Philippe Starck, n\u01a1i n\u01b0\u1edbc \u0111\u01b0\u1ee3c tr\u00ecnh di\u1ec5n nh\u01b0 m\u1ed9t t\u00e1c ph\u1ea9m ngh\u1ec7 thu\u1eadt. Th\u00e2n v\u00f2i trong su\u1ed1t b\u1eb1ng pha l\u00ea h\u00e9 l\u1ed9 chuy\u1ec3n \u0111\u1ed9ng xo\u00e1y t\u1ef1 nhi\u00ean c\u1ee7a d\u00f2ng n\u01b0\u1edbc, t\u1ea1o n\u00ean tr\u1ea3i nghi\u1ec7m t\u1eafm thu\u1ea7n khi\u1ebft v\u00e0 m\u00ea ho\u1eb7c.<\/p>\n<p>S\u1ea3n ph\u1ea9m \u0111\u01b0\u1ee3c ch\u1ebf t\u00e1c t\u1eeb k\u00ednh pha l\u00ea tinh khi\u1ebft ho\u1eb7c v\u1eadt li\u1ec7u composite trong su\u1ed1t, ch\u1ecbu l\u1ef1c v\u00e0 ch\u1ecbu nhi\u1ec7t cao, d\u1ec5 th\u00e1o r\u1eddi \u0111\u1ec3 v\u1ec7 sinh. Ch\u00e2n v\u00f2i b\u1eb1ng \u0111\u1ed3ng thau cao c\u1ea5p, gia c\u00f4ng ch\u00ednh x\u00e1c, t\u00edch h\u1ee3p \u0111\u1ea7u phun xo\u00e1y \u0111\u1ed9c quy\u1ec1n cho d\u00f2ng n\u01b0\u1edbc \u00eam d\u1ecbu, ti\u1ebft ki\u1ec7m v\u00e0 t\u1ef1 nhi\u00ean. C\u1ea5u tr\u00fac th\u00e1o l\u1eafp linh ho\u1ea1t c\u00f9ng t\u1ef7 l\u1ec7 tinh ch\u1ec9nh ho\u00e0n h\u1ea3o th\u1ec3 hi\u1ec7n k\u1ef9 ngh\u1ec7 ch\u1ebf t\u00e1c \u0110\u1ee9c v\u00e0 tinh th\u1ea7n thi\u1ebft k\u1ebf Ph\u00e1p \u2013 k\u1ebft tinh trong m\u1ed9t s\u1ea3n ph\u1ea9m v\u1eeba c\u00f4ng n\u0103ng, v\u1eeba ngh\u1ec7 thu\u1eadt.<\/p>\n","protected":false},"excerpt":{"rendered":"<p>Tr\u1ea3i nghi\u1ec7m \u0111\u1ec9nh cao c\u1ee7a s\u1ef1 tinh t\u1ebf v\u00e0 c\u00f4ng n\u0103ng v\u1edbi v\u00f2i lavabo AXOR Starck V. Thi\u1ebft k\u1ebf joystick \u0111\u1ed9t ph\u00e1 mang \u0111\u1ebfn thao t\u00e1c m\u01b0\u1ee3t m\u00e0, k\u1ebft h\u1ee3p c\u00f9ng mi\u1ec7ng v\u00f2i b\u1eb1ng k\u00ednh \u0111\u1ed9c \u0111\u00e1o, m\u1edf ra d\u00f2ng ch\u1ea3y cu\u1ed1n h\u00fat nh\u01b0 m\u1ed9t th\u00e1c n\u01b0\u1edbc thu nh\u1ecf. M\u1ed7i ch\u1ea1m, m\u1ed7i d\u00f2ng ch\u1ea3y \u0111\u1ec1u l\u00e0 s\u1ef1 h\u00f2a quy\u1ec7n gi\u1eefa th\u1ea9m m\u1ef9 v\u00e0 ti\u1ec7n nghi, bi\u1ebfn kh\u00f4ng gian ph\u00f2ng t\u1eafm th\u00e0nh m\u1ed9t t\u00e1c ph\u1ea9m ngh\u1ec7 thu\u1eadt s\u1ed1ng \u0111\u1ed9ng, n\u00e2ng t\u1ea7m m\u1ecdi gi\u00e1c quan v\u00e0 tr\u1ea3i nghi\u1ec7m s\u1eed d\u1ee5ng l\u00ean m\u1ed9t \u0111\u1eb3ng c\u1ea5p ho\u00e0n to\u00e0n m\u1edbi.<\/p>\n","protected":false},"featured_media":42121,"comment_status":"open","ping_status":"closed","template":"","meta":{"_acf_changed":false},"product_cat":[883],"product_tag":[],"class_list":{"0":"post-41866","1":"product","2":"type-product","3":"status-publish","4":"has-post-thumbnail","6":"product_cat-voi-chau-2","7":"pa_mau-sac-chrome","8":"pa_mau-sac-chrome-den-xuoc","9":"pa_mau-sac-dong-thau-xuoc","10":"pa_mau-sac-dong-xuoc","11":"pa_mau-sac-niken-xuoc","12":"pa_mau-sac-vang-bong","13":"pa_mau-sac-vang-hong-bong","14":"pa_mau-sac-vang-hong-xuoc","15":"pa_mau-sac-vang-xuoc","16":"pa_mau-sac-chrome-den-bong-en","18":"first","19":"instock","20":"shipping-taxable","21":"purchasable","22":"product-type-variable"},"acf":[],"featured_media_urls":{"thumbnail":["https:\/\/trading.hhg.vn\/wp-content\/uploads\/2025\/11\/154__apa00477_tif-150x150.png",150,150,true],"medium":["https:\/\/trading.hhg.vn\/wp-content\/uploads\/2025\/11\/154__apa00477_tif-263x300.png",263,300,true],"medium_large":["https:\/\/trading.hhg.vn\/wp-content\/uploads\/2025\/11\/154__apa00477_tif-768x878.png",768,878,true],"large":["https:\/\/trading.hhg.vn\/wp-content\/uploads\/2025\/11\/154__apa00477_tif-896x1024.png",896,1024,true],"1536x1536":["https:\/\/trading.hhg.vn\/wp-content\/uploads\/2025\/11\/154__apa00477_tif.png",1260,1440,false],"2048x2048":["https:\/\/trading.hhg.vn\/wp-content\/uploads\/2025\/11\/154__apa00477_tif.png",1260,1440,false],"woocommerce_thumbnail":["https:\/\/trading.hhg.vn\/wp-content\/uploads\/2025\/11\/154__apa00477_tif-600x600.png",600,600,true],"woocommerce_single":["https:\/\/trading.hhg.vn\/wp-content\/uploads\/2025\/11\/154__apa00477_tif-1200x1371.png",1200,1371,true],"woocommerce_gallery_thumbnail":["https:\/\/trading.hhg.vn\/wp-content\/uploads\/2025\/11\/154__apa00477_tif-150x171.png",150,171,true],"portfolio_item-thumbnail":["https:\/\/trading.hhg.vn\/wp-content\/uploads\/2025\/11\/154__apa00477_tif.png",350,400,false],"portfolio_item-thumbnail@2x":["https:\/\/trading.hhg.vn\/wp-content\/uploads\/2025\/11\/154__apa00477_tif.png",700,800,false],"portfolio_item-masonry":["https:\/\/trading.hhg.vn\/wp-content\/uploads\/2025\/11\/154__apa00477_tif.png",600,686,false],"portfolio_item-masonry@2x":["https:\/\/trading.hhg.vn\/wp-content\/uploads\/2025\/11\/154__apa00477_tif.png",1200,1371,false],"portfolio_item-thumbnail_cinema":["https:\/\/trading.hhg.vn\/wp-content\/uploads\/2025\/11\/154__apa00477_tif.png",293,335,false],"portfolio_item-thumbnail_portrait":["https:\/\/trading.hhg.vn\/wp-content\/uploads\/2025\/11\/154__apa00477_tif.png",600,686,false],"portfolio_item-thumbnail_portrait@2x":["https:\/\/trading.hhg.vn\/wp-content\/uploads\/2025\/11\/154__apa00477_tif.png",1200,1371,false],"portfolio_item-thumbnail_square":["https:\/\/trading.hhg.vn\/wp-content\/uploads\/2025\/11\/154__apa00477_tif.png",700,800,false]},"_links":{"self":[{"href":"https:\/\/trading.hhg.vn\/en\/wp-json\/wp\/v2\/product\/41866","targetHints":{"allow":["GET"]}}],"collection":[{"href":"https:\/\/trading.hhg.vn\/en\/wp-json\/wp\/v2\/product"}],"about":[{"href":"https:\/\/trading.hhg.vn\/en\/wp-json\/wp\/v2\/types\/product"}],"replies":[{"embeddable":true,"href":"https:\/\/trading.hhg.vn\/en\/wp-json\/wp\/v2\/comments?post=41866"}],"version-history":[{"count":2,"href":"https:\/\/trading.hhg.vn\/en\/wp-json\/wp\/v2\/product\/41866\/revisions"}],"predecessor-version":[{"id":117513,"href":"https:\/\/trading.hhg.vn\/en\/wp-json\/wp\/v2\/product\/41866\/revisions\/117513"}],"wp:featuredmedia":[{"embeddable":true,"href":"https:\/\/trading.hhg.vn\/en\/wp-json\/wp\/v2\/media\/42121"}],"wp:attachment":[{"href":"https:\/\/trading.hhg.vn\/en\/wp-json\/wp\/v2\/media?parent=41866"}],"wp:term":[{"taxonomy":"product_cat","embeddable":true,"href":"https:\/\/trading.hhg.vn\/en\/wp-json\/wp\/v2\/product_cat?post=41866"},{"taxonomy":"product_tag","embeddable":true,"href":"https:\/\/trading.hhg.vn\/en\/wp-json\/wp\/v2\/product_tag?post=41866"}],"curies":[{"name":"wp","href":"https:\/\/api.w.org\/{rel}","templated":true}]}}