{"id":42613,"date":"2025-11-21T06:44:42","date_gmt":"2025-11-20T23:44:42","guid":{"rendered":"https:\/\/trading.hhg.vn\/product\/bon-cau-treo-tuong-aquafall-flush-smartclean-kem-nap-va-be-ngoi-softclose-va-quickrelease-elupura-q\/"},"modified":"2025-11-21T06:44:42","modified_gmt":"2025-11-20T23:44:42","slug":"bon-cau-treo-tuong-aquafall-flush-smartclean-kem-nap-va-be-ngoi-softclose-va-quickrelease-elupura-q","status":"publish","type":"product","link":"https:\/\/trading.hhg.vn\/en\/s\u1ea3n-ph\u1ea9m\/bon-cau-treo-tuong-aquafall-flush-smartclean-kem-nap-va-be-ngoi-softclose-va-quickrelease-elupura-q\/","title":{"rendered":"B\u1ed3n c\u1ea7u treo t\u01b0\u1eddng AquaFall Flush, SmartClean k\u00e8m n\u1eafp v\u00e0 b\u1ec7 ng\u1ed3i SoftClose v\u00e0 QuickRelease EluPura Q"},"content":{"rendered":"","protected":false},"excerpt":{"rendered":"<p>EluPura Q AquaFall Flush, b\u1ed3n c\u1ea7u treo t\u01b0\u1eddng v\u1edbi \u0111\u01b0\u1eddng n\u00e9t t\u1ed1i gi\u1ea3n tinh x\u1ea3o, \u0111\u1ecbnh h\u00ecnh kh\u00f4ng gian thanh l\u1ecbch cho ph\u00f2ng t\u1eafm hi\u1ec7n \u0111\u1ea1i. C\u00f4ng ngh\u1ec7 SmartClean v\u00e0 h\u1ec7 th\u1ed1ng x\u1ea3 AquaFall Flush m\u1ea1nh m\u1ebd, cu\u1ed1n tr\u00f4i m\u1ecdi lo \u00e2u, gi\u1eef g\u00ecn v\u1ebb s\u1ea1ch s\u1ebd kh\u00f4ng t\u00ec v\u1ebft. N\u1eafp v\u00e0 b\u1ec7 ng\u1ed3i SoftClose \u00eam \u00e1i, kh\u1ebd kh\u00e0ng n\u00e2ng niu tr\u1ea3i nghi\u1ec7m, c\u00f9ng t\u00ednh n\u0103ng QuickRelease ti\u1ec7n l\u1ee3i, ki\u1ebfn t\u1ea1o s\u1ef1 d\u1ec5 d\u00e0ng trong v\u1ec7 sinh. EluPura Q kh\u00f4ng ch\u1ec9 l\u00e0 thi\u1ebft b\u1ecb, m\u00e0 l\u00e0 m\u1ed9t bi\u1ec3u t\u01b0\u1ee3ng c\u1ee7a s\u1ef1 tinh t\u1ebf, n\u01a1i c\u00f4ng n\u0103ng v\u00e0 thi\u1ebft k\u1ebf h\u00f2a quy\u1ec7n, mang \u0111\u1ebfn c\u1ea3m gi\u00e1c th\u01b0 th\u00e1i v\u00e0 \u0111\u1eb3ng c\u1ea5p.<\/p>\n","protected":false},"featured_media":25577,"comment_status":"open","ping_status":"closed","template":"","meta":{"_acf_changed":false},"product_cat":[884],"product_tag":[],"class_list":{"0":"post-42613","1":"product","2":"type-product","3":"status-publish","4":"has-post-thumbnail","6":"product_cat-bon-cau","7":"pa_mau-sac-trang","9":"first","10":"instock","11":"shipping-taxable","12":"product-type-simple"},"acf":[],"featured_media_urls":{"thumbnail":["https:\/\/trading.hhg.vn\/wp-content\/uploads\/2025\/11\/154__hpr05813_tif-150x150.png",150,150,true],"medium":["https:\/\/trading.hhg.vn\/wp-content\/uploads\/2025\/11\/154__hpr05813_tif-262x300.png",262,300,true],"medium_large":["https:\/\/trading.hhg.vn\/wp-content\/uploads\/2025\/11\/154__hpr05813_tif-768x878.png",768,878,true],"large":["https:\/\/trading.hhg.vn\/wp-content\/uploads\/2025\/11\/154__hpr05813_tif-896x1024.png",896,1024,true],"1536x1536":["https:\/\/trading.hhg.vn\/wp-content\/uploads\/2025\/11\/154__hpr05813_tif-1344x1536.png",1344,1536,true],"2048x2048":["https:\/\/trading.hhg.vn\/wp-content\/uploads\/2025\/11\/154__hpr05813_tif.png",1440,1646,false],"woocommerce_thumbnail":["https:\/\/trading.hhg.vn\/wp-content\/uploads\/2025\/11\/154__hpr05813_tif-600x600.png",600,600,true],"woocommerce_single":["https:\/\/trading.hhg.vn\/wp-content\/uploads\/2025\/11\/154__hpr05813_tif-1200x1372.png",1200,1372,true],"woocommerce_gallery_thumbnail":["https:\/\/trading.hhg.vn\/wp-content\/uploads\/2025\/11\/154__hpr05813_tif-150x171.png",150,171,true],"portfolio_item-thumbnail":["https:\/\/trading.hhg.vn\/wp-content\/uploads\/2025\/11\/154__hpr05813_tif.png",350,400,false],"portfolio_item-thumbnail@2x":["https:\/\/trading.hhg.vn\/wp-content\/uploads\/2025\/11\/154__hpr05813_tif.png",700,800,false],"portfolio_item-masonry":["https:\/\/trading.hhg.vn\/wp-content\/uploads\/2025\/11\/154__hpr05813_tif.png",600,686,false],"portfolio_item-masonry@2x":["https:\/\/trading.hhg.vn\/wp-content\/uploads\/2025\/11\/154__hpr05813_tif.png",1200,1372,false],"portfolio_item-thumbnail_cinema":["https:\/\/trading.hhg.vn\/wp-content\/uploads\/2025\/11\/154__hpr05813_tif.png",293,335,false],"portfolio_item-thumbnail_portrait":["https:\/\/trading.hhg.vn\/wp-content\/uploads\/2025\/11\/154__hpr05813_tif.png",600,686,false],"portfolio_item-thumbnail_portrait@2x":["https:\/\/trading.hhg.vn\/wp-content\/uploads\/2025\/11\/154__hpr05813_tif.png",1200,1372,false],"portfolio_item-thumbnail_square":["https:\/\/trading.hhg.vn\/wp-content\/uploads\/2025\/11\/154__hpr05813_tif.png",700,800,false]},"_links":{"self":[{"href":"https:\/\/trading.hhg.vn\/en\/wp-json\/wp\/v2\/product\/42613","targetHints":{"allow":["GET"]}}],"collection":[{"href":"https:\/\/trading.hhg.vn\/en\/wp-json\/wp\/v2\/product"}],"about":[{"href":"https:\/\/trading.hhg.vn\/en\/wp-json\/wp\/v2\/types\/product"}],"replies":[{"embeddable":true,"href":"https:\/\/trading.hhg.vn\/en\/wp-json\/wp\/v2\/comments?post=42613"}],"version-history":[{"count":0,"href":"https:\/\/trading.hhg.vn\/en\/wp-json\/wp\/v2\/product\/42613\/revisions"}],"wp:featuredmedia":[{"embeddable":true,"href":"https:\/\/trading.hhg.vn\/en\/wp-json\/wp\/v2\/media\/25577"}],"wp:attachment":[{"href":"https:\/\/trading.hhg.vn\/en\/wp-json\/wp\/v2\/media?parent=42613"}],"wp:term":[{"taxonomy":"product_cat","embeddable":true,"href":"https:\/\/trading.hhg.vn\/en\/wp-json\/wp\/v2\/product_cat?post=42613"},{"taxonomy":"product_tag","embeddable":true,"href":"https:\/\/trading.hhg.vn\/en\/wp-json\/wp\/v2\/product_tag?post=42613"}],"curies":[{"name":"wp","href":"https:\/\/api.w.org\/{rel}","templated":true}]}}