{"id":44022,"date":"2025-11-21T07:23:03","date_gmt":"2025-11-21T00:23:03","guid":{"rendered":"https:\/\/trading.hhg.vn\/?post_type=product&#038;p=44022"},"modified":"2025-11-21T07:23:37","modified_gmt":"2025-11-21T00:23:37","slug":"chau-rua-400-400-khong-lo-voi-va-khong-lo-tran-xuniva-evo-e","status":"publish","type":"product","link":"https:\/\/trading.hhg.vn\/en\/s\u1ea3n-ph\u1ea9m\/chau-rua-400-400-khong-lo-voi-va-khong-lo-tran-xuniva-evo-e\/","title":{"rendered":"Ch\u1eadu r\u1eeda 400\/400 kh\u00f4ng l\u1ed7 v\u00f2i v\u00e0 kh\u00f4ng l\u1ed7 tr\u00e0n Xuniva Evo E"},"content":{"rendered":"<p><img fetchpriority=\"high\" decoding=\"async\" class=\"alignnone wp-image-7559 aligncenter\" src=\"http:\/\/trading.hhg.vn\/wp-content\/uploads\/2025\/11\/xuniva-evo-1.png\" alt=\"\" width=\"606\" height=\"454\" \/>D\u00f2ng s\u1ea3n ph\u1ea9m Hansgrohe Xuniva Evo l\u00e0 m\u1ed9t b\u01b0\u1edbc ti\u1ebfn v\u01b0\u1ee3t b\u1eadc trong ph\u00e2n kh\u00fac ch\u1eadu r\u1eeda cao c\u1ea5p, l\u1ea5y c\u1ea3m h\u1ee9ng t\u1eeb h\u1ed3 v\u00f4 c\u1ef1c v\u1edbi d\u00f2ng ch\u1ea3y n\u01b0\u1edbc nh\u1eb9 nh\u00e0ng h\u01b0\u1edbng t\u1edbi ng\u01b0\u1eddi d\u00f9ng \u2014 m\u1ed9t thi\u1ebft k\u1ebf nh\u01b0 \u00f4m l\u1ea5y c\u1ea3m gi\u00e1c th\u01b0 gi\u00e3n. <\/p>\n<p>V\u1edbi c\u1ea5u tr\u00fac b\u1ec1 m\u1eb7t m\u1ecfng v\u00e0 c\u00e1c c\u1ea1nh bo tinh t\u1ebf, Xuniva Evo th\u1ec3 hi\u1ec7n v\u1ebb \u0111\u1eb9p thanh l\u1ecbch v\u01b0\u1ee3t th\u1eddi gian. \u0110\u0129a tho\u00e1t n\u01b0\u1edbc \u0111\u01b0\u1ee3c gi\u1ea5u tinh t\u1ebf \u1edf ph\u00eda tr\u01b0\u1edbc, t\u1ea1o n\u00ean \u1ea5n t\u01b0\u1ee3ng ch\u1eadu \u201cn\u1ed5i\u201d nh\u1eb9 nh\u00e0ng tr\u00ean b\u00e0n lavabo. D\u00f2ng s\u1ea3n ph\u1ea9m cung c\u1ea5p nhi\u1ec1u h\u00ecnh d\u1ea1ng \u2014 nh\u01b0 h\u00ecnh tr\u00f2n (S), h\u00ecnh ch\u1eef nh\u1eadt\/vu\u00f4ng (E) v\u00e0 \u201cRaceTrack\u201d (U) \u2014 c\u00f9ng nhi\u1ec1u t\u00f9y ch\u1ecdn m\u00e0u s\u1eafc hi\u1ec7n \u0111\u1ea1i nh\u01b0 White, Matt White, Matt Sand Beige, Matt Slate Grey v\u00e0 Matt Black, gi\u00fap c\u00e1 nh\u00e2n h\u00f3a kh\u00f4ng gian ph\u00f2ng t\u1eafm. <\/p>\n<p>Xuniva Evo c\u00f2n ch\u00fa tr\u1ecdng \u0111\u1ebfn ti\u1ec7n \u00edch th\u1ef1c t\u1ebf: ch\u1eadu r\u1eeda tr\u00e1ng men ch\u1ed1ng b\u00e1m b\u1ea9n SmartClean v\u00e0 t\u00f9y ch\u1ecdn HygieneEffect gi\u00fap vi\u1ec7c v\u1ec7 sinh tr\u1edf n\u00ean d\u1ec5 d\u00e0ng h\u01a1n bao gi\u1edd h\u1ebft.<\/p>\n","protected":false},"excerpt":{"rendered":"<p>V\u1edbi Xuniva Evo E, ch\u1eadu r\u1eeda 400\/400 kh\u00f4ng ch\u1ec9 l\u00e0 thi\u1ebft b\u1ecb m\u00e0 c\u00f2n l\u00e0 tuy\u00ean ng\u00f4n thi\u1ebft k\u1ebf. T\u1ed1i gi\u1ea3n trong t\u1eebng \u0111\u01b0\u1eddng n\u00e9t, s\u1ea3n ph\u1ea9m h\u00f2a quy\u1ec7n tinh t\u1ebf v\u00e0o kh\u00f4ng gian hi\u1ec7n \u0111\u1ea1i. Kh\u00f4ng l\u1ed7 v\u00f2i hay l\u1ed7 tr\u00e0n, m\u1eb7t ch\u1eadu ph\u1eb3ng m\u1ecbn t\u1ea1o n\u00ean v\u1ebb \u0111\u1eb9p li\u1ec1n m\u1ea1ch, sang tr\u1ecdng, d\u1ec5 d\u00e0ng v\u1ec7 sinh, \u0111\u1ed3ng th\u1eddi t\u1ed1i \u01b0u h\u00f3a di\u1ec7n t\u00edch s\u1eed d\u1ee5ng. Tr\u1ea3i nghi\u1ec7m s\u1ef1 ti\u1ec7n nghi v\u00e0 v\u1ebb \u0111\u1eb9p b\u1ec1n v\u1eefng, n\u00e2ng t\u1ea7m phong c\u00e1ch s\u1ed1ng c\u1ee7a b\u1ea1n.<\/p>\n","protected":false},"featured_media":17460,"comment_status":"open","ping_status":"closed","template":"","meta":{"_acf_changed":false},"product_cat":[71],"product_tag":[],"class_list":{"0":"post-44022","1":"product","2":"type-product","3":"status-publish","4":"has-post-thumbnail","6":"product_cat-chau","7":"pa_mau-sac-den-mo","8":"pa_mau-sac-trang-mo","9":"pa_mau-sac-be","10":"pa_mau-sac-trang","11":"pa_mau-sac-xam-da-phien","13":"first","14":"instock","15":"shipping-taxable","16":"product-type-variable"},"acf":[],"featured_media_urls":{"thumbnail":["https:\/\/trading.hhg.vn\/wp-content\/uploads\/2025\/11\/154__hpr07688_tif-150x150.png",150,150,true],"medium":["https:\/\/trading.hhg.vn\/wp-content\/uploads\/2025\/11\/154__hpr07688_tif-262x300.png",262,300,true],"medium_large":["https:\/\/trading.hhg.vn\/wp-content\/uploads\/2025\/11\/154__hpr07688_tif-768x878.png",768,878,true],"large":["https:\/\/trading.hhg.vn\/wp-content\/uploads\/2025\/11\/154__hpr07688_tif-896x1024.png",896,1024,true],"1536x1536":["https:\/\/trading.hhg.vn\/wp-content\/uploads\/2025\/11\/154__hpr07688_tif-1344x1536.png",1344,1536,true],"2048x2048":["https:\/\/trading.hhg.vn\/wp-content\/uploads\/2025\/11\/154__hpr07688_tif.png",1440,1646,false],"woocommerce_thumbnail":["https:\/\/trading.hhg.vn\/wp-content\/uploads\/2025\/11\/154__hpr07688_tif-600x600.png",600,600,true],"woocommerce_single":["https:\/\/trading.hhg.vn\/wp-content\/uploads\/2025\/11\/154__hpr07688_tif-1200x1372.png",1200,1372,true],"woocommerce_gallery_thumbnail":["https:\/\/trading.hhg.vn\/wp-content\/uploads\/2025\/11\/154__hpr07688_tif-150x171.png",150,171,true],"portfolio_item-thumbnail":["https:\/\/trading.hhg.vn\/wp-content\/uploads\/2025\/11\/154__hpr07688_tif.png",350,400,false],"portfolio_item-thumbnail@2x":["https:\/\/trading.hhg.vn\/wp-content\/uploads\/2025\/11\/154__hpr07688_tif.png",700,800,false],"portfolio_item-masonry":["https:\/\/trading.hhg.vn\/wp-content\/uploads\/2025\/11\/154__hpr07688_tif.png",600,686,false],"portfolio_item-masonry@2x":["https:\/\/trading.hhg.vn\/wp-content\/uploads\/2025\/11\/154__hpr07688_tif.png",1200,1372,false],"portfolio_item-thumbnail_cinema":["https:\/\/trading.hhg.vn\/wp-content\/uploads\/2025\/11\/154__hpr07688_tif.png",293,335,false],"portfolio_item-thumbnail_portrait":["https:\/\/trading.hhg.vn\/wp-content\/uploads\/2025\/11\/154__hpr07688_tif.png",600,686,false],"portfolio_item-thumbnail_portrait@2x":["https:\/\/trading.hhg.vn\/wp-content\/uploads\/2025\/11\/154__hpr07688_tif.png",1200,1372,false],"portfolio_item-thumbnail_square":["https:\/\/trading.hhg.vn\/wp-content\/uploads\/2025\/11\/154__hpr07688_tif.png",700,800,false]},"_links":{"self":[{"href":"https:\/\/trading.hhg.vn\/en\/wp-json\/wp\/v2\/product\/44022","targetHints":{"allow":["GET"]}}],"collection":[{"href":"https:\/\/trading.hhg.vn\/en\/wp-json\/wp\/v2\/product"}],"about":[{"href":"https:\/\/trading.hhg.vn\/en\/wp-json\/wp\/v2\/types\/product"}],"replies":[{"embeddable":true,"href":"https:\/\/trading.hhg.vn\/en\/wp-json\/wp\/v2\/comments?post=44022"}],"version-history":[{"count":1,"href":"https:\/\/trading.hhg.vn\/en\/wp-json\/wp\/v2\/product\/44022\/revisions"}],"predecessor-version":[{"id":44039,"href":"https:\/\/trading.hhg.vn\/en\/wp-json\/wp\/v2\/product\/44022\/revisions\/44039"}],"wp:featuredmedia":[{"embeddable":true,"href":"https:\/\/trading.hhg.vn\/en\/wp-json\/wp\/v2\/media\/17460"}],"wp:attachment":[{"href":"https:\/\/trading.hhg.vn\/en\/wp-json\/wp\/v2\/media?parent=44022"}],"wp:term":[{"taxonomy":"product_cat","embeddable":true,"href":"https:\/\/trading.hhg.vn\/en\/wp-json\/wp\/v2\/product_cat?post=44022"},{"taxonomy":"product_tag","embeddable":true,"href":"https:\/\/trading.hhg.vn\/en\/wp-json\/wp\/v2\/product_tag?post=44022"}],"curies":[{"name":"wp","href":"https:\/\/api.w.org\/{rel}","templated":true}]}}