{"id":4487,"date":"2024-11-28T14:18:36","date_gmt":"2024-11-28T07:18:36","guid":{"rendered":"https:\/\/trading.hhg.vn\/?post_type=product&#038;p=4487"},"modified":"2025-01-08T16:55:37","modified_gmt":"2025-01-08T09:55:37","slug":"voi-sen-cam-tay-raindance-select-s-120-3-che-do-nuoc-powderrain","status":"publish","type":"product","link":"https:\/\/trading.hhg.vn\/en\/product\/voi-sen-cam-tay-raindance-select-s-120-3-che-do-nuoc-powderrain\/","title":{"rendered":"Rainfinity Showerpipe 360 1jet with ShowerTablet 350"},"content":{"rendered":"<p><img fetchpriority=\"high\" decoding=\"async\" class=\"aligncenter wp-image-6492 size-full\" src=\"http:\/\/trading.hhg.vn\/wp-content\/uploads\/2024\/11\/153__har05820_tif.jpg\" alt=\"\" width=\"742\" height=\"495\" srcset=\"https:\/\/trading.hhg.vn\/wp-content\/uploads\/2024\/11\/153__har05820_tif.jpg 742w, https:\/\/trading.hhg.vn\/wp-content\/uploads\/2024\/11\/153__har05820_tif-300x200.jpg 300w, https:\/\/trading.hhg.vn\/wp-content\/uploads\/2024\/11\/153__har05820_tif-150x100.jpg 150w\" sizes=\"(max-width: 742px) 100vw, 742px\" \/><\/p>\n<p>D\u00f2ng s\u1ea3n ph\u1ea9m <strong>Rainfinity Showerpipe<\/strong> c\u1ee7a Hansgrohe l\u00e0 m\u1ed9t b\u1ed9 sen t\u1eafm cao c\u1ea5p \u0111\u01b0\u1ee3c thi\u1ebft k\u1ebf \u0111\u1ec3 mang l\u1ea1i tr\u1ea3i nghi\u1ec7m t\u1eafm th\u01b0 gi\u00e3n, ti\u1ec7n nghi v\u00e0 sang tr\u1ecdng. C\u00e1c t\u00ednh n\u0103ng n\u1ed5i b\u1eadt c\u1ee7a Rainfinity Showerpipe bao g\u1ed3m:<\/p>\n<ol>\n<li><strong>V\u00f2i sen overhead<\/strong>: V\u00f2i sen l\u1edbn v\u1edbi k\u00edch th\u01b0\u1edbc 360 mm, mang l\u1ea1i c\u1ea3m gi\u00e1c t\u1eafm nh\u01b0 d\u01b0\u1edbi c\u01a1n m\u01b0a t\u1ef1 nhi\u00ean. S\u1eed d\u1ee5ng c\u00f4ng ngh\u1ec7 phun <strong>PowderRain<\/strong>, t\u1ea1o ra nh\u1eefng gi\u1ecdt n\u01b0\u1edbc m\u1ecbn m\u00e0ng v\u00e0 d\u1ec5 ch\u1ecbu.<\/li>\n<li><strong>V\u00f2i sen tay \u0111a ch\u1ee9c n\u0103ng<\/strong>: C\u00e1c v\u00f2i sen tay trong b\u1ed9 s\u1ea3n ph\u1ea9m cung c\u1ea5p nhi\u1ec1u ch\u1ebf \u0111\u1ed9 phun kh\u00e1c nhau nh\u01b0 <strong>PowderRain<\/strong>, <strong>Intense PowderRain<\/strong> v\u00e0 <strong>MonoRain<\/strong>, gi\u00fap ng\u01b0\u1eddi d\u00f9ng l\u1ef1a ch\u1ecdn ki\u1ec3u phun ph\u00f9 h\u1ee3p v\u1edbi nhu c\u1ea7u c\u00e1 nh\u00e2n.<\/li>\n<li><strong>B\u1ed9 \u0111i\u1ec1u ch\u1ec9nh nhi\u1ec7t ShowerTablet<\/strong>: Bao g\u1ed3m t\u00ednh n\u0103ng <strong>SafetyStop<\/strong> \u1edf 40\u00b0C, gi\u00fap duy tr\u00ec an to\u00e0n khi t\u1eafm. B\u1ed9 \u0111i\u1ec1u ch\u1ec9nh nhi\u1ec7t c\u00f3 th\u1ec3 \u0111i\u1ec1u ch\u1ec9nh nhi\u1ec7t \u0111\u1ed9 n\u01b0\u1edbc v\u00e0 l\u01b0u l\u01b0\u1ee3ng n\u01b0\u1edbc m\u1ed9t c\u00e1ch d\u1ec5 d\u00e0ng.<\/li>\n<li><strong>Ch\u1ee9c n\u0103ng CoolContact<\/strong>: Gi\u00fap ng\u0103n v\u1ecf b\u1ed9 \u0111i\u1ec1u ch\u1ec9nh nhi\u1ec7t b\u1ecb n\u00f3ng l\u00ean, l\u00e0m cho vi\u1ec7c s\u1eed d\u1ee5ng tr\u1edf n\u00ean an to\u00e0n h\u01a1n.<\/li>\n<li><strong>Thi\u1ebft k\u1ebf hi\u1ec7n \u0111\u1ea1i<\/strong>: D\u00f2ng s\u1ea3n ph\u1ea9m Rainfinity \u0111\u01b0\u1ee3c thi\u1ebft k\u1ebf v\u1edbi b\u1ec1 m\u1eb7t <strong>graphite<\/strong> tinh t\u1ebf v\u00e0 ch\u1ea5t li\u1ec7u <strong>k\u00ednh an to\u00e0n<\/strong> \u1edf m\u1eb7t tr\u01b0\u1edbc c\u1ee7a b\u1ed9 \u0111i\u1ec1u ch\u1ec9nh nhi\u1ec7t, mang \u0111\u1ebfn v\u1ebb \u0111\u1eb9p sang tr\u1ecdng cho kh\u00f4ng gian ph\u00f2ng t\u1eafm.<\/li>\n<li><strong>L\u1eafp \u0111\u1eb7t d\u1ec5 d\u00e0ng<\/strong>: H\u1ec7 th\u1ed1ng \u0111\u01b0\u1ee3c l\u1eafp n\u1ed5i v\u1edbi k\u1ebft n\u1ed1i <strong>DN15<\/strong> v\u00e0 <strong>G \u00bd<\/strong>, thu\u1eadn ti\u1ec7n cho vi\u1ec7c l\u1eafp \u0111\u1eb7t trong c\u00e1c kh\u00f4ng gian ph\u00f2ng t\u1eafm.<\/li>\n<li><strong>Hi\u1ec7u su\u1ea5t cao<\/strong>: D\u00f2ng s\u1ea3n ph\u1ea9m n\u00e0y cung c\u1ea5p l\u01b0u l\u01b0\u1ee3ng n\u01b0\u1edbc t\u1ed1i \u01b0u, ti\u1ebft ki\u1ec7m v\u00e0 \u1ed5n \u0111\u1ecbnh \u1edf c\u00e1c \u00e1p su\u1ea5t kh\u00e1c nhau, t\u1eeb 2 bar \u0111\u1ebfn 10 bar.<\/li>\n<\/ol>\n<p><strong>Rainfinity Showerpipe<\/strong> l\u00e0 s\u1ef1 k\u1ebft h\u1ee3p ho\u00e0n h\u1ea3o gi\u1eefa c\u00f4ng ngh\u1ec7, thi\u1ebft k\u1ebf v\u00e0 t\u00ednh n\u0103ng, l\u00fd t\u01b0\u1edfng cho nh\u1eefng kh\u00e1ch h\u00e0ng t\u00ecm ki\u1ebfm s\u1ef1 ti\u1ec7n nghi v\u00e0 \u0111\u1eb3ng c\u1ea5p trong kh\u00f4ng gian ph\u00f2ng t\u1eafm.<\/p>\n","protected":false},"excerpt":{"rendered":"<p>Rainfinity Showerpipe 360 1jet v\u1edbi ShowerTablet 350 l\u00e0 b\u1ed9 sen t\u1eafm cao c\u1ea5p bao g\u1ed3m v\u00f2i sen overhead 360 mm v\u1edbi ch\u1ee9c n\u0103ng phun PowderRain, v\u00f2i sen tay c\u00f3 ba ch\u1ebf \u0111\u1ed9 phun kh\u00e1c nhau, b\u1ed9 \u0111i\u1ec1u ch\u1ec9nh nhi\u1ec7t ShowerTablet 350, v\u00e0 c\u00e1c ph\u1ee5 ki\u1ec7n \u0111i k\u00e8m nh\u01b0 d\u00e2y sen, gi\u00e1 tr\u01b0\u1ee3t, thanh sen. B\u1ed9 s\u1ea3n ph\u1ea9m mang l\u1ea1i tr\u1ea3i nghi\u1ec7m t\u1eafm m\u01b0\u1ee3t m\u00e0, an to\u00e0n v\u1edbi t\u00ednh n\u0103ng ng\u1eebng nhi\u1ec7t \u0111\u1ed9 \u1edf 40\u00b0C v\u00e0 ch\u1ee9c n\u0103ng ng\u1eebng khi qu\u00e1 nhi\u1ec7t. V\u1edbi thi\u1ebft k\u1ebf hi\u1ec7n \u0111\u1ea1i v\u00e0 ch\u1ea5t li\u1ec7u k\u00ednh an to\u00e0n, s\u1ea3n ph\u1ea9m ph\u00f9 h\u1ee3p v\u1edbi c\u00e1c kh\u00f4ng gian ph\u00f2ng t\u1eafm sang tr\u1ecdng.<\/p>\n<div class=\"mb-2 flex gap-3 empty:hidden -ml-2\">\n<div class=\"items-center justify-start rounded-xl p-1 flex\">\n<div class=\"flex items-center\">\n<p>&nbsp;<\/p>\n<div class=\"flex\"><\/div>\n<div class=\"flex items-center pb-0\"><\/div>\n<\/div>\n<\/div>\n<\/div>\n","protected":false},"featured_media":4384,"comment_status":"open","ping_status":"closed","template":"","meta":{"_acf_changed":false},"product_cat":[372,453],"product_tag":[],"class_list":{"0":"post-4487","1":"product","2":"type-product","3":"status-publish","4":"has-post-thumbnail","6":"product_cat-thiet-bi-phong-tam-en","7":"product_cat-sen-tam-en","8":"pa_mau-sac-chrome-en-2","9":"pa_mau-sac-chrome-den-xuoc-en","10":"pa_mau-sac-den-mo-en","11":"pa_mau-sac-dong-xuoc-en","12":"pa_mau-sac-trang-mo-en","13":"pa_mau-sac-vang-bong-en","15":"first","16":"instock","17":"shipping-taxable","18":"purchasable","19":"product-type-variable"},"acf":[],"featured_media_urls":{"thumbnail":["https:\/\/trading.hhg.vn\/wp-content\/uploads\/2024\/11\/000-copy@2x-80-150x150.jpg",150,150,true],"medium":["https:\/\/trading.hhg.vn\/wp-content\/uploads\/2024\/11\/000-copy@2x-80-262x300.jpg",262,300,true],"medium_large":["https:\/\/trading.hhg.vn\/wp-content\/uploads\/2024\/11\/000-copy@2x-80-768x878.jpg",768,878,true],"large":["https:\/\/trading.hhg.vn\/wp-content\/uploads\/2024\/11\/000-copy@2x-80-895x1024.jpg",895,1024,true],"1536x1536":["https:\/\/trading.hhg.vn\/wp-content\/uploads\/2024\/11\/000-copy@2x-80-1343x1536.jpg",1343,1536,true],"2048x2048":["https:\/\/trading.hhg.vn\/wp-content\/uploads\/2024\/11\/000-copy@2x-80.jpg",1400,1601,false],"woocommerce_thumbnail":["https:\/\/trading.hhg.vn\/wp-content\/uploads\/2024\/11\/000-copy@2x-80-600x600.jpg",600,600,true],"woocommerce_single":["https:\/\/trading.hhg.vn\/wp-content\/uploads\/2024\/11\/000-copy@2x-80-1200x1372.jpg",1200,1372,true],"woocommerce_gallery_thumbnail":["https:\/\/trading.hhg.vn\/wp-content\/uploads\/2024\/11\/000-copy@2x-80-150x172.jpg",150,172,true],"portfolio_item-thumbnail":["https:\/\/trading.hhg.vn\/wp-content\/uploads\/2024\/11\/000-copy@2x-80.jpg",350,400,false],"portfolio_item-thumbnail@2x":["https:\/\/trading.hhg.vn\/wp-content\/uploads\/2024\/11\/000-copy@2x-80.jpg",700,800,false],"portfolio_item-masonry":["https:\/\/trading.hhg.vn\/wp-content\/uploads\/2024\/11\/000-copy@2x-80.jpg",600,686,false],"portfolio_item-masonry@2x":["https:\/\/trading.hhg.vn\/wp-content\/uploads\/2024\/11\/000-copy@2x-80.jpg",1200,1372,false],"portfolio_item-thumbnail_cinema":["https:\/\/trading.hhg.vn\/wp-content\/uploads\/2024\/11\/000-copy@2x-80.jpg",293,335,false],"portfolio_item-thumbnail_portrait":["https:\/\/trading.hhg.vn\/wp-content\/uploads\/2024\/11\/000-copy@2x-80.jpg",600,686,false],"portfolio_item-thumbnail_portrait@2x":["https:\/\/trading.hhg.vn\/wp-content\/uploads\/2024\/11\/000-copy@2x-80.jpg",1200,1372,false],"portfolio_item-thumbnail_square":["https:\/\/trading.hhg.vn\/wp-content\/uploads\/2024\/11\/000-copy@2x-80.jpg",700,800,false]},"_links":{"self":[{"href":"https:\/\/trading.hhg.vn\/en\/wp-json\/wp\/v2\/product\/4487","targetHints":{"allow":["GET"]}}],"collection":[{"href":"https:\/\/trading.hhg.vn\/en\/wp-json\/wp\/v2\/product"}],"about":[{"href":"https:\/\/trading.hhg.vn\/en\/wp-json\/wp\/v2\/types\/product"}],"replies":[{"embeddable":true,"href":"https:\/\/trading.hhg.vn\/en\/wp-json\/wp\/v2\/comments?post=4487"}],"version-history":[{"count":3,"href":"https:\/\/trading.hhg.vn\/en\/wp-json\/wp\/v2\/product\/4487\/revisions"}],"predecessor-version":[{"id":6496,"href":"https:\/\/trading.hhg.vn\/en\/wp-json\/wp\/v2\/product\/4487\/revisions\/6496"}],"wp:featuredmedia":[{"embeddable":true,"href":"https:\/\/trading.hhg.vn\/en\/wp-json\/wp\/v2\/media\/4384"}],"wp:attachment":[{"href":"https:\/\/trading.hhg.vn\/en\/wp-json\/wp\/v2\/media?parent=4487"}],"wp:term":[{"taxonomy":"product_cat","embeddable":true,"href":"https:\/\/trading.hhg.vn\/en\/wp-json\/wp\/v2\/product_cat?post=4487"},{"taxonomy":"product_tag","embeddable":true,"href":"https:\/\/trading.hhg.vn\/en\/wp-json\/wp\/v2\/product_tag?post=4487"}],"curies":[{"name":"wp","href":"https:\/\/api.w.org\/{rel}","templated":true}]}}