{"id":4568,"date":"2024-12-05T10:35:01","date_gmt":"2024-12-05T03:35:01","guid":{"rendered":"https:\/\/trading.hhg.vn\/?post_type=product&#038;p=4568"},"modified":"2025-12-22T14:57:12","modified_gmt":"2025-12-22T07:57:12","slug":"rainfinity-baton-hand-shower-100-1jet-26866","status":"publish","type":"product","link":"https:\/\/trading.hhg.vn\/en\/product\/rainfinity-baton-hand-shower-100-1jet-26866\/","title":{"rendered":"Rainfinity Baton hand shower 100 1jet"},"content":{"rendered":"\t\t<div data-elementor-type=\"wp-post\" data-elementor-id=\"4568\" class=\"elementor elementor-4568 elementor-4564\" data-elementor-post-type=\"product\">\n\t\t\t\t\t\t<section class=\"wd-negative-gap elementor-section elementor-top-section elementor-element elementor-element-c937877 elementor-section-boxed elementor-section-height-default elementor-section-height-default\" data-id=\"c937877\" data-element_type=\"section\">\n\t\t\t\t\t\t<div class=\"elementor-container elementor-column-gap-default\">\n\t\t\t\t\t<div class=\"elementor-column elementor-col-100 elementor-top-column elementor-element elementor-element-b4e37de\" data-id=\"b4e37de\" data-element_type=\"column\">\n\t\t\t<div class=\"elementor-widget-wrap elementor-element-populated\">\n\t\t\t\t\t\t<div class=\"elementor-element elementor-element-e076ef1 elementor-widget elementor-widget-wd_image_or_svg\" data-id=\"e076ef1\" data-element_type=\"widget\" data-widget_type=\"wd_image_or_svg.default\">\n\t\t\t\t<div class=\"elementor-widget-container\">\n\t\t\t\t\t\n\t\t<div class=\"wd-image text-left\">\n\t\t\t\t\t\t\t\t<img fetchpriority=\"high\" decoding=\"async\" width=\"1352\" height=\"600\" src=\"https:\/\/trading.hhg.vn\/wp-content\/uploads\/2024\/12\/Artboard-4.jpg\" class=\"attachment-full size-full\" alt=\"\" srcset=\"https:\/\/trading.hhg.vn\/wp-content\/uploads\/2024\/12\/Artboard-4.jpg 1352w, https:\/\/trading.hhg.vn\/wp-content\/uploads\/2024\/12\/Artboard-4-300x133.jpg 300w, https:\/\/trading.hhg.vn\/wp-content\/uploads\/2024\/12\/Artboard-4-1024x454.jpg 1024w, https:\/\/trading.hhg.vn\/wp-content\/uploads\/2024\/12\/Artboard-4-768x341.jpg 768w, https:\/\/trading.hhg.vn\/wp-content\/uploads\/2024\/12\/Artboard-4-1200x533.jpg 1200w, https:\/\/trading.hhg.vn\/wp-content\/uploads\/2024\/12\/Artboard-4-150x67.jpg 150w\" sizes=\"(max-width: 1352px) 100vw, 1352px\" \/>\t\t\t\t\t<\/div>\n\n\t\t\t\t\t\t<\/div>\n\t\t\t\t<\/div>\n\t\t\t\t<div class=\"elementor-element elementor-element-e4f631d elementor-widget elementor-widget-wd_text_block\" data-id=\"e4f631d\" data-element_type=\"widget\" data-widget_type=\"wd_text_block.default\">\n\t\t\t\t<div class=\"elementor-widget-container\">\n\t\t\t\t\t\t\t<div class=\"wd-text-block reset-last-child text-left\">\n\t\t\t\n\t\t\t<h3><strong>Rainfinity \u2013 Tuy\u1ec7t T\u00e1c Ngh\u1ec7 Thu\u1eadt T\u1eafm T\u1eeb Hansgrohe<\/strong><\/h3><p>Rainfinity mang \u0111\u1ebfn tr\u1ea3i nghi\u1ec7m t\u1eafm \u0111\u1eb3ng c\u1ea5p v\u1edbi thi\u1ebft k\u1ebf sang tr\u1ecdng v\u00e0 c\u00f4ng ngh\u1ec7 hi\u1ec7n \u0111\u1ea1i:<\/p><ul><li><strong>C\u00f4ng ngh\u1ec7 PowderRain<\/strong>: H\u1ea1t n\u01b0\u1edbc si\u00eau m\u1ecbn, \u00eam \u00e1i nh\u01b0 m\u01b0a t\u1ef1 nhi\u00ean.<\/li><li><strong>Thi\u1ebft k\u1ebf \u0111\u1ed9c \u0111\u00e1o<\/strong>: \u0110a d\u1ea1ng c\u00e1c b\u1ec1 m\u1eb7t m\u1ea1 m\u00e0u ph\u00f9 h\u1ee3p v\u1edbi nhi\u1ec1u kh\u00f4ng gian v\u00e0 phong c\u00e1ch thi\u1ebft k\u1ebf kh\u00e1c nhau.<\/li><li><strong>\u0110a d\u1ea1ng ch\u1ebf \u0111\u1ed9 phun<\/strong>: \u0110\u00e1p \u1ee9ng m\u1ecdi nhu c\u1ea7u th\u01b0 gi\u00e3n.<\/li><li><strong>Ti\u1ebft ki\u1ec7m n\u01b0\u1edbc EcoSmart<\/strong>: Th\u00e2n thi\u1ec7n v\u1edbi m\u00f4i tr\u01b0\u1eddng, kh\u00f4ng gi\u1ea3m ch\u1ea5t l\u01b0\u1ee3ng tr\u1ea3i nghi\u1ec7m.<\/li><\/ul><p>Rainfinity \u2013 khi c\u00f4ng ngh\u1ec7 h\u00f2a quy\u1ec7n c\u00f9ng ngh\u1ec7 thu\u1eadt, n\u00e2ng t\u1ea7m kh\u00f4ng gian s\u1ed1ng!<\/p>\n\t\t\t\t\t<\/div>\n\t\t\t\t\t\t<\/div>\n\t\t\t\t<\/div>\n\t\t\t\t\t<\/div>\n\t\t<\/div>\n\t\t\t\t\t<\/div>\n\t\t<\/section>\n\t\t\t\t<\/div>\n\t\t","protected":false},"excerpt":{"rendered":"<p>Rainfinity Baton Hand Shower 100 1jet mang \u0111\u1ebfn tr\u1ea3i nghi\u1ec7m t\u1eafm \u00eam \u00e1i v\u1edbi tia n\u01b0\u1edbc PowderRain, thi\u1ebft k\u1ebf t\u1ed1i gi\u1ea3n v\u00e0 c\u00f4ng ngh\u1ec7 d\u1ec5 l\u00e0m s\u1ea1ch QuickClean.<\/p>\n","protected":false},"featured_media":4586,"comment_status":"open","ping_status":"closed","template":"","meta":{"_acf_changed":false},"product_cat":[372,453],"product_tag":[],"class_list":{"0":"post-4568","1":"product","2":"type-product","3":"status-publish","4":"has-post-thumbnail","6":"product_cat-thiet-bi-phong-tam-en","7":"product_cat-sen-tam-en","8":"pa_mau-sac-chrome-en-2","9":"pa_mau-sac-chrome-den-xuoc-en","10":"pa_mau-sac-den-mo-en","11":"pa_mau-sac-dong-xuoc-en","12":"pa_mau-sac-trang-mo-en","13":"pa_mau-sac-vang-bong-en","15":"first","16":"instock","17":"featured","18":"shipping-taxable","19":"purchasable","20":"product-type-variable"},"acf":[],"featured_media_urls":{"thumbnail":["https:\/\/trading.hhg.vn\/wp-content\/uploads\/2024\/12\/000-150x150.jpg",150,150,true],"medium":["https:\/\/trading.hhg.vn\/wp-content\/uploads\/2024\/12\/000-263x300.jpg",263,300,true],"medium_large":["https:\/\/trading.hhg.vn\/wp-content\/uploads\/2024\/12\/000.jpg",700,800,false],"large":["https:\/\/trading.hhg.vn\/wp-content\/uploads\/2024\/12\/000.jpg",700,800,false],"1536x1536":["https:\/\/trading.hhg.vn\/wp-content\/uploads\/2024\/12\/000.jpg",700,800,false],"2048x2048":["https:\/\/trading.hhg.vn\/wp-content\/uploads\/2024\/12\/000.jpg",700,800,false],"woocommerce_thumbnail":["https:\/\/trading.hhg.vn\/wp-content\/uploads\/2024\/12\/000-600x600.jpg",600,600,true],"woocommerce_single":["https:\/\/trading.hhg.vn\/wp-content\/uploads\/2024\/12\/000.jpg",700,800,false],"woocommerce_gallery_thumbnail":["https:\/\/trading.hhg.vn\/wp-content\/uploads\/2024\/12\/000-150x171.jpg",150,171,true],"portfolio_item-thumbnail":["https:\/\/trading.hhg.vn\/wp-content\/uploads\/2024\/12\/000.jpg",350,400,false],"portfolio_item-thumbnail@2x":["https:\/\/trading.hhg.vn\/wp-content\/uploads\/2024\/12\/000.jpg",700,800,false],"portfolio_item-masonry":["https:\/\/trading.hhg.vn\/wp-content\/uploads\/2024\/12\/000.jpg",600,686,false],"portfolio_item-masonry@2x":["https:\/\/trading.hhg.vn\/wp-content\/uploads\/2024\/12\/000.jpg",700,800,false],"portfolio_item-thumbnail_cinema":["https:\/\/trading.hhg.vn\/wp-content\/uploads\/2024\/12\/000.jpg",293,335,false],"portfolio_item-thumbnail_portrait":["https:\/\/trading.hhg.vn\/wp-content\/uploads\/2024\/12\/000.jpg",600,686,false],"portfolio_item-thumbnail_portrait@2x":["https:\/\/trading.hhg.vn\/wp-content\/uploads\/2024\/12\/000.jpg",700,800,false],"portfolio_item-thumbnail_square":["https:\/\/trading.hhg.vn\/wp-content\/uploads\/2024\/12\/000.jpg",700,800,false]},"_links":{"self":[{"href":"https:\/\/trading.hhg.vn\/en\/wp-json\/wp\/v2\/product\/4568","targetHints":{"allow":["GET"]}}],"collection":[{"href":"https:\/\/trading.hhg.vn\/en\/wp-json\/wp\/v2\/product"}],"about":[{"href":"https:\/\/trading.hhg.vn\/en\/wp-json\/wp\/v2\/types\/product"}],"replies":[{"embeddable":true,"href":"https:\/\/trading.hhg.vn\/en\/wp-json\/wp\/v2\/comments?post=4568"}],"version-history":[{"count":6,"href":"https:\/\/trading.hhg.vn\/en\/wp-json\/wp\/v2\/product\/4568\/revisions"}],"predecessor-version":[{"id":117933,"href":"https:\/\/trading.hhg.vn\/en\/wp-json\/wp\/v2\/product\/4568\/revisions\/117933"}],"wp:featuredmedia":[{"embeddable":true,"href":"https:\/\/trading.hhg.vn\/en\/wp-json\/wp\/v2\/media\/4586"}],"wp:attachment":[{"href":"https:\/\/trading.hhg.vn\/en\/wp-json\/wp\/v2\/media?parent=4568"}],"wp:term":[{"taxonomy":"product_cat","embeddable":true,"href":"https:\/\/trading.hhg.vn\/en\/wp-json\/wp\/v2\/product_cat?post=4568"},{"taxonomy":"product_tag","embeddable":true,"href":"https:\/\/trading.hhg.vn\/en\/wp-json\/wp\/v2\/product_tag?post=4568"}],"curies":[{"name":"wp","href":"https:\/\/api.w.org\/{rel}","templated":true}]}}