{"id":46177,"date":"2025-11-21T08:50:28","date_gmt":"2025-11-21T01:50:28","guid":{"rendered":"https:\/\/trading.hhg.vn\/?post_type=product&#038;p=46177"},"modified":"2026-01-28T07:46:33","modified_gmt":"2026-01-28T00:46:33","slug":"bo-tron-am-tuong-1-chuc-nang-axor-one","status":"publish","type":"product","link":"https:\/\/trading.hhg.vn\/en\/s\u1ea3n-ph\u1ea9m\/bo-tron-am-tuong-1-chuc-nang-axor-one\/","title":{"rendered":"B\u1ed9 tr\u1ed9n \u00e2m t\u01b0\u1eddng 1 ch\u1ee9c n\u0103ng AXOR One"},"content":{"rendered":"<p><img fetchpriority=\"high\" decoding=\"async\" class=\"alignnone wp-image-7559 aligncenter\" src=\"http:\/\/trading.hhg.vn\/wp-content\/uploads\/2025\/11\/AXOR-One.jpg\" alt=\"\" width=\"606\" height=\"454\" \/>BST AXOR One th\u1ec3 hi\u1ec7n tri\u1ebft l\u00fd \u201cless is more\u201d &#8211; V\u1edbi h\u00ecnh kh\u1ed1i t\u1ed1i gi\u1ea3n, thanh m\u1ea3nh, d\u00f2ng s\u1ea3n ph\u1ea9m n\u00e0y mang \u0111\u1ebfn v\u1ebb \u0111\u1eb9p \u0111\u01b0\u01a1ng \u0111\u1ea1i, b\u1ec1 m\u1eb7t ph\u1eb3ng m\u1ecbn, m\u00e9p bo m\u1ec1m m\u1ea1i, c\u1ea7n g\u1ea1t \u1ea9n m\u1ea3nh mai, t\u1ea1o n\u00ean t\u1ed5ng th\u1ec3 v\u1eeba sang tr\u1ecdng v\u1eeba g\u1ea7n g\u0169i. \u0110\u01b0\u1ee3c t\u1ea1o ra d\u01b0\u1edbi s\u1ef1 h\u1ee3p t\u00e1c v\u1edbi c\u00e1c nh\u00e0 thi\u1ebft k\u1ebf Barber &#038; Osgerby, b\u1ed9 s\u01b0u t\u1eadp n\u00e0y ch\u00fa tr\u1ecdng thi\u1ebft k\u1ebf tr\u1ef1c quan v\u1edbi tay c\u1ea7m m\u1ed9t c\u1ea7n duy nh\u1ea5t, gi\u00fap ng\u01b0\u1eddi d\u00f9ng d\u1ec5 d\u00e0ng \u0111i\u1ec1u ch\u1ec9nh nhi\u1ec7t \u0111\u1ed9 v\u00e0 l\u01b0u l\u01b0\u1ee3ng n\u01b0\u1edbc.<\/p>\n<p>AXOR One bao g\u1ed3m nhi\u1ec1u s\u1ea3n ph\u1ea9m nh\u01b0 v\u00f2i ch\u1eadu r\u1eeda, \u0111\u1ea7u sen v\u00e0 c\u00e1c ph\u1ee5 ki\u1ec7n, t\u1ea5t c\u1ea3 \u0111\u1ec1u \u0111\u01b0\u1ee3c thi\u1ebft k\u1ebf h\u00e0i h\u00f2a, t\u1eadp trung v\u00e0o c\u00f4ng n\u0103ng c\u00f9ng v\u1ebb \u0111\u1eb9p tinh t\u1ebf. B\u00ean c\u1ea1nh \u0111\u00f3, AXOR One cung c\u1ea5p c\u00e1c l\u1ef1a ch\u1ecdn ho\u00e0n thi\u1ec7n nh\u01b0 chrome c\u1ed5 \u0111i\u1ec3n hay \u0111en m\u1edd sang tr\u1ecdng, ph\u00f9 h\u1ee3p v\u1edbi nhi\u1ec1u phong c\u00e1ch n\u1ed9i th\u1ea5t hi\u1ec7n \u0111\u1ea1i.<\/p>\n","protected":false},"excerpt":{"rendered":"<p>B\u1ed9 tr\u1ed9n \u00e2m t\u01b0\u1eddng AXOR One l\u00e0 \u0111i\u1ec3m nh\u1ea5n tinh t\u1ebf cho kh\u00f4ng gian ph\u00f2ng t\u1eafm \u0111\u01b0\u01a1ng \u0111\u1ea1i, n\u01a1i thi\u1ebft k\u1ebf t\u1ed1i gi\u1ea3n h\u00f2a quy\u1ec7n c\u00f9ng c\u00f4ng n\u0103ng v\u01b0\u1ee3t tr\u1ed9i. N\u00fat nh\u1ea5n c\u01a1 h\u1ecdc tr\u1ef1c quan cho ph\u00e9p b\u1ea1n \u0111i\u1ec1u khi\u1ec3n d\u00f2ng ch\u1ea3y m\u1ea1nh m\u1ebd hay nh\u1eb9 nh\u00e0ng ch\u1ec9 b\u1eb1ng m\u1ed9t ch\u1ea1m, mang \u0111\u1ebfn tr\u1ea3i nghi\u1ec7m th\u01b0 gi\u00e3n ho\u00e0n h\u1ea3o. V\u1edbi ki\u1ec3u d\u00e1ng thanh l\u1ecbch v\u00e0 v\u1eadt li\u1ec7u cao c\u1ea5p, AXOR One kh\u00f4ng ch\u1ec9 l\u00e0 m\u1ed9t thi\u1ebft b\u1ecb, m\u00e0 c\u00f2n l\u00e0 m\u1ed9t t\u00e1c ph\u1ea9m ngh\u1ec7 thu\u1eadt, n\u00e2ng t\u1ea7m \u0111\u1eb3ng c\u1ea5p v\u00e0 s\u1ef1 ti\u1ec7n nghi trong m\u1ed7i kho\u1ea3nh kh\u1eafc b\u1ea1n \u0111\u1eafm m\u00ecnh c\u00f9ng d\u00f2ng n\u01b0\u1edbc.<\/p>\n","protected":false},"featured_media":46270,"comment_status":"open","ping_status":"closed","template":"","meta":{"_acf_changed":false},"product_cat":[846],"product_tag":[],"class_list":{"0":"post-46177","1":"product","2":"type-product","3":"status-publish","4":"has-post-thumbnail","6":"product_cat-bo-tron","7":"pa_mau-sac-chrome","8":"pa_mau-sac-chrome-den-xuoc","9":"pa_mau-sac-den-mo","10":"pa_mau-sac-dong-thau-xuoc","11":"pa_mau-sac-dong-xuoc","12":"pa_mau-sac-niken-xuoc","13":"pa_mau-sac-thep-khong-gi","14":"pa_mau-sac-vang-bong","15":"pa_mau-sac-vang-hong-bong","16":"pa_mau-sac-vang-hong-xuoc","17":"pa_mau-sac-vang-xuoc","18":"pa_mau-sac-chrome-den-bong-en","20":"first","21":"instock","22":"shipping-taxable","23":"product-type-variable"},"acf":[],"featured_media_urls":{"thumbnail":["https:\/\/trading.hhg.vn\/wp-content\/uploads\/2025\/11\/154__apr12338_tif-150x150.png",150,150,true],"medium":["https:\/\/trading.hhg.vn\/wp-content\/uploads\/2025\/11\/154__apr12338_tif-263x300.png",263,300,true],"medium_large":["https:\/\/trading.hhg.vn\/wp-content\/uploads\/2025\/11\/154__apr12338_tif-768x878.png",768,878,true],"large":["https:\/\/trading.hhg.vn\/wp-content\/uploads\/2025\/11\/154__apr12338_tif-896x1024.png",896,1024,true],"1536x1536":["https:\/\/trading.hhg.vn\/wp-content\/uploads\/2025\/11\/154__apr12338_tif.png",1317,1505,false],"2048x2048":["https:\/\/trading.hhg.vn\/wp-content\/uploads\/2025\/11\/154__apr12338_tif.png",1317,1505,false],"woocommerce_thumbnail":["https:\/\/trading.hhg.vn\/wp-content\/uploads\/2025\/11\/154__apr12338_tif-600x600.png",600,600,true],"woocommerce_single":["https:\/\/trading.hhg.vn\/wp-content\/uploads\/2025\/11\/154__apr12338_tif-1200x1371.png",1200,1371,true],"woocommerce_gallery_thumbnail":["https:\/\/trading.hhg.vn\/wp-content\/uploads\/2025\/11\/154__apr12338_tif-150x171.png",150,171,true],"portfolio_item-thumbnail":["https:\/\/trading.hhg.vn\/wp-content\/uploads\/2025\/11\/154__apr12338_tif.png",350,400,false],"portfolio_item-thumbnail@2x":["https:\/\/trading.hhg.vn\/wp-content\/uploads\/2025\/11\/154__apr12338_tif.png",700,800,false],"portfolio_item-masonry":["https:\/\/trading.hhg.vn\/wp-content\/uploads\/2025\/11\/154__apr12338_tif.png",600,686,false],"portfolio_item-masonry@2x":["https:\/\/trading.hhg.vn\/wp-content\/uploads\/2025\/11\/154__apr12338_tif.png",1200,1371,false],"portfolio_item-thumbnail_cinema":["https:\/\/trading.hhg.vn\/wp-content\/uploads\/2025\/11\/154__apr12338_tif.png",293,335,false],"portfolio_item-thumbnail_portrait":["https:\/\/trading.hhg.vn\/wp-content\/uploads\/2025\/11\/154__apr12338_tif.png",600,686,false],"portfolio_item-thumbnail_portrait@2x":["https:\/\/trading.hhg.vn\/wp-content\/uploads\/2025\/11\/154__apr12338_tif.png",1200,1371,false],"portfolio_item-thumbnail_square":["https:\/\/trading.hhg.vn\/wp-content\/uploads\/2025\/11\/154__apr12338_tif.png",700,800,false]},"_links":{"self":[{"href":"https:\/\/trading.hhg.vn\/en\/wp-json\/wp\/v2\/product\/46177","targetHints":{"allow":["GET"]}}],"collection":[{"href":"https:\/\/trading.hhg.vn\/en\/wp-json\/wp\/v2\/product"}],"about":[{"href":"https:\/\/trading.hhg.vn\/en\/wp-json\/wp\/v2\/types\/product"}],"replies":[{"embeddable":true,"href":"https:\/\/trading.hhg.vn\/en\/wp-json\/wp\/v2\/comments?post=46177"}],"version-history":[{"count":1,"href":"https:\/\/trading.hhg.vn\/en\/wp-json\/wp\/v2\/product\/46177\/revisions"}],"predecessor-version":[{"id":46272,"href":"https:\/\/trading.hhg.vn\/en\/wp-json\/wp\/v2\/product\/46177\/revisions\/46272"}],"wp:featuredmedia":[{"embeddable":true,"href":"https:\/\/trading.hhg.vn\/en\/wp-json\/wp\/v2\/media\/46270"}],"wp:attachment":[{"href":"https:\/\/trading.hhg.vn\/en\/wp-json\/wp\/v2\/media?parent=46177"}],"wp:term":[{"taxonomy":"product_cat","embeddable":true,"href":"https:\/\/trading.hhg.vn\/en\/wp-json\/wp\/v2\/product_cat?post=46177"},{"taxonomy":"product_tag","embeddable":true,"href":"https:\/\/trading.hhg.vn\/en\/wp-json\/wp\/v2\/product_tag?post=46177"}],"curies":[{"name":"wp","href":"https:\/\/api.w.org\/{rel}","templated":true}]}}