{"id":4622,"date":"2024-12-05T14:49:45","date_gmt":"2024-12-05T07:49:45","guid":{"rendered":"https:\/\/trading.hhg.vn\/?post_type=product&#038;p=4622"},"modified":"2024-12-13T10:02:46","modified_gmt":"2024-12-13T03:02:46","slug":"showerselect-comfort-e-valve-for-concealed-installation-for-3-functions-15573","status":"publish","type":"product","link":"https:\/\/trading.hhg.vn\/en\/product\/showerselect-comfort-e-valve-for-concealed-installation-for-3-functions-15573\/","title":{"rendered":"ShowerSelect Comfort E Valve for concealed installation for 3 functions"},"content":{"rendered":"\t\t<div data-elementor-type=\"wp-post\" data-elementor-id=\"4622\" class=\"elementor elementor-4622 elementor-4615\" data-elementor-post-type=\"product\">\n\t\t\t\t\t\t<section class=\"wd-negative-gap elementor-section elementor-top-section elementor-element elementor-element-c937877 elementor-section-boxed elementor-section-height-default elementor-section-height-default\" data-id=\"c937877\" data-element_type=\"section\">\n\t\t\t\t\t\t<div class=\"elementor-container elementor-column-gap-default\">\n\t\t\t\t\t<div class=\"elementor-column elementor-col-100 elementor-top-column elementor-element elementor-element-b4e37de\" data-id=\"b4e37de\" data-element_type=\"column\">\n\t\t\t<div class=\"elementor-widget-wrap elementor-element-populated\">\n\t\t\t\t\t\t<div class=\"elementor-element elementor-element-e076ef1 elementor-widget elementor-widget-wd_image_or_svg\" data-id=\"e076ef1\" data-element_type=\"widget\" data-widget_type=\"wd_image_or_svg.default\">\n\t\t\t\t<div class=\"elementor-widget-container\">\n\t\t\t\t\t\n\t\t<div class=\"wd-image text-left\">\n\t\t\t\t\t\t\t\t<img fetchpriority=\"high\" decoding=\"async\" width=\"1795\" height=\"800\" src=\"https:\/\/trading.hhg.vn\/wp-content\/uploads\/2024\/12\/Artboard-4-1.jpg\" class=\"attachment-full size-full\" alt=\"\" srcset=\"https:\/\/trading.hhg.vn\/wp-content\/uploads\/2024\/12\/Artboard-4-1.jpg 1795w, https:\/\/trading.hhg.vn\/wp-content\/uploads\/2024\/12\/Artboard-4-1-300x134.jpg 300w, https:\/\/trading.hhg.vn\/wp-content\/uploads\/2024\/12\/Artboard-4-1-1024x456.jpg 1024w, https:\/\/trading.hhg.vn\/wp-content\/uploads\/2024\/12\/Artboard-4-1-768x342.jpg 768w, https:\/\/trading.hhg.vn\/wp-content\/uploads\/2024\/12\/Artboard-4-1-1536x685.jpg 1536w, https:\/\/trading.hhg.vn\/wp-content\/uploads\/2024\/12\/Artboard-4-1-1200x535.jpg 1200w, https:\/\/trading.hhg.vn\/wp-content\/uploads\/2024\/12\/Artboard-4-1-150x67.jpg 150w\" sizes=\"(max-width: 1795px) 100vw, 1795px\" \/>\t\t\t\t\t<\/div>\n\n\t\t\t\t\t\t<\/div>\n\t\t\t\t<\/div>\n\t\t\t\t<div class=\"elementor-element elementor-element-e4f631d elementor-widget elementor-widget-wd_text_block\" data-id=\"e4f631d\" data-element_type=\"widget\" data-widget_type=\"wd_text_block.default\">\n\t\t\t\t<div class=\"elementor-widget-container\">\n\t\t\t\t\t\t\t<div class=\"wd-text-block reset-last-child text-left\">\n\t\t\t\n\t\t\t<h4><strong>D\u00f2ng s\u1ea3n ph\u1ea9m ShowerSelect<\/strong>:<\/h4><p>D\u00f2ng <strong>ShowerSelect<\/strong> c\u1ee7a Hansgrohe g\u1ed3m c\u00e1c b\u1ed9 \u0111i\u1ec1u khi\u1ec3n t\u1eafm v\u1edbi nhi\u1ec1u t\u00ednh n\u0103ng v\u01b0\u1ee3t tr\u1ed9i, \u0111\u00e1p \u1ee9ng nhu c\u1ea7u c\u1ee7a nh\u1eefng kh\u00e1ch h\u00e0ng t\u00ecm ki\u1ebfm s\u1ef1 ti\u1ec7n l\u1ee3i, ti\u1ebft ki\u1ec7m n\u0103ng l\u01b0\u1ee3ng v\u00e0 s\u1ef1 sang tr\u1ecdng trong ph\u00f2ng t\u1eafm. C\u00e1c s\u1ea3n ph\u1ea9m trong d\u00f2ng n\u00e0y c\u00f3 th\u1ec3 d\u1ec5 d\u00e0ng \u0111i\u1ec1u ch\u1ec9nh v\u00e0 k\u1ebft h\u1ee3p v\u1edbi c\u00e1c thi\u1ebft b\u1ecb t\u1eafm kh\u00e1c c\u1ee7a Hansgrohe, t\u1ea1o ra m\u1ed9t tr\u1ea3i nghi\u1ec7m t\u1eafm ho\u00e0n h\u1ea3o v\u00e0 linh ho\u1ea1t.<\/p><h4><strong>\u0110\u1eb7c \u0111i\u1ec3m n\u1ed5i b\u1eadt<\/strong>:<\/h4><ul><li><strong>\u0110i\u1ec1u khi\u1ec3n d\u1ec5 d\u00e0ng<\/strong>: Cung c\u1ea5p m\u1ed9t c\u00e1ch \u0111\u01a1n gi\u1ea3n \u0111\u1ec3 \u0111i\u1ec1u ch\u1ec9nh nhi\u1ec7t \u0111\u1ed9 v\u00e0 l\u01b0u l\u01b0\u1ee3ng n\u01b0\u1edbc v\u1edbi n\u00fam xoay v\u00e0 h\u1ec7 th\u1ed1ng \u0111i\u1ec1u khi\u1ec3n \u0111\u1ed9c \u0111\u00e1o.<\/li><li><strong>Thi\u1ebft k\u1ebf hi\u1ec7n \u0111\u1ea1i<\/strong>: S\u1ea3n ph\u1ea9m c\u00f3 ki\u1ec3u d\u00e1ng sang tr\u1ecdng, v\u1edbi b\u1ec1 m\u1eb7t ch\u1ed1ng b\u00e1m b\u1ea9n, d\u1ec5 l\u00e0m s\u1ea1ch.<\/li><li><strong>Ch\u1ea5t l\u01b0\u1ee3ng cao c\u1ea5p<\/strong>: \u0110\u01b0\u1ee3c l\u00e0m t\u1eeb v\u1eadt li\u1ec7u b\u1ec1n b\u1ec9, \u0111\u1ea3m b\u1ea3o tu\u1ed5i th\u1ecd l\u00e2u d\u00e0i v\u00e0 \u0111\u1ed9 \u1ed5n \u0111\u1ecbnh cao.<\/li><li><strong>T\u00edch h\u1ee3p c\u00f4ng ngh\u1ec7 EcoSmart<\/strong>: Gi\u00fap ti\u1ebft ki\u1ec7m n\u01b0\u1edbc m\u00e0 kh\u00f4ng l\u00e0m gi\u1ea3m hi\u1ec7u qu\u1ea3 s\u1eed d\u1ee5ng.<\/li><\/ul>\n\t\t\t\t\t<\/div>\n\t\t\t\t\t\t<\/div>\n\t\t\t\t<\/div>\n\t\t\t\t\t<\/div>\n\t\t<\/div>\n\t\t\t\t\t<\/div>\n\t\t<\/section>\n\t\t\t\t<\/div>\n\t\t","protected":false},"excerpt":{"rendered":"<p><strong>ShowerSelect Comfort E<\/strong> l\u00e0 b\u1ed9 \u0111i\u1ec1u khi\u1ec3n t\u1eafm cao c\u1ea5p t\u1eeb Hansgrohe, thi\u1ebft k\u1ebf \u0111\u1eb7c bi\u1ec7t gi\u00fap t\u1ed1i \u01b0u h\u00f3a tr\u1ea3i nghi\u1ec7m t\u1eafm v\u1edbi c\u00e1c t\u00ednh n\u0103ng ti\u00ean ti\u1ebfn, d\u1ec5 s\u1eed d\u1ee5ng v\u00e0 th\u00e2n thi\u1ec7n v\u1edbi ng\u01b0\u1eddi d\u00f9ng. S\u1ea3n ph\u1ea9m n\u00e0y mang l\u1ea1i s\u1ef1 ti\u1ec7n nghi v\u00e0 linh ho\u1ea1t, l\u00fd t\u01b0\u1edfng cho kh\u00f4ng gian ph\u00f2ng t\u1eafm hi\u1ec7n \u0111\u1ea1i.<\/p>\n","protected":false},"featured_media":4648,"comment_status":"open","ping_status":"closed","template":"","meta":{"_acf_changed":false},"product_cat":[372,490],"product_tag":[],"class_list":{"0":"post-4622","1":"product","2":"type-product","3":"status-publish","4":"has-post-thumbnail","6":"product_cat-thiet-bi-phong-tam-en","7":"product_cat-bo-dieu-nhiet-en","8":"pa_mau-sac-chrome-en-2","9":"pa_mau-sac-chrome-den-xuoc-en","10":"pa_mau-sac-den-mo-en","11":"pa_mau-sac-dong-xuoc-en","12":"pa_mau-sac-trang-mo-en","14":"first","15":"instock","16":"featured","17":"shipping-taxable","18":"purchasable","19":"product-type-variable"},"acf":[],"featured_media_urls":{"thumbnail":["https:\/\/trading.hhg.vn\/wp-content\/uploads\/2024\/12\/000-1-150x150.jpg",150,150,true],"medium":["https:\/\/trading.hhg.vn\/wp-content\/uploads\/2024\/12\/000-1-263x300.jpg",263,300,true],"medium_large":["https:\/\/trading.hhg.vn\/wp-content\/uploads\/2024\/12\/000-1.jpg",700,800,false],"large":["https:\/\/trading.hhg.vn\/wp-content\/uploads\/2024\/12\/000-1.jpg",700,800,false],"1536x1536":["https:\/\/trading.hhg.vn\/wp-content\/uploads\/2024\/12\/000-1.jpg",700,800,false],"2048x2048":["https:\/\/trading.hhg.vn\/wp-content\/uploads\/2024\/12\/000-1.jpg",700,800,false],"woocommerce_thumbnail":["https:\/\/trading.hhg.vn\/wp-content\/uploads\/2024\/12\/000-1-600x600.jpg",600,600,true],"woocommerce_single":["https:\/\/trading.hhg.vn\/wp-content\/uploads\/2024\/12\/000-1.jpg",700,800,false],"woocommerce_gallery_thumbnail":["https:\/\/trading.hhg.vn\/wp-content\/uploads\/2024\/12\/000-1-150x171.jpg",150,171,true],"portfolio_item-thumbnail":["https:\/\/trading.hhg.vn\/wp-content\/uploads\/2024\/12\/000-1.jpg",350,400,false],"portfolio_item-thumbnail@2x":["https:\/\/trading.hhg.vn\/wp-content\/uploads\/2024\/12\/000-1.jpg",700,800,false],"portfolio_item-masonry":["https:\/\/trading.hhg.vn\/wp-content\/uploads\/2024\/12\/000-1.jpg",600,686,false],"portfolio_item-masonry@2x":["https:\/\/trading.hhg.vn\/wp-content\/uploads\/2024\/12\/000-1.jpg",700,800,false],"portfolio_item-thumbnail_cinema":["https:\/\/trading.hhg.vn\/wp-content\/uploads\/2024\/12\/000-1.jpg",293,335,false],"portfolio_item-thumbnail_portrait":["https:\/\/trading.hhg.vn\/wp-content\/uploads\/2024\/12\/000-1.jpg",600,686,false],"portfolio_item-thumbnail_portrait@2x":["https:\/\/trading.hhg.vn\/wp-content\/uploads\/2024\/12\/000-1.jpg",700,800,false],"portfolio_item-thumbnail_square":["https:\/\/trading.hhg.vn\/wp-content\/uploads\/2024\/12\/000-1.jpg",700,800,false]},"_links":{"self":[{"href":"https:\/\/trading.hhg.vn\/en\/wp-json\/wp\/v2\/product\/4622","targetHints":{"allow":["GET"]}}],"collection":[{"href":"https:\/\/trading.hhg.vn\/en\/wp-json\/wp\/v2\/product"}],"about":[{"href":"https:\/\/trading.hhg.vn\/en\/wp-json\/wp\/v2\/types\/product"}],"replies":[{"embeddable":true,"href":"https:\/\/trading.hhg.vn\/en\/wp-json\/wp\/v2\/comments?post=4622"}],"version-history":[{"count":7,"href":"https:\/\/trading.hhg.vn\/en\/wp-json\/wp\/v2\/product\/4622\/revisions"}],"predecessor-version":[{"id":4674,"href":"https:\/\/trading.hhg.vn\/en\/wp-json\/wp\/v2\/product\/4622\/revisions\/4674"}],"wp:featuredmedia":[{"embeddable":true,"href":"https:\/\/trading.hhg.vn\/en\/wp-json\/wp\/v2\/media\/4648"}],"wp:attachment":[{"href":"https:\/\/trading.hhg.vn\/en\/wp-json\/wp\/v2\/media?parent=4622"}],"wp:term":[{"taxonomy":"product_cat","embeddable":true,"href":"https:\/\/trading.hhg.vn\/en\/wp-json\/wp\/v2\/product_cat?post=4622"},{"taxonomy":"product_tag","embeddable":true,"href":"https:\/\/trading.hhg.vn\/en\/wp-json\/wp\/v2\/product_tag?post=4622"}],"curies":[{"name":"wp","href":"https:\/\/api.w.org\/{rel}","templated":true}]}}