{"id":46605,"date":"2025-11-21T09:03:03","date_gmt":"2025-11-21T02:03:03","guid":{"rendered":"https:\/\/trading.hhg.vn\/product\/bo-am-cho-bo-tron-sen-tam-tay-gat-don-3-lo-gan-vanh\/"},"modified":"2026-01-28T07:44:34","modified_gmt":"2026-01-28T00:44:34","slug":"bo-am-cho-bo-tron-sen-tam-tay-gat-don-3-lo-gan-vanh","status":"publish","type":"product","link":"https:\/\/trading.hhg.vn\/en\/s\u1ea3n-ph\u1ea9m\/bo-am-cho-bo-tron-sen-tam-tay-gat-don-3-lo-gan-vanh\/","title":{"rendered":"B\u1ed9 \u00e2m cho b\u1ed9 tr\u1ed9n sen t\u1eafm tay g\u1ea1t \u0111\u01a1n 3 l\u1ed7 g\u1eafn v\u00e0nh"},"content":{"rendered":"","protected":false},"excerpt":{"rendered":"<p>Tuy\u1ec7t t\u00e1c h\u00f2a quy\u1ec7n gi\u1eefa v\u1ebb \u0111\u1eb9p t\u1ed1i gi\u1ea3n v\u00e0 c\u00f4ng n\u0103ng v\u01b0\u1ee3t tr\u1ed9i, b\u1ed9 \u00e2m cho b\u1ed9 tr\u1ed9n sen t\u1eafm tay g\u1ea1t \u0111\u01a1n 3 l\u1ed7 g\u1eafn v\u00e0nh n\u00e2ng t\u1ea7m kh\u00f4ng gian ph\u00f2ng t\u1eafm c\u1ee7a b\u1ea1n. Thi\u1ebft k\u1ebf tinh t\u1ebf, gi\u1ea5u \u0111i m\u1ecdi chi ti\u1ebft kh\u00f4ng c\u1ea7n thi\u1ebft, ch\u1ec9 \u0111\u1ec3 l\u1ea1i s\u1ef1 thanh l\u1ecbch, sang tr\u1ecdng to\u00e1t l\u00ean t\u1eeb nh\u1eefng \u0111\u01b0\u1eddng n\u00e9t ho\u00e0n h\u1ea3o. Tr\u1ea3i nghi\u1ec7m c\u1ea3m gi\u00e1c d\u00f2ng n\u01b0\u1edbc \u0111\u01b0\u1ee3c ki\u1ec3m so\u00e1t tuy\u1ec7t \u0111\u1ed1i, m\u1ec1m m\u1ea1i v\u00e0 ch\u00ednh x\u00e1c ch\u1ec9 v\u1edbi m\u1ed9t thao t\u00e1c tay g\u1ea1t nh\u1eb9 nh\u00e0ng, mang \u0111\u1ebfn ph\u00fat gi\u00e2y th\u01b0 gi\u00e3n tr\u1ecdn v\u1eb9n v\u00e0 \u0111\u1eb3ng c\u1ea5p m\u1ed7i ng\u00e0y.<\/p>\n","protected":false},"featured_media":27897,"comment_status":"open","ping_status":"closed","template":"","meta":{"_acf_changed":false},"product_cat":[714],"product_tag":[],"class_list":{"0":"post-46605","1":"product","2":"type-product","3":"status-publish","4":"has-post-thumbnail","6":"product_cat-phu-kien-lap-dat","8":"first","9":"instock","10":"shipping-taxable","11":"purchasable","12":"product-type-simple"},"acf":[],"featured_media_urls":{"thumbnail":["https:\/\/trading.hhg.vn\/wp-content\/uploads\/2025\/11\/154__hpa00752_tif-150x150.png",150,150,true],"medium":["https:\/\/trading.hhg.vn\/wp-content\/uploads\/2025\/11\/154__hpa00752_tif-263x300.png",263,300,true],"medium_large":["https:\/\/trading.hhg.vn\/wp-content\/uploads\/2025\/11\/154__hpa00752_tif-768x878.png",768,878,true],"large":["https:\/\/trading.hhg.vn\/wp-content\/uploads\/2025\/11\/154__hpa00752_tif-896x1024.png",896,1024,true],"1536x1536":["https:\/\/trading.hhg.vn\/wp-content\/uploads\/2025\/11\/154__hpa00752_tif.png",1290,1474,false],"2048x2048":["https:\/\/trading.hhg.vn\/wp-content\/uploads\/2025\/11\/154__hpa00752_tif.png",1290,1474,false],"woocommerce_thumbnail":["https:\/\/trading.hhg.vn\/wp-content\/uploads\/2025\/11\/154__hpa00752_tif-600x600.png",600,600,true],"woocommerce_single":["https:\/\/trading.hhg.vn\/wp-content\/uploads\/2025\/11\/154__hpa00752_tif-1200x1371.png",1200,1371,true],"woocommerce_gallery_thumbnail":["https:\/\/trading.hhg.vn\/wp-content\/uploads\/2025\/11\/154__hpa00752_tif-150x171.png",150,171,true],"portfolio_item-thumbnail":["https:\/\/trading.hhg.vn\/wp-content\/uploads\/2025\/11\/154__hpa00752_tif.png",350,400,false],"portfolio_item-thumbnail@2x":["https:\/\/trading.hhg.vn\/wp-content\/uploads\/2025\/11\/154__hpa00752_tif.png",700,800,false],"portfolio_item-masonry":["https:\/\/trading.hhg.vn\/wp-content\/uploads\/2025\/11\/154__hpa00752_tif.png",600,686,false],"portfolio_item-masonry@2x":["https:\/\/trading.hhg.vn\/wp-content\/uploads\/2025\/11\/154__hpa00752_tif.png",1200,1371,false],"portfolio_item-thumbnail_cinema":["https:\/\/trading.hhg.vn\/wp-content\/uploads\/2025\/11\/154__hpa00752_tif.png",293,335,false],"portfolio_item-thumbnail_portrait":["https:\/\/trading.hhg.vn\/wp-content\/uploads\/2025\/11\/154__hpa00752_tif.png",600,686,false],"portfolio_item-thumbnail_portrait@2x":["https:\/\/trading.hhg.vn\/wp-content\/uploads\/2025\/11\/154__hpa00752_tif.png",1200,1371,false],"portfolio_item-thumbnail_square":["https:\/\/trading.hhg.vn\/wp-content\/uploads\/2025\/11\/154__hpa00752_tif.png",700,800,false]},"_links":{"self":[{"href":"https:\/\/trading.hhg.vn\/en\/wp-json\/wp\/v2\/product\/46605","targetHints":{"allow":["GET"]}}],"collection":[{"href":"https:\/\/trading.hhg.vn\/en\/wp-json\/wp\/v2\/product"}],"about":[{"href":"https:\/\/trading.hhg.vn\/en\/wp-json\/wp\/v2\/types\/product"}],"replies":[{"embeddable":true,"href":"https:\/\/trading.hhg.vn\/en\/wp-json\/wp\/v2\/comments?post=46605"}],"version-history":[{"count":0,"href":"https:\/\/trading.hhg.vn\/en\/wp-json\/wp\/v2\/product\/46605\/revisions"}],"wp:featuredmedia":[{"embeddable":true,"href":"https:\/\/trading.hhg.vn\/en\/wp-json\/wp\/v2\/media\/27897"}],"wp:attachment":[{"href":"https:\/\/trading.hhg.vn\/en\/wp-json\/wp\/v2\/media?parent=46605"}],"wp:term":[{"taxonomy":"product_cat","embeddable":true,"href":"https:\/\/trading.hhg.vn\/en\/wp-json\/wp\/v2\/product_cat?post=46605"},{"taxonomy":"product_tag","embeddable":true,"href":"https:\/\/trading.hhg.vn\/en\/wp-json\/wp\/v2\/product_tag?post=46605"}],"curies":[{"name":"wp","href":"https:\/\/api.w.org\/{rel}","templated":true}]}}