{"id":46671,"date":"2025-11-21T09:05:41","date_gmt":"2025-11-21T02:05:41","guid":{"rendered":"https:\/\/trading.hhg.vn\/product\/chau-rua-tay-450-340-khong-lo-voi-va-khong-lo-tran-xanuia-q\/"},"modified":"2025-11-21T09:05:41","modified_gmt":"2025-11-21T02:05:41","slug":"chau-rua-tay-450-340-khong-lo-voi-va-khong-lo-tran-xanuia-q","status":"publish","type":"product","link":"https:\/\/trading.hhg.vn\/en\/s\u1ea3n-ph\u1ea9m\/chau-rua-tay-450-340-khong-lo-voi-va-khong-lo-tran-xanuia-q\/","title":{"rendered":"Ch\u1eadu r\u1eeda tay 450\/340 kh\u00f4ng l\u1ed7 v\u00f2i v\u00e0 kh\u00f4ng l\u1ed7 tr\u00e0n Xanuia Q"},"content":{"rendered":"<p><img fetchpriority=\"high\" decoding=\"async\" class=\"alignnone wp-image-7559 aligncenter\" src=\"http:\/\/trading.hhg.vn\/wp-content\/uploads\/2025\/11\/xanuia-q.png\" alt=\"\" width=\"606\" height=\"454\" \/>D\u00f2ng s\u1ea3n ph\u1ea9m Hansgrohe\u202fXanuia\u202fQ Wash\u202fBasin l\u00e0 l\u1ef1a ch\u1ecdn l\u00fd t\u01b0\u1edfng cho kh\u00f4ng gian ph\u00f2ng t\u1eafm hi\u1ec7n \u0111\u1ea1i, k\u1ebft h\u1ee3p gi\u1eefa thi\u1ebft k\u1ebf tinh gi\u1ea3n v\u00e0 ch\u1ee9c n\u0103ng v\u01b0\u1ee3t tr\u1ed9i. V\u1edbi ng\u00f4n ng\u1eef \u201cSoftSquare\u201d \u2013 c\u00e1c g\u00f3c bo nh\u1eb9 nh\u00e0ng v\u00e0 vi\u1ec1n m\u1ea3nh \u2013 Xanuia Q mang l\u1ea1i v\u1ebb thanh tho\u00e1t, \u0111\u1ed3ng th\u1eddi ph\u1ea7n b\u1ed3n l\u1edbn t\u1ea1o c\u1ea3m gi\u00e1c tho\u1ea3i m\u00e1i trong s\u1eed d\u1ee5ng h\u00e0ng ng\u00e0y. <\/p>\n<p>S\u1ea3n ph\u1ea9m c\u00f3 \u0111a d\u1ea1ng k\u00edch th\u01b0\u1edbc t\u1eeb 360 \u00d7 250 mm \u0111\u1ebfn 800 \u00d7 480 mm, ph\u00f9 h\u1ee3p cho m\u1ecdi lo\u1ea1i ph\u00f2ng t\u1eafm t\u1eeb nh\u1ecf \u0111\u1ebfn r\u1ed9ng. V\u1edbi l\u1edbp men SmartClean (t\u00f9y ch\u1ecdn), b\u1ec1 m\u1eb7t s\u1ee9 d\u1ec5 l\u00e0m s\u1ea1ch, ng\u0103n b\u00e1m b\u1ea9n v\u00e0 r\u1ea5t ph\u00f9 h\u1ee3p cho nhu c\u1ea7u s\u1eed d\u1ee5ng th\u01b0\u1eddng xuy\u00ean. <\/p>\n<p>H\u01a1n n\u1eefa, Xanuia Q \u0111\u01b0\u1ee3c s\u1ea3n xu\u1ea5t t\u1eeb v\u1eadt li\u1ec7u s\u1ee9 v\u1ec7 sinh c\u00f3 th\u1ec3 t\u00e1i ch\u1ebf, th\u1ec3 hi\u1ec7n cam k\u1ebft c\u1ee7a th\u01b0\u01a1ng hi\u1ec7u v\u1edbi s\u1ef1 b\u1ec1n v\u1eefng m\u00f4i tr\u01b0\u1eddng. V\u1edbi thi\u1ebft k\u1ebf v\u00e0 c\u1ea5u h\u00ecnh linh ho\u1ea1t, Xanuia Q l\u00e0 gi\u1ea3i ph\u00e1p ho\u00e0n h\u1ea3o \u0111\u1ec3 t\u1ea1o n\u00ean kh\u00f4ng gian \u201cwash-place\u201d v\u1eeba \u0111\u1eb9p, v\u1eeba ti\u1ec7n nghi v\u00e0 l\u00e2u b\u1ec1n.<\/p>\n","protected":false},"excerpt":{"rendered":"<p>Ch\u1eadu r\u1eeda Xanuia Q l\u00e0 hi\u1ec7n th\u00e2n c\u1ee7a s\u1ef1 tinh t\u1ebf, t\u1ed1i gi\u1ea3n trong t\u1eebng \u0111\u01b0\u1eddng n\u00e9t, mang \u0111\u1ebfn v\u1ebb \u0111\u1eb9p hi\u1ec7n \u0111\u1ea1i v\u00e0 sang tr\u1ecdng cho kh\u00f4ng gian s\u1ed1ng c\u1ee7a b\u1ea1n. V\u1edbi thi\u1ebft k\u1ebf kh\u00f4ng l\u1ed7 v\u00f2i v\u00e0 kh\u00f4ng l\u1ed7 tr\u00e0n, s\u1ea3n ph\u1ea9m kh\u00f4ng ch\u1ec9 t\u1ea1o \u0111i\u1ec3m nh\u1ea5n \u0111\u1ed9c \u0111\u00e1o m\u00e0 c\u00f2n t\u1ed1i \u01b0u h\u00f3a kh\u00f4ng gian, d\u1ec5 d\u00e0ng v\u1ec7 sinh, mang l\u1ea1i tr\u1ea3i nghi\u1ec7m s\u1eed d\u1ee5ng ti\u1ec7n nghi v\u00e0 tho\u1ea3i m\u00e1i nh\u1ea5t. Xanuia Q kh\u00f4ng ch\u1ec9 l\u00e0 m\u1ed9t chi\u1ebfc ch\u1eadu r\u1eeda, m\u00e0 c\u00f2n l\u00e0 m\u1ed9t t\u00e1c ph\u1ea9m ngh\u1ec7 thu\u1eadt, n\u00e2ng t\u1ea7m \u0111\u1eb3ng c\u1ea5p cho n\u1ed9i th\u1ea5t ph\u00f2ng t\u1eafm.<\/p>\n","protected":false},"featured_media":46669,"comment_status":"open","ping_status":"closed","template":"","meta":{"_acf_changed":false},"product_cat":[71],"product_tag":[],"class_list":{"0":"post-46671","1":"product","2":"type-product","3":"status-publish","4":"has-post-thumbnail","6":"product_cat-chau","7":"pa_mau-sac-trang","9":"first","10":"instock","11":"shipping-taxable","12":"product-type-simple"},"acf":[],"featured_media_urls":{"thumbnail":["https:\/\/trading.hhg.vn\/wp-content\/uploads\/2025\/11\/154__hpr06512_tif-150x150.png",150,150,true],"medium":["https:\/\/trading.hhg.vn\/wp-content\/uploads\/2025\/11\/154__hpr06512_tif-262x300.png",262,300,true],"medium_large":["https:\/\/trading.hhg.vn\/wp-content\/uploads\/2025\/11\/154__hpr06512_tif-768x878.png",768,878,true],"large":["https:\/\/trading.hhg.vn\/wp-content\/uploads\/2025\/11\/154__hpr06512_tif-896x1024.png",896,1024,true],"1536x1536":["https:\/\/trading.hhg.vn\/wp-content\/uploads\/2025\/11\/154__hpr06512_tif-1344x1536.png",1344,1536,true],"2048x2048":["https:\/\/trading.hhg.vn\/wp-content\/uploads\/2025\/11\/154__hpr06512_tif.png",1440,1646,false],"woocommerce_thumbnail":["https:\/\/trading.hhg.vn\/wp-content\/uploads\/2025\/11\/154__hpr06512_tif-600x600.png",600,600,true],"woocommerce_single":["https:\/\/trading.hhg.vn\/wp-content\/uploads\/2025\/11\/154__hpr06512_tif-1200x1372.png",1200,1372,true],"woocommerce_gallery_thumbnail":["https:\/\/trading.hhg.vn\/wp-content\/uploads\/2025\/11\/154__hpr06512_tif-150x171.png",150,171,true],"portfolio_item-thumbnail":["https:\/\/trading.hhg.vn\/wp-content\/uploads\/2025\/11\/154__hpr06512_tif.png",350,400,false],"portfolio_item-thumbnail@2x":["https:\/\/trading.hhg.vn\/wp-content\/uploads\/2025\/11\/154__hpr06512_tif.png",700,800,false],"portfolio_item-masonry":["https:\/\/trading.hhg.vn\/wp-content\/uploads\/2025\/11\/154__hpr06512_tif.png",600,686,false],"portfolio_item-masonry@2x":["https:\/\/trading.hhg.vn\/wp-content\/uploads\/2025\/11\/154__hpr06512_tif.png",1200,1372,false],"portfolio_item-thumbnail_cinema":["https:\/\/trading.hhg.vn\/wp-content\/uploads\/2025\/11\/154__hpr06512_tif.png",293,335,false],"portfolio_item-thumbnail_portrait":["https:\/\/trading.hhg.vn\/wp-content\/uploads\/2025\/11\/154__hpr06512_tif.png",600,686,false],"portfolio_item-thumbnail_portrait@2x":["https:\/\/trading.hhg.vn\/wp-content\/uploads\/2025\/11\/154__hpr06512_tif.png",1200,1372,false],"portfolio_item-thumbnail_square":["https:\/\/trading.hhg.vn\/wp-content\/uploads\/2025\/11\/154__hpr06512_tif.png",700,800,false]},"_links":{"self":[{"href":"https:\/\/trading.hhg.vn\/en\/wp-json\/wp\/v2\/product\/46671","targetHints":{"allow":["GET"]}}],"collection":[{"href":"https:\/\/trading.hhg.vn\/en\/wp-json\/wp\/v2\/product"}],"about":[{"href":"https:\/\/trading.hhg.vn\/en\/wp-json\/wp\/v2\/types\/product"}],"replies":[{"embeddable":true,"href":"https:\/\/trading.hhg.vn\/en\/wp-json\/wp\/v2\/comments?post=46671"}],"version-history":[{"count":0,"href":"https:\/\/trading.hhg.vn\/en\/wp-json\/wp\/v2\/product\/46671\/revisions"}],"wp:featuredmedia":[{"embeddable":true,"href":"https:\/\/trading.hhg.vn\/en\/wp-json\/wp\/v2\/media\/46669"}],"wp:attachment":[{"href":"https:\/\/trading.hhg.vn\/en\/wp-json\/wp\/v2\/media?parent=46671"}],"wp:term":[{"taxonomy":"product_cat","embeddable":true,"href":"https:\/\/trading.hhg.vn\/en\/wp-json\/wp\/v2\/product_cat?post=46671"},{"taxonomy":"product_tag","embeddable":true,"href":"https:\/\/trading.hhg.vn\/en\/wp-json\/wp\/v2\/product_tag?post=46671"}],"curies":[{"name":"wp","href":"https:\/\/api.w.org\/{rel}","templated":true}]}}