{"id":46925,"date":"2025-11-21T09:47:18","date_gmt":"2025-11-21T02:47:18","guid":{"rendered":"https:\/\/trading.hhg.vn\/?post_type=product&#038;p=46925"},"modified":"2026-01-28T07:43:43","modified_gmt":"2026-01-28T00:43:43","slug":"voi-lavabo-tay-gat-don-190-khong-kem-bo-xa-logis","status":"publish","type":"product","link":"https:\/\/trading.hhg.vn\/en\/s\u1ea3n-ph\u1ea9m\/voi-lavabo-tay-gat-don-190-khong-kem-bo-xa-logis\/","title":{"rendered":"V\u00f2i lavabo tay g\u1ea1t \u0111\u01a1n 190 kh\u00f4ng k\u00e8m b\u1ed9 x\u1ea3 Logis"},"content":{"rendered":"<p><img fetchpriority=\"high\" decoding=\"async\" class=\"alignnone wp-image-7559 aligncenter\" src=\"http:\/\/trading.hhg.vn\/wp-content\/uploads\/2025\/11\/logis.png\" alt=\"\" width=\"606\" height=\"454\" \/>D\u00f2ng Hansgrohe Logis n\u1ed5i b\u1eadt v\u1edbi tay g\u1ea1t thi\u1ebft k\u1ebf m\u1edf bo tr\u00f2n m\u1ec1m m\u1ea1i \u2014 m\u1ed9t chi ti\u1ebft tinh t\u1ebf v\u1eeba mang l\u1ea1i c\u1ea3m gi\u00e1c tho\u1ea3i m\u00e1i khi c\u1ea7m, v\u1eeba t\u1ea1o n\u00ean \u0111i\u1ec3m nh\u1ea5n th\u1ea9m m\u1ef9 nh\u1eb9 nh\u00e0ng. Logis \u0111\u01b0\u1ee3c trang b\u1ecb van s\u1ee9 b\u1ec1n b\u1ec9, gi\u00fap gi\u1ea3m thi\u1ec3u hi\u1ec7n t\u01b0\u1ee3ng r\u01a1 sau th\u1eddi gian s\u1eed d\u1ee5ng, \u0111\u1ed3ng th\u1eddi h\u00e3ng cam k\u1ebft ch\u1ea5t l\u01b0\u1ee3ng v\u1edbi ch\u1ebf \u0111\u1ed9 b\u1ea3o h\u00e0nh l\u00e2u d\u00e0i.<\/p>\n<p>Kh\u00f4ng ch\u1ec9 c\u00f3 thi\u1ebft k\u1ebf \u0111\u1eb9p m\u1eaft, Logis c\u00f2n h\u01b0\u1edbng t\u1edbi kh\u1ea3 n\u0103ng ti\u1ebft ki\u1ec7m n\u01b0\u1edbc &amp; n\u0103ng l\u01b0\u1ee3ng. V\u00ed d\u1ee5 nh\u01b0 c\u00f4ng ngh\u1ec7 CoolStart gi\u00fap ch\u1ec9 ch\u1ea1y n\u01b0\u1edbc n\u00f3ng khi c\u1ea7n, v\u00e0 EcoSmart gi\u00fap gi\u1ea3m l\u01b0\u1ee3ng n\u01b0\u1edbc t\u1edbi 60% so v\u1edbi d\u00f2ng th\u00f4ng th\u01b0\u1eddng, v\u00e0 Airpower gi\u00fap tia n\u01b0\u1edbc m\u1ec1m m\u1ea1i nh\u1edd b\u1ecdt kh\u00ed<\/p>\n<p>D\u00f2ng s\u1ea3n ph\u1ea9m bao g\u1ed3m nhi\u1ec1u ki\u1ec3u \u2013 t\u1eeb v\u00f2i lavabo tay g\u1ea1t \u0111\u01a1n, v\u00f2i hai tay g\u1ea1t, t\u1edbi phi\u00ean b\u1ea3n d\u00e0nh cho b\u1ebfp v\u1edbi c\u1ed5 cao, ph\u00f9 h\u1ee3p v\u1edbi nhi\u1ec1u y\u00eau c\u1ea7u l\u1eafp \u0111\u1eb7t kh\u00e1c nhau.<\/p>\n","protected":false},"excerpt":{"rendered":"<p>V\u00f2i lavabo Logis th\u1ed5i h\u1ed3n v\u00e0o kh\u00f4ng gian ph\u00f2ng t\u1eafm v\u1edbi thi\u1ebft k\u1ebf tay g\u1ea1t \u0111\u01a1n tinh t\u1ebf, t\u1ed1i gi\u1ea3n m\u00e0 kh\u00f4ng k\u00e9m ph\u1ea7n sang tr\u1ecdng. D\u00e1ng v\u00f2i cao 190mm thanh tho\u00e1t kh\u00f4ng ch\u1ec9 l\u00e0 \u0111i\u1ec3m nh\u1ea5n ki\u1ebfn tr\u00fac m\u00e0 c\u00f2n mang \u0111\u1ebfn tr\u1ea3i nghi\u1ec7m s\u1eed d\u1ee5ng v\u01b0\u1ee3t tr\u1ed9i. M\u1ed7i chuy\u1ec3n \u0111\u1ed9ng c\u1ee7a tay g\u1ea1t \u0111\u1ec1u \u00eam \u00e1i, m\u01b0\u1ee3t m\u00e0, cho ph\u00e9p b\u1ea1n \u0111i\u1ec1u ch\u1ec9nh l\u01b0u l\u01b0\u1ee3ng v\u00e0 nhi\u1ec7t \u0111\u1ed9 n\u01b0\u1edbc m\u1ed9t c\u00e1ch ch\u00ednh x\u00e1c, nh\u1eb9 nh\u00e0ng, bi\u1ebfn m\u1ed7i kho\u1ea3nh kh\u1eafc s\u1eed d\u1ee5ng th\u00e0nh m\u1ed9t nghi th\u1ee9c th\u01b0 gi\u00e3n tinh t\u1ebf.<\/p>\n","protected":false},"featured_media":46125,"comment_status":"open","ping_status":"closed","template":"","meta":{"_acf_changed":false},"product_cat":[883],"product_tag":[],"class_list":{"0":"post-46925","1":"product","2":"type-product","3":"status-publish","4":"has-post-thumbnail","6":"product_cat-voi-chau-2","7":"pa_mau-sac-chrome","8":"pa_mau-sac-den-mo","10":"first","11":"instock","12":"shipping-taxable","13":"purchasable","14":"product-type-variable"},"acf":[],"featured_media_urls":{"thumbnail":["https:\/\/trading.hhg.vn\/wp-content\/uploads\/2025\/11\/154__hpa01410_TIF-150x150.png",150,150,true],"medium":["https:\/\/trading.hhg.vn\/wp-content\/uploads\/2025\/11\/154__hpa01410_TIF-263x300.png",263,300,true],"medium_large":["https:\/\/trading.hhg.vn\/wp-content\/uploads\/2025\/11\/154__hpa01410_TIF-768x878.png",768,878,true],"large":["https:\/\/trading.hhg.vn\/wp-content\/uploads\/2025\/11\/154__hpa01410_TIF-896x1024.png",896,1024,true],"1536x1536":["https:\/\/trading.hhg.vn\/wp-content\/uploads\/2025\/11\/154__hpa01410_TIF.png",1260,1440,false],"2048x2048":["https:\/\/trading.hhg.vn\/wp-content\/uploads\/2025\/11\/154__hpa01410_TIF.png",1260,1440,false],"woocommerce_thumbnail":["https:\/\/trading.hhg.vn\/wp-content\/uploads\/2025\/11\/154__hpa01410_TIF-600x600.png",600,600,true],"woocommerce_single":["https:\/\/trading.hhg.vn\/wp-content\/uploads\/2025\/11\/154__hpa01410_TIF-1200x1371.png",1200,1371,true],"woocommerce_gallery_thumbnail":["https:\/\/trading.hhg.vn\/wp-content\/uploads\/2025\/11\/154__hpa01410_TIF-150x171.png",150,171,true],"portfolio_item-thumbnail":["https:\/\/trading.hhg.vn\/wp-content\/uploads\/2025\/11\/154__hpa01410_TIF.png",350,400,false],"portfolio_item-thumbnail@2x":["https:\/\/trading.hhg.vn\/wp-content\/uploads\/2025\/11\/154__hpa01410_TIF.png",700,800,false],"portfolio_item-masonry":["https:\/\/trading.hhg.vn\/wp-content\/uploads\/2025\/11\/154__hpa01410_TIF.png",600,686,false],"portfolio_item-masonry@2x":["https:\/\/trading.hhg.vn\/wp-content\/uploads\/2025\/11\/154__hpa01410_TIF.png",1200,1371,false],"portfolio_item-thumbnail_cinema":["https:\/\/trading.hhg.vn\/wp-content\/uploads\/2025\/11\/154__hpa01410_TIF.png",293,335,false],"portfolio_item-thumbnail_portrait":["https:\/\/trading.hhg.vn\/wp-content\/uploads\/2025\/11\/154__hpa01410_TIF.png",600,686,false],"portfolio_item-thumbnail_portrait@2x":["https:\/\/trading.hhg.vn\/wp-content\/uploads\/2025\/11\/154__hpa01410_TIF.png",1200,1371,false],"portfolio_item-thumbnail_square":["https:\/\/trading.hhg.vn\/wp-content\/uploads\/2025\/11\/154__hpa01410_TIF.png",700,800,false]},"_links":{"self":[{"href":"https:\/\/trading.hhg.vn\/en\/wp-json\/wp\/v2\/product\/46925","targetHints":{"allow":["GET"]}}],"collection":[{"href":"https:\/\/trading.hhg.vn\/en\/wp-json\/wp\/v2\/product"}],"about":[{"href":"https:\/\/trading.hhg.vn\/en\/wp-json\/wp\/v2\/types\/product"}],"replies":[{"embeddable":true,"href":"https:\/\/trading.hhg.vn\/en\/wp-json\/wp\/v2\/comments?post=46925"}],"version-history":[{"count":2,"href":"https:\/\/trading.hhg.vn\/en\/wp-json\/wp\/v2\/product\/46925\/revisions"}],"predecessor-version":[{"id":118704,"href":"https:\/\/trading.hhg.vn\/en\/wp-json\/wp\/v2\/product\/46925\/revisions\/118704"}],"wp:featuredmedia":[{"embeddable":true,"href":"https:\/\/trading.hhg.vn\/en\/wp-json\/wp\/v2\/media\/46125"}],"wp:attachment":[{"href":"https:\/\/trading.hhg.vn\/en\/wp-json\/wp\/v2\/media?parent=46925"}],"wp:term":[{"taxonomy":"product_cat","embeddable":true,"href":"https:\/\/trading.hhg.vn\/en\/wp-json\/wp\/v2\/product_cat?post=46925"},{"taxonomy":"product_tag","embeddable":true,"href":"https:\/\/trading.hhg.vn\/en\/wp-json\/wp\/v2\/product_tag?post=46925"}],"curies":[{"name":"wp","href":"https:\/\/api.w.org\/{rel}","templated":true}]}}