{"id":47027,"date":"2025-11-21T10:08:05","date_gmt":"2025-11-21T03:08:05","guid":{"rendered":"https:\/\/trading.hhg.vn\/?post_type=product&#038;p=47027"},"modified":"2026-01-28T07:50:38","modified_gmt":"2026-01-28T00:50:38","slug":"bo-tron-sen-tam-tay-gat-don-1-chuc-nang-axor-starck-organic","status":"publish","type":"product","link":"https:\/\/trading.hhg.vn\/en\/s\u1ea3n-ph\u1ea9m\/bo-tron-sen-tam-tay-gat-don-1-chuc-nang-axor-starck-organic\/","title":{"rendered":"B\u1ed9 tr\u1ed9n sen t\u1eafm tay g\u1ea1t \u0111\u01a1n 1 ch\u1ee9c n\u0103ng AXOR Starck Organic"},"content":{"rendered":"<p><img fetchpriority=\"high\" decoding=\"async\" class=\"alignnone wp-image-7559 aligncenter\" src=\"http:\/\/trading.hhg.vn\/wp-content\/uploads\/2025\/11\/AXOR-Starck-Organic.jpg\" alt=\"\" width=\"606\" height=\"454\" \/>AXOR Starck Organic th\u1ec3 hi\u1ec7n tri\u1ebft l\u00fd thi\u1ebft k\u1ebf b\u1ec1n v\u1eefng v\u00e0 c\u1ea3m x\u00fac, l\u1ea5y c\u1ea3m h\u1ee9ng t\u1eeb h\u00ecnh th\u00e1i t\u1ef1 nhi\u00ean c\u1ee7a n\u01b0\u1edbc v\u00e0 c\u01a1 th\u1ec3 con ng\u01b0\u1eddi. V\u1edbi \u0111\u01b0\u1eddng cong uy\u1ec3n chuy\u1ec3n, th\u00e2n v\u00f2i u\u1ed1n l\u01b0\u1ee3n m\u1ec1m m\u1ea1i nh\u01b0 c\u00e0nh c\u00e2y, d\u00f2ng s\u1ea3n ph\u1ea9m mang v\u1ebb \u0111\u1eb9p h\u1eefu c\u01a1, sinh \u0111\u1ed9ng v\u00e0 gi\u00e0u c\u1ea3m x\u00fac, t\u1ea1o n\u00ean s\u1ef1 c\u00e2n b\u1eb1ng ho\u00e0n h\u1ea3o gi\u1eefa ngh\u1ec7 thu\u1eadt, c\u00f4ng n\u0103ng v\u00e0 thi\u00ean nhi\u00ean.<\/p>\n<p>S\u1ea3n ph\u1ea9m \u0111\u01b0\u1ee3c ch\u1ebf t\u00e1c t\u1eeb \u0111\u1ed3ng thau cao c\u1ea5p, gia c\u00f4ng ch\u00ednh x\u00e1c, k\u1ebft h\u1ee3p c\u00f4ng ngh\u1ec7 AXOR FinishPlus cho \u0111\u1ed9 b\u1ec1n m\u00e0u, kh\u1ea3 n\u0103ng ch\u1ed1ng tr\u1ea7y x\u01b0\u1edbc v\u00e0 ch\u1ed1ng \u0103n m\u00f2n t\u1ed1i \u01b0u. B\u1ec1 m\u1eb7t m\u1ecbn, li\u1ec1n kh\u1ed1i kh\u00f4ng v\u1ebft n\u1ed1i cho c\u1ea3m gi\u00e1c ch\u1ea1m m\u01b0\u1ee3t m\u00e0 v\u00e0 tinh khi\u1ebft. C\u00e1c t\u00f9y ch\u1ecdn ho\u00e0n thi\u1ec7n nh\u01b0 chrome, brushed nickel, polished red gold hay matt white mang \u0111\u1ebfn v\u1ebb sang tr\u1ecdng linh ho\u1ea1t cho m\u1ecdi kh\u00f4ng gian.<\/p>\n","protected":false},"excerpt":{"rendered":"<p>AXOR Starck Organic l\u00e0 b\u1ea3n giao h\u01b0\u1edfng tinh t\u1ebf c\u1ee7a thi\u1ebft k\u1ebf v\u00e0 c\u00f4ng n\u0103ng, mang \u0111\u1ebfn tr\u1ea3i nghi\u1ec7m sen t\u1eafm ho\u00e0n to\u00e0n m\u1edbi. \u0110\u01b0\u1eddng n\u00e9t uy\u1ec3n chuy\u1ec3n, l\u1ea5y c\u1ea3m h\u1ee9ng t\u1eeb thi\u00ean nhi\u00ean, t\u1ea1o n\u00ean v\u1ebb \u0111\u1eb9p v\u01b0\u1ee3t th\u1eddi gian, h\u00f2a quy\u1ec7n m\u1ecdi kh\u00f4ng gian. Tay g\u1ea1t \u0111\u01a1n m\u01b0\u1ee3t m\u00e0 \u0111i\u1ec1u khi\u1ec3n ch\u00ednh x\u00e1c l\u01b0u l\u01b0\u1ee3ng v\u00e0 nhi\u1ec7t \u0111\u1ed9, kh\u01a1i g\u1ee3i c\u1ea3m gi\u00e1c \u00eam \u00e1i, nh\u1eb9 nh\u00e0ng. V\u1edbi m\u1ed9t ch\u1ee9c n\u0103ng duy nh\u1ea5t, AXOR Starck Organic t\u1eadp trung v\u00e0o s\u1ef1 tinh khi\u1ebft c\u1ee7a d\u00f2ng ch\u1ea3y, \u0111\u00e1nh th\u1ee9c m\u1ecdi gi\u00e1c quan, bi\u1ebfn m\u1ed7i kho\u1ea3nh kh\u1eafc d\u01b0\u1edbi v\u00f2i sen th\u00e0nh h\u00e0nh tr\u00ecnh t\u00e1i t\u1ea1o n\u0103ng l\u01b0\u1ee3ng \u0111\u1ea7y th\u01b0 th\u00e1i v\u00e0 \u0111\u1eb3ng c\u1ea5p.<\/p>\n","protected":false},"featured_media":47220,"comment_status":"open","ping_status":"closed","template":"","meta":{"_acf_changed":false},"product_cat":[846],"product_tag":[],"class_list":{"0":"post-47027","1":"product","2":"type-product","3":"status-publish","4":"has-post-thumbnail","6":"product_cat-bo-tron","7":"pa_mau-sac-chrome-bong","8":"pa_mau-sac-dong-thau-bong","10":"first","11":"instock","12":"shipping-taxable","13":"purchasable","14":"product-type-variable"},"acf":[],"featured_media_urls":{"thumbnail":["https:\/\/trading.hhg.vn\/wp-content\/uploads\/2025\/11\/154__apr08349_tif-150x150.png",150,150,true],"medium":["https:\/\/trading.hhg.vn\/wp-content\/uploads\/2025\/11\/154__apr08349_tif-263x300.png",263,300,true],"medium_large":["https:\/\/trading.hhg.vn\/wp-content\/uploads\/2025\/11\/154__apr08349_tif-768x878.png",768,878,true],"large":["https:\/\/trading.hhg.vn\/wp-content\/uploads\/2025\/11\/154__apr08349_tif-896x1024.png",896,1024,true],"1536x1536":["https:\/\/trading.hhg.vn\/wp-content\/uploads\/2025\/11\/154__apr08349_tif.png",1260,1440,false],"2048x2048":["https:\/\/trading.hhg.vn\/wp-content\/uploads\/2025\/11\/154__apr08349_tif.png",1260,1440,false],"woocommerce_thumbnail":["https:\/\/trading.hhg.vn\/wp-content\/uploads\/2025\/11\/154__apr08349_tif-600x600.png",600,600,true],"woocommerce_single":["https:\/\/trading.hhg.vn\/wp-content\/uploads\/2025\/11\/154__apr08349_tif-1200x1371.png",1200,1371,true],"woocommerce_gallery_thumbnail":["https:\/\/trading.hhg.vn\/wp-content\/uploads\/2025\/11\/154__apr08349_tif-150x171.png",150,171,true],"portfolio_item-thumbnail":["https:\/\/trading.hhg.vn\/wp-content\/uploads\/2025\/11\/154__apr08349_tif.png",350,400,false],"portfolio_item-thumbnail@2x":["https:\/\/trading.hhg.vn\/wp-content\/uploads\/2025\/11\/154__apr08349_tif.png",700,800,false],"portfolio_item-masonry":["https:\/\/trading.hhg.vn\/wp-content\/uploads\/2025\/11\/154__apr08349_tif.png",600,686,false],"portfolio_item-masonry@2x":["https:\/\/trading.hhg.vn\/wp-content\/uploads\/2025\/11\/154__apr08349_tif.png",1200,1371,false],"portfolio_item-thumbnail_cinema":["https:\/\/trading.hhg.vn\/wp-content\/uploads\/2025\/11\/154__apr08349_tif.png",293,335,false],"portfolio_item-thumbnail_portrait":["https:\/\/trading.hhg.vn\/wp-content\/uploads\/2025\/11\/154__apr08349_tif.png",600,686,false],"portfolio_item-thumbnail_portrait@2x":["https:\/\/trading.hhg.vn\/wp-content\/uploads\/2025\/11\/154__apr08349_tif.png",1200,1371,false],"portfolio_item-thumbnail_square":["https:\/\/trading.hhg.vn\/wp-content\/uploads\/2025\/11\/154__apr08349_tif.png",700,800,false]},"_links":{"self":[{"href":"https:\/\/trading.hhg.vn\/en\/wp-json\/wp\/v2\/product\/47027","targetHints":{"allow":["GET"]}}],"collection":[{"href":"https:\/\/trading.hhg.vn\/en\/wp-json\/wp\/v2\/product"}],"about":[{"href":"https:\/\/trading.hhg.vn\/en\/wp-json\/wp\/v2\/types\/product"}],"replies":[{"embeddable":true,"href":"https:\/\/trading.hhg.vn\/en\/wp-json\/wp\/v2\/comments?post=47027"}],"version-history":[{"count":1,"href":"https:\/\/trading.hhg.vn\/en\/wp-json\/wp\/v2\/product\/47027\/revisions"}],"predecessor-version":[{"id":47222,"href":"https:\/\/trading.hhg.vn\/en\/wp-json\/wp\/v2\/product\/47027\/revisions\/47222"}],"wp:featuredmedia":[{"embeddable":true,"href":"https:\/\/trading.hhg.vn\/en\/wp-json\/wp\/v2\/media\/47220"}],"wp:attachment":[{"href":"https:\/\/trading.hhg.vn\/en\/wp-json\/wp\/v2\/media?parent=47027"}],"wp:term":[{"taxonomy":"product_cat","embeddable":true,"href":"https:\/\/trading.hhg.vn\/en\/wp-json\/wp\/v2\/product_cat?post=47027"},{"taxonomy":"product_tag","embeddable":true,"href":"https:\/\/trading.hhg.vn\/en\/wp-json\/wp\/v2\/product_tag?post=47027"}],"curies":[{"name":"wp","href":"https:\/\/api.w.org\/{rel}","templated":true}]}}