{"id":47296,"date":"2025-11-21T10:15:16","date_gmt":"2025-11-21T03:15:16","guid":{"rendered":"https:\/\/trading.hhg.vn\/product\/bidet-treo-tuong-540-co-lo-voi-va-lo-tran-hygieneeffect-elupura-q\/"},"modified":"2026-01-28T07:42:02","modified_gmt":"2026-01-28T00:42:02","slug":"bidet-treo-tuong-540-co-lo-voi-va-lo-tran-hygieneeffect-elupura-q","status":"publish","type":"product","link":"https:\/\/trading.hhg.vn\/en\/s\u1ea3n-ph\u1ea9m\/bidet-treo-tuong-540-co-lo-voi-va-lo-tran-hygieneeffect-elupura-q\/","title":{"rendered":"Bidet treo t\u01b0\u1eddng 540 c\u00f3 l\u1ed7 v\u00f2i v\u00e0 l\u1ed7 tr\u00e0n, HygieneEffect EluPura Q"},"content":{"rendered":"","protected":false},"excerpt":{"rendered":"<p>Bidet treo t\u01b0\u1eddng EluPura Q mang \u0111\u1ebfn s\u1ef1 tinh t\u1ebf v\u00e0 ti\u1ec7n nghi v\u01b0\u1ee3t tr\u1ed9i cho kh\u00f4ng gian ph\u00f2ng t\u1eafm c\u1ee7a b\u1ea1n. Thi\u1ebft k\u1ebf t\u1ed1i gi\u1ea3n, thanh l\u1ecbch nh\u01b0ng \u0111\u1ea7y \u0111\u1ee7 c\u00f4ng n\u0103ng v\u1edbi l\u1ed7 v\u00f2i v\u00e0 l\u1ed7 tr\u00e0n \u0111\u01b0\u1ee3c t\u00edch h\u1ee3p kh\u00e9o l\u00e9o, \u0111\u1ea3m b\u1ea3o v\u1ebb \u0111\u1eb9p li\u1ec1n m\u1ea1ch v\u00e0 sang tr\u1ecdng. C\u00f4ng ngh\u1ec7 HygieneEffect \u0111\u1ed9c quy\u1ec1n cho b\u1ec1 m\u1eb7t s\u1ee9 si\u00eau m\u1ecbn, ch\u1ed1ng b\u00e1m b\u1ea9n hi\u1ec7u qu\u1ea3, d\u1ec5 d\u00e0ng v\u1ec7 sinh, gi\u00fap b\u1ea1n t\u1eadn h\u01b0\u1edfng tr\u1ea3i nghi\u1ec7m s\u1ea1ch s\u1ebd v\u00e0 tho\u1ea3i m\u00e1i t\u1ed1i \u0111a m\u1ed7i ng\u00e0y. EluPura Q l\u00e0 s\u1ef1 k\u1ebft h\u1ee3p ho\u00e0n h\u1ea3o gi\u1eefa th\u1ea9m m\u1ef9 \u0111\u01b0\u01a1ng \u0111\u1ea1i v\u00e0 t\u00ednh \u1ee9ng d\u1ee5ng cao c\u1ea5p.<\/p>\n","protected":false},"featured_media":16785,"comment_status":"open","ping_status":"closed","template":"","meta":{"_acf_changed":false},"product_cat":[870],"product_tag":[],"class_list":{"0":"post-47296","1":"product","2":"type-product","3":"status-publish","4":"has-post-thumbnail","6":"product_cat-tieu-nu","7":"pa_mau-sac-trang","9":"first","10":"instock","11":"shipping-taxable","12":"product-type-simple"},"acf":[],"featured_media_urls":{"thumbnail":["https:\/\/trading.hhg.vn\/wp-content\/uploads\/2025\/11\/154__hpr07135_tif-150x150.png",150,150,true],"medium":["https:\/\/trading.hhg.vn\/wp-content\/uploads\/2025\/11\/154__hpr07135_tif-262x300.png",262,300,true],"medium_large":["https:\/\/trading.hhg.vn\/wp-content\/uploads\/2025\/11\/154__hpr07135_tif-768x878.png",768,878,true],"large":["https:\/\/trading.hhg.vn\/wp-content\/uploads\/2025\/11\/154__hpr07135_tif-896x1024.png",896,1024,true],"1536x1536":["https:\/\/trading.hhg.vn\/wp-content\/uploads\/2025\/11\/154__hpr07135_tif-1344x1536.png",1344,1536,true],"2048x2048":["https:\/\/trading.hhg.vn\/wp-content\/uploads\/2025\/11\/154__hpr07135_tif.png",1440,1646,false],"woocommerce_thumbnail":["https:\/\/trading.hhg.vn\/wp-content\/uploads\/2025\/11\/154__hpr07135_tif-600x600.png",600,600,true],"woocommerce_single":["https:\/\/trading.hhg.vn\/wp-content\/uploads\/2025\/11\/154__hpr07135_tif-1200x1372.png",1200,1372,true],"woocommerce_gallery_thumbnail":["https:\/\/trading.hhg.vn\/wp-content\/uploads\/2025\/11\/154__hpr07135_tif-150x171.png",150,171,true],"portfolio_item-thumbnail":["https:\/\/trading.hhg.vn\/wp-content\/uploads\/2025\/11\/154__hpr07135_tif.png",350,400,false],"portfolio_item-thumbnail@2x":["https:\/\/trading.hhg.vn\/wp-content\/uploads\/2025\/11\/154__hpr07135_tif.png",700,800,false],"portfolio_item-masonry":["https:\/\/trading.hhg.vn\/wp-content\/uploads\/2025\/11\/154__hpr07135_tif.png",600,686,false],"portfolio_item-masonry@2x":["https:\/\/trading.hhg.vn\/wp-content\/uploads\/2025\/11\/154__hpr07135_tif.png",1200,1372,false],"portfolio_item-thumbnail_cinema":["https:\/\/trading.hhg.vn\/wp-content\/uploads\/2025\/11\/154__hpr07135_tif.png",293,335,false],"portfolio_item-thumbnail_portrait":["https:\/\/trading.hhg.vn\/wp-content\/uploads\/2025\/11\/154__hpr07135_tif.png",600,686,false],"portfolio_item-thumbnail_portrait@2x":["https:\/\/trading.hhg.vn\/wp-content\/uploads\/2025\/11\/154__hpr07135_tif.png",1200,1372,false],"portfolio_item-thumbnail_square":["https:\/\/trading.hhg.vn\/wp-content\/uploads\/2025\/11\/154__hpr07135_tif.png",700,800,false]},"_links":{"self":[{"href":"https:\/\/trading.hhg.vn\/en\/wp-json\/wp\/v2\/product\/47296","targetHints":{"allow":["GET"]}}],"collection":[{"href":"https:\/\/trading.hhg.vn\/en\/wp-json\/wp\/v2\/product"}],"about":[{"href":"https:\/\/trading.hhg.vn\/en\/wp-json\/wp\/v2\/types\/product"}],"replies":[{"embeddable":true,"href":"https:\/\/trading.hhg.vn\/en\/wp-json\/wp\/v2\/comments?post=47296"}],"version-history":[{"count":0,"href":"https:\/\/trading.hhg.vn\/en\/wp-json\/wp\/v2\/product\/47296\/revisions"}],"wp:featuredmedia":[{"embeddable":true,"href":"https:\/\/trading.hhg.vn\/en\/wp-json\/wp\/v2\/media\/16785"}],"wp:attachment":[{"href":"https:\/\/trading.hhg.vn\/en\/wp-json\/wp\/v2\/media?parent=47296"}],"wp:term":[{"taxonomy":"product_cat","embeddable":true,"href":"https:\/\/trading.hhg.vn\/en\/wp-json\/wp\/v2\/product_cat?post=47296"},{"taxonomy":"product_tag","embeddable":true,"href":"https:\/\/trading.hhg.vn\/en\/wp-json\/wp\/v2\/product_tag?post=47296"}],"curies":[{"name":"wp","href":"https:\/\/api.w.org\/{rel}","templated":true}]}}