{"id":47299,"date":"2025-11-21T10:15:52","date_gmt":"2025-11-21T03:15:52","guid":{"rendered":"https:\/\/trading.hhg.vn\/product\/khay-xa-phong-casetta-s-puro\/"},"modified":"2026-01-28T07:46:37","modified_gmt":"2026-01-28T00:46:37","slug":"khay-xa-phong-casetta-s-puro","status":"publish","type":"product","link":"https:\/\/trading.hhg.vn\/en\/s\u1ea3n-ph\u1ea9m\/khay-xa-phong-casetta-s-puro\/","title":{"rendered":"Khay x\u00e0 ph\u00f2ng Casetta S Puro"},"content":{"rendered":"","protected":false},"excerpt":{"rendered":"<p>Casetta S Puro n\u00e2ng t\u1ea7m kh\u00f4ng gian ph\u00f2ng t\u1eafm v\u1edbi thi\u1ebft k\u1ebf t\u1ed1i gi\u1ea3n, tinh t\u1ebf, h\u00f2a m\u00ecnh v\u00e0o m\u1ecdi phong c\u00e1ch n\u1ed9i th\u1ea5t. Ch\u1ea5t li\u1ec7u cao c\u1ea5p \u0111\u01b0\u1ee3c ch\u1ebf t\u00e1c t\u1ec9 m\u1ec9, kh\u00f4ng ch\u1ec9 \u0111\u1ea3m b\u1ea3o \u0111\u1ed9 b\u1ec1n v\u01b0\u1ee3t th\u1eddi gian m\u00e0 c\u00f2n mang \u0111\u1ebfn c\u1ea3m gi\u00e1c m\u01b0\u1ee3t m\u00e0 khi ch\u1ea1m. Khay x\u00e0 ph\u00f2ng th\u00f4ng minh n\u00e0y t\u1ed1i \u01b0u kh\u1ea3 n\u0103ng tho\u00e1t n\u01b0\u1edbc, gi\u1eef x\u00e0 ph\u00f2ng lu\u00f4n kh\u00f4 r\u00e1o v\u00e0 s\u1ea1ch s\u1ebd, k\u00e9o d\u00e0i tu\u1ed5i th\u1ecd s\u1ea3n ph\u1ea9m. Tr\u1ea3i nghi\u1ec7m s\u1ef1 kh\u00e1c bi\u1ec7t c\u1ee7a m\u1ed9t v\u1eadt d\u1ee5ng t\u01b0\u1edfng ch\u1eebng nh\u1ecf b\u00e9 nh\u01b0ng l\u1ea1i ki\u1ebfn t\u1ea1o n\u00ean v\u1ebb \u0111\u1eb9p sang tr\u1ecdng v\u00e0 ti\u1ec7n nghi cho t\u1ed5 \u1ea5m c\u1ee7a b\u1ea1n.<\/p>\n","protected":false},"featured_media":47297,"comment_status":"open","ping_status":"closed","template":"","meta":{"_acf_changed":false},"product_cat":[77],"product_tag":[],"class_list":{"0":"post-47299","1":"product","2":"type-product","3":"status-publish","4":"has-post-thumbnail","6":"product_cat-phu-kien-phong-tam","7":"pa_mau-sac-chrome","9":"first","10":"instock","11":"shipping-taxable","12":"purchasable","13":"product-type-simple"},"acf":[],"featured_media_urls":{"thumbnail":["https:\/\/trading.hhg.vn\/wp-content\/uploads\/2025\/11\/154__apb01664_tif-150x150.png",150,150,true],"medium":["https:\/\/trading.hhg.vn\/wp-content\/uploads\/2025\/11\/154__apb01664_tif-262x300.png",262,300,true],"medium_large":["https:\/\/trading.hhg.vn\/wp-content\/uploads\/2025\/11\/154__apb01664_tif-768x878.png",768,878,true],"large":["https:\/\/trading.hhg.vn\/wp-content\/uploads\/2025\/11\/154__apb01664_tif-896x1024.png",896,1024,true],"1536x1536":["https:\/\/trading.hhg.vn\/wp-content\/uploads\/2025\/11\/154__apb01664_tif-1344x1536.png",1344,1536,true],"2048x2048":["https:\/\/trading.hhg.vn\/wp-content\/uploads\/2025\/11\/154__apb01664_tif.png",1440,1646,false],"woocommerce_thumbnail":["https:\/\/trading.hhg.vn\/wp-content\/uploads\/2025\/11\/154__apb01664_tif-600x600.png",600,600,true],"woocommerce_single":["https:\/\/trading.hhg.vn\/wp-content\/uploads\/2025\/11\/154__apb01664_tif-1200x1372.png",1200,1372,true],"woocommerce_gallery_thumbnail":["https:\/\/trading.hhg.vn\/wp-content\/uploads\/2025\/11\/154__apb01664_tif-150x171.png",150,171,true],"portfolio_item-thumbnail":["https:\/\/trading.hhg.vn\/wp-content\/uploads\/2025\/11\/154__apb01664_tif.png",350,400,false],"portfolio_item-thumbnail@2x":["https:\/\/trading.hhg.vn\/wp-content\/uploads\/2025\/11\/154__apb01664_tif.png",700,800,false],"portfolio_item-masonry":["https:\/\/trading.hhg.vn\/wp-content\/uploads\/2025\/11\/154__apb01664_tif.png",600,686,false],"portfolio_item-masonry@2x":["https:\/\/trading.hhg.vn\/wp-content\/uploads\/2025\/11\/154__apb01664_tif.png",1200,1372,false],"portfolio_item-thumbnail_cinema":["https:\/\/trading.hhg.vn\/wp-content\/uploads\/2025\/11\/154__apb01664_tif.png",293,335,false],"portfolio_item-thumbnail_portrait":["https:\/\/trading.hhg.vn\/wp-content\/uploads\/2025\/11\/154__apb01664_tif.png",600,686,false],"portfolio_item-thumbnail_portrait@2x":["https:\/\/trading.hhg.vn\/wp-content\/uploads\/2025\/11\/154__apb01664_tif.png",1200,1372,false],"portfolio_item-thumbnail_square":["https:\/\/trading.hhg.vn\/wp-content\/uploads\/2025\/11\/154__apb01664_tif.png",700,800,false]},"_links":{"self":[{"href":"https:\/\/trading.hhg.vn\/en\/wp-json\/wp\/v2\/product\/47299","targetHints":{"allow":["GET"]}}],"collection":[{"href":"https:\/\/trading.hhg.vn\/en\/wp-json\/wp\/v2\/product"}],"about":[{"href":"https:\/\/trading.hhg.vn\/en\/wp-json\/wp\/v2\/types\/product"}],"replies":[{"embeddable":true,"href":"https:\/\/trading.hhg.vn\/en\/wp-json\/wp\/v2\/comments?post=47299"}],"version-history":[{"count":0,"href":"https:\/\/trading.hhg.vn\/en\/wp-json\/wp\/v2\/product\/47299\/revisions"}],"wp:featuredmedia":[{"embeddable":true,"href":"https:\/\/trading.hhg.vn\/en\/wp-json\/wp\/v2\/media\/47297"}],"wp:attachment":[{"href":"https:\/\/trading.hhg.vn\/en\/wp-json\/wp\/v2\/media?parent=47299"}],"wp:term":[{"taxonomy":"product_cat","embeddable":true,"href":"https:\/\/trading.hhg.vn\/en\/wp-json\/wp\/v2\/product_cat?post=47299"},{"taxonomy":"product_tag","embeddable":true,"href":"https:\/\/trading.hhg.vn\/en\/wp-json\/wp\/v2\/product_tag?post=47299"}],"curies":[{"name":"wp","href":"https:\/\/api.w.org\/{rel}","templated":true}]}}