{"id":4900,"date":"2024-12-09T11:40:35","date_gmt":"2024-12-09T04:40:35","guid":{"rendered":"https:\/\/trading.hhg.vn\/product\/4893\/"},"modified":"2026-01-14T06:55:30","modified_gmt":"2026-01-13T23:55:30","slug":"4893","status":"publish","type":"product","link":"https:\/\/trading.hhg.vn\/en\/product\/4893\/","title":{"rendered":"Pulsify Select S Shower set 105 3jet Relaxation with shower bar 65 cm"},"content":{"rendered":"<p><img fetchpriority=\"high\" decoding=\"async\" class=\"alignnone wp-image-7559 aligncenter\" src=\"https:\/\/trading.hhg.vn\/wp-content\/uploads\/2026\/01\/Pulsify-Select-S.jpg\" alt=\"\" width=\"606\" height=\"454\" \/>Pulsify Select S s\u1edf h\u1eefu ng\u00f4n ng\u1eef thi\u1ebft k\u1ebf tr\u00f2n m\u1ec1m, g\u1ecdn nh\u1eb9 v\u00e0 hi\u1ec7n \u0111\u1ea1i, d\u1ec5 d\u00e0ng h\u00f2a h\u1ee3p v\u1edbi nhi\u1ec1u kh\u00f4ng gian ph\u00f2ng t\u1eafm. B\u1ec1 m\u1eb7t \u0111\u1ea7u sen ph\u1eb3ng, t\u1ed1i gi\u1ea3n, k\u1ebft h\u1ee3p n\u00fat Select t\u00edch h\u1ee3p cho ph\u00e9p chuy\u1ec3n ch\u1ebf \u0111\u1ed9 phun nhanh ch\u00f3ng ch\u1ec9 v\u1edbi m\u1ed9t thao t\u00e1c nh\u1ea5n. T\u1ef7 l\u1ec7 c\u00e2n \u0111\u1ed1i v\u00e0 \u0111\u01b0\u1eddng n\u00e9t tinh gi\u1ea3n gi\u00fap Pulsify Select S v\u1eeba mang t\u00ednh th\u1ea9m m\u1ef9 cao, v\u1eeba th\u00e2n thi\u1ec7n trong s\u1eed d\u1ee5ng h\u00e0ng ng\u00e0y.<\/p>\n<p>Pulsify Select S \u0111\u01b0\u1ee3c ch\u1ebf t\u00e1c t\u1eeb nh\u1ef1a cao c\u1ea5p k\u1ebft h\u1ee3p c\u00e1c chi ti\u1ebft kim lo\u1ea1i \u1edf khu v\u1ef1c k\u1ebft n\u1ed1i, \u0111\u1ea3m b\u1ea3o \u0111\u1ed9 b\u1ec1n v\u00e0 tr\u1ecdng l\u01b0\u1ee3ng nh\u1eb9. \u0110\u0129a phun silicone linh ho\u1ea1t gi\u00fap d\u1ec5 d\u00e0ng lo\u1ea1i b\u1ecf c\u1eb7n v\u00f4i, duy tr\u00ec hi\u1ec7u su\u1ea5t l\u00e2u d\u00e0i. C\u00f4ng ngh\u1ec7 phun t\u1ea1o d\u00f2ng n\u01b0\u1edbc \u0111\u1ec1u, m\u1ec1m v\u00e0 bao ph\u1ee7 r\u1ed9ng, \u0111\u1ed3ng th\u1eddi h\u1ed7 tr\u1ee3 ti\u1ebft ki\u1ec7m n\u01b0\u1edbc.<\/p>\n","protected":false},"excerpt":{"rendered":"<p>Pulsify Select S Shower Set 105 3jet Relaxation v\u1edbi thanh sen 65 cm c\u1ee7a Hansgrohe c\u00f3 3 ch\u1ebf \u0111\u1ed9 phun: <em>RainJet<\/em>, <em>MassageJet<\/em> v\u00e0 <em>PureRain<\/em>. S\u1ea3n ph\u1ea9m s\u1eed d\u1ee5ng c\u00f4ng ngh\u1ec7 EcoSmart, ti\u1ebft ki\u1ec7m n\u01b0\u1edbc hi\u1ec7u qu\u1ea3 v\u00e0 \u0111\u1ea3m b\u1ea3o an to\u00e0n v\u1edbi b\u1ed9 \u0111i\u1ec1u khi\u1ec3n Ecostat Element. Thi\u1ebft k\u1ebf tinh t\u1ebf, ph\u00f9 h\u1ee3p m\u1ecdi kh\u00f4ng gian ph\u00f2ng t\u1eafm hi\u1ec7n \u0111\u1ea1i.<\/p>\n","protected":false},"featured_media":4880,"comment_status":"open","ping_status":"closed","template":"","meta":{"_acf_changed":false},"product_cat":[372,453],"product_tag":[],"class_list":{"0":"post-4900","1":"product","2":"type-product","3":"status-publish","4":"has-post-thumbnail","6":"product_cat-thiet-bi-phong-tam-en","7":"product_cat-sen-tam-en","8":"pa_mau-sac-chrome-en-2","9":"pa_mau-sac-den-mo-en","10":"pa_mau-sac-trang-mo-en","12":"first","13":"onbackorder","14":"featured","15":"shipping-taxable","16":"purchasable","17":"product-type-variable"},"acf":[],"featured_media_urls":{"thumbnail":["https:\/\/trading.hhg.vn\/wp-content\/uploads\/2024\/12\/Artboard-4-5-150x150.jpg",150,150,true],"medium":["https:\/\/trading.hhg.vn\/wp-content\/uploads\/2024\/12\/Artboard-4-5-263x300.jpg",263,300,true],"medium_large":["https:\/\/trading.hhg.vn\/wp-content\/uploads\/2024\/12\/Artboard-4-5.jpg",700,800,false],"large":["https:\/\/trading.hhg.vn\/wp-content\/uploads\/2024\/12\/Artboard-4-5.jpg",700,800,false],"1536x1536":["https:\/\/trading.hhg.vn\/wp-content\/uploads\/2024\/12\/Artboard-4-5.jpg",700,800,false],"2048x2048":["https:\/\/trading.hhg.vn\/wp-content\/uploads\/2024\/12\/Artboard-4-5.jpg",700,800,false],"woocommerce_thumbnail":["https:\/\/trading.hhg.vn\/wp-content\/uploads\/2024\/12\/Artboard-4-5-600x600.jpg",600,600,true],"woocommerce_single":["https:\/\/trading.hhg.vn\/wp-content\/uploads\/2024\/12\/Artboard-4-5.jpg",700,800,false],"woocommerce_gallery_thumbnail":["https:\/\/trading.hhg.vn\/wp-content\/uploads\/2024\/12\/Artboard-4-5-150x171.jpg",150,171,true],"portfolio_item-thumbnail":["https:\/\/trading.hhg.vn\/wp-content\/uploads\/2024\/12\/Artboard-4-5.jpg",350,400,false],"portfolio_item-thumbnail@2x":["https:\/\/trading.hhg.vn\/wp-content\/uploads\/2024\/12\/Artboard-4-5.jpg",700,800,false],"portfolio_item-masonry":["https:\/\/trading.hhg.vn\/wp-content\/uploads\/2024\/12\/Artboard-4-5.jpg",600,686,false],"portfolio_item-masonry@2x":["https:\/\/trading.hhg.vn\/wp-content\/uploads\/2024\/12\/Artboard-4-5.jpg",700,800,false],"portfolio_item-thumbnail_cinema":["https:\/\/trading.hhg.vn\/wp-content\/uploads\/2024\/12\/Artboard-4-5.jpg",293,335,false],"portfolio_item-thumbnail_portrait":["https:\/\/trading.hhg.vn\/wp-content\/uploads\/2024\/12\/Artboard-4-5.jpg",600,686,false],"portfolio_item-thumbnail_portrait@2x":["https:\/\/trading.hhg.vn\/wp-content\/uploads\/2024\/12\/Artboard-4-5.jpg",700,800,false],"portfolio_item-thumbnail_square":["https:\/\/trading.hhg.vn\/wp-content\/uploads\/2024\/12\/Artboard-4-5.jpg",700,800,false]},"_links":{"self":[{"href":"https:\/\/trading.hhg.vn\/en\/wp-json\/wp\/v2\/product\/4900","targetHints":{"allow":["GET"]}}],"collection":[{"href":"https:\/\/trading.hhg.vn\/en\/wp-json\/wp\/v2\/product"}],"about":[{"href":"https:\/\/trading.hhg.vn\/en\/wp-json\/wp\/v2\/types\/product"}],"replies":[{"embeddable":true,"href":"https:\/\/trading.hhg.vn\/en\/wp-json\/wp\/v2\/comments?post=4900"}],"version-history":[{"count":7,"href":"https:\/\/trading.hhg.vn\/en\/wp-json\/wp\/v2\/product\/4900\/revisions"}],"predecessor-version":[{"id":146953,"href":"https:\/\/trading.hhg.vn\/en\/wp-json\/wp\/v2\/product\/4900\/revisions\/146953"}],"wp:featuredmedia":[{"embeddable":true,"href":"https:\/\/trading.hhg.vn\/en\/wp-json\/wp\/v2\/media\/4880"}],"wp:attachment":[{"href":"https:\/\/trading.hhg.vn\/en\/wp-json\/wp\/v2\/media?parent=4900"}],"wp:term":[{"taxonomy":"product_cat","embeddable":true,"href":"https:\/\/trading.hhg.vn\/en\/wp-json\/wp\/v2\/product_cat?post=4900"},{"taxonomy":"product_tag","embeddable":true,"href":"https:\/\/trading.hhg.vn\/en\/wp-json\/wp\/v2\/product_tag?post=4900"}],"curies":[{"name":"wp","href":"https:\/\/api.w.org\/{rel}","templated":true}]}}