{"id":4917,"date":"2024-12-09T11:51:53","date_gmt":"2024-12-09T04:51:53","guid":{"rendered":"https:\/\/trading.hhg.vn\/?post_type=product&#038;p=4917"},"modified":"2025-12-02T11:04:50","modified_gmt":"2025-12-02T04:04:50","slug":"pulsify-s-showerpipe-260-1jet-ecosmart-with-showertablet-select-400-24221","status":"publish","type":"product","link":"https:\/\/trading.hhg.vn\/en\/product\/pulsify-s-showerpipe-260-1jet-ecosmart-with-showertablet-select-400-24221\/","title":{"rendered":"Pulsify S Showerpipe 260 1jet EcoSmart with ShowerTablet Select 400"},"content":{"rendered":"<p><img fetchpriority=\"high\" decoding=\"async\" src=\"http:\/\/trading.hhg.vn\/wp-content\/uploads\/2024\/12\/Artboard-5-3-1024x480.jpg\" sizes=\"(max-width: 1024px) 100vw, 1024px\" srcset=\"http:\/\/trading.hhg.vn\/wp-content\/uploads\/2024\/12\/Artboard-5-3-1024x480.jpg 1024w, http:\/\/trading.hhg.vn\/wp-content\/uploads\/2024\/12\/Artboard-5-3-300x141.jpg 300w, http:\/\/trading.hhg.vn\/wp-content\/uploads\/2024\/12\/Artboard-5-3-768x360.jpg 768w, http:\/\/trading.hhg.vn\/wp-content\/uploads\/2024\/12\/Artboard-5-3-1536x720.jpg 1536w, http:\/\/trading.hhg.vn\/wp-content\/uploads\/2024\/12\/Artboard-5-3-1200x563.jpg 1200w, http:\/\/trading.hhg.vn\/wp-content\/uploads\/2024\/12\/Artboard-5-3-150x70.jpg 150w, http:\/\/trading.hhg.vn\/wp-content\/uploads\/2024\/12\/Artboard-5-3.jpg 1706w\" alt=\"\" width=\"1024\" height=\"480\" \/><\/p>\n<p><strong>Pulsify Select<\/strong> c\u1ee7a Hansgrohe l\u00e0 d\u00f2ng s\u1ea3n ph\u1ea9m v\u00f2i sen v\u00e0 h\u1ec7 th\u1ed1ng t\u1eafm th\u00f4ng minh v\u1edbi c\u00f4ng ngh\u1ec7 Select \u0111\u1ed9c quy\u1ec1n, cho ph\u00e9p ng\u01b0\u1eddi d\u00f9ng d\u1ec5 d\u00e0ng ch\u1ecdn ch\u1ebf \u0111\u1ed9 phun n\u01b0\u1edbc v\u00e0 \u0111i\u1ec1u khi\u1ec3n b\u1eb1ng m\u1ed9t n\u00fat b\u1ea5m \u0111\u01a1n gi\u1ea3n.<\/p>\n<ul>\n<li><strong>Ch\u1ebf \u0111\u1ed9 phun n\u01b0\u1edbc \u0111a d\u1ea1ng<\/strong>: PowderRain, IntenseRain v\u00e0 Massage spray.<\/li>\n<li><strong>QuickClean<\/strong>: C\u00f4ng ngh\u1ec7 ch\u1ed1ng b\u00e1m c\u1eb7n v\u00e0 d\u1ec5 v\u1ec7 sinh.<\/li>\n<li><strong>T\u00ednh n\u0103ng an to\u00e0n<\/strong>: SafetyStop v\u1edbi nhi\u1ec7t \u0111\u1ed9 40\u00b0C v\u00e0 t\u00ednh n\u0103ng ch\u1ed1ng ng\u01b0\u1ee3c d\u00f2ng n\u01b0\u1edbc.<\/li>\n<li><strong>Gi\u1ea3i th\u01b0\u1edfng thi\u1ebft k\u1ebf<\/strong>: iF Product Design Award 2021 v\u00e0 Red Dot Award 2021.<\/li>\n<\/ul>\n<p>Pulsify Select k\u1ebft h\u1ee3p t\u00ednh n\u0103ng an to\u00e0n, thi\u1ebft k\u1ebf hi\u1ec7n \u0111\u1ea1i v\u00e0 hi\u1ec7u su\u1ea5t t\u1ed1i \u01b0u, ph\u00f9 h\u1ee3p cho c\u00e1c kh\u00f4ng gian nh\u00e0 \u1edf v\u00e0 kh\u00e1ch s\u1ea1n cao c\u1ea5p.<\/p>\n","protected":false},"excerpt":{"rendered":"<div class=\"flex max-w-full flex-col flex-grow\">\n<div class=\"min-h-8 text-message flex w-full flex-col items-end gap-2 whitespace-normal break-words text-start [.text-message+&amp;]:mt-5\" dir=\"auto\" data-message-author-role=\"assistant\" data-message-id=\"b771934b-686a-4568-a6b0-d5e5fd617426\" data-message-model-slug=\"gpt-4o\">\n<div class=\"flex w-full flex-col gap-1 empty:hidden first:pt-[3px]\">\n<div class=\"markdown prose w-full break-words dark:prose-invert light\">\n<p>Pulsify S Showerpipe 260 1jet EcoSmart with ShowerTablet Select 400 t\u1eeb Hansgrohe mang \u0111\u1ebfn tr\u1ea3i nghi\u1ec7m t\u1eafm th\u01b0 gi\u00e3n v\u1edbi c\u00f4ng ngh\u1ec7 PowderRain v\u00e0 EcoSmart, gi\u00fap ti\u1ebft ki\u1ec7m n\u01b0\u1edbc l\u00ean \u0111\u1ebfn 60%. S\u1ea3n ph\u1ea9m c\u00f3 b\u00e1t sen \u0111\u1ea7u 260 mm v\u00e0 b\u00e1t sen tay v\u1edbi 3 ch\u1ebf \u0111\u1ed9 phun, \u0111\u00e1p \u1ee9ng nhu c\u1ea7u \u0111a d\u1ea1ng. B\u1ed9 \u0111i\u1ec1u nhi\u1ec7t ShowerTablet Select 400 v\u1edbi c\u00f4ng ngh\u1ec7 CoolContact gi\u1eef b\u1ec1 m\u1eb7t lu\u00f4n m\u00e1t m\u1ebb, \u0111\u1ea3m b\u1ea3o an to\u00e0n. N\u00fat nh\u1ea5n Select cho ph\u00e9p chuy\u1ec3n \u0111\u1ed5i ch\u1ebf \u0111\u1ed9 phun d\u1ec5 d\u00e0ng, trong khi c\u00f4ng ngh\u1ec7 QuickClean gi\u00fap lo\u1ea1i b\u1ecf c\u1eb7n v\u00f4i hi\u1ec7u qu\u1ea3.<\/p>\n<\/div>\n<\/div>\n<\/div>\n<\/div>\n","protected":false},"featured_media":4933,"comment_status":"open","ping_status":"closed","template":"","meta":{"_acf_changed":false},"product_cat":[372,453],"product_tag":[],"class_list":{"0":"post-4917","1":"product","2":"type-product","3":"status-publish","4":"has-post-thumbnail","6":"product_cat-thiet-bi-phong-tam-en","7":"product_cat-sen-tam-en","8":"pa_mau-sac-chrome-en-2","9":"pa_mau-sac-den-mo-en","10":"pa_mau-sac-dong-xuoc-en","11":"pa_mau-sac-trang-mo-en","13":"first","14":"instock","15":"featured","16":"shipping-taxable","17":"purchasable","18":"product-type-variable"},"acf":[],"featured_media_urls":{"thumbnail":["https:\/\/trading.hhg.vn\/wp-content\/uploads\/2024\/12\/Artboard-7-3-150x150.jpg",150,150,true],"medium":["https:\/\/trading.hhg.vn\/wp-content\/uploads\/2024\/12\/Artboard-7-3-263x300.jpg",263,300,true],"medium_large":["https:\/\/trading.hhg.vn\/wp-content\/uploads\/2024\/12\/Artboard-7-3.jpg",700,800,false],"large":["https:\/\/trading.hhg.vn\/wp-content\/uploads\/2024\/12\/Artboard-7-3.jpg",700,800,false],"1536x1536":["https:\/\/trading.hhg.vn\/wp-content\/uploads\/2024\/12\/Artboard-7-3.jpg",700,800,false],"2048x2048":["https:\/\/trading.hhg.vn\/wp-content\/uploads\/2024\/12\/Artboard-7-3.jpg",700,800,false],"woocommerce_thumbnail":["https:\/\/trading.hhg.vn\/wp-content\/uploads\/2024\/12\/Artboard-7-3-600x600.jpg",600,600,true],"woocommerce_single":["https:\/\/trading.hhg.vn\/wp-content\/uploads\/2024\/12\/Artboard-7-3.jpg",700,800,false],"woocommerce_gallery_thumbnail":["https:\/\/trading.hhg.vn\/wp-content\/uploads\/2024\/12\/Artboard-7-3-150x171.jpg",150,171,true],"portfolio_item-thumbnail":["https:\/\/trading.hhg.vn\/wp-content\/uploads\/2024\/12\/Artboard-7-3.jpg",350,400,false],"portfolio_item-thumbnail@2x":["https:\/\/trading.hhg.vn\/wp-content\/uploads\/2024\/12\/Artboard-7-3.jpg",700,800,false],"portfolio_item-masonry":["https:\/\/trading.hhg.vn\/wp-content\/uploads\/2024\/12\/Artboard-7-3.jpg",600,686,false],"portfolio_item-masonry@2x":["https:\/\/trading.hhg.vn\/wp-content\/uploads\/2024\/12\/Artboard-7-3.jpg",700,800,false],"portfolio_item-thumbnail_cinema":["https:\/\/trading.hhg.vn\/wp-content\/uploads\/2024\/12\/Artboard-7-3.jpg",293,335,false],"portfolio_item-thumbnail_portrait":["https:\/\/trading.hhg.vn\/wp-content\/uploads\/2024\/12\/Artboard-7-3.jpg",600,686,false],"portfolio_item-thumbnail_portrait@2x":["https:\/\/trading.hhg.vn\/wp-content\/uploads\/2024\/12\/Artboard-7-3.jpg",700,800,false],"portfolio_item-thumbnail_square":["https:\/\/trading.hhg.vn\/wp-content\/uploads\/2024\/12\/Artboard-7-3.jpg",700,800,false]},"_links":{"self":[{"href":"https:\/\/trading.hhg.vn\/en\/wp-json\/wp\/v2\/product\/4917","targetHints":{"allow":["GET"]}}],"collection":[{"href":"https:\/\/trading.hhg.vn\/en\/wp-json\/wp\/v2\/product"}],"about":[{"href":"https:\/\/trading.hhg.vn\/en\/wp-json\/wp\/v2\/types\/product"}],"replies":[{"embeddable":true,"href":"https:\/\/trading.hhg.vn\/en\/wp-json\/wp\/v2\/comments?post=4917"}],"version-history":[{"count":5,"href":"https:\/\/trading.hhg.vn\/en\/wp-json\/wp\/v2\/product\/4917\/revisions"}],"predecessor-version":[{"id":118007,"href":"https:\/\/trading.hhg.vn\/en\/wp-json\/wp\/v2\/product\/4917\/revisions\/118007"}],"wp:featuredmedia":[{"embeddable":true,"href":"https:\/\/trading.hhg.vn\/en\/wp-json\/wp\/v2\/media\/4933"}],"wp:attachment":[{"href":"https:\/\/trading.hhg.vn\/en\/wp-json\/wp\/v2\/media?parent=4917"}],"wp:term":[{"taxonomy":"product_cat","embeddable":true,"href":"https:\/\/trading.hhg.vn\/en\/wp-json\/wp\/v2\/product_cat?post=4917"},{"taxonomy":"product_tag","embeddable":true,"href":"https:\/\/trading.hhg.vn\/en\/wp-json\/wp\/v2\/product_tag?post=4917"}],"curies":[{"name":"wp","href":"https:\/\/api.w.org\/{rel}","templated":true}]}}