{"id":4946,"date":"2024-12-09T13:37:40","date_gmt":"2024-12-09T06:37:40","guid":{"rendered":"https:\/\/trading.hhg.vn\/?post_type=product&#038;p=4946"},"modified":"2024-12-09T13:56:31","modified_gmt":"2024-12-09T06:56:31","slug":"tu-lanh-doc-lap-retro-obrb153bl","status":"publish","type":"product","link":"https:\/\/trading.hhg.vn\/en\/s\u1ea3n-ph\u1ea9m\/tu-lanh-doc-lap-retro-obrb153bl\/","title":{"rendered":"T\u1ee7 l\u1ea1nh \u0111\u1ed9c l\u1eadp Retro OBRB153BL"},"content":{"rendered":"\t\t<div data-elementor-type=\"wp-post\" data-elementor-id=\"4946\" class=\"elementor elementor-4946\" data-elementor-post-type=\"product\">\n\t\t\t\t<div class=\"wd-negative-gap elementor-element elementor-element-36be880 e-flex e-con-boxed e-con e-parent\" data-id=\"36be880\" data-element_type=\"container\">\n\t\t\t\t\t<div class=\"e-con-inner\">\n\t\t\t\t<div class=\"elementor-element elementor-element-0e69615 elementor-widget elementor-widget-image\" data-id=\"0e69615\" data-element_type=\"widget\" data-widget_type=\"image.default\">\n\t\t\t\t<div class=\"elementor-widget-container\">\n\t\t\t\t\t\t\t\t\t\t\t\t\t\t\t<img fetchpriority=\"high\" decoding=\"async\" width=\"1024\" height=\"452\" src=\"https:\/\/trading.hhg.vn\/wp-content\/uploads\/2024\/12\/Artboard-11-1024x452.jpg\" class=\"attachment-large size-large wp-image-4804\" alt=\"\" srcset=\"https:\/\/trading.hhg.vn\/wp-content\/uploads\/2024\/12\/Artboard-11-1024x452.jpg 1024w, https:\/\/trading.hhg.vn\/wp-content\/uploads\/2024\/12\/Artboard-11-300x133.jpg 300w, https:\/\/trading.hhg.vn\/wp-content\/uploads\/2024\/12\/Artboard-11-768x339.jpg 768w, https:\/\/trading.hhg.vn\/wp-content\/uploads\/2024\/12\/Artboard-11-1536x679.jpg 1536w, https:\/\/trading.hhg.vn\/wp-content\/uploads\/2024\/12\/Artboard-11-1200x530.jpg 1200w, https:\/\/trading.hhg.vn\/wp-content\/uploads\/2024\/12\/Artboard-11-150x66.jpg 150w, https:\/\/trading.hhg.vn\/wp-content\/uploads\/2024\/12\/Artboard-11.jpg 1811w\" sizes=\"(max-width: 1024px) 100vw, 1024px\" \/>\t\t\t\t\t\t\t\t\t\t\t\t\t\t\t<\/div>\n\t\t\t\t<\/div>\n\t\t\t\t\t<\/div>\n\t\t\t\t<\/div>\n\t\t<div class=\"wd-negative-gap elementor-element elementor-element-9f09801 e-flex e-con-boxed e-con e-parent\" data-id=\"9f09801\" data-element_type=\"container\">\n\t\t\t\t\t<div class=\"e-con-inner\">\n\t\t\t\t<div class=\"elementor-element elementor-element-b1d2dac elementor-widget elementor-widget-wd_text_block\" data-id=\"b1d2dac\" data-element_type=\"widget\" data-widget_type=\"wd_text_block.default\">\n\t\t\t\t<div class=\"elementor-widget-container\">\n\t\t\t\t\t\t\t<div class=\"wd-text-block reset-last-child text-left\">\n\t\t\t\n\t\t\t<p>\u00a0<\/p><p><strong>T\u1ee7 l\u1ea1nh retro c\u1ee7a Gorenje<\/strong> k\u1ebft h\u1ee3p phong c\u00e1ch c\u1ed5 \u0111i\u1ec3n t\u1eeb nh\u1eefng n\u0103m 1950 v\u1edbi c\u00f4ng ngh\u1ec7 hi\u1ec7n \u0111\u1ea1i. V\u1edbi thi\u1ebft k\u1ebf m\u1ec1m m\u1ea1i v\u00e0 m\u00e0u s\u1eafc n\u1ed5i b\u1eadt nh\u01b0 \u0111\u1ecf Bordeaux, xanh nh\u1ea1t, \u0111en b\u00f3ng, v\u00e0 kem, s\u1ea3n ph\u1ea9m n\u00e0y l\u00e0 \u0111i\u1ec3m nh\u1ea5n cho m\u1ecdi kh\u00f4ng gian b\u1ebfp.<\/p><h3><strong>T\u00ednh n\u0103ng n\u1ed5i b\u1eadt<\/strong><\/h3><ul><li><strong>IonAir &amp; DynamiCooling:<\/strong> Kh\u00f4ng kh\u00ed trong l\u00e0nh, b\u1ea3o qu\u1ea3n th\u1ef1c ph\u1ea9m l\u00e2u h\u01a1n.<\/li><li><strong>CrispZone v\u1edbi HumidityControl:<\/strong> Ng\u0103n rau qu\u1ea3 gi\u1eef t\u01b0\u01a1i t\u1ed1i \u01b0u.<\/li><li><strong>FreshZone:<\/strong> B\u1ea3o qu\u1ea3n th\u1ef1c ph\u1ea9m t\u01b0\u01a1i s\u1ed1ng.<\/li><li><strong>SimpleSlide:<\/strong> Khay c\u1eeda \u0111i\u1ec1u ch\u1ec9nh linh ho\u1ea1t.<\/li><li><strong>Ti\u1ebft ki\u1ec7m n\u0103ng l\u01b0\u1ee3ng:<\/strong> Hi\u1ec7u qu\u1ea3 cao, gi\u1ea3m chi ph\u00ed v\u1eadn h\u00e0nh.<\/li><\/ul><p>Ph\u00f9 h\u1ee3p v\u1edbi nh\u1eefng ng\u01b0\u1eddi y\u00eau th\u00edch phong c\u00e1ch c\u1ed5 \u0111i\u1ec3n nh\u01b0ng v\u1eabn \u0111\u00f2i h\u1ecfi s\u1ef1 ti\u1ec7n nghi v\u00e0 hi\u1ec7n \u0111\u1ea1i.<\/p>\n\t\t\t\t\t<\/div>\n\t\t\t\t\t\t<\/div>\n\t\t\t\t<\/div>\n\t\t\t\t\t<\/div>\n\t\t\t\t<\/div>\n\t\t\t\t<\/div>\n\t\t","protected":false},"excerpt":{"rendered":"<p>T\u1ee7 l\u1ea1nh retro c\u1ee7a Gorenje k\u1ebft h\u1ee3p phong c\u00e1ch c\u1ed5 \u0111i\u1ec3n t\u1eeb nh\u1eefng n\u0103m 1950 v\u1edbi c\u00f4ng ngh\u1ec7 hi\u1ec7n \u0111\u1ea1i.<\/p>\n","protected":false},"featured_media":4958,"comment_status":"open","ping_status":"closed","template":"","meta":{"_acf_changed":false},"product_cat":[275,89],"product_tag":[],"class_list":{"0":"post-4946","1":"product","2":"type-product","3":"status-publish","4":"has-post-thumbnail","6":"product_cat-thiet-bi-nha-bep","7":"product_cat-tu-lanh","8":"pa_mau-sac-baby-blue","9":"pa_mau-sac-burgundy","11":"first","12":"instock","13":"featured","14":"shipping-taxable","15":"purchasable","16":"product-type-variable"},"acf":[],"featured_media_urls":{"thumbnail":["https:\/\/trading.hhg.vn\/wp-content\/uploads\/2024\/12\/Artboard-7-4-150x150.jpg",150,150,true],"medium":["https:\/\/trading.hhg.vn\/wp-content\/uploads\/2024\/12\/Artboard-7-4-263x300.jpg",263,300,true],"medium_large":["https:\/\/trading.hhg.vn\/wp-content\/uploads\/2024\/12\/Artboard-7-4.jpg",700,800,false],"large":["https:\/\/trading.hhg.vn\/wp-content\/uploads\/2024\/12\/Artboard-7-4.jpg",700,800,false],"1536x1536":["https:\/\/trading.hhg.vn\/wp-content\/uploads\/2024\/12\/Artboard-7-4.jpg",700,800,false],"2048x2048":["https:\/\/trading.hhg.vn\/wp-content\/uploads\/2024\/12\/Artboard-7-4.jpg",700,800,false],"woocommerce_thumbnail":["https:\/\/trading.hhg.vn\/wp-content\/uploads\/2024\/12\/Artboard-7-4-600x600.jpg",600,600,true],"woocommerce_single":["https:\/\/trading.hhg.vn\/wp-content\/uploads\/2024\/12\/Artboard-7-4.jpg",700,800,false],"woocommerce_gallery_thumbnail":["https:\/\/trading.hhg.vn\/wp-content\/uploads\/2024\/12\/Artboard-7-4-150x171.jpg",150,171,true],"portfolio_item-thumbnail":["https:\/\/trading.hhg.vn\/wp-content\/uploads\/2024\/12\/Artboard-7-4.jpg",350,400,false],"portfolio_item-thumbnail@2x":["https:\/\/trading.hhg.vn\/wp-content\/uploads\/2024\/12\/Artboard-7-4.jpg",700,800,false],"portfolio_item-masonry":["https:\/\/trading.hhg.vn\/wp-content\/uploads\/2024\/12\/Artboard-7-4.jpg",600,686,false],"portfolio_item-masonry@2x":["https:\/\/trading.hhg.vn\/wp-content\/uploads\/2024\/12\/Artboard-7-4.jpg",700,800,false],"portfolio_item-thumbnail_cinema":["https:\/\/trading.hhg.vn\/wp-content\/uploads\/2024\/12\/Artboard-7-4.jpg",293,335,false],"portfolio_item-thumbnail_portrait":["https:\/\/trading.hhg.vn\/wp-content\/uploads\/2024\/12\/Artboard-7-4.jpg",600,686,false],"portfolio_item-thumbnail_portrait@2x":["https:\/\/trading.hhg.vn\/wp-content\/uploads\/2024\/12\/Artboard-7-4.jpg",700,800,false],"portfolio_item-thumbnail_square":["https:\/\/trading.hhg.vn\/wp-content\/uploads\/2024\/12\/Artboard-7-4.jpg",700,800,false]},"_links":{"self":[{"href":"https:\/\/trading.hhg.vn\/en\/wp-json\/wp\/v2\/product\/4946","targetHints":{"allow":["GET"]}}],"collection":[{"href":"https:\/\/trading.hhg.vn\/en\/wp-json\/wp\/v2\/product"}],"about":[{"href":"https:\/\/trading.hhg.vn\/en\/wp-json\/wp\/v2\/types\/product"}],"replies":[{"embeddable":true,"href":"https:\/\/trading.hhg.vn\/en\/wp-json\/wp\/v2\/comments?post=4946"}],"version-history":[{"count":2,"href":"https:\/\/trading.hhg.vn\/en\/wp-json\/wp\/v2\/product\/4946\/revisions"}],"predecessor-version":[{"id":4965,"href":"https:\/\/trading.hhg.vn\/en\/wp-json\/wp\/v2\/product\/4946\/revisions\/4965"}],"wp:featuredmedia":[{"embeddable":true,"href":"https:\/\/trading.hhg.vn\/en\/wp-json\/wp\/v2\/media\/4958"}],"wp:attachment":[{"href":"https:\/\/trading.hhg.vn\/en\/wp-json\/wp\/v2\/media?parent=4946"}],"wp:term":[{"taxonomy":"product_cat","embeddable":true,"href":"https:\/\/trading.hhg.vn\/en\/wp-json\/wp\/v2\/product_cat?post=4946"},{"taxonomy":"product_tag","embeddable":true,"href":"https:\/\/trading.hhg.vn\/en\/wp-json\/wp\/v2\/product_tag?post=4946"}],"curies":[{"name":"wp","href":"https:\/\/api.w.org\/{rel}","templated":true}]}}