{"id":51785,"date":"2025-11-22T07:57:24","date_gmt":"2025-11-22T00:57:24","guid":{"rendered":"https:\/\/trading.hhg.vn\/product\/voi-sen-tron-mot-tay-gat-lap-dat-noi-khoang-cach-tam-15-3-cm-rebris-e\/"},"modified":"2026-01-28T07:45:37","modified_gmt":"2026-01-28T00:45:37","slug":"voi-sen-tron-mot-tay-gat-lap-dat-noi-khoang-cach-tam-15-3-cm-rebris-e","status":"publish","type":"product","link":"https:\/\/trading.hhg.vn\/en\/s\u1ea3n-ph\u1ea9m\/voi-sen-tron-mot-tay-gat-lap-dat-noi-khoang-cach-tam-15-3-cm-rebris-e\/","title":{"rendered":"V\u00f2i sen tr\u1ed9n m\u1ed9t tay g\u1ea1t l\u1eafp \u0111\u1eb7t n\u1ed5i kho\u1ea3ng c\u00e1ch t\u00e2m 15.3 cm Rebris E"},"content":{"rendered":"<p><img fetchpriority=\"high\" decoding=\"async\" class=\"alignnone wp-image-7559 aligncenter\" src=\"http:\/\/trading.hhg.vn\/wp-content\/uploads\/2025\/11\/rebis.png\" alt=\"\" width=\"606\" height=\"454\" \/>D\u00f2ng Hansgrohe Rebris \u0111\u01b0\u1ee3c t\u1ea1o n\u00ean b\u1edfi studio thi\u1ebft k\u1ebf danh ti\u1ebfng PHOENIX Design, mang \u0111\u1ebfn phong c\u00e1ch hi\u1ec7n \u0111\u1ea1i v\u00e0 tinh gi\u1ea3n trong t\u1eebng chi ti\u1ebft. B\u1ed9 s\u01b0u t\u1eadp c\u00f3 hai bi\u1ebfn th\u1ec3 thi\u1ebft k\u1ebf: Rebris S v\u1edbi nh\u1eefng \u0111\u01b0\u1eddng cong m\u1ec1m m\u1ea1i, thanh l\u1ecbch v\u00e0 Rebris E n\u1ed5i b\u1eadt b\u1edfi h\u00ecnh kh\u1ed1i vu\u00f4ng v\u1eafn, s\u1eafc n\u00e9t \u2013 ph\u00f9 h\u1ee3p v\u1edbi nhi\u1ec1u phong c\u00e1ch ph\u00f2ng t\u1eafm kh\u00e1c nhau. M\u1ed7i m\u1eabu \u0111\u1ec1u c\u00f3 nhi\u1ec1u t\u00f9y ch\u1ecdn \u0111\u1ed9 cao ComfortZone, mang l\u1ea1i s\u1ef1 tho\u1ea3i m\u00e1i t\u1ed1i \u0111a khi s\u1eed d\u1ee5ng.<\/p>\n<p>\u0110i\u1ec3m nh\u1ea5n th\u00f4ng minh c\u1ee7a Rebris l\u00e0 khe m\u1edf b\u1eb1ng \u0111\u1ed3ng xu gi\u00fap vi\u1ec7c v\u1ec7 sinh \u0111\u1ea7u l\u1ecdc tr\u1edf n\u00ean d\u1ec5 d\u00e0ng. Ch\u1ec9 c\u1ea7n xoay nh\u1eb9 m\u1ed9t \u0111\u1ed3ng xu \u0111\u1ec3 th\u00e1o \u0111\u1ea7u l\u1ecdc, l\u00e0m s\u1ea1ch r\u1ed3i l\u1eafp l\u1ea1i \u2013 nhanh ch\u00f3ng, ti\u1ec7n l\u1ee3i v\u00e0 duy tr\u00ec \u0111\u1ed9 s\u00e1ng b\u00f3ng b\u1ec1n l\u00e2u. Rebris kh\u00f4ng ch\u1ec9 l\u00e0 v\u00f2i n\u01b0\u1edbc, m\u00e0 c\u00f2n l\u00e0 bi\u1ec3u t\u01b0\u1ee3ng c\u1ee7a thi\u1ebft k\u1ebf tinh t\u1ebf v\u00e0 ch\u1ea5t l\u01b0\u1ee3ng v\u01b0\u1ee3t th\u1eddi gian.<\/p>\n","protected":false},"excerpt":{"rendered":"<p>Rebris E: Bi\u1ec3u t\u01b0\u1ee3ng c\u1ee7a s\u1ef1 thanh l\u1ecbch t\u1ed1i gi\u1ea3n, v\u00f2i sen tr\u1ed9n m\u1ed9t tay g\u1ea1t n\u00e0y bi\u1ebfn kh\u00f4ng gian ph\u00f2ng t\u1eafm th\u00e0nh tr\u1ea3i nghi\u1ec7m th\u01b0 gi\u00e3n tinh t\u1ebf. Thi\u1ebft k\u1ebf l\u1eafp \u0111\u1eb7t n\u1ed5i ti\u1ec7n l\u1ee3i, c\u00f9ng kho\u1ea3ng c\u00e1ch t\u00e2m 15.3 cm l\u00fd t\u01b0\u1edfng, h\u00f2a quy\u1ec7n ho\u00e0n h\u1ea3o v\u00e0o m\u1ecdi phong c\u00e1ch. T\u1eebng \u0111\u01b0\u1eddng n\u00e9t m\u01b0\u1ee3t m\u00e0, c\u00f4ng n\u0103ng v\u01b0\u1ee3t tr\u1ed9i, mang \u0111\u1ebfn d\u00f2ng ch\u1ea3y \u00eam \u00e1i v\u00e0 kh\u1ea3 n\u0103ng \u0111i\u1ec1u ch\u1ec9nh nhi\u1ec7t \u0111\u1ed9 ch\u00ednh x\u00e1c, n\u00e2ng niu gi\u00e1c quan b\u1ea1n m\u1ed7i ng\u00e0y. Rebris E kh\u00f4ng ch\u1ec9 l\u00e0 thi\u1ebft b\u1ecb, m\u00e0 l\u00e0 ngh\u1ec7 thu\u1eadt ki\u1ebfn t\u1ea1o kho\u1ea3nh kh\u1eafc th\u01b0 th\u00e1i \u0111\u00edch th\u1ef1c.<\/p>\n","protected":false},"featured_media":51783,"comment_status":"open","ping_status":"closed","template":"","meta":{"_acf_changed":false},"product_cat":[846],"product_tag":[],"class_list":{"0":"post-51785","1":"product","2":"type-product","3":"status-publish","4":"has-post-thumbnail","6":"product_cat-bo-tron","7":"pa_mau-sac-chrome","9":"first","10":"instock","11":"shipping-taxable","12":"product-type-simple"},"acf":[],"featured_media_urls":{"thumbnail":["https:\/\/trading.hhg.vn\/wp-content\/uploads\/2025\/11\/154__hpr04443_tif-150x150.png",150,150,true],"medium":["https:\/\/trading.hhg.vn\/wp-content\/uploads\/2025\/11\/154__hpr04443_tif-262x300.png",262,300,true],"medium_large":["https:\/\/trading.hhg.vn\/wp-content\/uploads\/2025\/11\/154__hpr04443_tif-768x878.png",768,878,true],"large":["https:\/\/trading.hhg.vn\/wp-content\/uploads\/2025\/11\/154__hpr04443_tif-896x1024.png",896,1024,true],"1536x1536":["https:\/\/trading.hhg.vn\/wp-content\/uploads\/2025\/11\/154__hpr04443_tif-1344x1536.png",1344,1536,true],"2048x2048":["https:\/\/trading.hhg.vn\/wp-content\/uploads\/2025\/11\/154__hpr04443_tif.png",1369,1565,false],"woocommerce_thumbnail":["https:\/\/trading.hhg.vn\/wp-content\/uploads\/2025\/11\/154__hpr04443_tif-600x600.png",600,600,true],"woocommerce_single":["https:\/\/trading.hhg.vn\/wp-content\/uploads\/2025\/11\/154__hpr04443_tif-1200x1372.png",1200,1372,true],"woocommerce_gallery_thumbnail":["https:\/\/trading.hhg.vn\/wp-content\/uploads\/2025\/11\/154__hpr04443_tif-150x171.png",150,171,true],"portfolio_item-thumbnail":["https:\/\/trading.hhg.vn\/wp-content\/uploads\/2025\/11\/154__hpr04443_tif.png",350,400,false],"portfolio_item-thumbnail@2x":["https:\/\/trading.hhg.vn\/wp-content\/uploads\/2025\/11\/154__hpr04443_tif.png",700,800,false],"portfolio_item-masonry":["https:\/\/trading.hhg.vn\/wp-content\/uploads\/2025\/11\/154__hpr04443_tif.png",600,686,false],"portfolio_item-masonry@2x":["https:\/\/trading.hhg.vn\/wp-content\/uploads\/2025\/11\/154__hpr04443_tif.png",1200,1372,false],"portfolio_item-thumbnail_cinema":["https:\/\/trading.hhg.vn\/wp-content\/uploads\/2025\/11\/154__hpr04443_tif.png",293,335,false],"portfolio_item-thumbnail_portrait":["https:\/\/trading.hhg.vn\/wp-content\/uploads\/2025\/11\/154__hpr04443_tif.png",600,686,false],"portfolio_item-thumbnail_portrait@2x":["https:\/\/trading.hhg.vn\/wp-content\/uploads\/2025\/11\/154__hpr04443_tif.png",1200,1372,false],"portfolio_item-thumbnail_square":["https:\/\/trading.hhg.vn\/wp-content\/uploads\/2025\/11\/154__hpr04443_tif.png",700,800,false]},"_links":{"self":[{"href":"https:\/\/trading.hhg.vn\/en\/wp-json\/wp\/v2\/product\/51785","targetHints":{"allow":["GET"]}}],"collection":[{"href":"https:\/\/trading.hhg.vn\/en\/wp-json\/wp\/v2\/product"}],"about":[{"href":"https:\/\/trading.hhg.vn\/en\/wp-json\/wp\/v2\/types\/product"}],"replies":[{"embeddable":true,"href":"https:\/\/trading.hhg.vn\/en\/wp-json\/wp\/v2\/comments?post=51785"}],"version-history":[{"count":0,"href":"https:\/\/trading.hhg.vn\/en\/wp-json\/wp\/v2\/product\/51785\/revisions"}],"wp:featuredmedia":[{"embeddable":true,"href":"https:\/\/trading.hhg.vn\/en\/wp-json\/wp\/v2\/media\/51783"}],"wp:attachment":[{"href":"https:\/\/trading.hhg.vn\/en\/wp-json\/wp\/v2\/media?parent=51785"}],"wp:term":[{"taxonomy":"product_cat","embeddable":true,"href":"https:\/\/trading.hhg.vn\/en\/wp-json\/wp\/v2\/product_cat?post=51785"},{"taxonomy":"product_tag","embeddable":true,"href":"https:\/\/trading.hhg.vn\/en\/wp-json\/wp\/v2\/product_tag?post=51785"}],"curies":[{"name":"wp","href":"https:\/\/api.w.org\/{rel}","templated":true}]}}