{"id":53045,"date":"2025-11-22T08:15:29","date_gmt":"2025-11-22T01:15:29","guid":{"rendered":"https:\/\/trading.hhg.vn\/product\/bo-tron-bon-tam-tay-gat-don-am-tuong-talis-e\/"},"modified":"2025-11-22T08:15:29","modified_gmt":"2025-11-22T01:15:29","slug":"bo-tron-bon-tam-tay-gat-don-am-tuong-talis-e","status":"publish","type":"product","link":"https:\/\/trading.hhg.vn\/en\/s\u1ea3n-ph\u1ea9m\/bo-tron-bon-tam-tay-gat-don-am-tuong-talis-e\/","title":{"rendered":"B\u1ed9 tr\u1ed9n b\u1ed3n t\u1eafm tay g\u1ea1t \u0111\u01a1n \u00e2m t\u01b0\u1eddng Talis E"},"content":{"rendered":"<p><img fetchpriority=\"high\" decoding=\"async\" class=\"alignnone wp-image-7559 aligncenter\" src=\"http:\/\/trading.hhg.vn\/wp-content\/uploads\/2025\/11\/talis.png\" alt=\"\" width=\"606\" height=\"454\" \/>D\u00f2ng Hansgrohe\u202fTalis l\u00e0 l\u1ef1a ch\u1ecdn tinh t\u1ebf cho kh\u00f4ng gian ph\u00f2ng t\u1eafm hi\u1ec7n \u0111\u1ea1i v\u1edbi ba phi\u00ean b\u1ea3n Talis, Talis S v\u00e0 Talis E, m\u1ed7i d\u00f2ng mang m\u1ed9t c\u00e1 t\u00ednh ri\u00eang:<\/p>\n<p>&#8211; Talis S th\u1ec3 hi\u1ec7n phong c\u00e1ch g\u1ecdn nh\u1eb9 v\u00e0 thi\u1ebft th\u1ef1c \u2013 ki\u1ec3u d\u00e1ng thanh m\u1ea3nh, tay g\u1ea1t pin \u0111\u1eb7c tr\u01b0ng, ph\u00f9 h\u1ee3p cho s\u1eed d\u1ee5ng ph\u1ed5 th\u00f4ng v\u1edbi m\u1ee9c \u0111\u1ed9 \u0111\u1ea7u t\u01b0 h\u1ee3p l\u00fd. <\/p>\n<p>&#8211; Talis E h\u01b0\u1edbng t\u1edbi phong c\u00e1ch sang tr\u1ecdng h\u01a1n v\u1edbi h\u00ecnh kh\u1ed1i \u0111\u01b0\u1ee3c vu\u1ed1t m\u1ecfng, b\u1ec1 m\u1eb7t cao c\u1ea5p v\u00e0 nhi\u1ec1u t\u00f9y ch\u1ecdn m\u00e0u s\u1eafc nh\u01b0 \u0111en m\u1edd, tr\u1eafng m\u1edd, v\u00e0ng b\u00f3ng,&#8230; \u2013 cho ph\u00e9p c\u00e1 nh\u00e2n h\u00f3a n\u1ed9i th\u1ea5t. <\/p>\n<p>&#8211; Talis b\u1ea3n g\u1ed1c gi\u1eef l\u1ea1i n\u00e9t thi\u1ebft k\u1ebf \u0111\u01a1n gi\u1ea3n, thanh l\u1ecbch v\u1edbi tay g\u1ea1t ti\u00eau chu\u1ea9n, l\u00e0 l\u1ef1a ch\u1ecdn b\u1ea3o ch\u1ee9ng v\u1ec1 thi\u1ebft k\u1ebf v\u01b0\u1ee3t th\u1eddi gian. <\/p>\n<p>T\u1ea5t c\u1ea3 phi\u00ean b\u1ea3n \u0111\u1ec1u s\u1eed d\u1ee5ng van s\u1ee9 b\u1ec1n b\u1ec9, h\u1ed7 tr\u1ee3 c\u00f4ng ngh\u1ec7 EcoSmart gi\u00fap ti\u1ebft ki\u1ec7m n\u01b0\u1edbc ch\u1ec9 kho\u1ea3ng 5 l\/ph\u00fat v\u00e0 c\u00f3 kh\u1ea3 n\u0103ng \u0111i\u1ec1u ch\u1ec9nh nhi\u1ec7t \u0111\u1ed9 gi\u1edbi h\u1ea1n.<\/p>\n","protected":false},"excerpt":{"rendered":"<p>Talis E \u2013 s\u1ef1 tinh t\u1ebf \u1ea9n m\u00ecnh, mang \u0111\u1ebfn tr\u1ea3i nghi\u1ec7m t\u1eafm th\u01b0 th\u00e1i v\u00e0 \u0111\u1eb3ng c\u1ea5p. Thi\u1ebft k\u1ebf \u00e2m t\u01b0\u1eddng t\u1ed1i gi\u1ea3n, thanh l\u1ecbch, h\u00f2a quy\u1ec7n ho\u00e0n h\u1ea3o v\u00e0o m\u1ecdi kh\u00f4ng gian ph\u00f2ng t\u1eafm hi\u1ec7n \u0111\u1ea1i. Tay g\u1ea1t \u0111\u01a1n m\u01b0\u1ee3t m\u00e0, ch\u00ednh x\u00e1c cho ph\u00e9p b\u1ea1n d\u1ec5 d\u00e0ng \u0111i\u1ec1u ch\u1ec9nh nhi\u1ec7t \u0111\u1ed9 v\u00e0 l\u01b0u l\u01b0\u1ee3ng n\u01b0\u1edbc, bi\u1ebfn m\u1ed7i kho\u1ea3nh kh\u1eafc d\u01b0\u1edbi v\u00f2i sen th\u00e0nh ph\u00fat gi\u00e2y t\u1eadn h\u01b0\u1edfng tr\u1ecdn v\u1eb9n. Talis E kh\u00f4ng ch\u1ec9 l\u00e0 thi\u1ebft b\u1ecb, m\u00e0 l\u00e0 tuy\u00ean ng\u00f4n v\u1ec1 phong c\u00e1ch s\u1ed1ng.<\/p>\n","protected":false},"featured_media":53043,"comment_status":"open","ping_status":"closed","template":"","meta":{"_acf_changed":false},"product_cat":[851],"product_tag":[],"class_list":{"0":"post-53045","1":"product","2":"type-product","3":"status-publish","4":"has-post-thumbnail","6":"product_cat-bo-tron-voi-xa-bon","7":"pa_mau-sac-chrome","9":"first","10":"instock","11":"shipping-taxable","12":"purchasable","13":"product-type-simple"},"acf":[],"featured_media_urls":{"thumbnail":["https:\/\/trading.hhg.vn\/wp-content\/uploads\/2025\/11\/154__hpa01716_tif-150x150.png",150,150,true],"medium":["https:\/\/trading.hhg.vn\/wp-content\/uploads\/2025\/11\/154__hpa01716_tif-263x300.png",263,300,true],"medium_large":["https:\/\/trading.hhg.vn\/wp-content\/uploads\/2025\/11\/154__hpa01716_tif-768x878.png",768,878,true],"large":["https:\/\/trading.hhg.vn\/wp-content\/uploads\/2025\/11\/154__hpa01716_tif-896x1024.png",896,1024,true],"1536x1536":["https:\/\/trading.hhg.vn\/wp-content\/uploads\/2025\/11\/154__hpa01716_tif.png",1260,1440,false],"2048x2048":["https:\/\/trading.hhg.vn\/wp-content\/uploads\/2025\/11\/154__hpa01716_tif.png",1260,1440,false],"woocommerce_thumbnail":["https:\/\/trading.hhg.vn\/wp-content\/uploads\/2025\/11\/154__hpa01716_tif-600x600.png",600,600,true],"woocommerce_single":["https:\/\/trading.hhg.vn\/wp-content\/uploads\/2025\/11\/154__hpa01716_tif-1200x1371.png",1200,1371,true],"woocommerce_gallery_thumbnail":["https:\/\/trading.hhg.vn\/wp-content\/uploads\/2025\/11\/154__hpa01716_tif-150x171.png",150,171,true],"portfolio_item-thumbnail":["https:\/\/trading.hhg.vn\/wp-content\/uploads\/2025\/11\/154__hpa01716_tif.png",350,400,false],"portfolio_item-thumbnail@2x":["https:\/\/trading.hhg.vn\/wp-content\/uploads\/2025\/11\/154__hpa01716_tif.png",700,800,false],"portfolio_item-masonry":["https:\/\/trading.hhg.vn\/wp-content\/uploads\/2025\/11\/154__hpa01716_tif.png",600,686,false],"portfolio_item-masonry@2x":["https:\/\/trading.hhg.vn\/wp-content\/uploads\/2025\/11\/154__hpa01716_tif.png",1200,1371,false],"portfolio_item-thumbnail_cinema":["https:\/\/trading.hhg.vn\/wp-content\/uploads\/2025\/11\/154__hpa01716_tif.png",293,335,false],"portfolio_item-thumbnail_portrait":["https:\/\/trading.hhg.vn\/wp-content\/uploads\/2025\/11\/154__hpa01716_tif.png",600,686,false],"portfolio_item-thumbnail_portrait@2x":["https:\/\/trading.hhg.vn\/wp-content\/uploads\/2025\/11\/154__hpa01716_tif.png",1200,1371,false],"portfolio_item-thumbnail_square":["https:\/\/trading.hhg.vn\/wp-content\/uploads\/2025\/11\/154__hpa01716_tif.png",700,800,false]},"_links":{"self":[{"href":"https:\/\/trading.hhg.vn\/en\/wp-json\/wp\/v2\/product\/53045","targetHints":{"allow":["GET"]}}],"collection":[{"href":"https:\/\/trading.hhg.vn\/en\/wp-json\/wp\/v2\/product"}],"about":[{"href":"https:\/\/trading.hhg.vn\/en\/wp-json\/wp\/v2\/types\/product"}],"replies":[{"embeddable":true,"href":"https:\/\/trading.hhg.vn\/en\/wp-json\/wp\/v2\/comments?post=53045"}],"version-history":[{"count":0,"href":"https:\/\/trading.hhg.vn\/en\/wp-json\/wp\/v2\/product\/53045\/revisions"}],"wp:featuredmedia":[{"embeddable":true,"href":"https:\/\/trading.hhg.vn\/en\/wp-json\/wp\/v2\/media\/53043"}],"wp:attachment":[{"href":"https:\/\/trading.hhg.vn\/en\/wp-json\/wp\/v2\/media?parent=53045"}],"wp:term":[{"taxonomy":"product_cat","embeddable":true,"href":"https:\/\/trading.hhg.vn\/en\/wp-json\/wp\/v2\/product_cat?post=53045"},{"taxonomy":"product_tag","embeddable":true,"href":"https:\/\/trading.hhg.vn\/en\/wp-json\/wp\/v2\/product_tag?post=53045"}],"curies":[{"name":"wp","href":"https:\/\/api.w.org\/{rel}","templated":true}]}}