{"id":53209,"date":"2025-11-22T08:19:05","date_gmt":"2025-11-22T01:19:05","guid":{"rendered":"https:\/\/trading.hhg.vn\/product\/chau-rua-dat-ban-600-450-co-lo-voi-co-chong-tran-cong-nghe-smartclean-dong-xuniva-d\/"},"modified":"2025-12-01T15:12:12","modified_gmt":"2025-12-01T08:12:12","slug":"chau-rua-dat-ban-600-450-co-lo-voi-co-chong-tran-cong-nghe-smartclean-dong-xuniva-d","status":"publish","type":"product","link":"https:\/\/trading.hhg.vn\/en\/s\u1ea3n-ph\u1ea9m\/chau-rua-dat-ban-600-450-co-lo-voi-co-chong-tran-cong-nghe-smartclean-dong-xuniva-d\/","title":{"rendered":"Ch\u1eadu r\u1eeda \u0111\u1eb7t b\u00e0n 600\/450 c\u00f3 l\u1ed7 v\u00f2i, c\u00f3 ch\u1ed1ng tr\u00e0n, c\u00f4ng ngh\u1ec7 SmartClean d\u00f2ng Xuniva D"},"content":{"rendered":"","protected":false},"excerpt":{"rendered":"<p>Kh\u00e1m ph\u00e1 Xuniva D SmartClean, ch\u1eadu r\u1eeda \u0111\u1eb7t b\u00e0n 600\/450 v\u1edbi thi\u1ebft k\u1ebf tinh t\u1ebf, t\u1ed1i gi\u1ea3n, n\u00e2ng t\u1ea7m kh\u00f4ng gian ph\u00f2ng t\u1eafm. L\u1ed7 v\u00f2i ti\u1ec7n d\u1ee5ng c\u00f9ng c\u00f4ng ngh\u1ec7 ch\u1ed1ng tr\u00e0n th\u00f4ng minh mang \u0111\u1ebfn tr\u1ea3i nghi\u1ec7m s\u1eed d\u1ee5ng an to\u00e0n, ti\u1ec7n nghi t\u1ed1i \u0111a. B\u1ec1 m\u1eb7t SmartClean \u0111\u1ed9c quy\u1ec1n kh\u00f4ng ch\u1ec9 gi\u1eef v\u1ebb \u0111\u1eb9p s\u00e1ng b\u00f3ng v\u01b0\u1ee3t th\u1eddi gian m\u00e0 c\u00f2n d\u1ec5 d\u00e0ng v\u1ec7 sinh, gi\u00fap b\u1ea1n t\u1eadn h\u01b0\u1edfng s\u1ef1 th\u01b0 th\u00e1i v\u00e0 sang tr\u1ecdng m\u1ed7i ng\u00e0y. Xuniva D SmartClean \u2013 N\u01a1i ngh\u1ec7 thu\u1eadt v\u00e0 c\u00f4ng n\u0103ng h\u00f2a quy\u1ec7n ho\u00e0n h\u1ea3o.<\/p>\n","protected":false},"featured_media":53207,"comment_status":"open","ping_status":"closed","template":"","meta":{"_acf_changed":false},"product_cat":[71],"product_tag":[],"class_list":{"0":"post-53209","1":"product","2":"type-product","3":"status-publish","4":"has-post-thumbnail","6":"product_cat-chau","7":"pa_mau-sac-trang","9":"first","10":"instock","11":"shipping-taxable","12":"purchasable","13":"product-type-simple"},"acf":[],"featured_media_urls":{"thumbnail":["https:\/\/trading.hhg.vn\/wp-content\/uploads\/2025\/11\/154__hpr05161_tif-150x150.png",150,150,true],"medium":["https:\/\/trading.hhg.vn\/wp-content\/uploads\/2025\/11\/154__hpr05161_tif-262x300.png",262,300,true],"medium_large":["https:\/\/trading.hhg.vn\/wp-content\/uploads\/2025\/11\/154__hpr05161_tif-768x878.png",768,878,true],"large":["https:\/\/trading.hhg.vn\/wp-content\/uploads\/2025\/11\/154__hpr05161_tif-896x1024.png",896,1024,true],"1536x1536":["https:\/\/trading.hhg.vn\/wp-content\/uploads\/2025\/11\/154__hpr05161_tif-1344x1536.png",1344,1536,true],"2048x2048":["https:\/\/trading.hhg.vn\/wp-content\/uploads\/2025\/11\/154__hpr05161_tif.png",1440,1646,false],"woocommerce_thumbnail":["https:\/\/trading.hhg.vn\/wp-content\/uploads\/2025\/11\/154__hpr05161_tif-600x600.png",600,600,true],"woocommerce_single":["https:\/\/trading.hhg.vn\/wp-content\/uploads\/2025\/11\/154__hpr05161_tif-1200x1372.png",1200,1372,true],"woocommerce_gallery_thumbnail":["https:\/\/trading.hhg.vn\/wp-content\/uploads\/2025\/11\/154__hpr05161_tif-150x171.png",150,171,true],"portfolio_item-thumbnail":["https:\/\/trading.hhg.vn\/wp-content\/uploads\/2025\/11\/154__hpr05161_tif.png",350,400,false],"portfolio_item-thumbnail@2x":["https:\/\/trading.hhg.vn\/wp-content\/uploads\/2025\/11\/154__hpr05161_tif.png",700,800,false],"portfolio_item-masonry":["https:\/\/trading.hhg.vn\/wp-content\/uploads\/2025\/11\/154__hpr05161_tif.png",600,686,false],"portfolio_item-masonry@2x":["https:\/\/trading.hhg.vn\/wp-content\/uploads\/2025\/11\/154__hpr05161_tif.png",1200,1372,false],"portfolio_item-thumbnail_cinema":["https:\/\/trading.hhg.vn\/wp-content\/uploads\/2025\/11\/154__hpr05161_tif.png",293,335,false],"portfolio_item-thumbnail_portrait":["https:\/\/trading.hhg.vn\/wp-content\/uploads\/2025\/11\/154__hpr05161_tif.png",600,686,false],"portfolio_item-thumbnail_portrait@2x":["https:\/\/trading.hhg.vn\/wp-content\/uploads\/2025\/11\/154__hpr05161_tif.png",1200,1372,false],"portfolio_item-thumbnail_square":["https:\/\/trading.hhg.vn\/wp-content\/uploads\/2025\/11\/154__hpr05161_tif.png",700,800,false]},"_links":{"self":[{"href":"https:\/\/trading.hhg.vn\/en\/wp-json\/wp\/v2\/product\/53209","targetHints":{"allow":["GET"]}}],"collection":[{"href":"https:\/\/trading.hhg.vn\/en\/wp-json\/wp\/v2\/product"}],"about":[{"href":"https:\/\/trading.hhg.vn\/en\/wp-json\/wp\/v2\/types\/product"}],"replies":[{"embeddable":true,"href":"https:\/\/trading.hhg.vn\/en\/wp-json\/wp\/v2\/comments?post=53209"}],"version-history":[{"count":1,"href":"https:\/\/trading.hhg.vn\/en\/wp-json\/wp\/v2\/product\/53209\/revisions"}],"predecessor-version":[{"id":117615,"href":"https:\/\/trading.hhg.vn\/en\/wp-json\/wp\/v2\/product\/53209\/revisions\/117615"}],"wp:featuredmedia":[{"embeddable":true,"href":"https:\/\/trading.hhg.vn\/en\/wp-json\/wp\/v2\/media\/53207"}],"wp:attachment":[{"href":"https:\/\/trading.hhg.vn\/en\/wp-json\/wp\/v2\/media?parent=53209"}],"wp:term":[{"taxonomy":"product_cat","embeddable":true,"href":"https:\/\/trading.hhg.vn\/en\/wp-json\/wp\/v2\/product_cat?post=53209"},{"taxonomy":"product_tag","embeddable":true,"href":"https:\/\/trading.hhg.vn\/en\/wp-json\/wp\/v2\/product_tag?post=53209"}],"curies":[{"name":"wp","href":"https:\/\/api.w.org\/{rel}","templated":true}]}}