{"id":53981,"date":"2025-11-22T08:42:58","date_gmt":"2025-11-22T01:42:58","guid":{"rendered":"https:\/\/trading.hhg.vn\/product\/bo-am-cho-voi-xa-bon-gan-vanh\/"},"modified":"2026-01-28T07:47:14","modified_gmt":"2026-01-28T00:47:14","slug":"bo-am-cho-voi-xa-bon-gan-vanh","status":"publish","type":"product","link":"https:\/\/trading.hhg.vn\/en\/s\u1ea3n-ph\u1ea9m\/bo-am-cho-voi-xa-bon-gan-vanh\/","title":{"rendered":"B\u1ed9 \u00e2m cho v\u00f2i x\u1ea3 b\u1ed3n g\u1eafn v\u00e0nh"},"content":{"rendered":"","protected":false},"excerpt":{"rendered":"<p>Ho\u00e0n thi\u1ec7n kh\u00f4ng gian th\u01b0 gi\u00e3n v\u1edbi b\u1ed9 \u00e2m cho v\u00f2i x\u1ea3 b\u1ed3n g\u1eafn v\u00e0nh. Thi\u1ebft k\u1ebf tinh t\u1ebf, t\u1ed1i gi\u1ea3n h\u00f2a quy\u1ec7n v\u00e0o m\u1ecdi phong c\u00e1ch, mang \u0111\u1ebfn v\u1ebb \u0111\u1eb9p li\u1ec1n m\u1ea1ch v\u00e0 sang tr\u1ecdng. T\u1eadn h\u01b0\u1edfng d\u00f2ng n\u01b0\u1edbc \u00eam \u00e1i, m\u1ea1nh m\u1ebd c\u00f9ng c\u00f4ng n\u0103ng v\u01b0\u1ee3t tr\u1ed9i, d\u1ec5 d\u00e0ng \u0111i\u1ec1u ch\u1ec9nh, t\u1ea1o n\u00ean tr\u1ea3i nghi\u1ec7m th\u01b0 gi\u00e3n \u0111\u00edch th\u1ef1c, \u0111\u00e1nh th\u1ee9c m\u1ecdi gi\u00e1c quan sau ng\u00e0y d\u00e0i.<\/p>\n","protected":false},"featured_media":53979,"comment_status":"open","ping_status":"closed","template":"","meta":{"_acf_changed":false},"product_cat":[714],"product_tag":[],"class_list":{"0":"post-53981","1":"product","2":"type-product","3":"status-publish","4":"has-post-thumbnail","6":"product_cat-phu-kien-lap-dat","8":"first","9":"instock","10":"shipping-taxable","11":"purchasable","12":"product-type-simple"},"acf":[],"featured_media_urls":{"thumbnail":["https:\/\/trading.hhg.vn\/wp-content\/uploads\/2025\/11\/154__hpb00710_tif-150x150.png",150,150,true],"medium":["https:\/\/trading.hhg.vn\/wp-content\/uploads\/2025\/11\/154__hpb00710_tif-263x300.png",263,300,true],"medium_large":["https:\/\/trading.hhg.vn\/wp-content\/uploads\/2025\/11\/154__hpb00710_tif-768x878.png",768,878,true],"large":["https:\/\/trading.hhg.vn\/wp-content\/uploads\/2025\/11\/154__hpb00710_tif-896x1024.png",896,1024,true],"1536x1536":["https:\/\/trading.hhg.vn\/wp-content\/uploads\/2025\/11\/154__hpb00710_tif.png",1260,1440,false],"2048x2048":["https:\/\/trading.hhg.vn\/wp-content\/uploads\/2025\/11\/154__hpb00710_tif.png",1260,1440,false],"woocommerce_thumbnail":["https:\/\/trading.hhg.vn\/wp-content\/uploads\/2025\/11\/154__hpb00710_tif-600x600.png",600,600,true],"woocommerce_single":["https:\/\/trading.hhg.vn\/wp-content\/uploads\/2025\/11\/154__hpb00710_tif-1200x1371.png",1200,1371,true],"woocommerce_gallery_thumbnail":["https:\/\/trading.hhg.vn\/wp-content\/uploads\/2025\/11\/154__hpb00710_tif-150x171.png",150,171,true],"portfolio_item-thumbnail":["https:\/\/trading.hhg.vn\/wp-content\/uploads\/2025\/11\/154__hpb00710_tif.png",350,400,false],"portfolio_item-thumbnail@2x":["https:\/\/trading.hhg.vn\/wp-content\/uploads\/2025\/11\/154__hpb00710_tif.png",700,800,false],"portfolio_item-masonry":["https:\/\/trading.hhg.vn\/wp-content\/uploads\/2025\/11\/154__hpb00710_tif.png",600,686,false],"portfolio_item-masonry@2x":["https:\/\/trading.hhg.vn\/wp-content\/uploads\/2025\/11\/154__hpb00710_tif.png",1200,1371,false],"portfolio_item-thumbnail_cinema":["https:\/\/trading.hhg.vn\/wp-content\/uploads\/2025\/11\/154__hpb00710_tif.png",293,335,false],"portfolio_item-thumbnail_portrait":["https:\/\/trading.hhg.vn\/wp-content\/uploads\/2025\/11\/154__hpb00710_tif.png",600,686,false],"portfolio_item-thumbnail_portrait@2x":["https:\/\/trading.hhg.vn\/wp-content\/uploads\/2025\/11\/154__hpb00710_tif.png",1200,1371,false],"portfolio_item-thumbnail_square":["https:\/\/trading.hhg.vn\/wp-content\/uploads\/2025\/11\/154__hpb00710_tif.png",700,800,false]},"_links":{"self":[{"href":"https:\/\/trading.hhg.vn\/en\/wp-json\/wp\/v2\/product\/53981","targetHints":{"allow":["GET"]}}],"collection":[{"href":"https:\/\/trading.hhg.vn\/en\/wp-json\/wp\/v2\/product"}],"about":[{"href":"https:\/\/trading.hhg.vn\/en\/wp-json\/wp\/v2\/types\/product"}],"replies":[{"embeddable":true,"href":"https:\/\/trading.hhg.vn\/en\/wp-json\/wp\/v2\/comments?post=53981"}],"version-history":[{"count":0,"href":"https:\/\/trading.hhg.vn\/en\/wp-json\/wp\/v2\/product\/53981\/revisions"}],"wp:featuredmedia":[{"embeddable":true,"href":"https:\/\/trading.hhg.vn\/en\/wp-json\/wp\/v2\/media\/53979"}],"wp:attachment":[{"href":"https:\/\/trading.hhg.vn\/en\/wp-json\/wp\/v2\/media?parent=53981"}],"wp:term":[{"taxonomy":"product_cat","embeddable":true,"href":"https:\/\/trading.hhg.vn\/en\/wp-json\/wp\/v2\/product_cat?post=53981"},{"taxonomy":"product_tag","embeddable":true,"href":"https:\/\/trading.hhg.vn\/en\/wp-json\/wp\/v2\/product_tag?post=53981"}],"curies":[{"name":"wp","href":"https:\/\/api.w.org\/{rel}","templated":true}]}}