{"id":54374,"date":"2025-11-22T08:51:56","date_gmt":"2025-11-22T01:51:56","guid":{"rendered":"https:\/\/trading.hhg.vn\/?post_type=product&#038;p=54374"},"modified":"2026-01-28T07:46:45","modified_gmt":"2026-01-28T00:46:45","slug":"sen-tran-260-1-duong-nuoc-ecosmart-pulsify-e","status":"publish","type":"product","link":"https:\/\/trading.hhg.vn\/en\/s\u1ea3n-ph\u1ea9m\/sen-tran-260-1-duong-nuoc-ecosmart-pulsify-e\/","title":{"rendered":"Sen tr\u1ea7n 260 1 \u0111\u01b0\u1eddng n\u01b0\u1edbc EcoSmart+ Pulsify E"},"content":{"rendered":"<p><img fetchpriority=\"high\" decoding=\"async\" class=\"alignnone wp-image-7559 aligncenter\" src=\"http:\/\/trading.hhg.vn\/wp-content\/uploads\/2025\/11\/pusify.png\" alt=\"\" width=\"606\" height=\"454\" \/>D\u00f2ng s\u1ea3n ph\u1ea9m Hansgrohe Pulsify mang \u0111\u1ebfn tr\u1ea3i nghi\u1ec7m t\u1eafm hi\u1ec7n \u0111\u1ea1i, tinh t\u1ebf v\u00e0 \u0111\u1ea7y c\u1ea3m x\u00fac. V\u1edbi thi\u1ebft k\u1ebf g\u00f3c c\u1ea1nh, t\u1ed1i gi\u1ea3n, Pulsify th\u1ec3 hi\u1ec7n r\u00f5 tri\u1ebft l\u00fd \u201c\u0111\u1eb9p trong s\u1ef1 gi\u1ea3n \u0111\u01a1n\u201d \u0111\u1eb7c tr\u01b0ng c\u1ee7a Hansgrohe, ph\u00f9 h\u1ee3p v\u1edbi m\u1ecdi kh\u00f4ng gian ph\u00f2ng t\u1eafm t\u1eeb nh\u1ecf g\u1ecdn \u0111\u1ebfn sang tr\u1ecdng.<\/p>\n<p>Ng\u01b0\u1eddi d\u00f9ng c\u00f3 th\u1ec3 l\u1ef1a ch\u1ecdn gi\u1eefa b\u00e1t sen tr\u00f2n ho\u1eb7c vu\u00f4ng, t\u00f9y theo phong c\u00e1ch y\u00eau th\u00edch. C\u00e1c phi\u00ean b\u1ea3n FinishPlus cao c\u1ea5p g\u1ed3m Chrome, \u0110en m\u1edd, Tr\u1eafng m\u1edd v\u00e0 \u0110\u1ed3ng b\u00f3ng mang \u0111\u1ebfn v\u1ebb \u0111\u1eb9p tinh x\u1ea3o, d\u1ec5 d\u00e0ng ph\u1ed1i h\u1ee3p c\u00f9ng c\u00e1c thi\u1ebft b\u1ecb kh\u00e1c trong kh\u00f4ng gian.<\/p>\n<p>B\u00ean trong v\u1ebb ngo\u00e0i thanh l\u1ecbch l\u00e0 lo\u1ea1t c\u00f4ng ngh\u1ec7 ti\u00ean ti\u1ebfn: PowderRain mang \u0111\u1ebfn d\u00f2ng n\u01b0\u1edbc si\u00eau m\u1ecbn nh\u01b0 s\u01b0\u01a1ng, \u00eam \u00e1i tr\u00ean da; EcoSmart gi\u00fap ti\u1ebft ki\u1ec7m n\u01b0\u1edbc m\u00e0 v\u1eabn duy tr\u00ec c\u1ea3m gi\u00e1c t\u1eafm th\u01b0 gi\u00e3n, d\u1ec5 ch\u1ecbu.<\/p>\n","protected":false},"excerpt":{"rendered":"<p>Pulsify E bi\u1ebfn ph\u00f2ng t\u1eafm th\u00e0nh spa ri\u00eang v\u1edbi sen tr\u1ea7n 260 EcoSmart+ m\u1ed9t \u0111\u01b0\u1eddng n\u01b0\u1edbc, tinh t\u1ebf trong t\u1eebng \u0111\u01b0\u1eddng n\u00e9t. Thi\u1ebft k\u1ebf t\u1ed1i gi\u1ea3n nh\u01b0ng sang tr\u1ecdng, d\u00f2ng n\u01b0\u1edbc m\u1ec1m m\u1ea1i nh\u01b0 m\u01b0a r\u01a1i nh\u1eb9 nh\u00e0ng \u0111\u00e1nh th\u1ee9c m\u1ecdi gi\u00e1c quan. C\u00f4ng ngh\u1ec7 EcoSmart+ gi\u00fap b\u1ea1n t\u1eadn h\u01b0\u1edfng tr\u1ecdn v\u1eb9n s\u1ef1 th\u01b0 th\u00e1i m\u00e0 v\u1eabn ti\u1ebft ki\u1ec7m n\u01b0\u1edbc hi\u1ec7u qu\u1ea3. Pulsify E kh\u00f4ng ch\u1ec9 l\u00e0 sen t\u1eafm, m\u00e0 l\u00e0 tr\u1ea3i nghi\u1ec7m n\u00e2ng t\u1ea7m \u0111\u1eb3ng c\u1ea5p s\u1ed1ng.<\/p>\n","protected":false},"featured_media":18969,"comment_status":"open","ping_status":"closed","template":"","meta":{"_acf_changed":false},"product_cat":[843],"product_tag":[],"class_list":{"0":"post-54374","1":"product","2":"type-product","3":"status-publish","4":"has-post-thumbnail","6":"product_cat-bat-sen-tran","7":"pa_mau-sac-chrome","8":"pa_mau-sac-den-mo","9":"pa_mau-sac-dong-xuoc","10":"pa_mau-sac-trang-mo","12":"first","13":"instock","14":"shipping-taxable","15":"purchasable","16":"product-type-variable"},"acf":[],"featured_media_urls":{"thumbnail":["https:\/\/trading.hhg.vn\/wp-content\/uploads\/2025\/11\/154__hpr05382_tif-150x150.png",150,150,true],"medium":["https:\/\/trading.hhg.vn\/wp-content\/uploads\/2025\/11\/154__hpr05382_tif-262x300.png",262,300,true],"medium_large":["https:\/\/trading.hhg.vn\/wp-content\/uploads\/2025\/11\/154__hpr05382_tif-768x878.png",768,878,true],"large":["https:\/\/trading.hhg.vn\/wp-content\/uploads\/2025\/11\/154__hpr05382_tif-896x1024.png",896,1024,true],"1536x1536":["https:\/\/trading.hhg.vn\/wp-content\/uploads\/2025\/11\/154__hpr05382_tif-1344x1536.png",1344,1536,true],"2048x2048":["https:\/\/trading.hhg.vn\/wp-content\/uploads\/2025\/11\/154__hpr05382_tif.png",1440,1646,false],"woocommerce_thumbnail":["https:\/\/trading.hhg.vn\/wp-content\/uploads\/2025\/11\/154__hpr05382_tif-600x600.png",600,600,true],"woocommerce_single":["https:\/\/trading.hhg.vn\/wp-content\/uploads\/2025\/11\/154__hpr05382_tif-1200x1372.png",1200,1372,true],"woocommerce_gallery_thumbnail":["https:\/\/trading.hhg.vn\/wp-content\/uploads\/2025\/11\/154__hpr05382_tif-150x171.png",150,171,true],"portfolio_item-thumbnail":["https:\/\/trading.hhg.vn\/wp-content\/uploads\/2025\/11\/154__hpr05382_tif.png",350,400,false],"portfolio_item-thumbnail@2x":["https:\/\/trading.hhg.vn\/wp-content\/uploads\/2025\/11\/154__hpr05382_tif.png",700,800,false],"portfolio_item-masonry":["https:\/\/trading.hhg.vn\/wp-content\/uploads\/2025\/11\/154__hpr05382_tif.png",600,686,false],"portfolio_item-masonry@2x":["https:\/\/trading.hhg.vn\/wp-content\/uploads\/2025\/11\/154__hpr05382_tif.png",1200,1372,false],"portfolio_item-thumbnail_cinema":["https:\/\/trading.hhg.vn\/wp-content\/uploads\/2025\/11\/154__hpr05382_tif.png",293,335,false],"portfolio_item-thumbnail_portrait":["https:\/\/trading.hhg.vn\/wp-content\/uploads\/2025\/11\/154__hpr05382_tif.png",600,686,false],"portfolio_item-thumbnail_portrait@2x":["https:\/\/trading.hhg.vn\/wp-content\/uploads\/2025\/11\/154__hpr05382_tif.png",1200,1372,false],"portfolio_item-thumbnail_square":["https:\/\/trading.hhg.vn\/wp-content\/uploads\/2025\/11\/154__hpr05382_tif.png",700,800,false]},"_links":{"self":[{"href":"https:\/\/trading.hhg.vn\/en\/wp-json\/wp\/v2\/product\/54374","targetHints":{"allow":["GET"]}}],"collection":[{"href":"https:\/\/trading.hhg.vn\/en\/wp-json\/wp\/v2\/product"}],"about":[{"href":"https:\/\/trading.hhg.vn\/en\/wp-json\/wp\/v2\/types\/product"}],"replies":[{"embeddable":true,"href":"https:\/\/trading.hhg.vn\/en\/wp-json\/wp\/v2\/comments?post=54374"}],"version-history":[{"count":2,"href":"https:\/\/trading.hhg.vn\/en\/wp-json\/wp\/v2\/product\/54374\/revisions"}],"predecessor-version":[{"id":117643,"href":"https:\/\/trading.hhg.vn\/en\/wp-json\/wp\/v2\/product\/54374\/revisions\/117643"}],"wp:featuredmedia":[{"embeddable":true,"href":"https:\/\/trading.hhg.vn\/en\/wp-json\/wp\/v2\/media\/18969"}],"wp:attachment":[{"href":"https:\/\/trading.hhg.vn\/en\/wp-json\/wp\/v2\/media?parent=54374"}],"wp:term":[{"taxonomy":"product_cat","embeddable":true,"href":"https:\/\/trading.hhg.vn\/en\/wp-json\/wp\/v2\/product_cat?post=54374"},{"taxonomy":"product_tag","embeddable":true,"href":"https:\/\/trading.hhg.vn\/en\/wp-json\/wp\/v2\/product_tag?post=54374"}],"curies":[{"name":"wp","href":"https:\/\/api.w.org\/{rel}","templated":true}]}}