{"id":5602,"date":"2024-12-09T09:54:49","date_gmt":"2024-12-09T02:54:49","guid":{"rendered":"https:\/\/trading.hhg.vn\/product\/mellowtide-u-wash-bowl-675-395-without-tap-hole-22424007\/"},"modified":"2024-12-09T09:54:49","modified_gmt":"2024-12-09T02:54:49","slug":"mellowtide-u-wash-bowl-675-395-without-tap-hole-22424007","status":"publish","type":"product","link":"https:\/\/trading.hhg.vn\/en\/product\/mellowtide-u-wash-bowl-675-395-without-tap-hole-22424007\/","title":{"rendered":"MellowTide U Wash bowl 675\/395 without tap hole"},"content":{"rendered":"\t\t<div data-elementor-type=\"wp-post\" data-elementor-id=\"5602\" class=\"elementor elementor-5602 elementor-4852\" data-elementor-post-type=\"product\">\n\t\t\t\t<div class=\"wd-negative-gap elementor-element elementor-element-41392b84 e-flex e-con-boxed e-con e-parent\" data-id=\"41392b84\" data-element_type=\"container\">\n\t\t\t\t\t<div class=\"e-con-inner\">\n\t\t\t\t<div class=\"elementor-element elementor-element-6a3fa3c elementor-widget elementor-widget-image\" data-id=\"6a3fa3c\" data-element_type=\"widget\" data-widget_type=\"image.default\">\n\t\t\t\t<div class=\"elementor-widget-container\">\n\t\t\t\t\t\t\t\t\t\t\t\t\t\t\t<img fetchpriority=\"high\" decoding=\"async\" width=\"1024\" height=\"480\" src=\"https:\/\/trading.hhg.vn\/wp-content\/uploads\/2024\/12\/Artboard-5-2-1024x480.jpg\" class=\"attachment-large size-large wp-image-4855\" alt=\"\" srcset=\"https:\/\/trading.hhg.vn\/wp-content\/uploads\/2024\/12\/Artboard-5-2-1024x480.jpg 1024w, https:\/\/trading.hhg.vn\/wp-content\/uploads\/2024\/12\/Artboard-5-2-300x141.jpg 300w, https:\/\/trading.hhg.vn\/wp-content\/uploads\/2024\/12\/Artboard-5-2-768x360.jpg 768w, https:\/\/trading.hhg.vn\/wp-content\/uploads\/2024\/12\/Artboard-5-2-1536x720.jpg 1536w, https:\/\/trading.hhg.vn\/wp-content\/uploads\/2024\/12\/Artboard-5-2-1200x563.jpg 1200w, https:\/\/trading.hhg.vn\/wp-content\/uploads\/2024\/12\/Artboard-5-2-150x70.jpg 150w, https:\/\/trading.hhg.vn\/wp-content\/uploads\/2024\/12\/Artboard-5-2.jpg 1706w\" sizes=\"(max-width: 1024px) 100vw, 1024px\" \/>\t\t\t\t\t\t\t\t\t\t\t\t\t\t\t<\/div>\n\t\t\t\t<\/div>\n\t\t\t\t<div class=\"elementor-element elementor-element-4adbab7 color-scheme-inherit text-left elementor-widget elementor-widget-text-editor\" data-id=\"4adbab7\" data-element_type=\"widget\" data-widget_type=\"text-editor.default\">\n\t\t\t\t<div class=\"elementor-widget-container\">\n\t\t\t\t\t\t\t\t\t<p>D\u00f2ng s\u1ea3n ph\u1ea9m <strong>MellowTide<\/strong> c\u1ee7a Hansgrohe l\u00e0 b\u1ed9 s\u01b0u t\u1eadp ch\u1eadu r\u1eeda cao c\u1ea5p \u0111\u01b0\u1ee3c thi\u1ebft k\u1ebf tinh t\u1ebf, \u0111\u00e1p \u1ee9ng c\u1ea3 v\u1ec1 th\u1ea9m m\u1ef9 l\u1eabn ch\u1ee9c n\u0103ng. M\u1ed9t s\u1ed1 \u0111\u1eb7c \u0111i\u1ec3m n\u1ed5i b\u1eadt:<\/p><ul><li><strong>L\u1edbp ph\u1ee7 kh\u00e1ng khu\u1ea9n HygieneEffect<\/strong>: Ng\u0103n ng\u1eeba s\u1ef1 ph\u00e1t tri\u1ec3n c\u1ee7a vi khu\u1ea9n (<em>Escherichia coli<\/em> v\u00e0 <em>Salmonella<\/em>), gi\u00fap kh\u00f4ng gian ph\u00f2ng t\u1eafm lu\u00f4n s\u1ea1ch s\u1ebd.<\/li><li><strong>C\u00f4ng ngh\u1ec7 SmartClean<\/strong>: L\u1edbp men ch\u1ed1ng b\u00e1m b\u1ea9n, d\u1ec5 d\u00e0ng v\u1ec7 sinh v\u00e0 duy tr\u00ec v\u1ebb ngo\u00e0i s\u00e1ng b\u00f3ng.<\/li><li><strong>Ch\u1ea5t li\u1ec7u cao c\u1ea5p<\/strong>: S\u1eed d\u1ee5ng g\u1ed1m s\u1ee9 b\u1ec1n \u0111\u1eb9p, ph\u00f9 h\u1ee3p v\u1edbi nhi\u1ec1u ki\u1ec3u l\u1eafp \u0111\u1eb7t nh\u01b0 \u0111\u1eb7t b\u00e0n ho\u1eb7c \u00e2m b\u00e0n.<\/li><li><strong>Nhi\u1ec1u l\u1ef1a ch\u1ecdn k\u00edch th\u01b0\u1edbc<\/strong>: \u0110\u00e1p \u1ee9ng c\u00e1c nhu c\u1ea7u kh\u00e1c nhau, t\u1eeb ch\u1eadu kh\u00f4ng l\u1ed7 v\u00f2i \u0111\u1ebfn ch\u1eadu c\u00f3 k\u1ec7.<\/li><\/ul><p>S\u1ea3n ph\u1ea9m mang t\u00ednh b\u1ec1n v\u1eefng, ti\u1ebft ki\u1ec7m n\u01b0\u1edbc v\u00e0 \u0111\u01b0\u1ee3c b\u1ea3o h\u00e0nh l\u00ean \u0111\u1ebfn 5 n\u0103m.<\/p><p>\u00a0<\/p>\t\t\t\t\t\t\t\t<\/div>\n\t\t\t\t<\/div>\n\t\t\t\t\t<\/div>\n\t\t\t\t<\/div>\n\t\t\t\t<\/div>\n\t\t","protected":false},"excerpt":{"rendered":"<p>Ch\u1eadu r\u1eeda <strong>MellowTide U Wash Bowl 675\/395<\/strong> kh\u00f4ng c\u00f3 l\u1ed7 g\u1eafn v\u00f2i thu\u1ed9c d\u00f2ng s\u1ea3n ph\u1ea9m c\u1ee7a Hansgrohe, mang phong c\u00e1ch thi\u1ebft k\u1ebf hi\u1ec7n \u0111\u1ea1i v\u00e0 sang tr\u1ecdng, ph\u00f9 h\u1ee3p cho c\u00e1c kh\u00f4ng gian ph\u00f2ng t\u1eafm tinh t\u1ebf.<\/p>\n","protected":false},"featured_media":4847,"comment_status":"open","ping_status":"closed","template":"","meta":{"_acf_changed":false},"product_cat":[372,676],"product_tag":[],"class_list":{"0":"post-5602","1":"product","2":"type-product","3":"status-publish","4":"has-post-thumbnail","6":"product_cat-thiet-bi-phong-tam-en","7":"product_cat-chau-en","8":"pa_mau-sac-white-en","10":"first","11":"instock","12":"featured","13":"shipping-taxable","14":"purchasable","15":"product-type-variable"},"acf":[],"featured_media_urls":{"thumbnail":["https:\/\/trading.hhg.vn\/wp-content\/uploads\/2024\/12\/Artboard-4-4-150x150.jpg",150,150,true],"medium":["https:\/\/trading.hhg.vn\/wp-content\/uploads\/2024\/12\/Artboard-4-4-263x300.jpg",263,300,true],"medium_large":["https:\/\/trading.hhg.vn\/wp-content\/uploads\/2024\/12\/Artboard-4-4.jpg",700,800,false],"large":["https:\/\/trading.hhg.vn\/wp-content\/uploads\/2024\/12\/Artboard-4-4.jpg",700,800,false],"1536x1536":["https:\/\/trading.hhg.vn\/wp-content\/uploads\/2024\/12\/Artboard-4-4.jpg",700,800,false],"2048x2048":["https:\/\/trading.hhg.vn\/wp-content\/uploads\/2024\/12\/Artboard-4-4.jpg",700,800,false],"woocommerce_thumbnail":["https:\/\/trading.hhg.vn\/wp-content\/uploads\/2024\/12\/Artboard-4-4-600x600.jpg",600,600,true],"woocommerce_single":["https:\/\/trading.hhg.vn\/wp-content\/uploads\/2024\/12\/Artboard-4-4.jpg",700,800,false],"woocommerce_gallery_thumbnail":["https:\/\/trading.hhg.vn\/wp-content\/uploads\/2024\/12\/Artboard-4-4-150x171.jpg",150,171,true],"portfolio_item-thumbnail":["https:\/\/trading.hhg.vn\/wp-content\/uploads\/2024\/12\/Artboard-4-4.jpg",350,400,false],"portfolio_item-thumbnail@2x":["https:\/\/trading.hhg.vn\/wp-content\/uploads\/2024\/12\/Artboard-4-4.jpg",700,800,false],"portfolio_item-masonry":["https:\/\/trading.hhg.vn\/wp-content\/uploads\/2024\/12\/Artboard-4-4.jpg",600,686,false],"portfolio_item-masonry@2x":["https:\/\/trading.hhg.vn\/wp-content\/uploads\/2024\/12\/Artboard-4-4.jpg",700,800,false],"portfolio_item-thumbnail_cinema":["https:\/\/trading.hhg.vn\/wp-content\/uploads\/2024\/12\/Artboard-4-4.jpg",293,335,false],"portfolio_item-thumbnail_portrait":["https:\/\/trading.hhg.vn\/wp-content\/uploads\/2024\/12\/Artboard-4-4.jpg",600,686,false],"portfolio_item-thumbnail_portrait@2x":["https:\/\/trading.hhg.vn\/wp-content\/uploads\/2024\/12\/Artboard-4-4.jpg",700,800,false],"portfolio_item-thumbnail_square":["https:\/\/trading.hhg.vn\/wp-content\/uploads\/2024\/12\/Artboard-4-4.jpg",700,800,false]},"_links":{"self":[{"href":"https:\/\/trading.hhg.vn\/en\/wp-json\/wp\/v2\/product\/5602","targetHints":{"allow":["GET"]}}],"collection":[{"href":"https:\/\/trading.hhg.vn\/en\/wp-json\/wp\/v2\/product"}],"about":[{"href":"https:\/\/trading.hhg.vn\/en\/wp-json\/wp\/v2\/types\/product"}],"replies":[{"embeddable":true,"href":"https:\/\/trading.hhg.vn\/en\/wp-json\/wp\/v2\/comments?post=5602"}],"version-history":[{"count":1,"href":"https:\/\/trading.hhg.vn\/en\/wp-json\/wp\/v2\/product\/5602\/revisions"}],"predecessor-version":[{"id":5604,"href":"https:\/\/trading.hhg.vn\/en\/wp-json\/wp\/v2\/product\/5602\/revisions\/5604"}],"wp:featuredmedia":[{"embeddable":true,"href":"https:\/\/trading.hhg.vn\/en\/wp-json\/wp\/v2\/media\/4847"}],"wp:attachment":[{"href":"https:\/\/trading.hhg.vn\/en\/wp-json\/wp\/v2\/media?parent=5602"}],"wp:term":[{"taxonomy":"product_cat","embeddable":true,"href":"https:\/\/trading.hhg.vn\/en\/wp-json\/wp\/v2\/product_cat?post=5602"},{"taxonomy":"product_tag","embeddable":true,"href":"https:\/\/trading.hhg.vn\/en\/wp-json\/wp\/v2\/product_tag?post=5602"}],"curies":[{"name":"wp","href":"https:\/\/api.w.org\/{rel}","templated":true}]}}