{"id":57678,"date":"2025-11-23T07:39:24","date_gmt":"2025-11-23T00:39:24","guid":{"rendered":"https:\/\/trading.hhg.vn\/product\/bon-cau-dat-san-sat-tuong-xa-ngang-dung-aquafall-flush-smartclean-elupura-q\/"},"modified":"2025-12-18T08:50:06","modified_gmt":"2025-12-18T01:50:06","slug":"bon-cau-dat-san-sat-tuong-xa-ngang-dung-aquafall-flush-smartclean-elupura-q","status":"publish","type":"product","link":"https:\/\/trading.hhg.vn\/en\/s\u1ea3n-ph\u1ea9m\/bon-cau-dat-san-sat-tuong-xa-ngang-dung-aquafall-flush-smartclean-elupura-q\/","title":{"rendered":"B\u1ed3n c\u1ea7u \u0111\u1eb7t s\u00e0n s\u00e1t t\u01b0\u1eddng x\u1ea3 ngang\/\u0111\u1ee9ng AquaFall Flush, SmartClean EluPura Q"},"content":{"rendered":"","protected":false},"excerpt":{"rendered":"<p>SmartClean EluPura Q, b\u1ed3n c\u1ea7u \u0111\u1eb7t s\u00e0n s\u00e1t t\u01b0\u1eddng v\u1edbi h\u1ec7 th\u1ed1ng AquaFall Flush ti\u00ean ti\u1ebfn, mang \u0111\u1ebfn tr\u1ea3i nghi\u1ec7m v\u1ec7 sinh ho\u00e0n h\u1ea3o. Thi\u1ebft k\u1ebf tinh t\u1ebf, \u00f4m s\u00e1t t\u01b0\u1eddng t\u1ed1i \u01b0u kh\u00f4ng gian, k\u1ebft h\u1ee3p \u0111\u01b0\u1eddng n\u00e9t hi\u1ec7n \u0111\u1ea1i, sang tr\u1ecdng. C\u00f4ng ngh\u1ec7 x\u1ea3 ngang\/\u0111\u1ee9ng m\u1ea1nh m\u1ebd, cu\u1ed1n tr\u00f4i m\u1ecdi v\u1ebft b\u1ea9n c\u00f9ng l\u1edbp men kh\u00e1ng khu\u1ea9n EluPura \u0111\u1ed9c quy\u1ec1n, d\u1ec5 d\u00e0ng v\u1ec7 sinh, \u0111\u1ea3m b\u1ea3o s\u1ea1ch s\u1ebd v\u00e0 s\u00e1ng b\u00f3ng theo th\u1eddi gian. EluPura Q kh\u00f4ng ch\u1ec9 l\u00e0 thi\u1ebft b\u1ecb v\u1ec7 sinh m\u00e0 c\u00f2n l\u00e0 \u0111i\u1ec3m nh\u1ea5n \u0111\u1eb3ng c\u1ea5p cho kh\u00f4ng gian ph\u00f2ng t\u1eafm c\u1ee7a b\u1ea1n.<\/p>\n","protected":false},"featured_media":22382,"comment_status":"open","ping_status":"closed","template":"","meta":{"_acf_changed":false},"product_cat":[888],"product_tag":[],"class_list":{"0":"post-57678","1":"product","2":"type-product","3":"status-publish","4":"has-post-thumbnail","6":"product_cat-bon-cau-khoi","7":"pa_mau-sac-trang","9":"first","10":"instock","11":"shipping-taxable","12":"product-type-simple"},"acf":[],"featured_media_urls":{"thumbnail":["https:\/\/trading.hhg.vn\/wp-content\/uploads\/2025\/11\/154__hpr07499_tif-150x150.png",150,150,true],"medium":["https:\/\/trading.hhg.vn\/wp-content\/uploads\/2025\/11\/154__hpr07499_tif-262x300.png",262,300,true],"medium_large":["https:\/\/trading.hhg.vn\/wp-content\/uploads\/2025\/11\/154__hpr07499_tif-768x878.png",768,878,true],"large":["https:\/\/trading.hhg.vn\/wp-content\/uploads\/2025\/11\/154__hpr07499_tif-896x1024.png",896,1024,true],"1536x1536":["https:\/\/trading.hhg.vn\/wp-content\/uploads\/2025\/11\/154__hpr07499_tif-1344x1536.png",1344,1536,true],"2048x2048":["https:\/\/trading.hhg.vn\/wp-content\/uploads\/2025\/11\/154__hpr07499_tif.png",1440,1646,false],"woocommerce_thumbnail":["https:\/\/trading.hhg.vn\/wp-content\/uploads\/2025\/11\/154__hpr07499_tif-600x600.png",600,600,true],"woocommerce_single":["https:\/\/trading.hhg.vn\/wp-content\/uploads\/2025\/11\/154__hpr07499_tif-1200x1372.png",1200,1372,true],"woocommerce_gallery_thumbnail":["https:\/\/trading.hhg.vn\/wp-content\/uploads\/2025\/11\/154__hpr07499_tif-150x171.png",150,171,true],"portfolio_item-thumbnail":["https:\/\/trading.hhg.vn\/wp-content\/uploads\/2025\/11\/154__hpr07499_tif.png",350,400,false],"portfolio_item-thumbnail@2x":["https:\/\/trading.hhg.vn\/wp-content\/uploads\/2025\/11\/154__hpr07499_tif.png",700,800,false],"portfolio_item-masonry":["https:\/\/trading.hhg.vn\/wp-content\/uploads\/2025\/11\/154__hpr07499_tif.png",600,686,false],"portfolio_item-masonry@2x":["https:\/\/trading.hhg.vn\/wp-content\/uploads\/2025\/11\/154__hpr07499_tif.png",1200,1372,false],"portfolio_item-thumbnail_cinema":["https:\/\/trading.hhg.vn\/wp-content\/uploads\/2025\/11\/154__hpr07499_tif.png",293,335,false],"portfolio_item-thumbnail_portrait":["https:\/\/trading.hhg.vn\/wp-content\/uploads\/2025\/11\/154__hpr07499_tif.png",600,686,false],"portfolio_item-thumbnail_portrait@2x":["https:\/\/trading.hhg.vn\/wp-content\/uploads\/2025\/11\/154__hpr07499_tif.png",1200,1372,false],"portfolio_item-thumbnail_square":["https:\/\/trading.hhg.vn\/wp-content\/uploads\/2025\/11\/154__hpr07499_tif.png",700,800,false]},"_links":{"self":[{"href":"https:\/\/trading.hhg.vn\/en\/wp-json\/wp\/v2\/product\/57678","targetHints":{"allow":["GET"]}}],"collection":[{"href":"https:\/\/trading.hhg.vn\/en\/wp-json\/wp\/v2\/product"}],"about":[{"href":"https:\/\/trading.hhg.vn\/en\/wp-json\/wp\/v2\/types\/product"}],"replies":[{"embeddable":true,"href":"https:\/\/trading.hhg.vn\/en\/wp-json\/wp\/v2\/comments?post=57678"}],"version-history":[{"count":1,"href":"https:\/\/trading.hhg.vn\/en\/wp-json\/wp\/v2\/product\/57678\/revisions"}],"predecessor-version":[{"id":117799,"href":"https:\/\/trading.hhg.vn\/en\/wp-json\/wp\/v2\/product\/57678\/revisions\/117799"}],"wp:featuredmedia":[{"embeddable":true,"href":"https:\/\/trading.hhg.vn\/en\/wp-json\/wp\/v2\/media\/22382"}],"wp:attachment":[{"href":"https:\/\/trading.hhg.vn\/en\/wp-json\/wp\/v2\/media?parent=57678"}],"wp:term":[{"taxonomy":"product_cat","embeddable":true,"href":"https:\/\/trading.hhg.vn\/en\/wp-json\/wp\/v2\/product_cat?post=57678"},{"taxonomy":"product_tag","embeddable":true,"href":"https:\/\/trading.hhg.vn\/en\/wp-json\/wp\/v2\/product_tag?post=57678"}],"curies":[{"name":"wp","href":"https:\/\/api.w.org\/{rel}","templated":true}]}}