{"id":57689,"date":"2025-11-23T07:41:59","date_gmt":"2025-11-23T00:41:59","guid":{"rendered":"https:\/\/trading.hhg.vn\/?post_type=product&#038;p=57689"},"modified":"2026-01-28T07:42:20","modified_gmt":"2026-01-28T00:42:20","slug":"sen-tay-ve-sinh-1-duong-nuoc-s-ecosmart-dung-cho-nuoc-lanh-kem-gia-do-va-day-sen-125-cm-bidette","status":"publish","type":"product","link":"https:\/\/trading.hhg.vn\/en\/s\u1ea3n-ph\u1ea9m\/sen-tay-ve-sinh-1-duong-nuoc-s-ecosmart-dung-cho-nuoc-lanh-kem-gia-do-va-day-sen-125-cm-bidette\/","title":{"rendered":"Sen tay v\u1ec7 sinh 1 \u0111\u01b0\u1eddng n\u01b0\u1edbc S EcoSmart d\u00f9ng cho n\u01b0\u1edbc l\u1ea1nh k\u00e8m gi\u00e1 \u0111\u1ee1 v\u00e0 d\u00e2y sen 125 cm Bidette"},"content":{"rendered":"","protected":false},"excerpt":{"rendered":"<p>Sen tay v\u1ec7 sinh S EcoSmart mang \u0111\u1ebfn tr\u1ea3i nghi\u1ec7m ti\u1ec7n nghi v\u01b0\u1ee3t tr\u1ed9i, k\u1ebft h\u1ee3p h\u00e0i h\u00f2a gi\u1eefa thi\u1ebft k\u1ebf t\u1ed1i gi\u1ea3n tinh t\u1ebf v\u00e0 c\u00f4ng n\u0103ng \u01b0u vi\u1ec7t. V\u1edbi m\u1ed9t \u0111\u01b0\u1eddng n\u01b0\u1edbc l\u1ea1nh duy nh\u1ea5t, s\u1ea3n ph\u1ea9m kh\u00f4ng ch\u1ec9 \u0111\u1ea3m b\u1ea3o v\u1ec7 sinh hi\u1ec7u qu\u1ea3 m\u00e0 c\u00f2n t\u1ed1i \u01b0u h\u00f3a kh\u00f4ng gian ph\u00f2ng t\u1eafm. D\u00e2y sen 125 cm c\u00f9ng gi\u00e1 \u0111\u1ee1 ti\u1ec7n l\u1ee3i cho ph\u00e9p b\u1ea1n \u0111i\u1ec1u ch\u1ec9nh linh ho\u1ea1t, mang l\u1ea1i c\u1ea3m gi\u00e1c tho\u1ea3i m\u00e1i v\u00e0 th\u01b0 th\u00e1i trong t\u1eebng kho\u1ea3nh kh\u1eafc s\u1eed d\u1ee5ng. EcoSmart kh\u00f4ng ch\u1ec9 l\u00e0 m\u1ed9t thi\u1ebft b\u1ecb, m\u00e0 c\u00f2n l\u00e0 \u0111i\u1ec3m nh\u1ea5n sang tr\u1ecdng, n\u00e2ng t\u1ea7m phong c\u00e1ch s\u1ed1ng c\u1ee7a b\u1ea1n.<\/p>\n","protected":false},"featured_media":57766,"comment_status":"open","ping_status":"closed","template":"","meta":{"_acf_changed":false},"product_cat":[870],"product_tag":[],"class_list":{"0":"post-57689","1":"product","2":"type-product","3":"status-publish","4":"has-post-thumbnail","6":"product_cat-tieu-nu","7":"pa_mau-sac-chrome","8":"pa_mau-sac-chrome-den-xuoc","9":"pa_mau-sac-den-mo","10":"pa_mau-sac-dong-xuoc","11":"pa_mau-sac-trang-mo","12":"pa_mau-sac-vang-bong","14":"first","15":"instock","16":"shipping-taxable","17":"purchasable","18":"product-type-variable"},"acf":[],"featured_media_urls":{"thumbnail":["https:\/\/trading.hhg.vn\/wp-content\/uploads\/2025\/11\/154__hpr04535_tif-150x150.png",150,150,true],"medium":["https:\/\/trading.hhg.vn\/wp-content\/uploads\/2025\/11\/154__hpr04535_tif-263x300.png",263,300,true],"medium_large":["https:\/\/trading.hhg.vn\/wp-content\/uploads\/2025\/11\/154__hpr04535_tif-768x878.png",768,878,true],"large":["https:\/\/trading.hhg.vn\/wp-content\/uploads\/2025\/11\/154__hpr04535_tif-896x1024.png",896,1024,true],"1536x1536":["https:\/\/trading.hhg.vn\/wp-content\/uploads\/2025\/11\/154__hpr04535_tif.png",1260,1440,false],"2048x2048":["https:\/\/trading.hhg.vn\/wp-content\/uploads\/2025\/11\/154__hpr04535_tif.png",1260,1440,false],"woocommerce_thumbnail":["https:\/\/trading.hhg.vn\/wp-content\/uploads\/2025\/11\/154__hpr04535_tif-600x600.png",600,600,true],"woocommerce_single":["https:\/\/trading.hhg.vn\/wp-content\/uploads\/2025\/11\/154__hpr04535_tif-1200x1371.png",1200,1371,true],"woocommerce_gallery_thumbnail":["https:\/\/trading.hhg.vn\/wp-content\/uploads\/2025\/11\/154__hpr04535_tif-150x171.png",150,171,true],"portfolio_item-thumbnail":["https:\/\/trading.hhg.vn\/wp-content\/uploads\/2025\/11\/154__hpr04535_tif.png",350,400,false],"portfolio_item-thumbnail@2x":["https:\/\/trading.hhg.vn\/wp-content\/uploads\/2025\/11\/154__hpr04535_tif.png",700,800,false],"portfolio_item-masonry":["https:\/\/trading.hhg.vn\/wp-content\/uploads\/2025\/11\/154__hpr04535_tif.png",600,686,false],"portfolio_item-masonry@2x":["https:\/\/trading.hhg.vn\/wp-content\/uploads\/2025\/11\/154__hpr04535_tif.png",1200,1371,false],"portfolio_item-thumbnail_cinema":["https:\/\/trading.hhg.vn\/wp-content\/uploads\/2025\/11\/154__hpr04535_tif.png",293,335,false],"portfolio_item-thumbnail_portrait":["https:\/\/trading.hhg.vn\/wp-content\/uploads\/2025\/11\/154__hpr04535_tif.png",600,686,false],"portfolio_item-thumbnail_portrait@2x":["https:\/\/trading.hhg.vn\/wp-content\/uploads\/2025\/11\/154__hpr04535_tif.png",1200,1371,false],"portfolio_item-thumbnail_square":["https:\/\/trading.hhg.vn\/wp-content\/uploads\/2025\/11\/154__hpr04535_tif.png",700,800,false]},"_links":{"self":[{"href":"https:\/\/trading.hhg.vn\/en\/wp-json\/wp\/v2\/product\/57689","targetHints":{"allow":["GET"]}}],"collection":[{"href":"https:\/\/trading.hhg.vn\/en\/wp-json\/wp\/v2\/product"}],"about":[{"href":"https:\/\/trading.hhg.vn\/en\/wp-json\/wp\/v2\/types\/product"}],"replies":[{"embeddable":true,"href":"https:\/\/trading.hhg.vn\/en\/wp-json\/wp\/v2\/comments?post=57689"}],"version-history":[{"count":2,"href":"https:\/\/trading.hhg.vn\/en\/wp-json\/wp\/v2\/product\/57689\/revisions"}],"predecessor-version":[{"id":117804,"href":"https:\/\/trading.hhg.vn\/en\/wp-json\/wp\/v2\/product\/57689\/revisions\/117804"}],"wp:featuredmedia":[{"embeddable":true,"href":"https:\/\/trading.hhg.vn\/en\/wp-json\/wp\/v2\/media\/57766"}],"wp:attachment":[{"href":"https:\/\/trading.hhg.vn\/en\/wp-json\/wp\/v2\/media?parent=57689"}],"wp:term":[{"taxonomy":"product_cat","embeddable":true,"href":"https:\/\/trading.hhg.vn\/en\/wp-json\/wp\/v2\/product_cat?post=57689"},{"taxonomy":"product_tag","embeddable":true,"href":"https:\/\/trading.hhg.vn\/en\/wp-json\/wp\/v2\/product_tag?post=57689"}],"curies":[{"name":"wp","href":"https:\/\/api.w.org\/{rel}","templated":true}]}}