{"id":58190,"date":"2025-11-23T07:46:31","date_gmt":"2025-11-23T00:46:31","guid":{"rendered":"https:\/\/trading.hhg.vn\/?post_type=product&#038;p=58190"},"modified":"2026-01-28T07:50:30","modified_gmt":"2026-01-28T00:50:30","slug":"bo-hoan-thien-nap-thoat-san-1200-axor","status":"publish","type":"product","link":"https:\/\/trading.hhg.vn\/en\/s\u1ea3n-ph\u1ea9m\/bo-hoan-thien-nap-thoat-san-1200-axor\/","title":{"rendered":"B\u1ed9 ho\u00e0n thi\u1ec7n n\u1eafp tho\u00e1t s\u00e0n 1200 AXOR"},"content":{"rendered":"<p><img fetchpriority=\"high\" decoding=\"async\" class=\"alignnone wp-image-7559 aligncenter\" src=\"http:\/\/trading.hhg.vn\/wp-content\/uploads\/2025\/11\/AXOR-Drain.jpg\" alt=\"\" width=\"606\" height=\"454\" \/>AXOR Drain n\u00e2ng t\u1ea7m h\u1ec7 th\u1ed1ng tho\u00e1t n\u01b0\u1edbc v\u00f2i sen th\u00e0nh m\u1ed9t s\u1ea3n ph\u1ea9m thi\u1ebft k\u1ebf ho\u00e0n thi\u1ec7n v\u1ebb \u0111\u1eb9p cho b\u1ea5t k\u1ef3 ph\u00f2ng t\u1eafm AXOR n\u00e0o. AXOR Drain s\u1edf h\u1eefu c\u00f9ng d\u1ea3i m\u00e0u s\u1eafc v\u00e0 b\u1ec1 m\u1eb7t AXOR FinishPlus phong ph\u00fa nh\u01b0 c\u00e1c b\u1ed9 s\u01b0u t\u1eadp v\u00e0 ch\u01b0\u01a1ng tr\u00ecnh c\u1ee7a AXOR, t\u1ea1o n\u00ean d\u1ea5u \u1ea5n ri\u00eang bi\u1ec7t d\u1ef1a tr\u00ean ch\u1ee9c n\u0103ng v\u01b0\u1ee3t tr\u1ed9i. H\u1ec7 th\u1ed1ng tho\u00e1t n\u01b0\u1edbc \u0111\u1ea7u ti\u00ean trong ch\u01b0\u01a1ng tr\u00ecnh AXOR mang \u0111\u1ebfn v\u1ebb \u0111\u1eb9p th\u1ea9m m\u1ef9 b\u00f3ng b\u1ea9y v\u00e0 li\u1ec1n m\u1ea1ch, kh\u00f4ng c\u00f3 m\u1ed1i n\u1ed1i silicon l\u1ed9 ra ngo\u00e0i, h\u00e0i h\u00f2a v\u1edbi nhi\u1ec1u b\u1ec1 m\u1eb7t s\u00e0n ph\u00f2ng t\u1eafm kh\u00e1c nhau\u2014t\u1eeb \u0111\u00e1 c\u1ea9m th\u1ea1ch \u0111\u1ebfn s\u1ee9, t\u1eeb \u0111\u00e1 travertine \u0111\u1ebfn \u0111\u00e1 phi\u1ebfn.<\/p>\n<p>Nh\u1edd c\u00f4ng ngh\u1ec7 c\u1ea3i ti\u1ebfn m\u1edbi \u0111\u01b0\u1ee3c \u00e1p d\u1ee5ng v\u00e0 ch\u1ea5t l\u01b0\u1ee3ng v\u01b0\u1ee3t tr\u1ed9i c\u1ee7a AXOR, h\u1ec7 th\u1ed1ng tho\u00e1t n\u01b0\u1edbc n\u00e0y d\u1ec5 l\u1eafp \u0111\u1eb7t, y\u00eau c\u1ea7u v\u1ec7 sinh t\u1ed1i thi\u1ec3u v\u00e0 d\u1ec5 d\u00e0ng s\u1eed d\u1ee5ng c\u01a1 ch\u1ebf tho\u00e1t n\u01b0\u1edbc Siphon ho\u1eb7c Dryphon theo l\u1ef1a ch\u1ecdn c\u1ee7a b\u1ea1n.<\/p>\n","protected":false},"excerpt":{"rendered":"<p>B\u1ed9 ho\u00e0n thi\u1ec7n n\u1eafp tho\u00e1t s\u00e0n 1200 AXOR kh\u00f4ng ch\u1ec9 l\u00e0 chi ti\u1ebft, m\u00e0 l\u00e0 tuy\u00ean ng\u00f4n c\u1ee7a phong c\u00e1ch t\u1ed1i gi\u1ea3n v\u00e0 tinh t\u1ebf. Thi\u1ebft k\u1ebf ph\u1eb3ng li\u1ec1n m\u1ea1ch, c\u00f9ng v\u1eadt li\u1ec7u cao c\u1ea5p, t\u1ea1o n\u00ean m\u1ed9t t\u1ed5ng th\u1ec3 ho\u00e0n h\u1ea3o cho m\u1ecdi kh\u00f4ng gian t\u1eafm hi\u1ec7n \u0111\u1ea1i. T\u1eebng \u0111\u01b0\u1eddng n\u00e9t \u0111\u01b0\u1ee3c t\u00ednh to\u00e1n t\u1ec9 m\u1ec9, \u0111\u1ea3m b\u1ea3o kh\u1ea3 n\u0103ng tho\u00e1t n\u01b0\u1edbc v\u01b0\u1ee3t tr\u1ed9i, mang l\u1ea1i tr\u1ea3i nghi\u1ec7m s\u1eed d\u1ee5ng \u00eam \u00e1i, v\u1ec7 sinh d\u1ec5 d\u00e0ng v\u00e0 gi\u1eef cho s\u00e0n lu\u00f4n kh\u00f4 r\u00e1o, s\u1ea1ch s\u1ebd. AXOR n\u00e2ng t\u1ea7m kh\u00f4ng gian s\u1ed1ng c\u1ee7a b\u1ea1n v\u1edbi s\u1ef1 k\u1ebft h\u1ee3p h\u00e0i h\u00f2a gi\u1eefa th\u1ea9m m\u1ef9 v\u00e0 c\u00f4ng n\u0103ng.<\/p>\n","protected":false},"featured_media":58217,"comment_status":"open","ping_status":"closed","template":"","meta":{"_acf_changed":false},"product_cat":[848],"product_tag":[],"class_list":{"0":"post-58190","1":"product","2":"type-product","3":"status-publish","4":"has-post-thumbnail","6":"product_cat-thoat-san-2","7":"pa_mau-sac-chrome","8":"pa_mau-sac-chrome-den-xuoc","9":"pa_mau-sac-den-mo","10":"pa_mau-sac-dong-thau-xuoc","11":"pa_mau-sac-dong-xuoc","12":"pa_mau-sac-niken-xuoc","13":"pa_mau-sac-trang-mo","14":"pa_mau-sac-vang-bong","15":"pa_mau-sac-vang-hong-bong","16":"pa_mau-sac-vang-hong-xuoc","17":"pa_mau-sac-vang-xuoc","18":"pa_mau-sac-chrome-den-bong-en","19":"pa_mau-sac-thep-khong-gi-xuoc-mo","21":"first","22":"instock","23":"shipping-taxable","24":"purchasable","25":"product-type-variable"},"acf":[],"featured_media_urls":{"thumbnail":["https:\/\/trading.hhg.vn\/wp-content\/uploads\/2025\/11\/154__apr10835_tif-150x150.png",150,150,true],"medium":["https:\/\/trading.hhg.vn\/wp-content\/uploads\/2025\/11\/154__apr10835_tif-262x300.png",262,300,true],"medium_large":["https:\/\/trading.hhg.vn\/wp-content\/uploads\/2025\/11\/154__apr10835_tif-768x878.png",768,878,true],"large":["https:\/\/trading.hhg.vn\/wp-content\/uploads\/2025\/11\/154__apr10835_tif-896x1024.png",896,1024,true],"1536x1536":["https:\/\/trading.hhg.vn\/wp-content\/uploads\/2025\/11\/154__apr10835_tif-1344x1536.png",1344,1536,true],"2048x2048":["https:\/\/trading.hhg.vn\/wp-content\/uploads\/2025\/11\/154__apr10835_tif.png",1440,1646,false],"woocommerce_thumbnail":["https:\/\/trading.hhg.vn\/wp-content\/uploads\/2025\/11\/154__apr10835_tif-600x600.png",600,600,true],"woocommerce_single":["https:\/\/trading.hhg.vn\/wp-content\/uploads\/2025\/11\/154__apr10835_tif-1200x1372.png",1200,1372,true],"woocommerce_gallery_thumbnail":["https:\/\/trading.hhg.vn\/wp-content\/uploads\/2025\/11\/154__apr10835_tif-150x171.png",150,171,true],"portfolio_item-thumbnail":["https:\/\/trading.hhg.vn\/wp-content\/uploads\/2025\/11\/154__apr10835_tif.png",350,400,false],"portfolio_item-thumbnail@2x":["https:\/\/trading.hhg.vn\/wp-content\/uploads\/2025\/11\/154__apr10835_tif.png",700,800,false],"portfolio_item-masonry":["https:\/\/trading.hhg.vn\/wp-content\/uploads\/2025\/11\/154__apr10835_tif.png",600,686,false],"portfolio_item-masonry@2x":["https:\/\/trading.hhg.vn\/wp-content\/uploads\/2025\/11\/154__apr10835_tif.png",1200,1372,false],"portfolio_item-thumbnail_cinema":["https:\/\/trading.hhg.vn\/wp-content\/uploads\/2025\/11\/154__apr10835_tif.png",293,335,false],"portfolio_item-thumbnail_portrait":["https:\/\/trading.hhg.vn\/wp-content\/uploads\/2025\/11\/154__apr10835_tif.png",600,686,false],"portfolio_item-thumbnail_portrait@2x":["https:\/\/trading.hhg.vn\/wp-content\/uploads\/2025\/11\/154__apr10835_tif.png",1200,1372,false],"portfolio_item-thumbnail_square":["https:\/\/trading.hhg.vn\/wp-content\/uploads\/2025\/11\/154__apr10835_tif.png",700,800,false]},"_links":{"self":[{"href":"https:\/\/trading.hhg.vn\/en\/wp-json\/wp\/v2\/product\/58190","targetHints":{"allow":["GET"]}}],"collection":[{"href":"https:\/\/trading.hhg.vn\/en\/wp-json\/wp\/v2\/product"}],"about":[{"href":"https:\/\/trading.hhg.vn\/en\/wp-json\/wp\/v2\/types\/product"}],"replies":[{"embeddable":true,"href":"https:\/\/trading.hhg.vn\/en\/wp-json\/wp\/v2\/comments?post=58190"}],"version-history":[{"count":2,"href":"https:\/\/trading.hhg.vn\/en\/wp-json\/wp\/v2\/product\/58190\/revisions"}],"predecessor-version":[{"id":117811,"href":"https:\/\/trading.hhg.vn\/en\/wp-json\/wp\/v2\/product\/58190\/revisions\/117811"}],"wp:featuredmedia":[{"embeddable":true,"href":"https:\/\/trading.hhg.vn\/en\/wp-json\/wp\/v2\/media\/58217"}],"wp:attachment":[{"href":"https:\/\/trading.hhg.vn\/en\/wp-json\/wp\/v2\/media?parent=58190"}],"wp:term":[{"taxonomy":"product_cat","embeddable":true,"href":"https:\/\/trading.hhg.vn\/en\/wp-json\/wp\/v2\/product_cat?post=58190"},{"taxonomy":"product_tag","embeddable":true,"href":"https:\/\/trading.hhg.vn\/en\/wp-json\/wp\/v2\/product_tag?post=58190"}],"curies":[{"name":"wp","href":"https:\/\/api.w.org\/{rel}","templated":true}]}}